{"id":5384,"date":"2026-02-03T11:00:47","date_gmt":"2026-02-03T11:00:47","guid":{"rendered":"https:\/\/grupoxandra.eu\/?page_id=5384"},"modified":"2026-02-03T11:51:30","modified_gmt":"2026-02-03T11:51:30","slug":"no-agente","status":"publish","type":"page","link":"https:\/\/grupoxandra.eu\/fr\/no-agente\/","title":{"rendered":"N\u00ba Agente"},"content":{"rendered":"<div data-elementor-type=\"wp-page\" data-elementor-id=\"5384\" class=\"elementor elementor-5384\" data-elementor-post-type=\"page\">\n\t\t\t\t<div class=\"elementor-element elementor-element-724a688f e-flex e-con-boxed e-con e-parent\" data-id=\"724a688f\" data-element_type=\"container\" data-e-type=\"container\">\n\t\t\t\t\t<div class=\"e-con-inner\">\n\t\t\t\t<div class=\"elementor-element elementor-element-3012bb7 elementor-widget elementor-widget-heading\" data-id=\"3012bb7\" data-element_type=\"widget\" data-e-type=\"widget\" data-widget_type=\"heading.default\">\n\t\t\t\t\t<h1 class=\"elementor-heading-title elementor-size-default\">N\u00ba Agente<\/h1>\t\t\t\t<\/div>\n\t\t\t\t<div class=\"elementor-element elementor-element-25a0ca2c elementor-widget elementor-widget-text-editor\" data-id=\"25a0ca2c\" data-element_type=\"widget\" data-e-type=\"widget\" data-widget_type=\"text-editor.default\">\n\t\t\t\t\t\t\t\t\t<p><strong>GrupoXandravk S.L.<\/strong><\/p>\n<p>Laseda Gastro Village - Alicante Golf, Avenida Locutor Vicente Hip\u00f3lito, 03540, San Juan Playa, Alicante (Espagne).<\/p>\n<p><strong>Agence exclusive de Zurich Insurance PLC<\/strong>, enregistr\u00e9 aupr\u00e8s de l'Office de l'harmonisation dans le march\u00e9 int\u00e9rieur (OMI) <strong>DGSFP<\/strong> (Direction g\u00e9n\u00e9rale des assurances et des fonds de pension) sous le num\u00e9ro <strong>E0189B54135660<\/strong>.<\/p>\n<!-- notionvc: 8d230537-eaa2-40b5-9efc-1e948f3f5200 -->\t\t\t\t\t\t\t\t<\/div>\n\t\t\t\t\t<\/div>\n\t\t\t\t<\/div>\n\t\t\t\t<\/div>","protected":false},"excerpt":{"rendered":"<p>N\u00ba Agente GrupoXandravk S.L. Laseda Gastro Village \u2013 Alicante Golf, Avenida Locutor Vicente Hip\u00f3lito, 03540, San Juan Playa, Alicante (Spanje). Exclusieve agentuur van Zurich Insurance PLC, ingeschreven bij de DGSFP (Directoraat-Generaal voor Verzekeringen en Pensioenfondsen) onder nummer E0189B54135660.<\/p>","protected":false},"author":1,"featured_media":0,"parent":0,"menu_order":0,"comment_status":"closed","ping_status":"closed","template":"","meta":{"footnotes":""},"class_list":["post-5384","page","type-page","status-publish","hentry"],"_links":{"self":[{"href":"https:\/\/grupoxandra.eu\/fr\/wp-json\/wp\/v2\/pages\/5384","targetHints":{"allow":["GET"]}}],"collection":[{"href":"https:\/\/grupoxandra.eu\/fr\/wp-json\/wp\/v2\/pages"}],"about":[{"href":"https:\/\/grupoxandra.eu\/fr\/wp-json\/wp\/v2\/types\/page"}],"author":[{"embeddable":true,"href":"https:\/\/grupoxandra.eu\/fr\/wp-json\/wp\/v2\/users\/1"}],"replies":[{"embeddable":true,"href":"https:\/\/grupoxandra.eu\/fr\/wp-json\/wp\/v2\/comments?post=5384"}],"version-history":[{"count":4,"href":"https:\/\/grupoxandra.eu\/fr\/wp-json\/wp\/v2\/pages\/5384\/revisions"}],"predecessor-version":[{"id":5407,"href":"https:\/\/grupoxandra.eu\/fr\/wp-json\/wp\/v2\/pages\/5384\/revisions\/5407"}],"wp:attachment":[{"href":"https:\/\/grupoxandra.eu\/fr\/wp-json\/wp\/v2\/media?parent=5384"}],"curies":[{"name":"wp","href":"https:\/\/api.w.org\/{rel}","templated":true}]}}