{"id":5383,"date":"2026-02-03T11:45:14","date_gmt":"2026-02-03T11:45:14","guid":{"rendered":"https:\/\/grupoxandra.eu\/?page_id=5383"},"modified":"2026-02-03T12:09:23","modified_gmt":"2026-02-03T12:09:23","slug":"cookiebeleid","status":"publish","type":"page","link":"https:\/\/grupoxandra.eu\/fr\/cookiebeleid\/","title":{"rendered":"COOKIEBELEID"},"content":{"rendered":"<div data-elementor-type=\"wp-page\" data-elementor-id=\"5383\" class=\"elementor elementor-5383\" data-elementor-post-type=\"page\">\n\t\t\t\t<div class=\"elementor-element elementor-element-724a688f e-flex e-con-boxed e-con e-parent\" data-id=\"724a688f\" data-element_type=\"container\" data-e-type=\"container\">\n\t\t\t\t\t<div class=\"e-con-inner\">\n\t\t\t\t<div class=\"elementor-element elementor-element-3012bb7 elementor-widget elementor-widget-heading\" data-id=\"3012bb7\" data-element_type=\"widget\" data-e-type=\"widget\" data-widget_type=\"heading.default\">\n\t\t\t\t\t<h1 class=\"elementor-heading-title elementor-size-default\">D\u00c9CLARATION RELATIVE AUX COOKIES<\/h1>\t\t\t\t<\/div>\n\t\t\t\t<div class=\"elementor-element elementor-element-25a0ca2c elementor-widget elementor-widget-text-editor\" data-id=\"25a0ca2c\" data-element_type=\"widget\" data-e-type=\"widget\" data-widget_type=\"text-editor.default\">\n\t\t\t\t\t\t\t\t\t\n<h3><strong>D\u00c9FINITION ET FONCTION G\u00c9N\u00c9RALE DES COOKIES<\/strong><\/h3>\n<p>Les cookies sont des identifiants que nous envoyons sur le disque dur de votre ordinateur par l'interm\u00e9diaire de votre navigateur web afin que nos syst\u00e8mes puissent reconna\u00eetre votre navigateur et vous offrir certains services.<\/p>\n<p>En g\u00e9n\u00e9ral, ces technologies peuvent \u00eatre utilis\u00e9es \u00e0 des fins tr\u00e8s diff\u00e9rentes, par exemple pour vous reconna\u00eetre en tant qu'utilisateur, pour obtenir des informations sur votre comportement de navigation ou pour personnaliser l'affichage du contenu.<\/p>\n<p>Cette page utilise diff\u00e9rents types de cookies. Certains cookies sont mis en place par des services tiers qui apparaissent sur nos pages. Dans certains cas, lorsque vous utilisez un moteur de recherche Google, il se peut que vous acceptiez les cookies de Google. Ces cookies Google seront install\u00e9s m\u00eame si vous n'avez pas accept\u00e9 nos propres cookies et\/ou les cookies de tiers.<\/p>\n<p>Vous trouverez ci-dessous une liste des cookies utilis\u00e9s sur le site web <a href=\"https:\/\/www.grupoxandra.eu\/\">https:\/\/www.grupoxandra.eu\/<\/a><\/p>\n<h2><strong>COOKIES UTILIS\u00c9S<\/strong><\/h2>\n<h3><strong>Cookies n\u00e9cessaires<\/strong><\/h3>\n<p>Les cookies n\u00e9cessaires contribuent \u00e0 rendre un site web utilisable en permettant des fonctions de base telles que la navigation sur les pages et l'acc\u00e8s aux zones s\u00e9curis\u00e9es du site web. Le site web ne peut pas fonctionner correctement sans ces cookies.<\/p>\n<p>&nbsp;<\/p>\n<p><!-- notionvc: b1b591b2-728e-4948-9f74-81a940c58322 --><\/p>\n<p><!-- notionvc: 92f17a41-dadd-45ae-9cb6-f0395c78a6e7 --><\/p>\n\n\t\t\t\t\t\t\t\t<\/div>\n\t\t\t\t<div class=\"elementor-element elementor-element-29bbda0 elementor-widget elementor-widget-text-editor\" data-id=\"29bbda0\" data-element_type=\"widget\" data-e-type=\"widget\" data-widget_type=\"text-editor.default\">\n\t\t\t\t\t\t\t\t\t<table>\n  <thead>\n    <tr>\n      <th>Nom<\/th>\n      <th>Fournisseur<\/th>\n      <th>But<\/th>\n      <th>Validit\u00e9<\/th>\n    <\/tr>\n  <\/thead>\n  <tbody>\n    <tr>\n      <td>cookie-agreed<\/td>\n      <td><\/td>\n      <td>D\u00e9terminer si l'utilisateur a accept\u00e9 l'avertissement relatif aux cookies<\/td>\n      <td>3 mois<\/td>\n    <\/tr>\n    <tr>\n      <td>AWSALB<\/td>\n      <td>site de confiance.com<\/td>\n      <td>Optimiser l'exp\u00e9rience des visiteurs du site web<\/td>\n      <td>6 jours<\/td>\n    <\/tr>\n    <tr>\n      <td>AWSALBCORS<\/td>\n      <td>site de confiance.com<\/td>\n      <td>Optimiser l'exp\u00e9rience des visiteurs du site web<\/td>\n      <td>6 jours<\/td>\n    <\/tr>\n    <tr>\n      <td>visite_de_site_de_confiance<\/td>\n      <td><\/td>\n      <td>Cookie n\u00e9cessaire pour garantir la connexion et d\u00e9tecter les spams<\/td>\n      <td>1 jour<\/td>\n    <\/tr>\n    <tr>\n      <td>cookielawinfo-checkbox-non-n\u00e9cessaire<\/td>\n      <td>Propre \u00e0 l'entreprise<\/td>\n      <td>Indique si l'utilisateur a rejet\u00e9 les cookies<\/td>\n      <td>1 an<\/td>\n    <\/tr>\n    <tr>\n      <td>case \u00e0 cocher n\u00e9cessaire pour le droit de la concurrence<\/td>\n      <td>Propre \u00e0 l'entreprise<\/td>\n      <td>Indique si l'utilisateur a accept\u00e9 les cookies<\/td>\n      <td>1 an<\/td>\n    <\/tr>\n    <tr>\n      <td>woocommerce_cart_hash<\/td>\n      <td>Propre \u00e0 l'entreprise<\/td>\n      <td>V\u00e9rifie les changements dans le panier d'achat<\/td>\n      <td>Session<\/td>\n    <\/tr>\n    <tr>\n      <td>woocommerce_items_in_cart<\/td>\n      <td>Propre \u00e0 l'entreprise<\/td>\n      <td>V\u00e9rifie les changements dans le panier d'achat<\/td>\n      <td>Session<\/td>\n    <\/tr>\n    <tr>\n      <td>wp_woocommerce_session_<\/td>\n      <td>Propre \u00e0 l'entreprise<\/td>\n      <td>Identification du client<\/td>\n      <td>2 jours<\/td>\n    <\/tr>\n  <\/tbody>\n<\/table>\t\t\t\t\t\t\t\t<\/div>\n\t\t\t\t<div class=\"elementor-element elementor-element-e2e451e elementor-widget elementor-widget-text-editor\" data-id=\"e2e451e\" data-element_type=\"widget\" data-e-type=\"widget\" data-widget_type=\"text-editor.default\">\n\t\t\t\t\t\t\t\t\t<h3><strong>Cookies pr\u00e9f\u00e9r\u00e9s<\/strong><\/h3>\n<p>Les cookies de pr\u00e9f\u00e9rence permettent au site web de m\u00e9moriser des informations qui modifient le comportement ou l'apparence du site web, comme votre langue pr\u00e9f\u00e9r\u00e9e ou la r\u00e9gion dans laquelle vous vous trouvez.<\/p>\n<p><!-- notionvc: 08c2fc20-f1f3-4939-a55b-cbe6dc5a94bb --><\/p>\t\t\t\t\t\t\t\t<\/div>\n\t\t\t\t<div class=\"elementor-element elementor-element-ca38c32 elementor-widget elementor-widget-text-editor\" data-id=\"ca38c32\" data-element_type=\"widget\" data-e-type=\"widget\" data-widget_type=\"text-editor.default\">\n\t\t\t\t\t\t\t\t\t<table>\n  <thead>\n    <tr>\n      <th>Nom<\/th>\n      <th>Fournisseur<\/th>\n      <th>But<\/th>\n      <th>Validit\u00e9<\/th>\n    <\/tr>\n  <\/thead>\n  <tbody>\n    <tr>\n      <td>SID, SAPISID, APISID<\/td>\n      <td>Google<\/td>\n      <td>Pr\u00e9f\u00e9rences de l'utilisateur lors de la navigation<\/td>\n      <td>2 ans<\/td>\n    <\/tr>\n  <\/tbody>\n<\/table>\t\t\t\t\t\t\t\t<\/div>\n\t\t\t\t<div class=\"elementor-element elementor-element-046d2ad elementor-widget elementor-widget-text-editor\" data-id=\"046d2ad\" data-element_type=\"widget\" data-e-type=\"widget\" data-widget_type=\"text-editor.default\">\n\t\t\t\t\t\t\t\t\t<h3><strong>Cookies statistiques<\/strong><\/h3>\n<p>Les cookies statistiques aident les propri\u00e9taires de sites web \u00e0 comprendre comment les visiteurs interagissent avec le site web en collectant et en rapportant des informations anonymes.<\/p>\n<p>Pour d\u00e9sactiver les cookies de Google Analytics, vous pouvez installer le module compl\u00e9mentaire de navigateur Google Analytics Opt-out, qui emp\u00eache l'envoi d'informations statistiques. Il est disponible via le lien suivant : <span style=\"text-decoration: underline;\"><a href=\"https:\/\/tools.google.com\/dlpage\/gaoptout?hl=nl\" target=\"_blank\" rel=\"noopener\">https:\/\/tools.google.com\/dlpage\/gaoptout?hl=nl<\/a><\/span><\/p>\n<h3><!-- notionvc: 099a30c0-1091-42a0-a225-897ea32c600d --><\/h3>\n<p><!-- notionvc: 08c2fc20-f1f3-4939-a55b-cbe6dc5a94bb --><\/p>\t\t\t\t\t\t\t\t<\/div>\n\t\t\t\t<div class=\"elementor-element elementor-element-63e8f2d elementor-widget elementor-widget-text-editor\" data-id=\"63e8f2d\" data-element_type=\"widget\" data-e-type=\"widget\" data-widget_type=\"text-editor.default\">\n\t\t\t\t\t\t\t\t\t<table>\n  <thead>\n    <tr>\n      <th>Nom<\/th>\n      <th>Fournisseur<\/th>\n      <th>But<\/th>\n      <th>Validit\u00e9<\/th>\n    <\/tr>\n  <\/thead>\n  <tbody>\n    <tr>\n      <td>_ga<\/td>\n      <td>Google Analytics<\/td>\n      <td>Enregistre un identifiant unique qui est utilis\u00e9 pour g\u00e9n\u00e9rer des donn\u00e9es statistiques sur la fa\u00e7on dont le visiteur utilise le site web.<\/td>\n      <td>2 ans<\/td>\n    <\/tr>\n    <tr>\n      <td>_gid<\/td>\n      <td>Google Analytics<\/td>\n      <td>Enregistre un identifiant unique qui est utilis\u00e9 pour g\u00e9n\u00e9rer des donn\u00e9es statistiques sur la fa\u00e7on dont le visiteur utilise le site web.<\/td>\n      <td>1 jour<\/td>\n    <\/tr>\n    <tr>\n      <td>Trou<\/td>\n      <td>Google Analytics<\/td>\n      <td>Permet de limiter le pourcentage de demandes<\/td>\n      <td>Session<\/td>\n    <\/tr>\n    <tr>\n      <td>_utm-gif<\/td>\n      <td>Google Analytics<\/td>\n      <td>D\u00e9termine le type d'appareil ou de programme de navigation utilis\u00e9 par le visiteur afin que le site web soit format\u00e9 en cons\u00e9quence.<\/td>\n      <td>Session<\/td>\n    <\/tr>\n    <tr>\n      <td>_utma<\/td>\n      <td>Google Analytics<\/td>\n      <td>Collecte de donn\u00e9es sur le nombre de fois que l'utilisateur a visit\u00e9 le site web.<\/td>\n      <td>2 ans<\/td>\n    <\/tr>\n    <tr>\n      <td>_utmb<\/td>\n      <td>Google Analytics<\/td>\n      <td>Enregistre le moment exact o\u00f9 le visiteur se rend sur le site web<\/td>\n      <td>1 jour<\/td>\n    <\/tr>\n    <tr>\n      <td>_utmc<\/td>\n      <td>Google Analytics<\/td>\n      <td>Enregistre le moment exact o\u00f9 le visiteur se rend sur le site web<\/td>\n      <td>Session<\/td>\n    <\/tr>\n    <tr>\n      <td>_utmt<\/td>\n      <td>Google Analytics<\/td>\n      <td>\u00c9value la vitesse de r\u00e9ponse du serveur<\/td>\n      <td>1 jour<\/td>\n    <\/tr>\n    <tr>\n      <td>_utmz<\/td>\n      <td>Google Analytics<\/td>\n      <td>Recueille des informations sur votre origine, ce que vous recherchez, etc.<\/td>\n      <td>6 mois<\/td>\n    <\/tr>\n    <tr>\n      <td>yt-player-headers-readable<\/td>\n      <td>youtube.com<\/td>\n      <td>D\u00e9termine la qualit\u00e9 vid\u00e9o optimale<\/td>\n      <td>Session<\/td>\n    <\/tr>\n    <tr>\n      <td>SSID, HSID, NID<\/td>\n      <td>Google<\/td>\n      <td>Statistiques sur les utilisateurs de cartes<\/td>\n      <td>6 mois<\/td>\n    <\/tr>\n    <tr>\n      <td>RECHERCHE_SAMESITE<\/td>\n      <td>Google<\/td>\n      <td>Veille \u00e0 ce que les cookies ne soient pas partag\u00e9s avec d'autres tiers sans consentement.<\/td>\n      <td>6 mois<\/td>\n    <\/tr>\n  <\/tbody>\n<\/table>\t\t\t\t\t\t\t\t<\/div>\n\t\t\t\t<div class=\"elementor-element elementor-element-d9410e9 elementor-widget elementor-widget-text-editor\" data-id=\"d9410e9\" data-element_type=\"widget\" data-e-type=\"widget\" data-widget_type=\"text-editor.default\">\n\t\t\t\t\t\t\t\t\t<h3><span class=\"notion-enable-hover\" data-token-index=\"0\">Cookies marketing<\/span><!-- notionvc: 7b99f1b1-ddb6-43cb-8c4d-a3eb30877c33 --><\/h3>\n<p>Les cookies marketing sont utilis\u00e9s pour suivre les visiteurs sur les sites web. L'objectif est d'afficher des publicit\u00e9s pertinentes et attrayantes pour chaque utilisateur.<\/p>\n<h3><!-- notionvc: 099a30c0-1091-42a0-a225-897ea32c600d --><\/h3>\n<p><!-- notionvc: 08c2fc20-f1f3-4939-a55b-cbe6dc5a94bb --><\/p>\t\t\t\t\t\t\t\t<\/div>\n\t\t\t\t<div class=\"elementor-element elementor-element-1a4c5ca elementor-widget elementor-widget-text-editor\" data-id=\"1a4c5ca\" data-element_type=\"widget\" data-e-type=\"widget\" data-widget_type=\"text-editor.default\">\n\t\t\t\t\t\t\t\t\t<table>\n  <thead>\n    <tr>\n      <th>Nom<\/th>\n      <th>Fournisseur<\/th>\n      <th>But<\/th>\n      <th>Validit\u00e9<\/th>\n    <\/tr>\n  <\/thead>\n  <tbody>\n    <tr>\n      <td>_fbp<\/td>\n      <td>Facebook<\/td>\n      <td>Utilis\u00e9 par Facebook pour fournir une gamme de produits publicitaires, tels que des offres en temps r\u00e9el de la part d'annonceurs tiers.<\/td>\n      <td>3 mois<\/td>\n    <\/tr>\n    <tr>\n      <td>annonces\/ga-audiences<\/td>\n      <td>google.com<\/td>\n      <td>Utilis\u00e9 par Google AdWords pour reconnecter les visiteurs susceptibles de devenir des clients<\/td>\n      <td>Session<\/td>\n    <\/tr>\n    <tr>\n      <td>fr<\/td>\n      <td>facebook.com<\/td>\n      <td>Utilis\u00e9 par Facebook pour fournir une gamme de produits publicitaires<\/td>\n      <td>3 mois<\/td>\n    <\/tr>\n    <tr>\n      <td>IDE<\/td>\n      <td>doubleclick.net<\/td>\n      <td>Utilis\u00e9 par Google DoubleClick pour enregistrer et rapporter les actions des utilisateurs apr\u00e8s avoir vu ou cliqu\u00e9 sur des annonces, dans le but de mesurer l'efficacit\u00e9.<\/td>\n      <td>1 an<\/td>\n    <\/tr>\n    <tr>\n      <td>test_cookie<\/td>\n      <td>doubleclick.net<\/td>\n      <td>Permet de v\u00e9rifier si le navigateur de l'utilisateur accepte les cookies.<\/td>\n      <td>1 jour<\/td>\n    <\/tr>\n    <tr>\n      <td>tr<\/td>\n      <td>facebook.com<\/td>\n      <td>Utilis\u00e9 par Facebook pour fournir une gamme de produits publicitaires<\/td>\n      <td>Session<\/td>\n    <\/tr>\n    <tr>\n      <td>GPS<\/td>\n      <td>youtube.com<\/td>\n      <td>Enregistrement d'un identifiant unique sur les appareils mobiles pour permettre le suivi g\u00e9ographique par GPS<\/td>\n      <td>1 jour<\/td>\n    <\/tr>\n    <tr>\n      <td>VISITOR_INFO1_LIVE<\/td>\n      <td>youtube.com<\/td>\n      <td>Tente de calculer la bande passante de l'utilisateur sur les pages contenant des vid\u00e9os YouTube int\u00e9gr\u00e9es.<\/td>\n      <td>179 jours<\/td>\n    <\/tr>\n    <tr>\n      <td>CSY<\/td>\n      <td>youtube.com<\/td>\n      <td>Enregistre un identifiant unique pour suivre les statistiques des vid\u00e9os YouTube que l'utilisateur a regard\u00e9es.<\/td>\n      <td>Session<\/td>\n    <\/tr>\n    <tr>\n      <td>Yt-remote-cast-installed<\/td>\n      <td>youtube.com<\/td>\n      <td>Enregistrement des pr\u00e9f\u00e9rences du lecteur vid\u00e9o lors de l'affichage de vid\u00e9os YouTube int\u00e9gr\u00e9es<\/td>\n      <td>Session<\/td>\n    <\/tr>\n    <tr>\n      <td>Dispositifs connect\u00e9s \u00e0 distance<\/td>\n      <td>youtube.com<\/td>\n      <td>Enregistrement des pr\u00e9f\u00e9rences du lecteur vid\u00e9o lors de l'affichage de vid\u00e9os YouTube int\u00e9gr\u00e9es<\/td>\n      <td>Session<\/td>\n    <\/tr>\n    <tr>\n      <td>Yt-remote-device-id<\/td>\n      <td>youtube.com<\/td>\n      <td>Enregistrement des pr\u00e9f\u00e9rences du lecteur vid\u00e9o lors de l'affichage de vid\u00e9os YouTube int\u00e9gr\u00e9es<\/td>\n      <td>Session<\/td>\n    <\/tr>\n    <tr>\n      <td>Yt-remote-fast-check-period<\/td>\n      <td>youtube.com<\/td>\n      <td>Enregistrement des pr\u00e9f\u00e9rences du lecteur vid\u00e9o lors de l'affichage de vid\u00e9os YouTube int\u00e9gr\u00e9es<\/td>\n      <td>Session<\/td>\n    <\/tr>\n    <tr>\n      <td>Yt-remote-session-app<\/td>\n      <td>youtube.com<\/td>\n      <td>Enregistrement des pr\u00e9f\u00e9rences du lecteur vid\u00e9o lors de l'affichage de vid\u00e9os YouTube int\u00e9gr\u00e9es<\/td>\n      <td>Session<\/td>\n    <\/tr>\n    <tr>\n      <td>Nom de la session \u00e0 distance<\/td>\n      <td>youtube.com<\/td>\n      <td>Enregistrement des pr\u00e9f\u00e9rences du lecteur vid\u00e9o lors de l'affichage de vid\u00e9os YouTube int\u00e9gr\u00e9es<\/td>\n      <td>Session<\/td>\n    <\/tr>\n    <tr>\n      <td>1P_JAR<\/td>\n      <td>Google<\/td>\n      <td>Personnalisation des annonces en fonction des int\u00e9r\u00eats de l'utilisateur<\/td>\n      <td>1 mois<\/td>\n    <\/tr>\n    <tr>\n      <td>CONSENTEMENT<\/td>\n      <td>Google<\/td>\n      <td>Se souvient de l'acceptation du cookie<\/td>\n      <td>Session<\/td>\n    <\/tr>\n    <tr>\n      <td>SIDCC<\/td>\n      <td>Google<\/td>\n      <td>Collecte d'informations anonymes sur la navigation<\/td>\n      <td>2 ans<\/td>\n    <\/tr>\n    <tr>\n      <td>DV<\/td>\n      <td>Google<\/td>\n      <td>Collecte d'informations anonymes sur la navigation<\/td>\n      <td>24 heures<\/td>\n    <\/tr>\n    <tr>\n      <td>OTZ, NID<\/td>\n      <td>Google<\/td>\n      <td>Personnalisation des annonces en fonction des int\u00e9r\u00eats de l'utilisateur<\/td>\n      <td>6 mois<\/td>\n    <\/tr>\n  <\/tbody>\n<\/table>\t\t\t\t\t\t\t\t<\/div>\n\t\t\t\t<div class=\"elementor-element elementor-element-21a0d67 elementor-widget elementor-widget-text-editor\" data-id=\"21a0d67\" data-element_type=\"widget\" data-e-type=\"widget\" data-widget_type=\"text-editor.default\">\n\t\t\t\t\t\t\t\t\t<h2><strong>ACTIVER OU D\u00c9SACTIVER LES COOKIES DANS LES NAVIGATEURS LES PLUS COURAMMENT UTILIS\u00c9S<\/strong><\/h2>\n<p>Il est g\u00e9n\u00e9ralement possible d'arr\u00eater d'accepter les cookies du navigateur, ou d'arr\u00eater d'accepter les cookies d'un service sp\u00e9cifique.<\/p>\n<p>Tous les navigateurs modernes vous permettent de modifier la configuration des cookies. Ces param\u00e8tres se trouvent normalement dans le fichier <strong>\u2018Options\u2019<\/strong> ou <strong>\u2018Pr\u00e9f\u00e9rences\u2019<\/strong> dans le menu de votre navigateur.<\/p>\n<p>En outre, vous pouvez \u00e9galement configurer votre navigateur ou votre programme de messagerie.<\/p>\n<p>Ci-dessous, l'utilisateur est inform\u00e9 des \u00e9tapes pour acc\u00e9der au menu de configuration des cookies et, le cas \u00e9ch\u00e9ant, \u00e0 la navigation priv\u00e9e dans chacun des principaux navigateurs :<\/p>\n<ul>\n<li>\n<p><strong>Internet Explorer :<\/strong> Outils \u2192 Options Internet \u2192 Confidentialit\u00e9 \u2192 Param\u00e8tres.<\/p>\n<p>Pour plus d'informations, veuillez consulter le site <a href=\"https:\/\/support.microsoft.com\/es-es\/windows\" target=\"_blank\" rel=\"noopener\">soutien de Microsoft<\/a> ou consulter l'aide du navigateur.<\/p>\n<\/li>\n<li>\n<p><strong>Firefox :<\/strong> Outils \u2192 Options \u2192 Confidentialit\u00e9 \u2192 Historique \u2192 Param\u00e8tres personnalis\u00e9s.<\/p>\n<p>Pour plus d'informations, veuillez consulter le site <a href=\"http:\/\/support.mozilla.org\/es\/home\" target=\"_blank\" rel=\"noopener\">soutien de Mozilla<\/a> ou consulter l'aide du navigateur.<\/p>\n<\/li>\n<li>\n<p><strong>Chrome :<\/strong> Param\u00e8tres \u2192 Afficher les param\u00e8tres avanc\u00e9s \u2192 Confidentialit\u00e9 \u2192 Param\u00e8tres de contenu.<\/p>\n<p>Pour plus d'informations, veuillez consulter le site <a href=\"http:\/\/support.google.com\/chrome\/?hl=es\" target=\"_blank\" rel=\"noopener\">soutien de Google<\/a> ou consulter l'aide du navigateur.<\/p>\n<\/li>\n<li>\n<p><strong>Safari :<\/strong> Pr\u00e9f\u00e9rences \u2192 S\u00e9curit\u00e9.<\/p>\n<p>Pour plus d'informations, veuillez consulter le site <a href=\"http:\/\/www.apple.com\/es\/support\/safari\/\" target=\"_blank\" rel=\"noopener\">l'assistance d'Apple<\/a> ou consulter l'aide du navigateur.<\/p>\n<\/li>\n<\/ul>\n<h2><strong>QUE SE PASSE-T-IL LORSQUE LES COOKIES SONT D\u00c9SACTIV\u00c9S ?<\/strong><\/h2>\n<p>Certaines fonctionnalit\u00e9s des services seront d\u00e9sactiv\u00e9es.<\/p>\n<h3><!-- notionvc: 1b43418a-8654-4b59-9cc4-2cedfaddaeea --><\/h3>\n<h3><!-- notionvc: 099a30c0-1091-42a0-a225-897ea32c600d --><\/h3>\n<p><!-- notionvc: 08c2fc20-f1f3-4939-a55b-cbe6dc5a94bb --><\/p>\t\t\t\t\t\t\t\t<\/div>\n\t\t\t\t\t<\/div>\n\t\t\t\t<\/div>\n\t\t\t\t<\/div>","protected":false},"excerpt":{"rendered":"<p>COOKIEVERKLARING DEFINITIE EN ALGEMENE FUNCTIE VAN COOKIES Cookies zijn identificatoren die wij via uw webbrowser naar de harde schijf van uw computer sturen, zodat onze systemen uw browser kunnen herkennen en u bepaalde diensten kunnen aanbieden. Over het algemeen kunnen deze technologie\u00ebn voor zeer uiteenlopende doeleinden worden gebruikt, bijvoorbeeld om u als gebruiker te herkennen, [&hellip;]<\/p>\n","protected":false},"author":1,"featured_media":0,"parent":0,"menu_order":0,"comment_status":"closed","ping_status":"closed","template":"","meta":{"footnotes":""},"class_list":["post-5383","page","type-page","status-publish","hentry"],"_links":{"self":[{"href":"https:\/\/grupoxandra.eu\/fr\/wp-json\/wp\/v2\/pages\/5383","targetHints":{"allow":["GET"]}}],"collection":[{"href":"https:\/\/grupoxandra.eu\/fr\/wp-json\/wp\/v2\/pages"}],"about":[{"href":"https:\/\/grupoxandra.eu\/fr\/wp-json\/wp\/v2\/types\/page"}],"author":[{"embeddable":true,"href":"https:\/\/grupoxandra.eu\/fr\/wp-json\/wp\/v2\/users\/1"}],"replies":[{"embeddable":true,"href":"https:\/\/grupoxandra.eu\/fr\/wp-json\/wp\/v2\/comments?post=5383"}],"version-history":[{"count":10,"href":"https:\/\/grupoxandra.eu\/fr\/wp-json\/wp\/v2\/pages\/5383\/revisions"}],"predecessor-version":[{"id":5415,"href":"https:\/\/grupoxandra.eu\/fr\/wp-json\/wp\/v2\/pages\/5383\/revisions\/5415"}],"wp:attachment":[{"href":"https:\/\/grupoxandra.eu\/fr\/wp-json\/wp\/v2\/media?parent=5383"}],"curies":[{"name":"wp","href":"https:\/\/api.w.org\/{rel}","templated":true}]}}