{"id":5382,"date":"2026-02-03T11:00:14","date_gmt":"2026-02-03T11:00:14","guid":{"rendered":"https:\/\/grupoxandra.eu\/?page_id=5382"},"modified":"2026-02-03T11:02:52","modified_gmt":"2026-02-03T11:02:52","slug":"privacybeleid","status":"publish","type":"page","link":"https:\/\/grupoxandra.eu\/fr\/privacybeleid\/","title":{"rendered":"POLITIQUE DE CONFIDENTIALIT\u00c9"},"content":{"rendered":"<div data-elementor-type=\"wp-page\" data-elementor-id=\"5382\" class=\"elementor elementor-5382\" data-elementor-post-type=\"page\">\n\t\t\t\t<div class=\"elementor-element elementor-element-724a688f e-flex e-con-boxed e-con e-parent\" data-id=\"724a688f\" data-element_type=\"container\" data-e-type=\"container\">\n\t\t\t\t\t<div class=\"e-con-inner\">\n\t\t\t\t<div class=\"elementor-element elementor-element-3012bb7 elementor-widget elementor-widget-heading\" data-id=\"3012bb7\" data-element_type=\"widget\" data-e-type=\"widget\" data-widget_type=\"heading.default\">\n\t\t\t\t\t<h1 class=\"elementor-heading-title elementor-size-default\">POLITIQUE DE CONFIDENTIALIT\u00c9<\/h1>\t\t\t\t<\/div>\n\t\t\t\t<div class=\"elementor-element elementor-element-25a0ca2c elementor-widget elementor-widget-text-editor\" data-id=\"25a0ca2c\" data-element_type=\"widget\" data-e-type=\"widget\" data-widget_type=\"text-editor.default\">\n\t\t\t\t\t\t\t\t\t<h2><strong>QUI EST RESPONSABLE DU TRAITEMENT DE VOS DONN\u00c9ES ?<\/strong><\/h2>\n<p><strong>Contr\u00f4leur :<\/strong> GRUPO XANDRAVK, S.L.<\/p>\n<p><strong>CIF :<\/strong> B54135660<\/p>\n<p><strong>Adresse postale :<\/strong> Laseda Gastro Village - Alicante Golf, Avenida Locutor Vicente Hip\u00f3lito, 03540, Alicante, Espagne<\/p>\n<p><strong>Adresse \u00e9lectronique :<\/strong> <a href=\"mailto:info@grupoxandra.eu\">info@grupoxandra.eu<\/a><\/p>\n<h2><strong>QUEL TYPE DE DONN\u00c9ES TRAITONS-NOUS ?<\/strong><\/h2>\n<p>En fonction des produits, services ou fonctionnalit\u00e9s que vous souhaitez utiliser, nous pouvons traiter diff\u00e9rents types de donn\u00e9es. En g\u00e9n\u00e9ral, il s'agit des donn\u00e9es suivantes :<\/p>\n<ul>\n<li><strong>Donn\u00e9es d'identification<\/strong> (par exemple, nom, pr\u00e9nom, langue, pays \u00e0 partir duquel vous communiquez avec nous, coordonn\u00e9es, etc.)<\/li>\n<li><strong>Donn\u00e9es de connexion, de g\u00e9olocalisation et de navigation<\/strong> (par exemple, lorsque vous communiquez avec nous via un appareil mobile)<\/li>\n<li><strong>Informations commerciales<\/strong>, si vous \u00eates abonn\u00e9 \u00e0 notre lettre d'information<\/li>\n<li><strong>Donn\u00e9es sur vos pr\u00e9f\u00e9rences et vos int\u00e9r\u00eats<\/strong><\/li>\n<\/ul>\n<p>Lorsque nous vous demandons de saisir des donn\u00e9es personnelles pour acc\u00e9der \u00e0 une fonctionnalit\u00e9 ou \u00e0 un service particulier du site web, certains champs sont marqu\u00e9s comme obligatoires car ils sont n\u00e9cessaires \u00e0 la fourniture du service.<\/p>\n<p>Si vous d\u00e9cidez de ne pas fournir ces informations, il se peut que vous ne puissiez pas vous inscrire ou utiliser certains services ou fonctionnalit\u00e9s.<\/p>\n<h2><strong>\u00c0 QUELLES FINS TRAITONS-NOUS VOS DONN\u00c9ES PERSONNELLES ?<\/strong><\/h2>\n<p>En fonction de votre interaction avec notre site web, nous traitons vos donn\u00e9es personnelles aux fins suivantes :<\/p>\n<p><strong>Traitement des demandes<\/strong><\/p>\n<p>Pour traiter les demandes ou les requ\u00eates que vous soumettez par l'interm\u00e9diaire des diff\u00e9rents canaux de notre site web.<\/p>\n<p>Nous ne traitons que les donn\u00e9es personnelles strictement n\u00e9cessaires pour g\u00e9rer ou r\u00e9pondre \u00e0 votre demande.<\/p>\n<p><strong>Marketing<\/strong><\/p>\n<p>Si vous vous inscrivez \u00e0 notre lettre d'information, nous utilisons vos donn\u00e9es personnelles pour vous envoyer p\u00e9riodiquement des nouvelles de l'entreprise et des communications informatives.<\/p>\n<p>Vous pouvez vous d\u00e9sinscrire gratuitement \u00e0 tout moment via l'adresse \u00e9lectronique du responsable du traitement ou via les instructions figurant dans chaque communication.<\/p>\n<p><strong>Gestion des r\u00e9seaux sociaux<\/strong><\/p>\n<p>Si vous nous suivez ou nous contactez via les r\u00e9seaux sociaux, nous traitons les donn\u00e9es que vous fournissez via ces r\u00e9seaux uniquement pour r\u00e9pondre \u00e0 vos messages ou commentaires et pour g\u00e9rer notre liste de contacts.<\/p>\n<p><strong>Analyse de l'utilisation et de la qualit\u00e9 (cookies)<\/strong><\/p>\n<p>Lorsque vous visitez notre site web, nous traitons les donn\u00e9es de navigation \u00e0 des fins analytiques et statistiques, afin de comprendre l'utilisation du site et d'y apporter des am\u00e9liorations.<\/p>\n<p>En outre, nous menons parfois des actions de qualit\u00e9 et des enqu\u00eates de satisfaction afin d'identifier les domaines \u00e0 am\u00e9liorer.<\/p>\n<h2><strong>QUELLE EST LA BASE JURIDIQUE DU TRAITEMENT DE VOS DONN\u00c9ES ?<\/strong><\/h2>\n<p>La base juridique du traitement de vos donn\u00e9es personnelles d\u00e9pend de la finalit\u00e9 du traitement :<\/p>\n<ul>\n<li><strong>Demandes d'information :<\/strong> votre consentement \u00e9clair\u00e9<\/li>\n<li><strong>Marketing :<\/strong> votre consentement explicite<\/li>\n<li><strong>R\u00e9seaux sociaux :<\/strong> votre consentement \u00e9clair\u00e9 lorsque vous nous contactez ou nous suivez<\/li>\n<li><strong>Cookies :<\/strong> votre consentement \u00e0 la mise en place de cookies via notre site web<\/li>\n<\/ul>\n<h2><strong>COMBIEN DE TEMPS CONSERVONS-NOUS VOS DONN\u00c9ES ?<\/strong><\/h2>\n<ul>\n<li><strong>Demandes d'information :<\/strong> pendant la dur\u00e9e n\u00e9cessaire au traitement de votre demande et ensuite <strong>1 an<\/strong><\/li>\n<li><strong>Marketing :<\/strong> jusqu'\u00e0 ce que vous vous d\u00e9sinscriviez de la lettre d'information<\/li>\n<li><strong>R\u00e9seaux sociaux :<\/strong> aussi longtemps que n\u00e9cessaire pour traiter votre demande et aussi longtemps que vous \u00eates notre suiveur<\/li>\n<\/ul>\n<h2><strong>PARTAGEONS-NOUS VOS DONN\u00c9ES AVEC DES TIERS ?<\/strong><\/h2>\n<p>Les donn\u00e9es personnelles ne seront pas communiqu\u00e9es \u00e0 des tiers, sauf dans les cas suivants :<\/p>\n<ul>\n<li>obligation l\u00e9gale<\/li>\n<li>votre consentement explicite<\/li>\n<li>l'int\u00e9r\u00eat l\u00e9gitime, dont vous serez inform\u00e9 au pr\u00e9alable<\/li>\n<\/ul>\n<p>Nous sommes actifs sur les r\u00e9seaux sociaux suivants : Facebook, LinkedIn, X, Instagram et YouTube, afin d'informer nos followers sur les nouveaut\u00e9s et les services.<\/p>\n<p>Vous pouvez visiter volontairement ces r\u00e9seaux par le biais des liens figurant sur notre site web ou directement par le biais de votre navigateur ou de votre application.<\/p>\n<p>Nous ne sommes pas responsables de l'utilisation de vos donn\u00e9es par ces r\u00e9seaux sociaux. Toutefois, lorsque les donn\u00e9es r\u00e9sultent d'une interaction avec nos comptes officiels, nous sommes responsables du traitement conjointement avec le r\u00e9seau social concern\u00e9.<\/p>\n<p>Veuillez consulter la politique de confidentialit\u00e9 de chaque r\u00e9seau social avant de l'utiliser :<\/p>\n<ul>\n<li>Facebook : <a href=\"https:\/\/es-es.facebook.com\/privacy\/explanation\" target=\"_blank\" rel=\"noopener\">https:\/\/es-es.facebook.com\/privacy\/explanation<\/a><\/li>\n<li>LinkedIn : <a href=\"https:\/\/es.linkedin.com\/legal\/privacy-policy\" target=\"_blank\" rel=\"noopener\">https:\/\/es.linkedin.com\/legal\/privacy-policy<\/a><\/li>\n<li>Instagram : <a href=\"https:\/\/privacycenter.instagram.com\/policy\/?entry_point=ig_help_center_data_policy_redirect\" target=\"_blank\" rel=\"noopener\">https:\/\/privacycenter.instagram.com\/policy\/?entry_point=ig_help_center_data_policy_redirect<\/a><\/li>\n<\/ul>\n<p><strong>Transferts internationaux de donn\u00e9es<\/strong><\/p>\n<p>Tout transfert international de donn\u00e9es \u00e0 caract\u00e8re personnel (par exemple via des cookies ou des r\u00e9seaux sociaux) est fond\u00e9 sur votre consentement explicite, \u00e0 moins qu'il n'existe une d\u00e9cision d'ad\u00e9quation, des garanties appropri\u00e9es ou une autre base juridique.<\/p>\n<h2><strong>QUELS SONT VOS DROITS ?<\/strong><\/h2>\n<p>Nous respectons la confidentialit\u00e9 de vos donn\u00e9es personnelles et garantissons l'exercice de vos droits.<\/p>\n<p>Vous pouvez exercer vos droits gratuitement en envoyant un courrier \u00e9lectronique \u00e0 l'adresse suivante <a href=\"mailto:info@grupoxandra.eu\">info@grupoxandra.eu<\/a> , en indiquant votre demande et le droit que vous souhaitez exercer.<\/p>\n<p>Si n\u00e9cessaire, nous pouvons vous demander une preuve d'identit\u00e9 pour v\u00e9rifier votre identit\u00e9.<\/p>\n<p>Vous avez le droit de :<\/p>\n<ul>\n<li>acc\u00e9der \u00e0 vos donn\u00e9es personnelles<\/li>\n<li>faire corriger les donn\u00e9es erron\u00e9es<\/li>\n<li>faire effacer vos donn\u00e9es lorsqu'elles ne sont plus n\u00e9cessaires<\/li>\n<li>la limitation du traitement<\/li>\n<li>retirer son consentement \u00e0 tout moment<\/li>\n<li>recevoir vos donn\u00e9es dans un format structur\u00e9, commun et lisible par machine et les transf\u00e9rer \u00e0 un autre responsable du traitement<\/li>\n<li>s'opposer au traitement fond\u00e9 sur l'int\u00e9r\u00eat l\u00e9gitime<\/li>\n<\/ul>\n<p>En outre, vous avez le droit d'introduire une r\u00e9clamation aupr\u00e8s de l'autorit\u00e9 de contr\u00f4le comp\u00e9tente, notamment le <strong>Autorit\u00e9 espagnole de protection des donn\u00e9es (AEPD)<\/strong>:<\/p>\n<p><a href=\"https:\/\/www.aepd.es\/portalwebAGPD\/index-ides-idphp.php\" target=\"_blank\" rel=\"noopener\">https:\/\/www.aepd.es\/portalwebAGPD\/index-ides-idphp.php<\/a><\/p>\n<h2><strong>MODIFICATIONS DE LA POLITIQUE DE CONFIDENTIALIT\u00c9<\/strong><\/h2>\n<p>Nous pouvons modifier la pr\u00e9sente politique de confidentialit\u00e9 chaque fois que nous le jugeons n\u00e9cessaire. En cas de modifications substantielles, nous vous en informerons via le site web ou par courrier \u00e9lectronique afin que vous puissiez prendre connaissance des modifications et, si vous le souhaitez, vous opposer \u00e0 un service ou vous en d\u00e9sinscrire.<\/p>\n<h2><strong>INFORMATIONS SUR LES COOKIES<\/strong><\/h2>\n<p>Nous utilisons des cookies et des technologies similaires pour faciliter votre navigation, analyser la mani\u00e8re dont vous interagissez avec notre site web et, dans certains cas, afficher des publicit\u00e9s personnalis\u00e9es.<\/p>\n<p>Lire notre <strong>D\u00e9claration de cookie<\/strong> pour plus d'informations sur les cookies utilis\u00e9s, leurs objectifs et d'autres d\u00e9tails pertinents.<\/p>\n<p><!-- notionvc: 5101894c-798e-4333-b4bd-e441762768dc --><\/p>\t\t\t\t\t\t\t\t<\/div>\n\t\t\t\t\t<\/div>\n\t\t\t\t<\/div>\n\t\t\t\t<\/div>","protected":false},"excerpt":{"rendered":"<p>PRIVACYBELEID WIE IS VERANTWOORDELIJK VOOR DE VERWERKING VAN UW GEGEVENS? Verwerkingsverantwoordelijke: GRUPO XANDRAVK, S.L. CIF: B54135660 Postadres: Laseda Gastro Village \u2013 Alicante Golf, Avenida Locutor Vicente Hip\u00f3lito, 03540, Alicante, Spanje E-mailadres: info@grupoxandra.eu WELKE SOORT GEGEVENS VERWERKEN WIJ? Afhankelijk van de producten, diensten of functionaliteiten waarvan u gebruik wenst te maken, kunnen wij verschillende soorten gegevens [&hellip;]<\/p>\n","protected":false},"author":1,"featured_media":0,"parent":0,"menu_order":0,"comment_status":"closed","ping_status":"closed","template":"","meta":{"footnotes":""},"class_list":["post-5382","page","type-page","status-publish","hentry"],"_links":{"self":[{"href":"https:\/\/grupoxandra.eu\/fr\/wp-json\/wp\/v2\/pages\/5382","targetHints":{"allow":["GET"]}}],"collection":[{"href":"https:\/\/grupoxandra.eu\/fr\/wp-json\/wp\/v2\/pages"}],"about":[{"href":"https:\/\/grupoxandra.eu\/fr\/wp-json\/wp\/v2\/types\/page"}],"author":[{"embeddable":true,"href":"https:\/\/grupoxandra.eu\/fr\/wp-json\/wp\/v2\/users\/1"}],"replies":[{"embeddable":true,"href":"https:\/\/grupoxandra.eu\/fr\/wp-json\/wp\/v2\/comments?post=5382"}],"version-history":[{"count":4,"href":"https:\/\/grupoxandra.eu\/fr\/wp-json\/wp\/v2\/pages\/5382\/revisions"}],"predecessor-version":[{"id":5394,"href":"https:\/\/grupoxandra.eu\/fr\/wp-json\/wp\/v2\/pages\/5382\/revisions\/5394"}],"wp:attachment":[{"href":"https:\/\/grupoxandra.eu\/fr\/wp-json\/wp\/v2\/media?parent=5382"}],"curies":[{"name":"wp","href":"https:\/\/api.w.org\/{rel}","templated":true}]}}