{"id":4637,"date":"2026-01-14T13:48:30","date_gmt":"2026-01-14T13:48:30","guid":{"rendered":"https:\/\/grupoxandra.eu\/?page_id=4637"},"modified":"2026-02-18T10:47:22","modified_gmt":"2026-02-18T10:47:22","slug":"overstromingen-en-zeegolven","status":"publish","type":"page","link":"https:\/\/grupoxandra.eu\/fr\/overstromingen-en-zeegolven\/","title":{"rendered":"Overstromingen en zeegolven"},"content":{"rendered":"<div data-elementor-type=\"wp-page\" data-elementor-id=\"4637\" class=\"elementor elementor-4637\" data-elementor-post-type=\"page\">\n\t\t\t\t<div class=\"elementor-element elementor-element-d64681f e-con-full e-flex e-con e-parent\" data-id=\"d64681f\" data-element_type=\"container\" data-e-type=\"container\" data-settings=\"{&quot;background_background&quot;:&quot;classic&quot;}\">\n\t\t\t\t<div class=\"elementor-element elementor-element-f31a27f white-filter elementor-widget elementor-widget-image\" data-id=\"f31a27f\" data-element_type=\"widget\" data-e-type=\"widget\" data-widget_type=\"image.default\">\n\t\t\t\t\t\t\t\t\t\t\t\t\t\t\t<img fetchpriority=\"high\" decoding=\"async\" width=\"800\" height=\"189\" src=\"https:\/\/grupoxandra.eu\/wp-content\/uploads\/2025\/11\/Zurich_Insurance_Group_Logo_Horizontal.svg_-1024x242.png\" class=\"attachment-large size-large wp-image-3907\" alt=\"\" srcset=\"https:\/\/grupoxandra.eu\/wp-content\/uploads\/2025\/11\/Zurich_Insurance_Group_Logo_Horizontal.svg_-1024x242.png 1024w, https:\/\/grupoxandra.eu\/wp-content\/uploads\/2025\/11\/Zurich_Insurance_Group_Logo_Horizontal.svg_-300x71.png 300w, https:\/\/grupoxandra.eu\/wp-content\/uploads\/2025\/11\/Zurich_Insurance_Group_Logo_Horizontal.svg_-768x182.png 768w, https:\/\/grupoxandra.eu\/wp-content\/uploads\/2025\/11\/Zurich_Insurance_Group_Logo_Horizontal.svg_-1536x363.png 1536w, https:\/\/grupoxandra.eu\/wp-content\/uploads\/2025\/11\/Zurich_Insurance_Group_Logo_Horizontal.svg_-2048x484.png 2048w, https:\/\/grupoxandra.eu\/wp-content\/uploads\/2025\/11\/Zurich_Insurance_Group_Logo_Horizontal.svg_-600x142.png 600w\" sizes=\"(max-width: 800px) 100vw, 800px\" \/>\t\t\t\t\t\t\t\t\t\t\t\t\t\t\t<\/div>\n\t\t<div class=\"elementor-element elementor-element-aee40ed e-flex e-con-boxed e-con e-child\" data-id=\"aee40ed\" data-element_type=\"container\" data-e-type=\"container\">\n\t\t\t\t\t<div class=\"e-con-inner\">\n\t\t\t\t<div class=\"elementor-element elementor-element-d498456 elementor-widget elementor-widget-heading\" data-id=\"d498456\" data-element_type=\"widget\" data-e-type=\"widget\" data-widget_type=\"heading.default\">\n\t\t\t\t\t<h1 class=\"elementor-heading-title elementor-size-default\">Dommages caus\u00e9s par les inondations et les vagues en Espagne : dommages, couverture et r\u00f4le du Consorcio<\/h1>\t\t\t\t<\/div>\n\t\t\t\t<div class=\"elementor-element elementor-element-499cbd7 elementor-widget elementor-widget-text-editor\" data-id=\"499cbd7\" data-element_type=\"widget\" data-e-type=\"widget\" data-widget_type=\"text-editor.default\">\n\t\t\t\t\t\t\t\t\t<p>Vous avez des questions ? Nous nous ferons un plaisir de vous apporter des r\u00e9ponses claires<\/p>\t\t\t\t\t\t\t\t<\/div>\n\t\t\t\t<div class=\"elementor-element elementor-element-aed8c7a elementor-align-justify elementor-widget__width-initial elementor-widget elementor-widget-button\" data-id=\"aed8c7a\" data-element_type=\"widget\" data-e-type=\"widget\" data-widget_type=\"button.default\">\n\t\t\t\t\t\t\t\t\t\t<a class=\"elementor-button elementor-button-link elementor-size-sm\" href=\"mailto:siniestros@grupoxandra.eu?subject=Schademelding%20%7C%20%5Bpolisnummer%5D&#038;body=Beste%20GrupoXandra%2C%0A%0AIk%20wil%20graag%20een%20schade%20melden.%0A%0AGegevens%3A%0A%0ANaam%3A%0A%0APolisnummer%3A%0A%0ATelefoonnummer%3A%0A%0A%0A%0ASchadegegevens%3A%0A%0ADatum%20van%20het%20schadegeval%3A%0A%0APlaats%20van%20het%20schadegeval%3A%0A%0AKorte%20beschrijving%20van%20wat%20er%20is%20gebeurd%3A%0A%0A%0A%0ABijlagen%3A%0A%0AIk%20voeg%20indien%20mogelijk%20foto%E2%80%99s%20en%2Fof%20documenten%20toe.%0A%0A%0A%0AMet%20vriendelijke%20groet%2C%0A%0A%5BUw%20naam%5D\">\n\t\t\t\t\t\t<span class=\"elementor-button-content-wrapper\">\n\t\t\t\t\t\t\t\t\t<span class=\"elementor-button-text\">Signalement des d\u00e9g\u00e2ts<\/span>\n\t\t\t\t\t<\/span>\n\t\t\t\t\t<\/a>\n\t\t\t\t\t\t\t\t<\/div>\n\t\t\t\t\t<\/div>\n\t\t\t\t<\/div>\n\t\t\t\t<\/div>\n\t\t<div class=\"elementor-element elementor-element-9edcbfd e-flex e-con-boxed e-con e-parent\" data-id=\"9edcbfd\" data-element_type=\"container\" data-e-type=\"container\" data-settings=\"{&quot;background_background&quot;:&quot;classic&quot;}\">\n\t\t\t\t\t<div class=\"e-con-inner\">\n\t\t\t\t<div class=\"elementor-element elementor-element-f36b04a elementor-widget elementor-widget-n-accordion\" data-id=\"f36b04a\" data-element_type=\"widget\" data-e-type=\"widget\" data-settings=\"{&quot;n_accordion_animation_duration&quot;:{&quot;unit&quot;:&quot;ms&quot;,&quot;size&quot;:250,&quot;sizes&quot;:[]},&quot;default_state&quot;:&quot;expanded&quot;,&quot;max_items_expended&quot;:&quot;one&quot;}\" data-widget_type=\"nested-accordion.default\">\n\t\t\t\t\t\t\t<div class=\"e-n-accordion\" aria-label=\"Accord\u00e9on. Ouvrez les liens avec Enter ou Space, fermez-les avec Escape et naviguez avec les touches fl\u00e9ch\u00e9es.\">\n\t\t\t\t\t\t<details id=\"e-n-accordion-item-2550\" class=\"e-n-accordion-item\" open>\n\t\t\t\t<summary class=\"e-n-accordion-item-title\" data-accordion-index=\"1\" tabindex=\"0\" aria-expanded=\"true\" aria-controls=\"e-n-accordion-item-2550\" >\n\t\t\t\t\t<span class='e-n-accordion-item-title-header'><div class=\"e-n-accordion-item-title-text\"> Les dommages caus\u00e9s par les inondations ou les vagues de la mer sont-ils assur\u00e9s en Espagne ? <\/div><\/span>\n\t\t\t\t\t\t\t\t\t<\/summary>\n\t\t\t\t<div role=\"region\" aria-labelledby=\"e-n-accordion-item-2550\" class=\"elementor-element elementor-element-f2fe5fe e-con-full e-flex e-con e-child\" data-id=\"f2fe5fe\" data-element_type=\"container\" data-e-type=\"container\">\n\t\t\t\t<div class=\"elementor-element elementor-element-9a8e91e elementor-widget elementor-widget-text-editor\" data-id=\"9a8e91e\" data-element_type=\"widget\" data-e-type=\"widget\" data-widget_type=\"text-editor.default\">\n\t\t\t\t\t\t\t\t\t<p>Oui, mais pas par l'interm\u00e9diaire de l'assureur habituel. Cette demande est trait\u00e9e en Espagne par la <span class=\"notion-enable-hover\" data-token-index=\"1\">Consorcio de Compensaci\u00f3n de Seguros (CCS)<\/span>.<!-- notionvc: 8d36ec0b-db60-46b6-b4d5-0fb7fdff8927 --><\/p>\t\t\t\t\t\t\t\t<\/div>\n\t\t\t\t<\/div>\n\t\t\t\t\t<\/details>\n\t\t\t\t\t\t<details id=\"e-n-accordion-item-2551\" class=\"e-n-accordion-item\" >\n\t\t\t\t<summary class=\"e-n-accordion-item-title\" data-accordion-index=\"2\" tabindex=\"-1\" aria-expanded=\"false\" aria-controls=\"e-n-accordion-item-2551\" >\n\t\t\t\t\t<span class='e-n-accordion-item-title-header'><div class=\"e-n-accordion-item-title-text\"> Qu'est-ce que le Consorcio de Compensaci\u00f3n de Seguros (CCS) ? <\/div><\/span>\n\t\t\t\t\t\t\t\t\t<\/summary>\n\t\t\t\t<div role=\"region\" aria-labelledby=\"e-n-accordion-item-2551\" class=\"elementor-element elementor-element-e07489c e-con-full e-flex e-con e-child\" data-id=\"e07489c\" data-element_type=\"container\" data-e-type=\"container\">\n\t\t\t\t<div class=\"elementor-element elementor-element-9087b46 elementor-widget elementor-widget-text-editor\" data-id=\"9087b46\" data-element_type=\"widget\" data-e-type=\"widget\" data-widget_type=\"text-editor.default\">\n\t\t\t\t\t\t\t\t\t<p>La CCS est une agence gouvernementale espagnole qui indemnise les dommages caus\u00e9s par des \u00e9v\u00e9nements exceptionnels tels que les inondations, les vagues et les tremblements de terre.<br \/><!-- notionvc: 7d3885c2-50db-423a-9261-1c9dab63e4c5 --><\/p>\t\t\t\t\t\t\t\t<\/div>\n\t\t\t\t<\/div>\n\t\t\t\t\t<\/details>\n\t\t\t\t\t\t<details id=\"e-n-accordion-item-2552\" class=\"e-n-accordion-item\" >\n\t\t\t\t<summary class=\"e-n-accordion-item-title\" data-accordion-index=\"3\" tabindex=\"-1\" aria-expanded=\"false\" aria-controls=\"e-n-accordion-item-2552\" >\n\t\t\t\t\t<span class='e-n-accordion-item-title-header'><div class=\"e-n-accordion-item-title-text\"> Mon assureur ou GrupoXandra s'occupera-t-il de ce cas ? <\/div><\/span>\n\t\t\t\t\t\t\t\t\t<\/summary>\n\t\t\t\t<div role=\"region\" aria-labelledby=\"e-n-accordion-item-2552\" class=\"elementor-element elementor-element-5a06809 e-con-full e-flex e-con e-child\" data-id=\"5a06809\" data-element_type=\"container\" data-e-type=\"container\">\n\t\t\t\t<div class=\"elementor-element elementor-element-f66bc87 elementor-widget elementor-widget-text-editor\" data-id=\"f66bc87\" data-element_type=\"widget\" data-e-type=\"widget\" data-widget_type=\"text-editor.default\">\n\t\t\t\t\t\t\t\t\t<p>Non. L'\u00e9valuation et la d\u00e9cision incombent enti\u00e8rement \u00e0 la CSC. Les assureurs n'ont aucune influence sur ce point.<br \/><!-- notionvc: aa1db1af-55db-45f0-a3fe-d8e5a4914454 --><\/p>\t\t\t\t\t\t\t\t<\/div>\n\t\t\t\t<\/div>\n\t\t\t\t\t<\/details>\n\t\t\t\t\t\t<details id=\"e-n-accordion-item-2553\" class=\"e-n-accordion-item\" >\n\t\t\t\t<summary class=\"e-n-accordion-item-title\" data-accordion-index=\"4\" tabindex=\"-1\" aria-expanded=\"false\" aria-controls=\"e-n-accordion-item-2553\" >\n\t\t\t\t\t<span class='e-n-accordion-item-title-header'><div class=\"e-n-accordion-item-title-text\"> Tout d\u00e9g\u00e2t des eaux est-il automatiquement une inondation ? <\/div><\/span>\n\t\t\t\t\t\t\t\t\t<\/summary>\n\t\t\t\t<div role=\"region\" aria-labelledby=\"e-n-accordion-item-2553\" class=\"elementor-element elementor-element-ceb3fac e-con-full e-flex e-con e-child\" data-id=\"ceb3fac\" data-element_type=\"container\" data-e-type=\"container\">\n\t\t\t\t<div class=\"elementor-element elementor-element-2ca0141 elementor-widget elementor-widget-text-editor\" data-id=\"2ca0141\" data-element_type=\"widget\" data-e-type=\"widget\" data-widget_type=\"text-editor.default\">\n\t\t\t\t\t\t\t\t\t<p>Non. Seulement <span class=\"notion-enable-hover\" data-token-index=\"1\">inondations ou vagues exceptionnelles<\/span> sont \u00e9ligibles \u00e0 la couverture du CCS.<!-- notionvc: daec8977-48b6-4d96-b937-c1fd40574eb7 --><br \/><!-- notionvc: aa1db1af-55db-45f0-a3fe-d8e5a4914454 --><\/p>\t\t\t\t\t\t\t\t<\/div>\n\t\t\t\t<\/div>\n\t\t\t\t\t<\/details>\n\t\t\t\t\t\t<details id=\"e-n-accordion-item-2554\" class=\"e-n-accordion-item\" >\n\t\t\t\t<summary class=\"e-n-accordion-item-title\" data-accordion-index=\"5\" tabindex=\"-1\" aria-expanded=\"false\" aria-controls=\"e-n-accordion-item-2554\" >\n\t\t\t\t\t<span class='e-n-accordion-item-title-header'><div class=\"e-n-accordion-item-title-text\"> Quand la CSC consid\u00e8re-t-elle qu'une inondation est \u201cextraordinaire\u201d ? <\/div><\/span>\n\t\t\t\t\t\t\t\t\t<\/summary>\n\t\t\t\t<div role=\"region\" aria-labelledby=\"e-n-accordion-item-2554\" class=\"elementor-element elementor-element-5dcb75e e-con-full e-flex e-con e-child\" data-id=\"5dcb75e\" data-element_type=\"container\" data-e-type=\"container\">\n\t\t\t\t<div class=\"elementor-element elementor-element-c17d115 elementor-widget elementor-widget-text-editor\" data-id=\"c17d115\" data-element_type=\"widget\" data-e-type=\"widget\" data-widget_type=\"text-editor.default\">\n\t\t\t\t\t\t\t\t\t<p>Elle est d\u00e9termin\u00e9e sur la base de mesures officielles telles que les pr\u00e9cipitations, les niveaux d'eau et les donn\u00e9es relatives aux vagues dans votre r\u00e9gion.<br \/><!-- notionvc: aa1db1af-55db-45f0-a3fe-d8e5a4914454 --><\/p>\t\t\t\t\t\t\t\t<\/div>\n\t\t\t\t<\/div>\n\t\t\t\t\t<\/details>\n\t\t\t\t\t\t<details id=\"e-n-accordion-item-2555\" class=\"e-n-accordion-item\" >\n\t\t\t\t<summary class=\"e-n-accordion-item-title\" data-accordion-index=\"6\" tabindex=\"-1\" aria-expanded=\"false\" aria-controls=\"e-n-accordion-item-2555\" >\n\t\t\t\t\t<span class='e-n-accordion-item-title-header'><div class=\"e-n-accordion-item-title-text\"> Quels sont les dommages qui ne sont g\u00e9n\u00e9ralement pas couverts par la CCS ? <\/div><\/span>\n\t\t\t\t\t\t\t\t\t<\/summary>\n\t\t\t\t<div role=\"region\" aria-labelledby=\"e-n-accordion-item-2555\" class=\"elementor-element elementor-element-10dd1e6 e-con-full e-flex e-con e-child\" data-id=\"10dd1e6\" data-element_type=\"container\" data-e-type=\"container\">\n\t\t\t\t<div class=\"elementor-element elementor-element-73ed087 elementor-widget elementor-widget-text-editor\" data-id=\"73ed087\" data-element_type=\"widget\" data-e-type=\"widget\" data-widget_type=\"text-editor.default\">\n\t\t\t\t\t\t\t\t\t<p>Les dommages caus\u00e9s par la pluie ordinaire, les infiltrations, les drains bouch\u00e9s, les remont\u00e9es d'humidit\u00e9 ou un mauvais entretien ne sont g\u00e9n\u00e9ralement pas couverts.<br \/><!-- notionvc: aa1db1af-55db-45f0-a3fe-d8e5a4914454 --><\/p>\t\t\t\t\t\t\t\t<\/div>\n\t\t\t\t<\/div>\n\t\t\t\t\t<\/details>\n\t\t\t\t\t\t<details id=\"e-n-accordion-item-2556\" class=\"e-n-accordion-item\" >\n\t\t\t\t<summary class=\"e-n-accordion-item-title\" data-accordion-index=\"7\" tabindex=\"-1\" aria-expanded=\"false\" aria-controls=\"e-n-accordion-item-2556\" >\n\t\t\t\t\t<span class='e-n-accordion-item-title-header'><div class=\"e-n-accordion-item-title-text\"> De quelles informations le CCS a-t-il besoin pour \u00e9valuer un dossier ? <\/div><\/span>\n\t\t\t\t\t\t\t\t\t<\/summary>\n\t\t\t\t<div role=\"region\" aria-labelledby=\"e-n-accordion-item-2556\" class=\"elementor-element elementor-element-aeecc53 e-con-full e-flex e-con e-child\" data-id=\"aeecc53\" data-element_type=\"container\" data-e-type=\"container\">\n\t\t\t\t<div class=\"elementor-element elementor-element-e3a953a elementor-widget elementor-widget-text-editor\" data-id=\"e3a953a\" data-element_type=\"widget\" data-e-type=\"widget\" data-widget_type=\"text-editor.default\">\n\t\t\t\t\t\t\t\t\t<p>La date exacte (et de pr\u00e9f\u00e9rence l'heure) de l'incident et l'adresse du b\u00e2timent touch\u00e9.<br \/><!-- notionvc: aa1db1af-55db-45f0-a3fe-d8e5a4914454 --><\/p>\t\t\t\t\t\t\t\t<\/div>\n\t\t\t\t<\/div>\n\t\t\t\t\t<\/details>\n\t\t\t\t\t\t<details id=\"e-n-accordion-item-2557\" class=\"e-n-accordion-item\" >\n\t\t\t\t<summary class=\"e-n-accordion-item-title\" data-accordion-index=\"8\" tabindex=\"-1\" aria-expanded=\"false\" aria-controls=\"e-n-accordion-item-2557\" >\n\t\t\t\t\t<span class='e-n-accordion-item-title-header'><div class=\"e-n-accordion-item-title-text\"> Puis-je d\u00e9poser moi-m\u00eame une demande aupr\u00e8s de la CCS ? <\/div><\/span>\n\t\t\t\t\t\t\t\t\t<\/summary>\n\t\t\t\t<div role=\"region\" aria-labelledby=\"e-n-accordion-item-2557\" class=\"elementor-element elementor-element-0bc355b e-con-full e-flex e-con e-child\" data-id=\"0bc355b\" data-element_type=\"container\" data-e-type=\"container\">\n\t\t\t\t<div class=\"elementor-element elementor-element-d1c6fce elementor-widget elementor-widget-text-editor\" data-id=\"d1c6fce\" data-element_type=\"widget\" data-e-type=\"widget\" data-widget_type=\"text-editor.default\">\n\t\t\t\t\t\t\t\t\t<p>Oui, vous devez d\u00e9poser <span class=\"notion-enable-hover\" data-token-index=\"1\">Ouvrir directement au CCS<\/span>. Ils vous informeront des prochaines \u00e9tapes.<!-- notionvc: 3ae68802-78ba-4d82-873a-b7a0660c721e --><br \/><!-- notionvc: aa1db1af-55db-45f0-a3fe-d8e5a4914454 --><\/p>\t\t\t\t\t\t\t\t<\/div>\n\t\t\t\t<\/div>\n\t\t\t\t\t<\/details>\n\t\t\t\t\t\t<details id=\"e-n-accordion-item-2558\" class=\"e-n-accordion-item\" >\n\t\t\t\t<summary class=\"e-n-accordion-item-title\" data-accordion-index=\"9\" tabindex=\"-1\" aria-expanded=\"false\" aria-controls=\"e-n-accordion-item-2558\" >\n\t\t\t\t\t<span class='e-n-accordion-item-title-header'><div class=\"e-n-accordion-item-title-text\"> Une d\u00e9claration de zone sinistr\u00e9e a-t-elle une incidence sur mon assurance ? <\/div><\/span>\n\t\t\t\t\t\t\t\t\t<\/summary>\n\t\t\t\t<div role=\"region\" aria-labelledby=\"e-n-accordion-item-2558\" class=\"elementor-element elementor-element-20989b6 e-con-full e-flex e-con e-child\" data-id=\"20989b6\" data-element_type=\"container\" data-e-type=\"container\">\n\t\t\t\t<div class=\"elementor-element elementor-element-5ebed19 elementor-widget elementor-widget-text-editor\" data-id=\"5ebed19\" data-element_type=\"widget\" data-e-type=\"widget\" data-widget_type=\"text-editor.default\">\n\t\t\t\t\t\t\t\t\t<p>Non. La d\u00e9claration de zone sinistr\u00e9e est ind\u00e9pendante de votre assurance et de la CSC, mais elle peut d\u00e9clencher une aide gouvernementale suppl\u00e9mentaire.<br \/><!-- notionvc: aa1db1af-55db-45f0-a3fe-d8e5a4914454 --><\/p>\t\t\t\t\t\t\t\t<\/div>\n\t\t\t\t<\/div>\n\t\t\t\t\t<\/details>\n\t\t\t\t\t\t<details id=\"e-n-accordion-item-2559\" class=\"e-n-accordion-item\" >\n\t\t\t\t<summary class=\"e-n-accordion-item-title\" data-accordion-index=\"10\" tabindex=\"-1\" aria-expanded=\"false\" aria-controls=\"e-n-accordion-item-2559\" >\n\t\t\t\t\t<span class='e-n-accordion-item-title-header'><div class=\"e-n-accordion-item-title-text\"> Comment GrupoXandra vous aide-t-il en cas de dommages caus\u00e9s par des inondations ou des vagues ? <\/div><\/span>\n\t\t\t\t\t\t\t\t\t<\/summary>\n\t\t\t\t<div role=\"region\" aria-labelledby=\"e-n-accordion-item-2559\" class=\"elementor-element elementor-element-24f5d69 e-con-full e-flex e-con e-child\" data-id=\"24f5d69\" data-element_type=\"container\" data-e-type=\"container\">\n\t\t\t\t<div class=\"elementor-element elementor-element-69c95f0 elementor-widget elementor-widget-text-editor\" data-id=\"69c95f0\" data-element_type=\"widget\" data-e-type=\"widget\" data-widget_type=\"text-editor.default\">\n\t\t\t\t\t\t\t\t\t<p>Nous vous expliquons clairement le fonctionnement du syst\u00e8me et vous guidons dans la mesure du possible, mais la d\u00e9cision revient toujours au CCS.<br \/><!-- notionvc: aa1db1af-55db-45f0-a3fe-d8e5a4914454 --><\/p>\t\t\t\t\t\t\t\t<\/div>\n\t\t\t\t<\/div>\n\t\t\t\t\t<\/details>\n\t\t\t\t\t<\/div>\n\t\t\t\t\t\t<\/div>\n\t\t\t\t\t<\/div>\n\t\t\t\t<\/div>\n\t\t<div class=\"elementor-element elementor-element-6c6e940 e-con-full e-flex e-con e-parent\" data-id=\"6c6e940\" data-element_type=\"container\" data-e-type=\"container\" data-settings=\"{&quot;background_background&quot;:&quot;classic&quot;}\">\n\t\t\t\t<div class=\"elementor-element elementor-element-ba9798a white-filter elementor-widget elementor-widget-image\" data-id=\"ba9798a\" data-element_type=\"widget\" data-e-type=\"widget\" data-widget_type=\"image.default\">\n\t\t\t\t\t\t\t\t\t\t\t\t\t\t\t<img fetchpriority=\"high\" decoding=\"async\" width=\"800\" height=\"189\" src=\"https:\/\/grupoxandra.eu\/wp-content\/uploads\/2025\/11\/Zurich_Insurance_Group_Logo_Horizontal.svg_-1024x242.png\" class=\"attachment-large size-large wp-image-3907\" alt=\"\" srcset=\"https:\/\/grupoxandra.eu\/wp-content\/uploads\/2025\/11\/Zurich_Insurance_Group_Logo_Horizontal.svg_-1024x242.png 1024w, https:\/\/grupoxandra.eu\/wp-content\/uploads\/2025\/11\/Zurich_Insurance_Group_Logo_Horizontal.svg_-300x71.png 300w, https:\/\/grupoxandra.eu\/wp-content\/uploads\/2025\/11\/Zurich_Insurance_Group_Logo_Horizontal.svg_-768x182.png 768w, https:\/\/grupoxandra.eu\/wp-content\/uploads\/2025\/11\/Zurich_Insurance_Group_Logo_Horizontal.svg_-1536x363.png 1536w, https:\/\/grupoxandra.eu\/wp-content\/uploads\/2025\/11\/Zurich_Insurance_Group_Logo_Horizontal.svg_-2048x484.png 2048w, https:\/\/grupoxandra.eu\/wp-content\/uploads\/2025\/11\/Zurich_Insurance_Group_Logo_Horizontal.svg_-600x142.png 600w\" sizes=\"(max-width: 800px) 100vw, 800px\" \/>\t\t\t\t\t\t\t\t\t\t\t\t\t\t\t<\/div>\n\t\t<div class=\"elementor-element elementor-element-923eee8 e-flex e-con-boxed e-con e-child\" data-id=\"923eee8\" data-element_type=\"container\" data-e-type=\"container\">\n\t\t\t\t\t<div class=\"e-con-inner\">\n\t\t\t\t<div class=\"elementor-element elementor-element-80b2115 elementor-widget elementor-widget-heading\" data-id=\"80b2115\" data-element_type=\"widget\" data-e-type=\"widget\" data-widget_type=\"heading.default\">\n\t\t\t\t\t<h2 class=\"elementor-heading-title elementor-size-default\">Vous avez subi des dommages ? Nous nous en chargeons pour vous.<\/h2>\t\t\t\t<\/div>\n\t\t\t\t<div class=\"elementor-element elementor-element-9e7fa11 elementor-widget__width-initial elementor-widget elementor-widget-text-editor\" data-id=\"9e7fa11\" data-element_type=\"widget\" data-e-type=\"widget\" data-widget_type=\"text-editor.default\">\n\t\t\t\t\t\t\t\t\t<p class=\"_28USrA AfeL7g XN6uKA _4N4NA\"><span class=\"a_GcMg\">Une demande d'indemnisation est d\u00e9j\u00e0 assez ennuyeuse, surtout si vous vous trouvez dans un autre pays et que vous n'avez pas la possibilit\u00e9 d'y acc\u00e9der. <\/span><span class=\"a_GcMg\">tout se d\u00e9roule dans votre langue. C'est pourquoi nous veillons \u00e0 ce que vos dommages <\/span><span class=\"a_GcMg\">Les questions sont trait\u00e9es de mani\u00e8re correcte, claire et aussi harmonieuse que possible.<\/span><\/p>\t\t\t\t\t\t\t\t<\/div>\n\t\t\t\t<div class=\"elementor-element elementor-element-cc02eda elementor-align-justify elementor-widget__width-initial elementor-widget elementor-widget-button\" data-id=\"cc02eda\" data-element_type=\"widget\" data-e-type=\"widget\" data-widget_type=\"button.default\">\n\t\t\t\t\t\t\t\t\t\t<a class=\"elementor-button elementor-button-link elementor-size-sm\" href=\"mailto:siniestros@grupoxandra.eu?subject=Schademelding%20%7C%20%5Bpolisnummer%5D&#038;body=Beste%20GrupoXandra%2C%0A%0AIk%20wil%20graag%20een%20schade%20melden.%0A%0AGegevens%3A%0A%0ANaam%3A%0A%0APolisnummer%3A%0A%0ATelefoonnummer%3A%0A%0A%0A%0ASchadegegevens%3A%0A%0ADatum%20van%20het%20schadegeval%3A%0A%0APlaats%20van%20het%20schadegeval%3A%0A%0AKorte%20beschrijving%20van%20wat%20er%20is%20gebeurd%3A%0A%0A%0A%0ABijlagen%3A%0A%0AIk%20voeg%20indien%20mogelijk%20foto%E2%80%99s%20en%2Fof%20documenten%20toe.%0A%0A%0A%0AMet%20vriendelijke%20groet%2C%0A%0A%5BUw%20naam%5D\">\n\t\t\t\t\t\t<span class=\"elementor-button-content-wrapper\">\n\t\t\t\t\t\t\t\t\t<span class=\"elementor-button-text\">Signalement des d\u00e9g\u00e2ts<\/span>\n\t\t\t\t\t<\/span>\n\t\t\t\t\t<\/a>\n\t\t\t\t\t\t\t\t<\/div>\n\t\t\t\t\t<\/div>\n\t\t\t\t<\/div>\n\t\t\t\t<\/div>\n\t\t\t\t<\/div>","protected":false},"excerpt":{"rendered":"<p>Schade door overstromingen en zeegolven in Spanje: schade, dekking en rol van het Consorcio Heeft u vragen? Wij geven u graag duidelijke antwoorden Schade melden Wordt schade door overstromingen of zeegolven verzekerd in Spanje? Ja, maar niet via de gewone verzekeraar. Deze schade wordt in Spanje behandeld door het Consorcio de Compensaci\u00f3n de Seguros (CCS). [&hellip;]<\/p>\n","protected":false},"author":1,"featured_media":0,"parent":0,"menu_order":0,"comment_status":"closed","ping_status":"closed","template":"","meta":{"footnotes":""},"class_list":["post-4637","page","type-page","status-publish","hentry"],"_links":{"self":[{"href":"https:\/\/grupoxandra.eu\/fr\/wp-json\/wp\/v2\/pages\/4637","targetHints":{"allow":["GET"]}}],"collection":[{"href":"https:\/\/grupoxandra.eu\/fr\/wp-json\/wp\/v2\/pages"}],"about":[{"href":"https:\/\/grupoxandra.eu\/fr\/wp-json\/wp\/v2\/types\/page"}],"author":[{"embeddable":true,"href":"https:\/\/grupoxandra.eu\/fr\/wp-json\/wp\/v2\/users\/1"}],"replies":[{"embeddable":true,"href":"https:\/\/grupoxandra.eu\/fr\/wp-json\/wp\/v2\/comments?post=4637"}],"version-history":[{"count":22,"href":"https:\/\/grupoxandra.eu\/fr\/wp-json\/wp\/v2\/pages\/4637\/revisions"}],"predecessor-version":[{"id":6589,"href":"https:\/\/grupoxandra.eu\/fr\/wp-json\/wp\/v2\/pages\/4637\/revisions\/6589"}],"wp:attachment":[{"href":"https:\/\/grupoxandra.eu\/fr\/wp-json\/wp\/v2\/media?parent=4637"}],"curies":[{"name":"wp","href":"https:\/\/api.w.org\/{rel}","templated":true}]}}