{"id":4627,"date":"2026-01-14T13:48:31","date_gmt":"2026-01-14T13:48:31","guid":{"rendered":"https:\/\/grupoxandra.eu\/?page_id=4627"},"modified":"2026-02-17T15:40:29","modified_gmt":"2026-02-17T15:40:29","slug":"breuken-en-glas","status":"publish","type":"page","link":"https:\/\/grupoxandra.eu\/fr\/breuken-en-glas\/","title":{"rendered":"Fractures et verre"},"content":{"rendered":"<div data-elementor-type=\"wp-page\" data-elementor-id=\"4627\" class=\"elementor elementor-4627\" data-elementor-post-type=\"page\">\n\t\t\t\t<div class=\"elementor-element elementor-element-d64681f e-con-full e-flex e-con e-parent\" data-id=\"d64681f\" data-element_type=\"container\" data-e-type=\"container\" data-settings=\"{&quot;background_background&quot;:&quot;classic&quot;}\">\n\t\t\t\t<div class=\"elementor-element elementor-element-f31a27f white-filter elementor-widget elementor-widget-image\" data-id=\"f31a27f\" data-element_type=\"widget\" data-e-type=\"widget\" data-widget_type=\"image.default\">\n\t\t\t\t\t\t\t\t\t\t\t\t\t\t\t<img fetchpriority=\"high\" decoding=\"async\" width=\"800\" height=\"189\" src=\"https:\/\/grupoxandra.eu\/wp-content\/uploads\/2025\/11\/Zurich_Insurance_Group_Logo_Horizontal.svg_-1024x242.png\" class=\"attachment-large size-large wp-image-3907\" alt=\"\" srcset=\"https:\/\/grupoxandra.eu\/wp-content\/uploads\/2025\/11\/Zurich_Insurance_Group_Logo_Horizontal.svg_-1024x242.png 1024w, https:\/\/grupoxandra.eu\/wp-content\/uploads\/2025\/11\/Zurich_Insurance_Group_Logo_Horizontal.svg_-300x71.png 300w, https:\/\/grupoxandra.eu\/wp-content\/uploads\/2025\/11\/Zurich_Insurance_Group_Logo_Horizontal.svg_-768x182.png 768w, https:\/\/grupoxandra.eu\/wp-content\/uploads\/2025\/11\/Zurich_Insurance_Group_Logo_Horizontal.svg_-1536x363.png 1536w, https:\/\/grupoxandra.eu\/wp-content\/uploads\/2025\/11\/Zurich_Insurance_Group_Logo_Horizontal.svg_-2048x484.png 2048w, https:\/\/grupoxandra.eu\/wp-content\/uploads\/2025\/11\/Zurich_Insurance_Group_Logo_Horizontal.svg_-600x142.png 600w\" sizes=\"(max-width: 800px) 100vw, 800px\" \/>\t\t\t\t\t\t\t\t\t\t\t\t\t\t\t<\/div>\n\t\t<div class=\"elementor-element elementor-element-aee40ed e-flex e-con-boxed e-con e-child\" data-id=\"aee40ed\" data-element_type=\"container\" data-e-type=\"container\">\n\t\t\t\t\t<div class=\"e-con-inner\">\n\t\t\t\t<div class=\"elementor-element elementor-element-d498456 elementor-widget elementor-widget-heading\" data-id=\"d498456\" data-element_type=\"widget\" data-e-type=\"widget\" data-widget_type=\"heading.default\">\n\t\t\t\t\t<h2 class=\"elementor-heading-title elementor-size-default\">Fractures et verre <\/h2>\t\t\t\t<\/div>\n\t\t\t\t<div class=\"elementor-element elementor-element-499cbd7 elementor-widget elementor-widget-text-editor\" data-id=\"499cbd7\" data-element_type=\"widget\" data-e-type=\"widget\" data-widget_type=\"text-editor.default\">\n\t\t\t\t\t\t\t\t\t<p>Vous avez des questions ? Nous nous ferons un plaisir de vous apporter des r\u00e9ponses claires<\/p>\t\t\t\t\t\t\t\t<\/div>\n\t\t\t\t<div class=\"elementor-element elementor-element-aed8c7a elementor-align-justify elementor-widget__width-initial elementor-widget elementor-widget-button\" data-id=\"aed8c7a\" data-element_type=\"widget\" data-e-type=\"widget\" data-widget_type=\"button.default\">\n\t\t\t\t\t\t\t\t\t\t<a class=\"elementor-button elementor-button-link elementor-size-sm\" href=\"mailto:siniestros@grupoxandra.eu?subject=Schademelding%20%7C%20%5Bpolisnummer%5D&#038;body=Beste%20GrupoXandra%2C%0A%0AIk%20wil%20graag%20een%20schade%20melden.%0A%0AGegevens%3A%0A%0ANaam%3A%0A%0APolisnummer%3A%0A%0ATelefoonnummer%3A%0A%0A%0A%0ASchadegegevens%3A%0A%0ADatum%20van%20het%20schadegeval%3A%0A%0APlaats%20van%20het%20schadegeval%3A%0A%0AKorte%20beschrijving%20van%20wat%20er%20is%20gebeurd%3A%0A%0A%0A%0ABijlagen%3A%0A%0AIk%20voeg%20indien%20mogelijk%20foto%E2%80%99s%20en%2Fof%20documenten%20toe.%0A%0A%0A%0AMet%20vriendelijke%20groet%2C%0A%0A%5BUw%20naam%5D\">\n\t\t\t\t\t\t<span class=\"elementor-button-content-wrapper\">\n\t\t\t\t\t\t\t\t\t<span class=\"elementor-button-text\">Signalement des d\u00e9g\u00e2ts<\/span>\n\t\t\t\t\t<\/span>\n\t\t\t\t\t<\/a>\n\t\t\t\t\t\t\t\t<\/div>\n\t\t\t\t\t<\/div>\n\t\t\t\t<\/div>\n\t\t\t\t<\/div>\n\t\t<div class=\"elementor-element elementor-element-9edcbfd e-flex e-con-boxed e-con e-parent\" data-id=\"9edcbfd\" data-element_type=\"container\" data-e-type=\"container\" data-settings=\"{&quot;background_background&quot;:&quot;classic&quot;}\">\n\t\t\t\t\t<div class=\"e-con-inner\">\n\t\t\t\t<div class=\"elementor-element elementor-element-f36b04a elementor-widget elementor-widget-n-accordion\" data-id=\"f36b04a\" data-element_type=\"widget\" data-e-type=\"widget\" data-settings=\"{&quot;n_accordion_animation_duration&quot;:{&quot;unit&quot;:&quot;ms&quot;,&quot;size&quot;:250,&quot;sizes&quot;:[]},&quot;default_state&quot;:&quot;expanded&quot;,&quot;max_items_expended&quot;:&quot;one&quot;}\" data-widget_type=\"nested-accordion.default\">\n\t\t\t\t\t\t\t<div class=\"e-n-accordion\" aria-label=\"Accord\u00e9on. Ouvrez les liens avec Enter ou Space, fermez-les avec Escape et naviguez avec les touches fl\u00e9ch\u00e9es.\">\n\t\t\t\t\t\t<details id=\"e-n-accordion-item-2550\" class=\"e-n-accordion-item\" open>\n\t\t\t\t<summary class=\"e-n-accordion-item-title\" data-accordion-index=\"1\" tabindex=\"0\" aria-expanded=\"true\" aria-controls=\"e-n-accordion-item-2550\" >\n\t\t\t\t\t<span class='e-n-accordion-item-title-header'><div class=\"e-n-accordion-item-title-text\"> Ma fen\u00eatre ou ma vitre est fissur\u00e9e. Est-il assur\u00e9 ? <\/div><\/span>\n\t\t\t\t\t\t\t\t\t<\/summary>\n\t\t\t\t<div role=\"region\" aria-labelledby=\"e-n-accordion-item-2550\" class=\"elementor-element elementor-element-f2fe5fe e-con-full e-flex e-con e-child\" data-id=\"f2fe5fe\" data-element_type=\"container\" data-e-type=\"container\">\n\t\t\t\t<div class=\"elementor-element elementor-element-9a8e91e elementor-widget elementor-widget-text-editor\" data-id=\"9a8e91e\" data-element_type=\"widget\" data-e-type=\"widget\" data-widget_type=\"text-editor.default\">\n\t\t\t\t\t\t\t\t\t<p>Oui. Le bris ou l'endommagement des fen\u00eatres, des miroirs fixes ou des parois en verre est g\u00e9n\u00e9ralement couvert par votre police. Veuillez nous envoyer des photos claires des dommages et de l'environnement afin que nous puissions ouvrir le dossier correctement.<\/p>\t\t\t\t\t\t\t\t<\/div>\n\t\t\t\t<\/div>\n\t\t\t\t\t<\/details>\n\t\t\t\t\t\t<details id=\"e-n-accordion-item-2551\" class=\"e-n-accordion-item\" >\n\t\t\t\t<summary class=\"e-n-accordion-item-title\" data-accordion-index=\"2\" tabindex=\"-1\" aria-expanded=\"false\" aria-controls=\"e-n-accordion-item-2551\" >\n\t\t\t\t\t<span class='e-n-accordion-item-title-header'><div class=\"e-n-accordion-item-title-text\"> La couverture s'applique-t-elle \u00e9galement aux parois de douche ou aux panneaux de balcon ? <\/div><\/span>\n\t\t\t\t\t\t\t\t\t<\/summary>\n\t\t\t\t<div role=\"region\" aria-labelledby=\"e-n-accordion-item-2551\" class=\"elementor-element elementor-element-e07489c e-con-full e-flex e-con e-child\" data-id=\"e07489c\" data-element_type=\"container\" data-e-type=\"container\">\n\t\t\t\t<div class=\"elementor-element elementor-element-9087b46 elementor-widget elementor-widget-text-editor\" data-id=\"9087b46\" data-element_type=\"widget\" data-e-type=\"widget\" data-widget_type=\"text-editor.default\">\n\t\t\t\t\t\t\t\t\t<p>Seul le verre est assur\u00e9. Les profil\u00e9s m\u00e9talliques, les charni\u00e8res ou les fixations ne sont pas couverts par la garantie bris de glace.<br \/><!-- notionvc: 7d3885c2-50db-423a-9261-1c9dab63e4c5 --><\/p>\t\t\t\t\t\t\t\t<\/div>\n\t\t\t\t<\/div>\n\t\t\t\t\t<\/details>\n\t\t\t\t\t\t<details id=\"e-n-accordion-item-2552\" class=\"e-n-accordion-item\" >\n\t\t\t\t<summary class=\"e-n-accordion-item-title\" data-accordion-index=\"3\" tabindex=\"-1\" aria-expanded=\"false\" aria-controls=\"e-n-accordion-item-2552\" >\n\t\t\t\t\t<span class='e-n-accordion-item-title-header'><div class=\"e-n-accordion-item-title-text\"> Dois-je attendre l'intervention d'un expert avant de r\u00e9cup\u00e9rer ? <\/div><\/span>\n\t\t\t\t\t\t\t\t\t<\/summary>\n\t\t\t\t<div role=\"region\" aria-labelledby=\"e-n-accordion-item-2552\" class=\"elementor-element elementor-element-5a06809 e-con-full e-flex e-con e-child\" data-id=\"5a06809\" data-element_type=\"container\" data-e-type=\"container\">\n\t\t\t\t<div class=\"elementor-element elementor-element-f66bc87 elementor-widget elementor-widget-text-editor\" data-id=\"f66bc87\" data-element_type=\"widget\" data-e-type=\"widget\" data-widget_type=\"text-editor.default\">\n\t\t\t\t\t\t\t\t\t<p>En cas de doute sur la cause ou l'\u00e9tendue, il est pr\u00e9f\u00e9rable d'attendre l'accord. Les petites fractures peuvent d\u00e9j\u00e0 \u00eatre r\u00e9par\u00e9es si vous disposez de photos claires et d'une facture d\u00e9taill\u00e9e.<br \/><!-- notionvc: aa1db1af-55db-45f0-a3fe-d8e5a4914454 --><\/p>\t\t\t\t\t\t\t\t<\/div>\n\t\t\t\t<\/div>\n\t\t\t\t\t<\/details>\n\t\t\t\t\t\t<details id=\"e-n-accordion-item-2553\" class=\"e-n-accordion-item\" >\n\t\t\t\t<summary class=\"e-n-accordion-item-title\" data-accordion-index=\"4\" tabindex=\"-1\" aria-expanded=\"false\" aria-controls=\"e-n-accordion-item-2553\" >\n\t\t\t\t\t<span class='e-n-accordion-item-title-header'><div class=\"e-n-accordion-item-title-text\"> Que dois-je pr\u00e9voir pour assurer un traitement harmonieux des demandes d'indemnisation ? <\/div><\/span>\n\t\t\t\t\t\t\t\t\t<\/summary>\n\t\t\t\t<div role=\"region\" aria-labelledby=\"e-n-accordion-item-2553\" class=\"elementor-element elementor-element-2c7ecbe e-con-full e-flex e-con e-child\" data-id=\"2c7ecbe\" data-element_type=\"container\" data-e-type=\"container\">\n\t\t\t\t<div class=\"elementor-element elementor-element-067bcf3 elementor-widget elementor-widget-text-editor\" data-id=\"067bcf3\" data-element_type=\"widget\" data-e-type=\"widget\" data-widget_type=\"text-editor.default\">\n\t\t\t\t\t\t\t\t\t<p>Des photos des dommages, les \u00e9ventuels re\u00e7us d'achat ou devis, le montant estim\u00e9 des dommages et la facture de la r\u00e9paration.<br \/><!-- notionvc: aa1db1af-55db-45f0-a3fe-d8e5a4914454 --><\/p>\t\t\t\t\t\t\t\t<\/div>\n\t\t\t\t<\/div>\n\t\t\t\t\t<\/details>\n\t\t\t\t\t\t<details id=\"e-n-accordion-item-2554\" class=\"e-n-accordion-item\" >\n\t\t\t\t<summary class=\"e-n-accordion-item-title\" data-accordion-index=\"5\" tabindex=\"-1\" aria-expanded=\"false\" aria-controls=\"e-n-accordion-item-2554\" >\n\t\t\t\t\t<span class='e-n-accordion-item-title-header'><div class=\"e-n-accordion-item-title-text\"> Puis-je choisir entre mon propre r\u00e9parateur et un r\u00e9parateur de Zurich ? <\/div><\/span>\n\t\t\t\t\t\t\t\t\t<\/summary>\n\t\t\t\t<div role=\"region\" aria-labelledby=\"e-n-accordion-item-2554\" class=\"elementor-element elementor-element-6c073e3 e-con-full e-flex e-con e-child\" data-id=\"6c073e3\" data-element_type=\"container\" data-e-type=\"container\">\n\t\t\t\t<div class=\"elementor-element elementor-element-590e6da elementor-widget elementor-widget-text-editor\" data-id=\"590e6da\" data-element_type=\"widget\" data-e-type=\"widget\" data-widget_type=\"text-editor.default\">\n\t\t\t\t\t\t\t\t\t<p>Oui, vous pouvez choisir votre propre entreprise ou faire appel \u00e0 un r\u00e9parateur par l'interm\u00e9diaire de Zurich. Vous pouvez prendre directement rendez-vous avec les r\u00e9parateurs de Zurich en appelant le 933 660 777.<br \/><!-- notionvc: aa1db1af-55db-45f0-a3fe-d8e5a4914454 --><\/p>\t\t\t\t\t\t\t\t<\/div>\n\t\t\t\t<\/div>\n\t\t\t\t\t<\/details>\n\t\t\t\t\t\t<details id=\"e-n-accordion-item-2555\" class=\"e-n-accordion-item\" >\n\t\t\t\t<summary class=\"e-n-accordion-item-title\" data-accordion-index=\"6\" tabindex=\"-1\" aria-expanded=\"false\" aria-controls=\"e-n-accordion-item-2555\" >\n\t\t\t\t\t<span class='e-n-accordion-item-title-header'><div class=\"e-n-accordion-item-title-text\"> Mon plan de travail en marbre est fissur\u00e9. Est-il assur\u00e9 ? <\/div><\/span>\n\t\t\t\t\t\t\t\t\t<\/summary>\n\t\t\t\t<div role=\"region\" aria-labelledby=\"e-n-accordion-item-2555\" class=\"elementor-element elementor-element-fad4075 e-con-full e-flex e-con e-child\" data-id=\"fad4075\" data-element_type=\"container\" data-e-type=\"container\">\n\t\t\t\t<div class=\"elementor-element elementor-element-c0c3b4c elementor-widget elementor-widget-text-editor\" data-id=\"c0c3b4c\" data-element_type=\"widget\" data-e-type=\"widget\" data-widget_type=\"text-editor.default\">\n\t\t\t\t\t\t\t\t\t<p>Oui, si la rupture est soudaine et impr\u00e9vue. L'usure et le vieillissement ne sont pas couverts.<br \/><!-- notionvc: aa1db1af-55db-45f0-a3fe-d8e5a4914454 --><\/p>\t\t\t\t\t\t\t\t<\/div>\n\t\t\t\t<\/div>\n\t\t\t\t\t<\/details>\n\t\t\t\t\t\t<details id=\"e-n-accordion-item-2556\" class=\"e-n-accordion-item\" >\n\t\t\t\t<summary class=\"e-n-accordion-item-title\" data-accordion-index=\"7\" tabindex=\"-1\" aria-expanded=\"false\" aria-controls=\"e-n-accordion-item-2556\" >\n\t\t\t\t\t<span class='e-n-accordion-item-title-header'><div class=\"e-n-accordion-item-title-text\"> Mon \u00e9vier ou mes toilettes sont fissur\u00e9s. Est-ce couvert par la police ? <\/div><\/span>\n\t\t\t\t\t\t\t\t\t<\/summary>\n\t\t\t\t<div role=\"region\" aria-labelledby=\"e-n-accordion-item-2556\" class=\"elementor-element elementor-element-6a068ab e-con-full e-flex e-con e-child\" data-id=\"6a068ab\" data-element_type=\"container\" data-e-type=\"container\">\n\t\t\t\t<div class=\"elementor-element elementor-element-e3bf105 elementor-widget elementor-widget-text-editor\" data-id=\"e3bf105\" data-element_type=\"widget\" data-e-type=\"widget\" data-widget_type=\"text-editor.default\">\n\t\t\t\t\t\t\t\t\t<p>Oui. Les dommages aux \u00e9l\u00e9ments sanitaires sont assur\u00e9s, de m\u00eame que les dommages indirects dus \u00e0 une \u00e9ventuelle perte d'eau. Veuillez nous fournir des photos et la facture d'achat si n\u00e9cessaire.<br \/><!-- notionvc: aa1db1af-55db-45f0-a3fe-d8e5a4914454 --><\/p>\t\t\t\t\t\t\t\t<\/div>\n\t\t\t\t<\/div>\n\t\t\t\t\t<\/details>\n\t\t\t\t\t\t<details id=\"e-n-accordion-item-2557\" class=\"e-n-accordion-item\" >\n\t\t\t\t<summary class=\"e-n-accordion-item-title\" data-accordion-index=\"8\" tabindex=\"-1\" aria-expanded=\"false\" aria-controls=\"e-n-accordion-item-2557\" >\n\t\t\t\t\t<span class='e-n-accordion-item-title-header'><div class=\"e-n-accordion-item-title-text\"> Ma plaque de cuisson est fissur\u00e9e. Est-elle assur\u00e9e ? <\/div><\/span>\n\t\t\t\t\t\t\t\t\t<\/summary>\n\t\t\t\t<div role=\"region\" aria-labelledby=\"e-n-accordion-item-2557\" class=\"elementor-element elementor-element-9e4174e e-con-full e-flex e-con e-child\" data-id=\"9e4174e\" data-element_type=\"container\" data-e-type=\"container\">\n\t\t\t\t<div class=\"elementor-element elementor-element-4460399 elementor-widget elementor-widget-text-editor\" data-id=\"4460399\" data-element_type=\"widget\" data-e-type=\"widget\" data-widget_type=\"text-editor.default\">\n\t\t\t\t\t\t\t\t\t<p>Oui, si le d\u00e9faut est soudain. Prenez des photos du d\u00e9faut et du mod\u00e8le. Zurich remboursera le remplacement de la partie vitr\u00e9e de la plaque de cuisson. <br \/><!-- notionvc: aa1db1af-55db-45f0-a3fe-d8e5a4914454 --><\/p>\t\t\t\t\t\t\t\t<\/div>\n\t\t\t\t<\/div>\n\t\t\t\t\t<\/details>\n\t\t\t\t\t\t<details id=\"e-n-accordion-item-2558\" class=\"e-n-accordion-item\" >\n\t\t\t\t<summary class=\"e-n-accordion-item-title\" data-accordion-index=\"9\" tabindex=\"-1\" aria-expanded=\"false\" aria-controls=\"e-n-accordion-item-2558\" >\n\t\t\t\t\t<span class='e-n-accordion-item-title-header'><div class=\"e-n-accordion-item-title-text\"> Mes panneaux solaires sont endommag\u00e9s. Sont-ils couverts ? <\/div><\/span>\n\t\t\t\t\t\t\t\t\t<\/summary>\n\t\t\t\t<div role=\"region\" aria-labelledby=\"e-n-accordion-item-2558\" class=\"elementor-element elementor-element-4462c48 e-con-full e-flex e-con e-child\" data-id=\"4462c48\" data-element_type=\"container\" data-e-type=\"container\">\n\t\t\t\t<div class=\"elementor-element elementor-element-e61e679 elementor-widget elementor-widget-text-editor\" data-id=\"e61e679\" data-element_type=\"widget\" data-e-type=\"widget\" data-widget_type=\"text-editor.default\">\n\t\t\t\t\t\t\t\t\t<p>Cela d\u00e9pend de votre police. Certaines polices incluent les panneaux solaires, d'autres non. Envoyez-nous des photos et une preuve d'achat et nous v\u00e9rifierons imm\u00e9diatement pour vous.<br \/><!-- notionvc: aa1db1af-55db-45f0-a3fe-d8e5a4914454 --><\/p>\t\t\t\t\t\t\t\t<\/div>\n\t\t\t\t<\/div>\n\t\t\t\t\t<\/details>\n\t\t\t\t\t\t<details id=\"e-n-accordion-item-2559\" class=\"e-n-accordion-item\" >\n\t\t\t\t<summary class=\"e-n-accordion-item-title\" data-accordion-index=\"10\" tabindex=\"-1\" aria-expanded=\"false\" aria-controls=\"e-n-accordion-item-2559\" >\n\t\t\t\t\t<span class='e-n-accordion-item-title-header'><div class=\"e-n-accordion-item-title-text\"> La vitre du panneau du balcon de mon appartement est cass\u00e9e. Qui est responsable ? <\/div><\/span>\n\t\t\t\t\t\t\t\t\t<\/summary>\n\t\t\t\t<div role=\"region\" aria-labelledby=\"e-n-accordion-item-2559\" class=\"elementor-element elementor-element-6192acc e-con-full e-flex e-con e-child\" data-id=\"6192acc\" data-element_type=\"container\" data-e-type=\"container\">\n\t\t\t\t<div class=\"elementor-element elementor-element-4faa95c elementor-widget elementor-widget-text-editor\" data-id=\"4faa95c\" data-element_type=\"widget\" data-e-type=\"widget\" data-widget_type=\"text-editor.default\">\n\t\t\t\t\t\t\t\t\t<p>Dans la plupart des immeubles, les panneaux des balcons font partie des parties communes. Les r\u00e9parations et les indemnisations sont alors effectu\u00e9es par la comunidad ou son assurance. Contactez l'administrador de fincas.<br \/><!-- notionvc: aa1db1af-55db-45f0-a3fe-d8e5a4914454 --><\/p>\t\t\t\t\t\t\t\t<\/div>\n\t\t\t\t<\/div>\n\t\t\t\t\t<\/details>\n\t\t\t\t\t\t<details id=\"e-n-accordion-item-25510\" class=\"e-n-accordion-item\" >\n\t\t\t\t<summary class=\"e-n-accordion-item-title\" data-accordion-index=\"11\" tabindex=\"-1\" aria-expanded=\"false\" aria-controls=\"e-n-accordion-item-25510\" >\n\t\t\t\t\t<span class='e-n-accordion-item-title-header'><div class=\"e-n-accordion-item-title-text\"> GrupoXandra contacte-t-il Zurich pour moi ? <\/div><\/span>\n\t\t\t\t\t\t\t\t\t<\/summary>\n\t\t\t\t<div role=\"region\" aria-labelledby=\"e-n-accordion-item-25510\" class=\"elementor-element elementor-element-46101b3 e-con-full e-flex e-con e-child\" data-id=\"46101b3\" data-element_type=\"container\" data-e-type=\"container\">\n\t\t\t\t<div class=\"elementor-element elementor-element-79709cf elementor-widget elementor-widget-text-editor\" data-id=\"79709cf\" data-element_type=\"widget\" data-e-type=\"widget\" data-widget_type=\"text-editor.default\">\n\t\t\t\t\t\t\t\t\t<p>Oui, nous communiquons directement avec les personnes comp\u00e9tentes \u00e0 Zurich et nous suivons le dossier jusqu'\u00e0 ce qu'il soit enti\u00e8rement r\u00e9gl\u00e9.<br \/><!-- notionvc: aa1db1af-55db-45f0-a3fe-d8e5a4914454 --><\/p>\t\t\t\t\t\t\t\t<\/div>\n\t\t\t\t<\/div>\n\t\t\t\t\t<\/details>\n\t\t\t\t\t<\/div>\n\t\t\t\t\t\t<\/div>\n\t\t\t\t\t<\/div>\n\t\t\t\t<\/div>\n\t\t<div class=\"elementor-element elementor-element-6c6e940 e-con-full e-flex e-con e-parent\" data-id=\"6c6e940\" data-element_type=\"container\" data-e-type=\"container\" data-settings=\"{&quot;background_background&quot;:&quot;classic&quot;}\">\n\t\t\t\t<div class=\"elementor-element elementor-element-ba9798a white-filter elementor-widget elementor-widget-image\" data-id=\"ba9798a\" data-element_type=\"widget\" data-e-type=\"widget\" data-widget_type=\"image.default\">\n\t\t\t\t\t\t\t\t\t\t\t\t\t\t\t<img fetchpriority=\"high\" decoding=\"async\" width=\"800\" height=\"189\" src=\"https:\/\/grupoxandra.eu\/wp-content\/uploads\/2025\/11\/Zurich_Insurance_Group_Logo_Horizontal.svg_-1024x242.png\" class=\"attachment-large size-large wp-image-3907\" alt=\"\" srcset=\"https:\/\/grupoxandra.eu\/wp-content\/uploads\/2025\/11\/Zurich_Insurance_Group_Logo_Horizontal.svg_-1024x242.png 1024w, https:\/\/grupoxandra.eu\/wp-content\/uploads\/2025\/11\/Zurich_Insurance_Group_Logo_Horizontal.svg_-300x71.png 300w, https:\/\/grupoxandra.eu\/wp-content\/uploads\/2025\/11\/Zurich_Insurance_Group_Logo_Horizontal.svg_-768x182.png 768w, https:\/\/grupoxandra.eu\/wp-content\/uploads\/2025\/11\/Zurich_Insurance_Group_Logo_Horizontal.svg_-1536x363.png 1536w, https:\/\/grupoxandra.eu\/wp-content\/uploads\/2025\/11\/Zurich_Insurance_Group_Logo_Horizontal.svg_-2048x484.png 2048w, https:\/\/grupoxandra.eu\/wp-content\/uploads\/2025\/11\/Zurich_Insurance_Group_Logo_Horizontal.svg_-600x142.png 600w\" sizes=\"(max-width: 800px) 100vw, 800px\" \/>\t\t\t\t\t\t\t\t\t\t\t\t\t\t\t<\/div>\n\t\t<div class=\"elementor-element elementor-element-923eee8 e-flex e-con-boxed e-con e-child\" data-id=\"923eee8\" data-element_type=\"container\" data-e-type=\"container\">\n\t\t\t\t\t<div class=\"e-con-inner\">\n\t\t\t\t<div class=\"elementor-element elementor-element-80b2115 elementor-widget elementor-widget-heading\" data-id=\"80b2115\" data-element_type=\"widget\" data-e-type=\"widget\" data-widget_type=\"heading.default\">\n\t\t\t\t\t<h2 class=\"elementor-heading-title elementor-size-default\">Vous avez subi des dommages ? Nous nous en chargeons pour vous.<\/h2>\t\t\t\t<\/div>\n\t\t\t\t<div class=\"elementor-element elementor-element-9e7fa11 elementor-widget__width-initial elementor-widget elementor-widget-text-editor\" data-id=\"9e7fa11\" data-element_type=\"widget\" data-e-type=\"widget\" data-widget_type=\"text-editor.default\">\n\t\t\t\t\t\t\t\t\t<p class=\"_28USrA AfeL7g XN6uKA _4N4NA\"><span class=\"a_GcMg\">Une demande d'indemnisation est d\u00e9j\u00e0 assez ennuyeuse, surtout si vous vous trouvez dans un autre pays et que vous n'avez pas la possibilit\u00e9 d'y acc\u00e9der. <\/span><span class=\"a_GcMg\">tout se d\u00e9roule dans votre langue. C'est pourquoi nous veillons \u00e0 ce que vos dommages <\/span><span class=\"a_GcMg\">Les questions sont trait\u00e9es de mani\u00e8re correcte, claire et aussi harmonieuse que possible.<\/span><\/p>\t\t\t\t\t\t\t\t<\/div>\n\t\t\t\t<div class=\"elementor-element elementor-element-cc02eda elementor-align-justify elementor-widget__width-initial elementor-widget elementor-widget-button\" data-id=\"cc02eda\" data-element_type=\"widget\" data-e-type=\"widget\" data-widget_type=\"button.default\">\n\t\t\t\t\t\t\t\t\t\t<a class=\"elementor-button elementor-button-link elementor-size-sm\" href=\"mailto:siniestros@grupoxandra.eu?subject=Schademelding%20%7C%20%5Bpolisnummer%5D&#038;body=Beste%20GrupoXandra%2C%0A%0AIk%20wil%20graag%20een%20schade%20melden.%0A%0AGegevens%3A%0A%0ANaam%3A%0A%0APolisnummer%3A%0A%0ATelefoonnummer%3A%0A%0A%0A%0ASchadegegevens%3A%0A%0ADatum%20van%20het%20schadegeval%3A%0A%0APlaats%20van%20het%20schadegeval%3A%0A%0AKorte%20beschrijving%20van%20wat%20er%20is%20gebeurd%3A%0A%0A%0A%0ABijlagen%3A%0A%0AIk%20voeg%20indien%20mogelijk%20foto%E2%80%99s%20en%2Fof%20documenten%20toe.%0A%0A%0A%0AMet%20vriendelijke%20groet%2C%0A%0A%5BUw%20naam%5D\">\n\t\t\t\t\t\t<span class=\"elementor-button-content-wrapper\">\n\t\t\t\t\t\t\t\t\t<span class=\"elementor-button-text\">Signalement des d\u00e9g\u00e2ts<\/span>\n\t\t\t\t\t<\/span>\n\t\t\t\t\t<\/a>\n\t\t\t\t\t\t\t\t<\/div>\n\t\t\t\t\t<\/div>\n\t\t\t\t<\/div>\n\t\t\t\t<\/div>\n\t\t\t\t<\/div>","protected":false},"excerpt":{"rendered":"<p>Breuken en glas Heeft u vragen? Wij geven u graag duidelijke antwoorden Schade melden Mijn raam of glas is gebarsten. Is dat verzekerd? Ja. Breuk of schade aan ramen, vaste spiegels of glazen wanden is meestal verzekerd binnen uw polis. Stuur ons duidelijke foto\u2019s van de schade en omgeving zodat we het dossier correct kunnen [&hellip;]<\/p>\n","protected":false},"author":1,"featured_media":0,"parent":0,"menu_order":0,"comment_status":"closed","ping_status":"closed","template":"","meta":{"footnotes":""},"class_list":["post-4627","page","type-page","status-publish","hentry"],"_links":{"self":[{"href":"https:\/\/grupoxandra.eu\/fr\/wp-json\/wp\/v2\/pages\/4627","targetHints":{"allow":["GET"]}}],"collection":[{"href":"https:\/\/grupoxandra.eu\/fr\/wp-json\/wp\/v2\/pages"}],"about":[{"href":"https:\/\/grupoxandra.eu\/fr\/wp-json\/wp\/v2\/types\/page"}],"author":[{"embeddable":true,"href":"https:\/\/grupoxandra.eu\/fr\/wp-json\/wp\/v2\/users\/1"}],"replies":[{"embeddable":true,"href":"https:\/\/grupoxandra.eu\/fr\/wp-json\/wp\/v2\/comments?post=4627"}],"version-history":[{"count":25,"href":"https:\/\/grupoxandra.eu\/fr\/wp-json\/wp\/v2\/pages\/4627\/revisions"}],"predecessor-version":[{"id":6493,"href":"https:\/\/grupoxandra.eu\/fr\/wp-json\/wp\/v2\/pages\/4627\/revisions\/6493"}],"wp:attachment":[{"href":"https:\/\/grupoxandra.eu\/fr\/wp-json\/wp\/v2\/media?parent=4627"}],"curies":[{"name":"wp","href":"https:\/\/api.w.org\/{rel}","templated":true}]}}