{"id":4626,"date":"2026-01-14T13:48:30","date_gmt":"2026-01-14T13:48:30","guid":{"rendered":"https:\/\/grupoxandra.eu\/?page_id=4626"},"modified":"2026-02-17T15:41:34","modified_gmt":"2026-02-17T15:41:34","slug":"brand-rook-en-explosie","status":"publish","type":"page","link":"https:\/\/grupoxandra.eu\/fr\/brand-rook-en-explosie\/","title":{"rendered":"Brand, rook en explosie"},"content":{"rendered":"<div data-elementor-type=\"wp-page\" data-elementor-id=\"4626\" class=\"elementor elementor-4626\" data-elementor-post-type=\"page\">\n\t\t\t\t<div class=\"elementor-element elementor-element-d64681f e-con-full e-flex e-con e-parent\" data-id=\"d64681f\" data-element_type=\"container\" data-e-type=\"container\" data-settings=\"{&quot;background_background&quot;:&quot;classic&quot;}\">\n\t\t\t\t<div class=\"elementor-element elementor-element-f31a27f white-filter elementor-widget elementor-widget-image\" data-id=\"f31a27f\" data-element_type=\"widget\" data-e-type=\"widget\" data-widget_type=\"image.default\">\n\t\t\t\t\t\t\t\t\t\t\t\t\t\t\t<img fetchpriority=\"high\" decoding=\"async\" width=\"800\" height=\"189\" src=\"https:\/\/grupoxandra.eu\/wp-content\/uploads\/2025\/11\/Zurich_Insurance_Group_Logo_Horizontal.svg_-1024x242.png\" class=\"attachment-large size-large wp-image-3907\" alt=\"\" srcset=\"https:\/\/grupoxandra.eu\/wp-content\/uploads\/2025\/11\/Zurich_Insurance_Group_Logo_Horizontal.svg_-1024x242.png 1024w, https:\/\/grupoxandra.eu\/wp-content\/uploads\/2025\/11\/Zurich_Insurance_Group_Logo_Horizontal.svg_-300x71.png 300w, https:\/\/grupoxandra.eu\/wp-content\/uploads\/2025\/11\/Zurich_Insurance_Group_Logo_Horizontal.svg_-768x182.png 768w, https:\/\/grupoxandra.eu\/wp-content\/uploads\/2025\/11\/Zurich_Insurance_Group_Logo_Horizontal.svg_-1536x363.png 1536w, https:\/\/grupoxandra.eu\/wp-content\/uploads\/2025\/11\/Zurich_Insurance_Group_Logo_Horizontal.svg_-2048x484.png 2048w, https:\/\/grupoxandra.eu\/wp-content\/uploads\/2025\/11\/Zurich_Insurance_Group_Logo_Horizontal.svg_-600x142.png 600w\" sizes=\"(max-width: 800px) 100vw, 800px\" \/>\t\t\t\t\t\t\t\t\t\t\t\t\t\t\t<\/div>\n\t\t<div class=\"elementor-element elementor-element-aee40ed e-flex e-con-boxed e-con e-child\" data-id=\"aee40ed\" data-element_type=\"container\" data-e-type=\"container\">\n\t\t\t\t\t<div class=\"e-con-inner\">\n\t\t\t\t<div class=\"elementor-element elementor-element-d498456 elementor-widget elementor-widget-heading\" data-id=\"d498456\" data-element_type=\"widget\" data-e-type=\"widget\" data-widget_type=\"heading.default\">\n\t\t\t\t\t<h2 class=\"elementor-heading-title elementor-size-default\">Brand, rook en explosie<\/h2>\t\t\t\t<\/div>\n\t\t\t\t<div class=\"elementor-element elementor-element-499cbd7 elementor-widget elementor-widget-text-editor\" data-id=\"499cbd7\" data-element_type=\"widget\" data-e-type=\"widget\" data-widget_type=\"text-editor.default\">\n\t\t\t\t\t\t\t\t\t<p>Vous avez des questions ? Nous nous ferons un plaisir de vous apporter des r\u00e9ponses claires<\/p>\t\t\t\t\t\t\t\t<\/div>\n\t\t\t\t<div class=\"elementor-element elementor-element-aed8c7a elementor-align-justify elementor-widget__width-initial elementor-widget elementor-widget-button\" data-id=\"aed8c7a\" data-element_type=\"widget\" data-e-type=\"widget\" data-widget_type=\"button.default\">\n\t\t\t\t\t\t\t\t\t\t<a class=\"elementor-button elementor-button-link elementor-size-sm\" href=\"mailto:siniestros@grupoxandra.eu?subject=Schademelding%20%7C%20%5Bpolisnummer%5D&#038;body=Beste%20GrupoXandra%2C%0A%0AIk%20wil%20graag%20een%20schade%20melden.%0A%0AGegevens%3A%0A%0ANaam%3A%0A%0APolisnummer%3A%0A%0ATelefoonnummer%3A%0A%0A%0A%0ASchadegegevens%3A%0A%0ADatum%20van%20het%20schadegeval%3A%0A%0APlaats%20van%20het%20schadegeval%3A%0A%0AKorte%20beschrijving%20van%20wat%20er%20is%20gebeurd%3A%0A%0A%0A%0ABijlagen%3A%0A%0AIk%20voeg%20indien%20mogelijk%20foto%E2%80%99s%20en%2Fof%20documenten%20toe.%0A%0A%0A%0AMet%20vriendelijke%20groet%2C%0A%0A%5BUw%20naam%5D\">\n\t\t\t\t\t\t<span class=\"elementor-button-content-wrapper\">\n\t\t\t\t\t\t\t\t\t<span class=\"elementor-button-text\">Signalement des d\u00e9g\u00e2ts<\/span>\n\t\t\t\t\t<\/span>\n\t\t\t\t\t<\/a>\n\t\t\t\t\t\t\t\t<\/div>\n\t\t\t\t\t<\/div>\n\t\t\t\t<\/div>\n\t\t\t\t<\/div>\n\t\t<div class=\"elementor-element elementor-element-9edcbfd e-flex e-con-boxed e-con e-parent\" data-id=\"9edcbfd\" data-element_type=\"container\" data-e-type=\"container\" data-settings=\"{&quot;background_background&quot;:&quot;classic&quot;}\">\n\t\t\t\t\t<div class=\"e-con-inner\">\n\t\t\t\t<div class=\"elementor-element elementor-element-f36b04a elementor-widget elementor-widget-n-accordion\" data-id=\"f36b04a\" data-element_type=\"widget\" data-e-type=\"widget\" data-settings=\"{&quot;n_accordion_animation_duration&quot;:{&quot;unit&quot;:&quot;ms&quot;,&quot;size&quot;:250,&quot;sizes&quot;:[]},&quot;default_state&quot;:&quot;expanded&quot;,&quot;max_items_expended&quot;:&quot;one&quot;}\" data-widget_type=\"nested-accordion.default\">\n\t\t\t\t\t\t\t<div class=\"e-n-accordion\" aria-label=\"Accord\u00e9on. Ouvrez les liens avec Enter ou Space, fermez-les avec Escape et naviguez avec les touches fl\u00e9ch\u00e9es.\">\n\t\t\t\t\t\t<details id=\"e-n-accordion-item-2550\" class=\"e-n-accordion-item\" open>\n\t\t\t\t<summary class=\"e-n-accordion-item-title\" data-accordion-index=\"1\" tabindex=\"0\" aria-expanded=\"true\" aria-controls=\"e-n-accordion-item-2550\" >\n\t\t\t\t\t<span class='e-n-accordion-item-title-header'><div class=\"e-n-accordion-item-title-text\"> Mijn woning heeft brandschade. Wat moet ik eerst doen? <\/div><\/span>\n\t\t\t\t\t\t\t\t\t<\/summary>\n\t\t\t\t<div role=\"region\" aria-labelledby=\"e-n-accordion-item-2550\" class=\"elementor-element elementor-element-f2fe5fe e-con-full e-flex e-con e-child\" data-id=\"f2fe5fe\" data-element_type=\"container\" data-e-type=\"container\">\n\t\t\t\t<div class=\"elementor-element elementor-element-9a8e91e elementor-widget elementor-widget-text-editor\" data-id=\"9a8e91e\" data-element_type=\"widget\" data-e-type=\"widget\" data-widget_type=\"text-editor.default\">\n\t\t\t\t\t\t\t\t\t<p>Bel altijd eerst het noodnummer 112 als er gevaar is. Sluit gas en elektriciteit af en verlaat veilig de woning. Bewaar het verslag van de brandweer en maak foto\u2019s zodra dat veilig kan.<\/p>\t\t\t\t\t\t\t\t<\/div>\n\t\t\t\t<\/div>\n\t\t\t\t\t<\/details>\n\t\t\t\t\t\t<details id=\"e-n-accordion-item-2551\" class=\"e-n-accordion-item\" >\n\t\t\t\t<summary class=\"e-n-accordion-item-title\" data-accordion-index=\"2\" tabindex=\"-1\" aria-expanded=\"false\" aria-controls=\"e-n-accordion-item-2551\" >\n\t\t\t\t\t<span class='e-n-accordion-item-title-header'><div class=\"e-n-accordion-item-title-text\"> Is schade door brand of rook verzekerd? <\/div><\/span>\n\t\t\t\t\t\t\t\t\t<\/summary>\n\t\t\t\t<div role=\"region\" aria-labelledby=\"e-n-accordion-item-2551\" class=\"elementor-element elementor-element-e07489c e-con-full e-flex e-con e-child\" data-id=\"e07489c\" data-element_type=\"container\" data-e-type=\"container\">\n\t\t\t\t<div class=\"elementor-element elementor-element-9087b46 elementor-widget elementor-widget-text-editor\" data-id=\"9087b46\" data-element_type=\"widget\" data-e-type=\"widget\" data-widget_type=\"text-editor.default\">\n\t\t\t\t\t\t\t\t\t<p>Ja, directe schade door brand, rook of explosie is verzekerd binnen uw polis. Zurich beoordeelt het dossier aan de hand van uw foto\u2019s, verklaringen en eventueel het brandweerverslag.<br \/><!-- notionvc: 7d3885c2-50db-423a-9261-1c9dab63e4c5 --><\/p>\t\t\t\t\t\t\t\t<\/div>\n\t\t\t\t<\/div>\n\t\t\t\t\t<\/details>\n\t\t\t\t\t\t<details id=\"e-n-accordion-item-2552\" class=\"e-n-accordion-item\" >\n\t\t\t\t<summary class=\"e-n-accordion-item-title\" data-accordion-index=\"3\" tabindex=\"-1\" aria-expanded=\"false\" aria-controls=\"e-n-accordion-item-2552\" >\n\t\t\t\t\t<span class='e-n-accordion-item-title-header'><div class=\"e-n-accordion-item-title-text\"> Wat als de brand is ontstaan bij de buren of buiten mijn woning? <\/div><\/span>\n\t\t\t\t\t\t\t\t\t<\/summary>\n\t\t\t\t<div role=\"region\" aria-labelledby=\"e-n-accordion-item-2552\" class=\"elementor-element elementor-element-5a06809 e-con-full e-flex e-con e-child\" data-id=\"5a06809\" data-element_type=\"container\" data-e-type=\"container\">\n\t\t\t\t<div class=\"elementor-element elementor-element-f66bc87 elementor-widget elementor-widget-text-editor\" data-id=\"f66bc87\" data-element_type=\"widget\" data-e-type=\"widget\" data-widget_type=\"text-editor.default\">\n\t\t\t\t\t\t\t\t\t<p>Ook dan kan uw eigen schade gedekt zijn. Bezorg ons de details van het incident zodat Zurich kan bepalen of de dekking via uw polis of via de veroorzaker loopt.<br \/><!-- notionvc: aa1db1af-55db-45f0-a3fe-d8e5a4914454 --><\/p>\t\t\t\t\t\t\t\t<\/div>\n\t\t\t\t<\/div>\n\t\t\t\t\t<\/details>\n\t\t\t\t\t\t<details id=\"e-n-accordion-item-2553\" class=\"e-n-accordion-item\" >\n\t\t\t\t<summary class=\"e-n-accordion-item-title\" data-accordion-index=\"4\" tabindex=\"-1\" aria-expanded=\"false\" aria-controls=\"e-n-accordion-item-2553\" >\n\t\t\t\t\t<span class='e-n-accordion-item-title-header'><div class=\"e-n-accordion-item-title-text\"> Wat moet ik doen met beschadigde spullen na een brand? <\/div><\/span>\n\t\t\t\t\t\t\t\t\t<\/summary>\n\t\t\t\t<div role=\"region\" aria-labelledby=\"e-n-accordion-item-2553\" class=\"elementor-element elementor-element-a58c28e e-con-full e-flex e-con e-child\" data-id=\"a58c28e\" data-element_type=\"container\" data-e-type=\"container\">\n\t\t\t\t<div class=\"elementor-element elementor-element-dcc462a elementor-widget elementor-widget-text-editor\" data-id=\"dcc462a\" data-element_type=\"widget\" data-e-type=\"widget\" data-widget_type=\"text-editor.default\">\n\t\t\t\t\t\t\t\t\t<p>Gooi niets weg voordat de expert is langs geweest. Maak duidelijke foto\u2019s van alle schade en bewaar beschadigde voorwerpen zoveel mogelijk voor inspectie.<br \/><!-- notionvc: aa1db1af-55db-45f0-a3fe-d8e5a4914454 --><\/p>\t\t\t\t\t\t\t\t<\/div>\n\t\t\t\t<\/div>\n\t\t\t\t\t<\/details>\n\t\t\t\t\t\t<details id=\"e-n-accordion-item-2554\" class=\"e-n-accordion-item\" >\n\t\t\t\t<summary class=\"e-n-accordion-item-title\" data-accordion-index=\"5\" tabindex=\"-1\" aria-expanded=\"false\" aria-controls=\"e-n-accordion-item-2554\" >\n\t\t\t\t\t<span class='e-n-accordion-item-title-header'><div class=\"e-n-accordion-item-title-text\"> Moet ik wachten op een expert vooraleer te herstellen of schoon te maken? <\/div><\/span>\n\t\t\t\t\t\t\t\t\t<\/summary>\n\t\t\t\t<div role=\"region\" aria-labelledby=\"e-n-accordion-item-2554\" class=\"elementor-element elementor-element-fec18a2 e-con-full e-flex e-con e-child\" data-id=\"fec18a2\" data-element_type=\"container\" data-e-type=\"container\">\n\t\t\t\t<div class=\"elementor-element elementor-element-6a10cdc elementor-widget elementor-widget-text-editor\" data-id=\"6a10cdc\" data-element_type=\"widget\" data-e-type=\"widget\" data-widget_type=\"text-editor.default\">\n\t\t\t\t\t\t\t\t\t<p>Bij grote schade wacht u best op de expert. Voor kleine opruiming of noodherstel mag u wel starten, zolang u goede foto\u2019s maakt van de situatie v\u00f3\u00f3r de werken.<br \/><!-- notionvc: aa1db1af-55db-45f0-a3fe-d8e5a4914454 --><\/p>\t\t\t\t\t\t\t\t<\/div>\n\t\t\t\t<\/div>\n\t\t\t\t\t<\/details>\n\t\t\t\t\t\t<details id=\"e-n-accordion-item-2555\" class=\"e-n-accordion-item\" >\n\t\t\t\t<summary class=\"e-n-accordion-item-title\" data-accordion-index=\"6\" tabindex=\"-1\" aria-expanded=\"false\" aria-controls=\"e-n-accordion-item-2555\" >\n\t\t\t\t\t<span class='e-n-accordion-item-title-header'><div class=\"e-n-accordion-item-title-text\"> Wat als de schade opzettelijk werd veroorzaakt door iemand anders? <\/div><\/span>\n\t\t\t\t\t\t\t\t\t<\/summary>\n\t\t\t\t<div role=\"region\" aria-labelledby=\"e-n-accordion-item-2555\" class=\"elementor-element elementor-element-3270da4 e-con-full e-flex e-con e-child\" data-id=\"3270da4\" data-element_type=\"container\" data-e-type=\"container\">\n\t\t\t\t<div class=\"elementor-element elementor-element-9e636a1 elementor-widget elementor-widget-text-editor\" data-id=\"9e636a1\" data-element_type=\"widget\" data-e-type=\"widget\" data-widget_type=\"text-editor.default\">\n\t\t\t\t\t\t\t\t\t<p>Doe altijd aangifte bij politie of guardia civil en bezorg ons het proces-verbaal. Zurich heeft dat nodig om de schade verder te behandelen.<br \/><!-- notionvc: aa1db1af-55db-45f0-a3fe-d8e5a4914454 --><\/p>\t\t\t\t\t\t\t\t<\/div>\n\t\t\t\t<\/div>\n\t\t\t\t\t<\/details>\n\t\t\t\t\t\t<details id=\"e-n-accordion-item-2556\" class=\"e-n-accordion-item\" >\n\t\t\t\t<summary class=\"e-n-accordion-item-title\" data-accordion-index=\"7\" tabindex=\"-1\" aria-expanded=\"false\" aria-controls=\"e-n-accordion-item-2556\" >\n\t\t\t\t\t<span class='e-n-accordion-item-title-header'><div class=\"e-n-accordion-item-title-text\"> Wat moet er op de facturen staan voor een correcte vergoeding? <\/div><\/span>\n\t\t\t\t\t\t\t\t\t<\/summary>\n\t\t\t\t<div role=\"region\" aria-labelledby=\"e-n-accordion-item-2556\" class=\"elementor-element elementor-element-124bb56 e-con-full e-flex e-con e-child\" data-id=\"124bb56\" data-element_type=\"container\" data-e-type=\"container\">\n\t\t\t\t<div class=\"elementor-element elementor-element-0cb49af elementor-widget elementor-widget-text-editor\" data-id=\"0cb49af\" data-element_type=\"widget\" data-e-type=\"widget\" data-widget_type=\"text-editor.default\">\n\t\t\t\t\t\t\t\t\t<p>De naam van de polishouder, het juiste en complete schadeadres, btw-nummer, factuurnummer en een duidelijke omschrijving van de werken. Alleen offici\u00eble, niet-aanpasbare facturen worden aanvaard.<br \/><!-- notionvc: aa1db1af-55db-45f0-a3fe-d8e5a4914454 --><\/p>\t\t\t\t\t\t\t\t<\/div>\n\t\t\t\t<\/div>\n\t\t\t\t\t<\/details>\n\t\t\t\t\t\t<details id=\"e-n-accordion-item-2557\" class=\"e-n-accordion-item\" >\n\t\t\t\t<summary class=\"e-n-accordion-item-title\" data-accordion-index=\"8\" tabindex=\"-1\" aria-expanded=\"false\" aria-controls=\"e-n-accordion-item-2557\" >\n\t\t\t\t\t<span class='e-n-accordion-item-title-header'><div class=\"e-n-accordion-item-title-text\"> Wat als ik rook- of roetschade heb zonder echte brand? <\/div><\/span>\n\t\t\t\t\t\t\t\t\t<\/summary>\n\t\t\t\t<div role=\"region\" aria-labelledby=\"e-n-accordion-item-2557\" class=\"elementor-element elementor-element-0e20c52 e-con-full e-flex e-con e-child\" data-id=\"0e20c52\" data-element_type=\"container\" data-e-type=\"container\">\n\t\t\t\t<div class=\"elementor-element elementor-element-bb5fe7b elementor-widget elementor-widget-text-editor\" data-id=\"bb5fe7b\" data-element_type=\"widget\" data-e-type=\"widget\" data-widget_type=\"text-editor.default\">\n\t\t\t\t\t\t\t\t\t<p>Ook dat kan verzekerd zijn. Rook- en roetaanslag vallen onder dezelfde dekking als brand. Bezorg ons foto\u2019s en beschrijving van wat precies is aangetast.<br \/><!-- notionvc: aa1db1af-55db-45f0-a3fe-d8e5a4914454 --><\/p>\t\t\t\t\t\t\t\t<\/div>\n\t\t\t\t<\/div>\n\t\t\t\t\t<\/details>\n\t\t\t\t\t\t<details id=\"e-n-accordion-item-2558\" class=\"e-n-accordion-item\" >\n\t\t\t\t<summary class=\"e-n-accordion-item-title\" data-accordion-index=\"9\" tabindex=\"-1\" aria-expanded=\"false\" aria-controls=\"e-n-accordion-item-2558\" >\n\t\t\t\t\t<span class='e-n-accordion-item-title-header'><div class=\"e-n-accordion-item-title-text\"> Comment GrupoXandra m'aide-t-il au cours de ce processus ? <\/div><\/span>\n\t\t\t\t\t\t\t\t\t<\/summary>\n\t\t\t\t<div role=\"region\" aria-labelledby=\"e-n-accordion-item-2558\" class=\"elementor-element elementor-element-689179e e-con-full e-flex e-con e-child\" data-id=\"689179e\" data-element_type=\"container\" data-e-type=\"container\">\n\t\t\t\t<div class=\"elementor-element elementor-element-972e33c elementor-widget elementor-widget-text-editor\" data-id=\"972e33c\" data-element_type=\"widget\" data-e-type=\"widget\" data-widget_type=\"text-editor.default\">\n\t\t\t\t\t\t\t\t\t<p>Nous ouvrons et suivons votre dossier du d\u00e9but \u00e0 la fin, recueillons toutes les informations pour Zurich et prenons contact avec vous en cas de retard. Un point de contact unique dans votre langue jusqu'\u00e0 ce que tout soit r\u00e9gl\u00e9.<br \/><!-- notionvc: aa1db1af-55db-45f0-a3fe-d8e5a4914454 --><\/p>\t\t\t\t\t\t\t\t<\/div>\n\t\t\t\t<\/div>\n\t\t\t\t\t<\/details>\n\t\t\t\t\t<\/div>\n\t\t\t\t\t\t<\/div>\n\t\t\t\t\t<\/div>\n\t\t\t\t<\/div>\n\t\t<div class=\"elementor-element elementor-element-6c6e940 e-con-full e-flex e-con e-parent\" data-id=\"6c6e940\" data-element_type=\"container\" data-e-type=\"container\" data-settings=\"{&quot;background_background&quot;:&quot;classic&quot;}\">\n\t\t\t\t<div class=\"elementor-element elementor-element-ba9798a white-filter elementor-widget elementor-widget-image\" data-id=\"ba9798a\" data-element_type=\"widget\" data-e-type=\"widget\" data-widget_type=\"image.default\">\n\t\t\t\t\t\t\t\t\t\t\t\t\t\t\t<img fetchpriority=\"high\" decoding=\"async\" width=\"800\" height=\"189\" src=\"https:\/\/grupoxandra.eu\/wp-content\/uploads\/2025\/11\/Zurich_Insurance_Group_Logo_Horizontal.svg_-1024x242.png\" class=\"attachment-large size-large wp-image-3907\" alt=\"\" srcset=\"https:\/\/grupoxandra.eu\/wp-content\/uploads\/2025\/11\/Zurich_Insurance_Group_Logo_Horizontal.svg_-1024x242.png 1024w, https:\/\/grupoxandra.eu\/wp-content\/uploads\/2025\/11\/Zurich_Insurance_Group_Logo_Horizontal.svg_-300x71.png 300w, https:\/\/grupoxandra.eu\/wp-content\/uploads\/2025\/11\/Zurich_Insurance_Group_Logo_Horizontal.svg_-768x182.png 768w, https:\/\/grupoxandra.eu\/wp-content\/uploads\/2025\/11\/Zurich_Insurance_Group_Logo_Horizontal.svg_-1536x363.png 1536w, https:\/\/grupoxandra.eu\/wp-content\/uploads\/2025\/11\/Zurich_Insurance_Group_Logo_Horizontal.svg_-2048x484.png 2048w, https:\/\/grupoxandra.eu\/wp-content\/uploads\/2025\/11\/Zurich_Insurance_Group_Logo_Horizontal.svg_-600x142.png 600w\" sizes=\"(max-width: 800px) 100vw, 800px\" \/>\t\t\t\t\t\t\t\t\t\t\t\t\t\t\t<\/div>\n\t\t<div class=\"elementor-element elementor-element-923eee8 e-flex e-con-boxed e-con e-child\" data-id=\"923eee8\" data-element_type=\"container\" data-e-type=\"container\">\n\t\t\t\t\t<div class=\"e-con-inner\">\n\t\t\t\t<div class=\"elementor-element elementor-element-80b2115 elementor-widget elementor-widget-heading\" data-id=\"80b2115\" data-element_type=\"widget\" data-e-type=\"widget\" data-widget_type=\"heading.default\">\n\t\t\t\t\t<h2 class=\"elementor-heading-title elementor-size-default\">Vous avez subi des dommages ? Nous nous en chargeons pour vous.<\/h2>\t\t\t\t<\/div>\n\t\t\t\t<div class=\"elementor-element elementor-element-9e7fa11 elementor-widget__width-initial elementor-widget elementor-widget-text-editor\" data-id=\"9e7fa11\" data-element_type=\"widget\" data-e-type=\"widget\" data-widget_type=\"text-editor.default\">\n\t\t\t\t\t\t\t\t\t<p class=\"_28USrA AfeL7g XN6uKA _4N4NA\"><span class=\"a_GcMg\">Une demande d'indemnisation est d\u00e9j\u00e0 assez ennuyeuse, surtout si vous vous trouvez dans un autre pays et que vous n'avez pas la possibilit\u00e9 d'y acc\u00e9der. <\/span><span class=\"a_GcMg\">tout se d\u00e9roule dans votre langue. C'est pourquoi nous veillons \u00e0 ce que vos dommages <\/span><span class=\"a_GcMg\">Les questions sont trait\u00e9es de mani\u00e8re correcte, claire et aussi harmonieuse que possible.<\/span><\/p>\t\t\t\t\t\t\t\t<\/div>\n\t\t\t\t<div class=\"elementor-element elementor-element-cc02eda elementor-align-justify elementor-widget__width-initial elementor-widget elementor-widget-button\" data-id=\"cc02eda\" data-element_type=\"widget\" data-e-type=\"widget\" data-widget_type=\"button.default\">\n\t\t\t\t\t\t\t\t\t\t<a class=\"elementor-button elementor-button-link elementor-size-sm\" href=\"mailto:siniestros@grupoxandra.eu?subject=Schademelding%20%7C%20%5Bpolisnummer%5D&#038;body=Beste%20GrupoXandra%2C%0A%0AIk%20wil%20graag%20een%20schade%20melden.%0A%0AGegevens%3A%0A%0ANaam%3A%0A%0APolisnummer%3A%0A%0ATelefoonnummer%3A%0A%0A%0A%0ASchadegegevens%3A%0A%0ADatum%20van%20het%20schadegeval%3A%0A%0APlaats%20van%20het%20schadegeval%3A%0A%0AKorte%20beschrijving%20van%20wat%20er%20is%20gebeurd%3A%0A%0A%0A%0ABijlagen%3A%0A%0AIk%20voeg%20indien%20mogelijk%20foto%E2%80%99s%20en%2Fof%20documenten%20toe.%0A%0A%0A%0AMet%20vriendelijke%20groet%2C%0A%0A%5BUw%20naam%5D\">\n\t\t\t\t\t\t<span class=\"elementor-button-content-wrapper\">\n\t\t\t\t\t\t\t\t\t<span class=\"elementor-button-text\">Signalement des d\u00e9g\u00e2ts<\/span>\n\t\t\t\t\t<\/span>\n\t\t\t\t\t<\/a>\n\t\t\t\t\t\t\t\t<\/div>\n\t\t\t\t\t<\/div>\n\t\t\t\t<\/div>\n\t\t\t\t<\/div>\n\t\t\t\t<\/div>","protected":false},"excerpt":{"rendered":"<p>Brand, rook en explosie Heeft u vragen? Wij geven u graag duidelijke antwoorden Schade melden Mijn woning heeft brandschade. Wat moet ik eerst doen? Bel altijd eerst het noodnummer 112 als er gevaar is. Sluit gas en elektriciteit af en verlaat veilig de woning. Bewaar het verslag van de brandweer en maak foto\u2019s zodra dat [&hellip;]<\/p>\n","protected":false},"author":1,"featured_media":0,"parent":0,"menu_order":0,"comment_status":"closed","ping_status":"closed","template":"","meta":{"footnotes":""},"class_list":["post-4626","page","type-page","status-publish","hentry"],"_links":{"self":[{"href":"https:\/\/grupoxandra.eu\/fr\/wp-json\/wp\/v2\/pages\/4626","targetHints":{"allow":["GET"]}}],"collection":[{"href":"https:\/\/grupoxandra.eu\/fr\/wp-json\/wp\/v2\/pages"}],"about":[{"href":"https:\/\/grupoxandra.eu\/fr\/wp-json\/wp\/v2\/types\/page"}],"author":[{"embeddable":true,"href":"https:\/\/grupoxandra.eu\/fr\/wp-json\/wp\/v2\/users\/1"}],"replies":[{"embeddable":true,"href":"https:\/\/grupoxandra.eu\/fr\/wp-json\/wp\/v2\/comments?post=4626"}],"version-history":[{"count":37,"href":"https:\/\/grupoxandra.eu\/fr\/wp-json\/wp\/v2\/pages\/4626\/revisions"}],"predecessor-version":[{"id":6499,"href":"https:\/\/grupoxandra.eu\/fr\/wp-json\/wp\/v2\/pages\/4626\/revisions\/6499"}],"wp:attachment":[{"href":"https:\/\/grupoxandra.eu\/fr\/wp-json\/wp\/v2\/media?parent=4626"}],"curies":[{"name":"wp","href":"https:\/\/api.w.org\/{rel}","templated":true}]}}