{"id":4221,"date":"2025-12-24T07:48:51","date_gmt":"2025-12-24T07:48:51","guid":{"rendered":"https:\/\/grupoxandra.eu\/?page_id=4221"},"modified":"2026-02-13T20:02:08","modified_gmt":"2026-02-13T20:02:08","slug":"basis-bescherming","status":"publish","type":"page","link":"https:\/\/grupoxandra.eu\/fr\/basis-bescherming\/","title":{"rendered":"Protection de base"},"content":{"rendered":"<div data-elementor-type=\"wp-page\" data-elementor-id=\"4221\" class=\"elementor elementor-4221\" data-elementor-post-type=\"page\">\n\t\t\t\t<div class=\"elementor-element elementor-element-d64681f e-con-full e-flex e-con e-parent\" data-id=\"d64681f\" data-element_type=\"container\" data-e-type=\"container\" data-settings=\"{&quot;background_background&quot;:&quot;classic&quot;}\">\n\t\t\t\t<div class=\"elementor-element elementor-element-958a47d white-filter elementor-widget elementor-widget-image\" data-id=\"958a47d\" data-element_type=\"widget\" data-e-type=\"widget\" data-widget_type=\"image.default\">\n\t\t\t\t\t\t\t\t\t\t\t\t\t\t\t<img fetchpriority=\"high\" decoding=\"async\" width=\"600\" height=\"600\" src=\"https:\/\/grupoxandra.eu\/wp-content\/uploads\/2025\/11\/ARAG_Logo_neu-no-bg.webp\" class=\"attachment-large size-large wp-image-3916\" alt=\"\" srcset=\"https:\/\/grupoxandra.eu\/wp-content\/uploads\/2025\/11\/ARAG_Logo_neu-no-bg.webp 600w, https:\/\/grupoxandra.eu\/wp-content\/uploads\/2025\/11\/ARAG_Logo_neu-no-bg-300x300.webp 300w, https:\/\/grupoxandra.eu\/wp-content\/uploads\/2025\/11\/ARAG_Logo_neu-no-bg-150x150.webp 150w, https:\/\/grupoxandra.eu\/wp-content\/uploads\/2025\/11\/ARAG_Logo_neu-no-bg-100x100.webp 100w\" sizes=\"(max-width: 600px) 100vw, 600px\" \/>\t\t\t\t\t\t\t\t\t\t\t\t\t\t\t<\/div>\n\t\t<div class=\"elementor-element elementor-element-aee40ed e-flex e-con-boxed e-con e-child\" data-id=\"aee40ed\" data-element_type=\"container\" data-e-type=\"container\">\n\t\t\t\t\t<div class=\"e-con-inner\">\n\t\t\t\t<div class=\"elementor-element elementor-element-d498456 elementor-widget elementor-widget-heading\" data-id=\"d498456\" data-element_type=\"widget\" data-e-type=\"widget\" data-widget_type=\"heading.default\">\n\t\t\t\t\t<h2 class=\"elementor-heading-title elementor-size-default\">Protection de base<\/h2>\t\t\t\t<\/div>\n\t\t\t\t<div class=\"elementor-element elementor-element-499cbd7 elementor-widget elementor-widget-text-editor\" data-id=\"499cbd7\" data-element_type=\"widget\" data-e-type=\"widget\" data-widget_type=\"text-editor.default\">\n\t\t\t\t\t\t\t\t\t<p>Assurance protection juridique pour les locations en Espagne.<\/p>\t\t\t\t\t\t\t\t<\/div>\n\t\t\t\t<div class=\"elementor-element elementor-element-aed8c7a elementor-align-justify elementor-widget__width-initial elementor-widget-mobile__width-inherit elementor-widget elementor-widget-button\" data-id=\"aed8c7a\" data-element_type=\"widget\" data-e-type=\"widget\" data-widget_type=\"button.default\">\n\t\t\t\t\t\t\t\t\t\t<a class=\"elementor-button elementor-button-link elementor-size-sm\" href=\"https:\/\/forms.office.com\/pages\/responsepage.aspx?id=lPxZnv3N8kWv9ICVim2EgEYY2l0YiqJJmOndgoAkhudUNTZRWVc0UzFROTZFSjg1UUc2V0cxMkVVSSQlQCN0PWcu&#038;route=shorturl\" target=\"_blank\" rel=\"noopener\">\n\t\t\t\t\t\t<span class=\"elementor-button-content-wrapper\">\n\t\t\t\t\t\t\t\t\t<span class=\"elementor-button-text\">DEMANDEZ VOTRE DEVIS MAINTENANT<\/span>\n\t\t\t\t\t<\/span>\n\t\t\t\t\t<\/a>\n\t\t\t\t\t\t\t\t<\/div>\n\t\t\t\t\t<\/div>\n\t\t\t\t<\/div>\n\t\t\t\t<\/div>\n\t\t<div class=\"elementor-element elementor-element-2ba32a8 e-con-full e-flex e-con e-parent\" data-id=\"2ba32a8\" data-element_type=\"container\" data-e-type=\"container\">\n\t\t\t\t<div class=\"elementor-element elementor-element-8ca856f elementor-widget elementor-widget-text-editor\" data-id=\"8ca856f\" data-element_type=\"widget\" data-e-type=\"widget\" data-widget_type=\"text-editor.default\">\n\t\t\t\t\t\t\t\t\t<p>La location d'une propri\u00e9t\u00e9 ou d'un local en Espagne est une grande opportunit\u00e9, mais parfois aussi une source d'inqui\u00e9tude : des locataires qui ne paient pas, qui causent des d\u00e9g\u00e2ts ou des conflits juridiques que vous ne souhaitiez pas. Avec notre <span class=\"notion-enable-hover\" data-token-index=\"1\">assurance de protection juridique en mati\u00e8re de location<\/span> vous n'\u00eates jamais seul. Vous b\u00e9n\u00e9ficierez du soutien de sp\u00e9cialistes exp\u00e9riment\u00e9s qui d\u00e9fendront vos int\u00e9r\u00eats et prendront en charge les co\u00fbts les plus importants, afin que vous puissiez louer en toute s\u00e9r\u00e9nit\u00e9.<!-- notionvc: 7e0f4113-2214-455e-88a5-65dcbd3c66fd --><\/p>\t\t\t\t\t\t\t\t<\/div>\n\t\t\t\t<\/div>\n\t\t<div class=\"elementor-element elementor-element-c6cff61 e-con-full e-flex e-con e-parent\" data-id=\"c6cff61\" data-element_type=\"container\" data-e-type=\"container\" data-settings=\"{&quot;background_background&quot;:&quot;classic&quot;}\">\n\t\t<div class=\"elementor-element elementor-element-9462896 e-con-full e-flex e-con e-child\" data-id=\"9462896\" data-element_type=\"container\" data-e-type=\"container\" data-settings=\"{&quot;background_background&quot;:&quot;classic&quot;}\">\n\t\t<div class=\"elementor-element elementor-element-42725ae e-con-full e-flex e-con e-child\" data-id=\"42725ae\" data-element_type=\"container\" data-e-type=\"container\" data-settings=\"{&quot;background_background&quot;:&quot;classic&quot;}\">\n\t\t\t\t<div class=\"elementor-element elementor-element-c2fa09d elementor-widget-widescreen__width-initial elementor-widget-tablet__width-initial elementor-widget-mobile__width-initial elementor-widget__width-initial elementor-widget elementor-widget-image\" data-id=\"c2fa09d\" data-element_type=\"widget\" data-e-type=\"widget\" data-widget_type=\"image.default\">\n\t\t\t\t\t\t\t\t\t\t\t\t\t\t\t<img decoding=\"async\" width=\"800\" height=\"800\" src=\"https:\/\/grupoxandra.eu\/wp-content\/uploads\/2026\/02\/target.png\" class=\"attachment-full size-full wp-image-6291\" alt=\"\" srcset=\"https:\/\/grupoxandra.eu\/wp-content\/uploads\/2026\/02\/target.png 800w, https:\/\/grupoxandra.eu\/wp-content\/uploads\/2026\/02\/target-300x300.png 300w, https:\/\/grupoxandra.eu\/wp-content\/uploads\/2026\/02\/target-150x150.png 150w, https:\/\/grupoxandra.eu\/wp-content\/uploads\/2026\/02\/target-768x768.png 768w\" sizes=\"(max-width: 800px) 100vw, 800px\" \/>\t\t\t\t\t\t\t\t\t\t\t\t\t\t\t<\/div>\n\t\t\t\t<\/div>\n\t\t<div class=\"elementor-element elementor-element-f1fd352 e-con-full e-flex e-con e-child\" data-id=\"f1fd352\" data-element_type=\"container\" data-e-type=\"container\">\n\t\t\t\t<div class=\"elementor-element elementor-element-5370663 elementor-widget elementor-widget-heading\" data-id=\"5370663\" data-element_type=\"widget\" data-e-type=\"widget\" data-widget_type=\"heading.default\">\n\t\t\t\t\t<h2 class=\"elementor-heading-title elementor-size-default\">\u00c0 qui s'adresse cette assurance ?<\/h2>\t\t\t\t<\/div>\n\t\t\t\t<div class=\"elementor-element elementor-element-9a1786d elementor-widget elementor-widget-text-editor\" data-id=\"9a1786d\" data-element_type=\"widget\" data-e-type=\"widget\" data-widget_type=\"text-editor.default\">\n\t\t\t\t\t\t\t\t\t<p>Id\u00e9al si vous louez un bien que le locataire utilise comme r\u00e9sidence principale ou un local\/commercial. Il ne s'agit pas d'une police pour les \u201clocations de vacances\u201d ou les contrats saisonniers.<\/p>\t\t\t\t\t\t\t\t<\/div>\n\t\t\t\t<\/div>\n\t\t\t\t<\/div>\n\t\t<div class=\"elementor-element elementor-element-26fd9c3 e-con-full e-flex e-con e-child\" data-id=\"26fd9c3\" data-element_type=\"container\" data-e-type=\"container\" data-settings=\"{&quot;background_background&quot;:&quot;classic&quot;}\">\n\t\t<div class=\"elementor-element elementor-element-271d12e e-con-full e-flex e-con e-child\" data-id=\"271d12e\" data-element_type=\"container\" data-e-type=\"container\" data-settings=\"{&quot;background_background&quot;:&quot;classic&quot;}\">\n\t\t\t\t<div class=\"elementor-element elementor-element-5eaed4b elementor-widget-widescreen__width-initial elementor-widget-tablet__width-initial elementor-widget-mobile__width-initial elementor-widget__width-initial elementor-widget elementor-widget-image\" data-id=\"5eaed4b\" data-element_type=\"widget\" data-e-type=\"widget\" data-widget_type=\"image.default\">\n\t\t\t\t\t\t\t\t\t\t\t\t\t\t\t<img decoding=\"async\" width=\"667\" height=\"800\" src=\"https:\/\/grupoxandra.eu\/wp-content\/uploads\/2026\/02\/shieldtick.canva_.png\" class=\"attachment-full size-full wp-image-6379\" alt=\"\" srcset=\"https:\/\/grupoxandra.eu\/wp-content\/uploads\/2026\/02\/shieldtick.canva_.png 667w, https:\/\/grupoxandra.eu\/wp-content\/uploads\/2026\/02\/shieldtick.canva_-250x300.png 250w\" sizes=\"(max-width: 667px) 100vw, 667px\" \/>\t\t\t\t\t\t\t\t\t\t\t\t\t\t\t<\/div>\n\t\t\t\t<\/div>\n\t\t<div class=\"elementor-element elementor-element-46cc8b5 e-con-full e-flex e-con e-child\" data-id=\"46cc8b5\" data-element_type=\"container\" data-e-type=\"container\">\n\t\t\t\t<div class=\"elementor-element elementor-element-d734b7d elementor-widget elementor-widget-heading\" data-id=\"d734b7d\" data-element_type=\"widget\" data-e-type=\"widget\" data-widget_type=\"heading.default\">\n\t\t\t\t\t<h2 class=\"elementor-heading-title elementor-size-default\">De quoi \u00eates-vous prot\u00e9g\u00e9 ?<\/h2>\t\t\t\t<\/div>\n\t\t\t\t<div class=\"elementor-element elementor-element-3bb14ea elementor-widget elementor-widget-text-editor\" data-id=\"3bb14ea\" data-element_type=\"widget\" data-e-type=\"widget\" data-widget_type=\"text-editor.default\">\n\t\t\t\t\t\t\t\t\t<p>Cette assurance est sp\u00e9cialement con\u00e7ue pour vous aider \u00e0 faire face aux probl\u00e8mes les plus courants li\u00e9s \u00e0 la location :<\/p><ul><li><strong>Loyers impay\u00e9s<\/strong>: nous nous occupons de l'encaissement, vous n'avez donc pas \u00e0 courir apr\u00e8s votre argent<\/li><li><strong>Vandalisme<\/strong>les dommages caus\u00e9s par le locataire \u00e0 votre habitation ou \u00e0 vos locaux sont \u00e9galement couverts<\/li><li><strong>Conflits juridiques<\/strong> autour du bail : nous veillons \u00e0 vos droits<\/li><li><strong>D\u00e9fense p\u00e9nale et demandes d'indemnisation<\/strong>Protection contre les poursuites judiciaires : protection en cas de poursuites judiciaires injustifi\u00e9es<\/li><li><strong>Assistance juridique par t\u00e9l\u00e9phone<\/strong>: des r\u00e9ponses rapides et expertes \u00e0 vos questions<\/li><\/ul>\t\t\t\t\t\t\t\t<\/div>\n\t\t\t\t<\/div>\n\t\t\t\t<\/div>\n\t\t<div class=\"elementor-element elementor-element-ce83c93 e-con-full e-flex e-con e-child\" data-id=\"ce83c93\" data-element_type=\"container\" data-e-type=\"container\" data-settings=\"{&quot;background_background&quot;:&quot;classic&quot;}\">\n\t\t<div class=\"elementor-element elementor-element-0cb20d0 e-con-full e-flex e-con e-child\" data-id=\"0cb20d0\" data-element_type=\"container\" data-e-type=\"container\" data-settings=\"{&quot;background_background&quot;:&quot;classic&quot;}\">\n\t\t\t\t<div class=\"elementor-element elementor-element-6518662 elementor-widget-widescreen__width-initial elementor-widget-tablet__width-initial elementor-widget-mobile__width-initial elementor-widget__width-initial elementor-widget elementor-widget-image\" data-id=\"6518662\" data-element_type=\"widget\" data-e-type=\"widget\" data-widget_type=\"image.default\">\n\t\t\t\t\t\t\t\t\t\t\t\t\t\t\t<img loading=\"lazy\" decoding=\"async\" width=\"800\" height=\"800\" src=\"https:\/\/grupoxandra.eu\/wp-content\/uploads\/2026\/02\/doc.png\" class=\"attachment-full size-full wp-image-6380\" alt=\"\" srcset=\"https:\/\/grupoxandra.eu\/wp-content\/uploads\/2026\/02\/doc.png 800w, https:\/\/grupoxandra.eu\/wp-content\/uploads\/2026\/02\/doc-300x300.png 300w, https:\/\/grupoxandra.eu\/wp-content\/uploads\/2026\/02\/doc-150x150.png 150w, https:\/\/grupoxandra.eu\/wp-content\/uploads\/2026\/02\/doc-768x768.png 768w\" sizes=\"(max-width: 800px) 100vw, 800px\" \/>\t\t\t\t\t\t\t\t\t\t\t\t\t\t\t<\/div>\n\t\t\t\t<\/div>\n\t\t<div class=\"elementor-element elementor-element-4c91ae1 e-con-full e-flex e-con e-child\" data-id=\"4c91ae1\" data-element_type=\"container\" data-e-type=\"container\">\n\t\t\t\t<div class=\"elementor-element elementor-element-a273d17 elementor-widget elementor-widget-heading\" data-id=\"a273d17\" data-element_type=\"widget\" data-e-type=\"widget\" data-widget_type=\"heading.default\">\n\t\t\t\t\t<h2 class=\"elementor-heading-title elementor-size-default\">Vos avantages<\/h2>\t\t\t\t<\/div>\n\t\t\t\t<div class=\"elementor-element elementor-element-35f295b elementor-widget elementor-widget-text-editor\" data-id=\"35f295b\" data-element_type=\"widget\" data-e-type=\"widget\" data-widget_type=\"text-editor.default\">\n\t\t\t\t\t\t\t\t\t<ul><li>Toujours un soutien juridique en cas de conflit avec les locataires<\/li><li>Prise en charge des frais d'avocats, de notaires, d'experts et de proc\u00e9dure<\/li><li>Aide \u00e9galement pour les d\u00e9marches administratives telles que les contrats d'expulsion ou de r\u00e9int\u00e9gration.<\/li><li>Plus besoin de s'inqui\u00e9ter des factures juridiques impr\u00e9vues<\/li><li>Vous louez sans souci, nous nous occupons de la protection<\/li><\/ul>\t\t\t\t\t\t\t\t<\/div>\n\t\t\t\t<\/div>\n\t\t\t\t<\/div>\n\t\t\t\t<\/div>\n\t\t<div class=\"elementor-element elementor-element-6c6e940 e-con-full e-flex e-con e-parent\" data-id=\"6c6e940\" data-element_type=\"container\" data-e-type=\"container\" data-settings=\"{&quot;background_background&quot;:&quot;classic&quot;}\">\n\t\t\t\t<div class=\"elementor-element elementor-element-4ef673d white-filter elementor-widget elementor-widget-image\" data-id=\"4ef673d\" data-element_type=\"widget\" data-e-type=\"widget\" data-widget_type=\"image.default\">\n\t\t\t\t\t\t\t\t\t\t\t\t\t\t\t<img fetchpriority=\"high\" decoding=\"async\" width=\"600\" height=\"600\" src=\"https:\/\/grupoxandra.eu\/wp-content\/uploads\/2025\/11\/ARAG_Logo_neu-no-bg.webp\" class=\"attachment-large size-large wp-image-3916\" alt=\"\" srcset=\"https:\/\/grupoxandra.eu\/wp-content\/uploads\/2025\/11\/ARAG_Logo_neu-no-bg.webp 600w, https:\/\/grupoxandra.eu\/wp-content\/uploads\/2025\/11\/ARAG_Logo_neu-no-bg-300x300.webp 300w, https:\/\/grupoxandra.eu\/wp-content\/uploads\/2025\/11\/ARAG_Logo_neu-no-bg-150x150.webp 150w, https:\/\/grupoxandra.eu\/wp-content\/uploads\/2025\/11\/ARAG_Logo_neu-no-bg-100x100.webp 100w\" sizes=\"(max-width: 600px) 100vw, 600px\" \/>\t\t\t\t\t\t\t\t\t\t\t\t\t\t\t<\/div>\n\t\t<div class=\"elementor-element elementor-element-923eee8 e-flex e-con-boxed e-con e-child\" data-id=\"923eee8\" data-element_type=\"container\" data-e-type=\"container\">\n\t\t\t\t\t<div class=\"e-con-inner\">\n\t\t\t\t<div class=\"elementor-element elementor-element-80b2115 elementor-widget elementor-widget-heading\" data-id=\"80b2115\" data-element_type=\"widget\" data-e-type=\"widget\" data-widget_type=\"heading.default\">\n\t\t\t\t\t<h2 class=\"elementor-heading-title elementor-size-default\">Louer en toute s\u00e9r\u00e9nit\u00e9<\/h2>\t\t\t\t<\/div>\n\t\t\t\t<div class=\"elementor-element elementor-element-9e7fa11 elementor-widget__width-initial elementor-widget elementor-widget-text-editor\" data-id=\"9e7fa11\" data-element_type=\"widget\" data-e-type=\"widget\" data-widget_type=\"text-editor.default\">\n\t\t\t\t\t\t\t\t\t<p>Avec GrupoXandra \u00e0 vos c\u00f4t\u00e9s, vos locations en Espagne sont prot\u00e9g\u00e9es contre les probl\u00e8mes les plus courants. Vous pouvez donc vous concentrer sur les revenus de votre propri\u00e9t\u00e9 ou de votre localit\u00e9, tandis que nous vous apportons s\u00e9curit\u00e9 et tranquillit\u00e9 d'esprit.<\/p><p>Demandez votre <strong>devis gratuit<\/strong> et d\u00e9couvrez \u00e0 quel point il est facile de louer en b\u00e9n\u00e9ficiant d'une protection ad\u00e9quate.<\/p><p class=\"cvGsUA direction-ltr align-center para-style-body\"><!-- notionvc: 430108ac-712c-4e81-8e84-05fca19f9fc6 --><\/p>\t\t\t\t\t\t\t\t<\/div>\n\t\t\t\t<div class=\"elementor-element elementor-element-cc02eda elementor-align-justify elementor-widget__width-initial elementor-widget-mobile__width-inherit elementor-widget elementor-widget-button\" data-id=\"cc02eda\" data-element_type=\"widget\" data-e-type=\"widget\" data-widget_type=\"button.default\">\n\t\t\t\t\t\t\t\t\t\t<a class=\"elementor-button elementor-button-link elementor-size-sm\" href=\"https:\/\/forms.office.com\/pages\/responsepage.aspx?id=lPxZnv3N8kWv9ICVim2EgEYY2l0YiqJJmOndgoAkhudUNTZRWVc0UzFROTZFSjg1UUc2V0cxMkVVSSQlQCN0PWcu&#038;route=shorturl\" target=\"_blank\" rel=\"noopener\">\n\t\t\t\t\t\t<span class=\"elementor-button-content-wrapper\">\n\t\t\t\t\t\t\t\t\t<span class=\"elementor-button-text\">DEMANDEZ VOTRE DEVIS MAINTENANT<\/span>\n\t\t\t\t\t<\/span>\n\t\t\t\t\t<\/a>\n\t\t\t\t\t\t\t\t<\/div>\n\t\t\t\t\t<\/div>\n\t\t\t\t<\/div>\n\t\t\t\t<\/div>\n\t\t\t\t<\/div>","protected":false},"excerpt":{"rendered":"<p>Basis Bescherming Rechtsbijstandverzekering voor verhuur in Spanje. VRAAG NU UW OFFERTE AAN Een woning of lokaal verhuren in Spanje is een mooie kans, maar soms ook een bron van zorgen: huurders die niet betalen, schade veroorzaken of juridische conflicten waar u niet op zat te wachten. Met onze rechtsbijstandverzekering voor verhuur staat u er nooit [&hellip;]<\/p>\n","protected":false},"author":1,"featured_media":0,"parent":0,"menu_order":0,"comment_status":"closed","ping_status":"closed","template":"","meta":{"footnotes":""},"class_list":["post-4221","page","type-page","status-publish","hentry"],"_links":{"self":[{"href":"https:\/\/grupoxandra.eu\/fr\/wp-json\/wp\/v2\/pages\/4221","targetHints":{"allow":["GET"]}}],"collection":[{"href":"https:\/\/grupoxandra.eu\/fr\/wp-json\/wp\/v2\/pages"}],"about":[{"href":"https:\/\/grupoxandra.eu\/fr\/wp-json\/wp\/v2\/types\/page"}],"author":[{"embeddable":true,"href":"https:\/\/grupoxandra.eu\/fr\/wp-json\/wp\/v2\/users\/1"}],"replies":[{"embeddable":true,"href":"https:\/\/grupoxandra.eu\/fr\/wp-json\/wp\/v2\/comments?post=4221"}],"version-history":[{"count":17,"href":"https:\/\/grupoxandra.eu\/fr\/wp-json\/wp\/v2\/pages\/4221\/revisions"}],"predecessor-version":[{"id":6390,"href":"https:\/\/grupoxandra.eu\/fr\/wp-json\/wp\/v2\/pages\/4221\/revisions\/6390"}],"wp:attachment":[{"href":"https:\/\/grupoxandra.eu\/fr\/wp-json\/wp\/v2\/media?parent=4221"}],"curies":[{"name":"wp","href":"https:\/\/api.w.org\/{rel}","templated":true}]}}