{"id":4220,"date":"2025-12-24T07:42:56","date_gmt":"2025-12-24T07:42:56","guid":{"rendered":"https:\/\/grupoxandra.eu\/?page_id=4220"},"modified":"2026-02-13T19:55:14","modified_gmt":"2026-02-13T19:55:14","slug":"verhuurdersverzekering","status":"publish","type":"page","link":"https:\/\/grupoxandra.eu\/fr\/verhuurdersverzekering\/","title":{"rendered":"assurance du propri\u00e9taire"},"content":{"rendered":"<div data-elementor-type=\"wp-page\" data-elementor-id=\"4220\" class=\"elementor elementor-4220\" data-elementor-post-type=\"page\">\n\t\t\t\t<div class=\"elementor-element elementor-element-d64681f e-con-full e-flex e-con e-parent\" data-id=\"d64681f\" data-element_type=\"container\" data-e-type=\"container\" data-settings=\"{&quot;background_background&quot;:&quot;classic&quot;}\">\n\t\t\t\t<div class=\"elementor-element elementor-element-958a47d white-filter elementor-widget elementor-widget-image\" data-id=\"958a47d\" data-element_type=\"widget\" data-e-type=\"widget\" data-widget_type=\"image.default\">\n\t\t\t\t\t\t\t\t\t\t\t\t\t\t\t<img fetchpriority=\"high\" decoding=\"async\" width=\"800\" height=\"189\" src=\"https:\/\/grupoxandra.eu\/wp-content\/uploads\/2025\/11\/Zurich_Insurance_Group_Logo_Horizontal.svg_-1024x242.png\" class=\"attachment-large size-large wp-image-3907\" alt=\"\" srcset=\"https:\/\/grupoxandra.eu\/wp-content\/uploads\/2025\/11\/Zurich_Insurance_Group_Logo_Horizontal.svg_-1024x242.png 1024w, https:\/\/grupoxandra.eu\/wp-content\/uploads\/2025\/11\/Zurich_Insurance_Group_Logo_Horizontal.svg_-300x71.png 300w, https:\/\/grupoxandra.eu\/wp-content\/uploads\/2025\/11\/Zurich_Insurance_Group_Logo_Horizontal.svg_-768x182.png 768w, https:\/\/grupoxandra.eu\/wp-content\/uploads\/2025\/11\/Zurich_Insurance_Group_Logo_Horizontal.svg_-1536x363.png 1536w, https:\/\/grupoxandra.eu\/wp-content\/uploads\/2025\/11\/Zurich_Insurance_Group_Logo_Horizontal.svg_-2048x484.png 2048w, https:\/\/grupoxandra.eu\/wp-content\/uploads\/2025\/11\/Zurich_Insurance_Group_Logo_Horizontal.svg_-600x142.png 600w\" sizes=\"(max-width: 800px) 100vw, 800px\" \/>\t\t\t\t\t\t\t\t\t\t\t\t\t\t\t<\/div>\n\t\t<div class=\"elementor-element elementor-element-aee40ed e-flex e-con-boxed e-con e-child\" data-id=\"aee40ed\" data-element_type=\"container\" data-e-type=\"container\">\n\t\t\t\t\t<div class=\"e-con-inner\">\n\t\t\t\t<div class=\"elementor-element elementor-element-d498456 elementor-widget elementor-widget-heading\" data-id=\"d498456\" data-element_type=\"widget\" data-e-type=\"widget\" data-widget_type=\"heading.default\">\n\t\t\t\t\t<h1 class=\"elementor-heading-title elementor-size-default\">Votre assurance propri\u00e9taire en Espagne<\/h1>\t\t\t\t<\/div>\n\t\t\t\t<div class=\"elementor-element elementor-element-499cbd7 elementor-widget elementor-widget-text-editor\" data-id=\"499cbd7\" data-element_type=\"widget\" data-e-type=\"widget\" data-widget_type=\"text-editor.default\">\n\t\t\t\t\t\t\t\t\t<p>S\u00e9curit\u00e9 de vos biens et de vos revenus locatifs<\/p>\t\t\t\t\t\t\t\t<\/div>\n\t\t\t\t<div class=\"elementor-element elementor-element-aed8c7a elementor-align-justify elementor-widget__width-initial elementor-widget-mobile__width-inherit elementor-widget elementor-widget-button\" data-id=\"aed8c7a\" data-element_type=\"widget\" data-e-type=\"widget\" data-widget_type=\"button.default\">\n\t\t\t\t\t\t\t\t\t\t<a class=\"elementor-button elementor-button-link elementor-size-sm\" href=\"https:\/\/forms.office.com\/pages\/responsepage.aspx?id=lPxZnv3N8kWv9ICVim2EgEYY2l0YiqJJmOndgoAkhudUNTZRWVc0UzFROTZFSjg1UUc2V0cxMkVVSSQlQCN0PWcu&#038;route=shorturl\" target=\"_blank\" rel=\"noopener\">\n\t\t\t\t\t\t<span class=\"elementor-button-content-wrapper\">\n\t\t\t\t\t\t\t\t\t<span class=\"elementor-button-text\">DEMANDEZ VOTRE DEVIS MAINTENANT<\/span>\n\t\t\t\t\t<\/span>\n\t\t\t\t\t<\/a>\n\t\t\t\t\t\t\t\t<\/div>\n\t\t\t\t\t<\/div>\n\t\t\t\t<\/div>\n\t\t\t\t<\/div>\n\t\t<div class=\"elementor-element elementor-element-2ba32a8 e-con-full e-flex e-con e-parent\" data-id=\"2ba32a8\" data-element_type=\"container\" data-e-type=\"container\">\n\t\t\t\t<div class=\"elementor-element elementor-element-8ca856f elementor-widget elementor-widget-text-editor\" data-id=\"8ca856f\" data-element_type=\"widget\" data-e-type=\"widget\" data-widget_type=\"text-editor.default\">\n\t\t\t\t\t\t\t\t\t<p>En tant que propri\u00e9taire en Espagne, vous souhaitez avant tout avoir l'esprit tranquille : votre bien est un investissement, mais aussi une source de risques potentiels. Que faire en cas d'incendie, de rupture de canalisation ou de d\u00e9g\u00e2ts caus\u00e9s par les locataires ? Avec la <strong>assurance du propri\u00e9taire<\/strong> de GrupoXandra, vous savez que vos biens et vos revenus sont prot\u00e9g\u00e9s.<\/p><p>Nous assistons les expatri\u00e9s qui louent leur propri\u00e9t\u00e9 en Espagne depuis plus de 20 ans, \u00e0 la fois pour des raisons de s\u00e9curit\u00e9 et de sant\u00e9. <strong>location \u00e0 long terme<\/strong> en ce qui concerne <strong>location de vacances<\/strong>. Vous pouvez donc louer en toute tranquillit\u00e9, avec des conditions claires et un service dans votre langue.<\/p><p><!-- notionvc: a6657c0e-9e46-49af-a07b-976e7222391e --><\/p>\t\t\t\t\t\t\t\t<\/div>\n\t\t\t\t<\/div>\n\t\t<div class=\"elementor-element elementor-element-8980330 e-flex e-con-boxed e-con e-parent\" data-id=\"8980330\" data-element_type=\"container\" data-e-type=\"container\" data-settings=\"{&quot;background_background&quot;:&quot;classic&quot;}\">\n\t\t\t\t\t<div class=\"e-con-inner\">\n\t\t<div class=\"elementor-element elementor-element-13a76f2 e-con-full e-flex e-con e-child\" data-id=\"13a76f2\" data-element_type=\"container\" data-e-type=\"container\">\n\t\t<div class=\"elementor-element elementor-element-8157b48 e-con-full e-flex e-con e-child\" data-id=\"8157b48\" data-element_type=\"container\" data-e-type=\"container\">\n\t\t<div class=\"elementor-element elementor-element-9f37742 e-con-full e-flex e-con e-child\" data-id=\"9f37742\" data-element_type=\"container\" data-e-type=\"container\" data-settings=\"{&quot;background_background&quot;:&quot;classic&quot;}\">\n\t\t<div class=\"elementor-element elementor-element-bfa59f4 e-con-full e-flex e-con e-child\" data-id=\"bfa59f4\" data-element_type=\"container\" data-e-type=\"container\">\n\t\t\t\t<div class=\"elementor-element elementor-element-2f3f5a5 elementor-widget elementor-widget-elementskit-heading\" data-id=\"2f3f5a5\" data-element_type=\"widget\" data-e-type=\"widget\" data-widget_type=\"elementskit-heading.default\">\n\t\t\t\t\t<div class=\"ekit-wid-con\" ><div class=\"ekit-heading elementskit-section-title-wraper    ekit_heading_tablet-   ekit_heading_mobile-\"><h2 class=\"ekit-heading--title elementskit-section-title\">Option A | <span><span>La couverture la plus compl\u00e8te<\/span><\/span><\/h2><\/div><\/div>\t\t\t\t<\/div>\n\t\t\t\t<div class=\"elementor-element elementor-element-d432129 elementor-widget elementor-widget-text-editor\" data-id=\"d432129\" data-element_type=\"widget\" data-e-type=\"widget\" data-widget_type=\"text-editor.default\">\n\t\t\t\t\t\t\t\t\t<p>Avec l'option A, vous optez pour une s\u00e9curit\u00e9 maximale. Vos biens et vos revenus locatifs sont assur\u00e9s de mani\u00e8re compl\u00e8te, y compris :<\/p><ul><li>les dommages caus\u00e9s par le feu, la temp\u00eate, l'eau ou le vandalisme<\/li><li>Bris de glace et dommages aux fen\u00eatres, portes et serrures<\/li><li>Couverture des dommages caus\u00e9s par les locataires<\/li><li>Compensation de la perte de revenus locatifs en cas d'inhabitabilit\u00e9<\/li><li>Couverture compl\u00e8te de la responsabilit\u00e9 civile \u00e0 l'\u00e9gard des locataires<\/li><\/ul><p>Id\u00e9al pour ceux qui souhaitent prot\u00e9ger au mieux leur bien en tant qu'investissement.<\/p><p class=\"cvGsUA direction-ltr align-justify para-style-body\"><!-- notionvc: 43403f0a-6f5b-4910-ac42-f5a1a1a897e0 --><\/p>\t\t\t\t\t\t\t\t<\/div>\n\t\t\t\t<\/div>\n\t\t\t\t<\/div>\n\t\t<div class=\"elementor-element elementor-element-e94bddb e-con-full e-flex e-con e-child\" data-id=\"e94bddb\" data-element_type=\"container\" data-e-type=\"container\" data-settings=\"{&quot;background_background&quot;:&quot;classic&quot;}\">\n\t\t<div class=\"elementor-element elementor-element-48465fa e-con-full e-flex e-con e-child\" data-id=\"48465fa\" data-element_type=\"container\" data-e-type=\"container\">\n\t\t\t\t<div class=\"elementor-element elementor-element-7694b02 elementor-widget elementor-widget-elementskit-heading\" data-id=\"7694b02\" data-element_type=\"widget\" data-e-type=\"widget\" data-widget_type=\"elementskit-heading.default\">\n\t\t\t\t\t<div class=\"ekit-wid-con\" ><div class=\"ekit-heading elementskit-section-title-wraper    ekit_heading_tablet-   ekit_heading_mobile-\"><h2 class=\"ekit-heading--title elementskit-section-title\">Option B | <span><span>Une s\u00e9curit\u00e9 de base abordable<\/span><\/span><\/h2><\/div><\/div>\t\t\t\t<\/div>\n\t\t\t\t<div class=\"elementor-element elementor-element-88d3f48 elementor-widget elementor-widget-text-editor\" data-id=\"88d3f48\" data-element_type=\"widget\" data-e-type=\"widget\" data-widget_type=\"text-editor.default\">\n\t\t\t\t\t\t\t\t\t<p class=\"cvGsUA direction-ltr align-justify para-style-body\">Vous recherchez une solution peu co\u00fbteuse qui couvre n\u00e9anmoins tous les risques majeurs ? L'option B est alors le bon choix. Vous obtenez les <span class=\"notion-enable-hover\" data-token-index=\"1\">couverture standard<\/span> (incendie, temp\u00eate, eau, cambriolage) avec des limites inf\u00e9rieures et sans extras. Parfaite pour les propri\u00e9taires qui souhaitent une s\u00e9curit\u00e9 fiable \u00e0 un prix plus comp\u00e9titif.<!-- notionvc: 731d8363-684b-4b14-9a7b-5e25b497980b --><\/p>\t\t\t\t\t\t\t\t<\/div>\n\t\t\t\t<\/div>\n\t\t\t\t<\/div>\n\t\t\t\t<\/div>\n\t\t\t\t<\/div>\n\t\t\t\t\t<\/div>\n\t\t\t\t<\/div>\n\t\t<div class=\"elementor-element elementor-element-48ad283 e-con-full e-flex e-con e-parent\" data-id=\"48ad283\" data-element_type=\"container\" data-e-type=\"container\" data-settings=\"{&quot;background_background&quot;:&quot;classic&quot;}\">\n\t\t<div class=\"elementor-element elementor-element-be88735 e-con-full e-flex e-con e-child\" data-id=\"be88735\" data-element_type=\"container\" data-e-type=\"container\">\n\t\t<div class=\"elementor-element elementor-element-0ac84a3 e-con-full e-flex e-con e-child\" data-id=\"0ac84a3\" data-element_type=\"container\" data-e-type=\"container\" data-settings=\"{&quot;background_background&quot;:&quot;classic&quot;}\">\n\t\t<div class=\"elementor-element elementor-element-bf4e79d e-con-full e-flex e-con e-child\" data-id=\"bf4e79d\" data-element_type=\"container\" data-e-type=\"container\" data-settings=\"{&quot;background_background&quot;:&quot;classic&quot;}\">\n\t\t\t\t<div class=\"elementor-element elementor-element-50d661c elementor-widget-widescreen__width-initial elementor-widget-tablet__width-initial elementor-widget-mobile__width-initial elementor-widget__width-initial elementor-widget elementor-widget-image\" data-id=\"50d661c\" data-element_type=\"widget\" data-e-type=\"widget\" data-widget_type=\"image.default\">\n\t\t\t\t\t\t\t\t\t\t\t\t\t\t\t<img decoding=\"async\" width=\"667\" height=\"800\" src=\"https:\/\/grupoxandra.eu\/wp-content\/uploads\/2025\/11\/shieldtick.canva_.webp\" class=\"attachment-full size-full wp-image-3995\" alt=\"\" srcset=\"https:\/\/grupoxandra.eu\/wp-content\/uploads\/2025\/11\/shieldtick.canva_.webp 667w, https:\/\/grupoxandra.eu\/wp-content\/uploads\/2025\/11\/shieldtick.canva_-250x300.webp 250w, https:\/\/grupoxandra.eu\/wp-content\/uploads\/2025\/11\/shieldtick.canva_-600x720.webp 600w\" sizes=\"(max-width: 667px) 100vw, 667px\" \/>\t\t\t\t\t\t\t\t\t\t\t\t\t\t\t<\/div>\n\t\t\t\t<\/div>\n\t\t<div class=\"elementor-element elementor-element-615f427 e-con-full e-flex e-con e-child\" data-id=\"615f427\" data-element_type=\"container\" data-e-type=\"container\">\n\t\t\t\t<div class=\"elementor-element elementor-element-ea7b21c elementor-widget elementor-widget-heading\" data-id=\"ea7b21c\" data-element_type=\"widget\" data-e-type=\"widget\" data-widget_type=\"heading.default\">\n\t\t\t\t\t<h2 class=\"elementor-heading-title elementor-size-default\">Protection suppl\u00e9mentaire pour les propri\u00e9taires<\/h2>\t\t\t\t<\/div>\n\t\t\t\t<div class=\"elementor-element elementor-element-3294bf1 elementor-widget elementor-widget-text-editor\" data-id=\"3294bf1\" data-element_type=\"widget\" data-e-type=\"widget\" data-widget_type=\"text-editor.default\">\n\t\t\t\t\t\t\t\t\t<p>L'assurance propri\u00e9taire va au-del\u00e0 de l'assurance habitation ordinaire. Vous \u00eates \u00e9galement assur\u00e9 pour :<\/p><ul><li><strong>Dommages caus\u00e9s par les locataires<\/strong>la r\u00e9paration des dommages caus\u00e9s par votre locataire<\/li><li><strong>Perte de loyer<\/strong>l'indemnisation de la perte de loyer en cas de dommages rendant le bien inhabitable<\/li><li><strong>Location de vacances<\/strong>la couverture adapt\u00e9e aux locations touristiques, y compris la responsabilit\u00e9 \u00e0 l'\u00e9gard des h\u00f4tes<\/li><li><strong>Poste vacant<\/strong>la couverture reste en vigueur m\u00eame si votre bien n'est temporairement pas lou\u00e9<\/li><\/ul>\t\t\t\t\t\t\t\t<\/div>\n\t\t\t\t<\/div>\n\t\t\t\t<\/div>\n\t\t<div class=\"elementor-element elementor-element-9abecc0 e-con-full e-flex e-con e-child\" data-id=\"9abecc0\" data-element_type=\"container\" data-e-type=\"container\" data-settings=\"{&quot;background_background&quot;:&quot;classic&quot;}\">\n\t\t<div class=\"elementor-element elementor-element-e82ac25 e-con-full e-flex e-con e-child\" data-id=\"e82ac25\" data-element_type=\"container\" data-e-type=\"container\" data-settings=\"{&quot;background_background&quot;:&quot;classic&quot;}\">\n\t\t\t\t<div class=\"elementor-element elementor-element-63570e2 elementor-widget-widescreen__width-initial elementor-widget-tablet__width-initial elementor-widget-mobile__width-initial elementor-widget__width-initial elementor-widget elementor-widget-image\" data-id=\"63570e2\" data-element_type=\"widget\" data-e-type=\"widget\" data-widget_type=\"image.default\">\n\t\t\t\t\t\t\t\t\t\t\t\t\t\t\t<img decoding=\"async\" width=\"800\" height=\"681\" src=\"https:\/\/grupoxandra.eu\/wp-content\/uploads\/2025\/11\/familycon.canva_.webp\" class=\"attachment-full size-full wp-image-3994\" alt=\"\" srcset=\"https:\/\/grupoxandra.eu\/wp-content\/uploads\/2025\/11\/familycon.canva_.webp 800w, https:\/\/grupoxandra.eu\/wp-content\/uploads\/2025\/11\/familycon.canva_-300x255.webp 300w, https:\/\/grupoxandra.eu\/wp-content\/uploads\/2025\/11\/familycon.canva_-768x654.webp 768w, https:\/\/grupoxandra.eu\/wp-content\/uploads\/2025\/11\/familycon.canva_-600x511.png 600w\" sizes=\"(max-width: 800px) 100vw, 800px\" \/>\t\t\t\t\t\t\t\t\t\t\t\t\t\t\t<\/div>\n\t\t\t\t<\/div>\n\t\t<div class=\"elementor-element elementor-element-9f48a42 e-con-full e-flex e-con e-child\" data-id=\"9f48a42\" data-element_type=\"container\" data-e-type=\"container\">\n\t\t\t\t<div class=\"elementor-element elementor-element-aae21ca elementor-widget elementor-widget-heading\" data-id=\"aae21ca\" data-element_type=\"widget\" data-e-type=\"widget\" data-widget_type=\"heading.default\">\n\t\t\t\t\t<h2 class=\"elementor-heading-title elementor-size-default\">Responsabilit\u00e9 du bailleur<\/h2>\t\t\t\t<\/div>\n\t\t\t\t<div class=\"elementor-element elementor-element-31d11a0 elementor-widget elementor-widget-text-editor\" data-id=\"31d11a0\" data-element_type=\"widget\" data-e-type=\"widget\" data-widget_type=\"text-editor.default\">\n\t\t\t\t\t\t\t\t\t<p class=\"cvGsUA direction-ltr align-justify para-style-body\">Une partie importante de l'assurance du propri\u00e9taire est la <span class=\"notion-enable-hover\" data-token-index=\"1\">couverture de la responsabilit\u00e9 civile<\/span>. Supposons qu'un locataire glisse \u00e0 cause d'un carreau mal fix\u00e9 ou qu'il subisse des d\u00e9g\u00e2ts \u00e0 cause d'une fuite - vous \u00eates assur\u00e9 pour les r\u00e9clamations et les frais de justice.<!-- notionvc: 5eef2ff0-4836-4b81-bbe5-a3e5f3d41e0e --><\/p>\t\t\t\t\t\t\t\t<\/div>\n\t\t\t\t<\/div>\n\t\t\t\t<\/div>\n\t\t\t\t<\/div>\n\t\t\t\t<\/div>\n\t\t<div class=\"elementor-element elementor-element-6c6e940 e-con-full e-flex e-con e-parent\" data-id=\"6c6e940\" data-element_type=\"container\" data-e-type=\"container\" data-settings=\"{&quot;background_background&quot;:&quot;classic&quot;}\">\n\t\t\t\t<div class=\"elementor-element elementor-element-ba9798a white-filter elementor-widget elementor-widget-image\" data-id=\"ba9798a\" data-element_type=\"widget\" data-e-type=\"widget\" data-widget_type=\"image.default\">\n\t\t\t\t\t\t\t\t\t\t\t\t\t\t\t<img fetchpriority=\"high\" decoding=\"async\" width=\"800\" height=\"189\" src=\"https:\/\/grupoxandra.eu\/wp-content\/uploads\/2025\/11\/Zurich_Insurance_Group_Logo_Horizontal.svg_-1024x242.png\" class=\"attachment-large size-large wp-image-3907\" alt=\"\" srcset=\"https:\/\/grupoxandra.eu\/wp-content\/uploads\/2025\/11\/Zurich_Insurance_Group_Logo_Horizontal.svg_-1024x242.png 1024w, https:\/\/grupoxandra.eu\/wp-content\/uploads\/2025\/11\/Zurich_Insurance_Group_Logo_Horizontal.svg_-300x71.png 300w, https:\/\/grupoxandra.eu\/wp-content\/uploads\/2025\/11\/Zurich_Insurance_Group_Logo_Horizontal.svg_-768x182.png 768w, https:\/\/grupoxandra.eu\/wp-content\/uploads\/2025\/11\/Zurich_Insurance_Group_Logo_Horizontal.svg_-1536x363.png 1536w, https:\/\/grupoxandra.eu\/wp-content\/uploads\/2025\/11\/Zurich_Insurance_Group_Logo_Horizontal.svg_-2048x484.png 2048w, https:\/\/grupoxandra.eu\/wp-content\/uploads\/2025\/11\/Zurich_Insurance_Group_Logo_Horizontal.svg_-600x142.png 600w\" sizes=\"(max-width: 800px) 100vw, 800px\" \/>\t\t\t\t\t\t\t\t\t\t\t\t\t\t\t<\/div>\n\t\t<div class=\"elementor-element elementor-element-923eee8 e-flex e-con-boxed e-con e-child\" data-id=\"923eee8\" data-element_type=\"container\" data-e-type=\"container\">\n\t\t\t\t\t<div class=\"e-con-inner\">\n\t\t\t\t<div class=\"elementor-element elementor-element-80b2115 elementor-widget elementor-widget-heading\" data-id=\"80b2115\" data-element_type=\"widget\" data-e-type=\"widget\" data-widget_type=\"heading.default\">\n\t\t\t\t\t<h2 class=\"elementor-heading-title elementor-size-default\">Demandez votre assurance propri\u00e9taire en Espagne<\/h2>\t\t\t\t<\/div>\n\t\t\t\t<div class=\"elementor-element elementor-element-9e7fa11 elementor-widget__width-initial elementor-widget elementor-widget-text-editor\" data-id=\"9e7fa11\" data-element_type=\"widget\" data-e-type=\"widget\" data-widget_type=\"text-editor.default\">\n\t\t\t\t\t\t\t\t\t<p class=\"cvGsUA direction-ltr align-center para-style-body\">Vous souhaitez louer votre bien en toute tranquillit\u00e9 ? Contactez-nous d\u00e8s aujourd'hui et recevez un <span class=\"notion-enable-hover\" data-token-index=\"1\">devis gratuit<\/span>. Vous savez donc que votre bien et vos revenus locatifs sont prot\u00e9g\u00e9s de mani\u00e8re optimale gr\u00e2ce \u00e0 un syst\u00e8me fiable de gestion des risques. <span class=\"notion-enable-hover\" data-token-index=\"3\">Assurance des propri\u00e9taires en Espagne<\/span>.<!-- notionvc: ac2d49e2-7416-45e5-860e-5b54ee9e2742 --><\/p>\t\t\t\t\t\t\t\t<\/div>\n\t\t\t\t<div class=\"elementor-element elementor-element-cc02eda elementor-align-justify elementor-widget__width-initial elementor-widget-mobile__width-initial elementor-widget elementor-widget-button\" data-id=\"cc02eda\" data-element_type=\"widget\" data-e-type=\"widget\" data-widget_type=\"button.default\">\n\t\t\t\t\t\t\t\t\t\t<a class=\"elementor-button elementor-button-link elementor-size-sm\" href=\"https:\/\/forms.office.com\/pages\/responsepage.aspx?id=lPxZnv3N8kWv9ICVim2EgEYY2l0YiqJJmOndgoAkhudUNTZRWVc0UzFROTZFSjg1UUc2V0cxMkVVSSQlQCN0PWcu&#038;route=shorturl\" target=\"_blank\" rel=\"noopener\">\n\t\t\t\t\t\t<span class=\"elementor-button-content-wrapper\">\n\t\t\t\t\t\t\t\t\t<span class=\"elementor-button-text\">DEMANDEZ VOTRE DEVIS MAINTENANT<\/span>\n\t\t\t\t\t<\/span>\n\t\t\t\t\t<\/a>\n\t\t\t\t\t\t\t\t<\/div>\n\t\t\t\t\t<\/div>\n\t\t\t\t<\/div>\n\t\t\t\t<\/div>\n\t\t\t\t<\/div>","protected":false},"excerpt":{"rendered":"<p>Uw verhuurdersverzekering in Spanje Zekerheid voor uw woning en huurinkomsten VRAAG NU UW OFFERTE AAN Als verhuurder in Spanje wilt u vooral gemoedsrust: uw woning is een investering, maar ook een bron van mogelijke risico\u2019s. Wat als er brand uitbreekt, een leiding springt, of huurders schade veroorzaken? Met de verhuurdersverzekering van GrupoXandra weet u dat [&hellip;]<\/p>\n","protected":false},"author":1,"featured_media":0,"parent":0,"menu_order":0,"comment_status":"closed","ping_status":"closed","template":"","meta":{"footnotes":""},"class_list":["post-4220","page","type-page","status-publish","hentry"],"_links":{"self":[{"href":"https:\/\/grupoxandra.eu\/fr\/wp-json\/wp\/v2\/pages\/4220","targetHints":{"allow":["GET"]}}],"collection":[{"href":"https:\/\/grupoxandra.eu\/fr\/wp-json\/wp\/v2\/pages"}],"about":[{"href":"https:\/\/grupoxandra.eu\/fr\/wp-json\/wp\/v2\/types\/page"}],"author":[{"embeddable":true,"href":"https:\/\/grupoxandra.eu\/fr\/wp-json\/wp\/v2\/users\/1"}],"replies":[{"embeddable":true,"href":"https:\/\/grupoxandra.eu\/fr\/wp-json\/wp\/v2\/comments?post=4220"}],"version-history":[{"count":10,"href":"https:\/\/grupoxandra.eu\/fr\/wp-json\/wp\/v2\/pages\/4220\/revisions"}],"predecessor-version":[{"id":6378,"href":"https:\/\/grupoxandra.eu\/fr\/wp-json\/wp\/v2\/pages\/4220\/revisions\/6378"}],"wp:attachment":[{"href":"https:\/\/grupoxandra.eu\/fr\/wp-json\/wp\/v2\/media?parent=4220"}],"curies":[{"name":"wp","href":"https:\/\/api.w.org\/{rel}","templated":true}]}}