{"id":5383,"date":"2026-02-03T11:45:14","date_gmt":"2026-02-03T11:45:14","guid":{"rendered":"https:\/\/grupoxandra.eu\/?page_id=5383"},"modified":"2026-02-03T12:09:23","modified_gmt":"2026-02-03T12:09:23","slug":"cookiebeleid","status":"publish","type":"page","link":"https:\/\/grupoxandra.eu\/es\/cookiebeleid\/","title":{"rendered":"COOKIEBELEID"},"content":{"rendered":"<div data-elementor-type=\"wp-page\" data-elementor-id=\"5383\" class=\"elementor elementor-5383\" data-elementor-post-type=\"page\">\n\t\t\t\t<div class=\"elementor-element elementor-element-724a688f e-flex e-con-boxed e-con e-parent\" data-id=\"724a688f\" data-element_type=\"container\" data-e-type=\"container\">\n\t\t\t\t\t<div class=\"e-con-inner\">\n\t\t\t\t<div class=\"elementor-element elementor-element-3012bb7 elementor-widget elementor-widget-heading\" data-id=\"3012bb7\" data-element_type=\"widget\" data-e-type=\"widget\" data-widget_type=\"heading.default\">\n\t\t\t\t\t<h1 class=\"elementor-heading-title elementor-size-default\">DECLARACI\u00d3N DE COOKIES<\/h1>\t\t\t\t<\/div>\n\t\t\t\t<div class=\"elementor-element elementor-element-25a0ca2c elementor-widget elementor-widget-text-editor\" data-id=\"25a0ca2c\" data-element_type=\"widget\" data-e-type=\"widget\" data-widget_type=\"text-editor.default\">\n\t\t\t\t\t\t\t\t\t\n<h3><strong>DEFINICI\u00d3N Y FUNCI\u00d3N GENERAL DE LAS COOKIES<\/strong><\/h3>\n<p>Las galletas son identificadores que enviamos a trav\u00e9s de su navegador web al disco duro de su computadora, para que nuestros sistemas puedan reconocer su navegador y brindarle ciertos servicios.<\/p>\n<p>En general, estas tecnolog\u00edas se pueden utilizar para una gran variedad de prop\u00f3sitos, por ejemplo, para reconocerle como usuario, para obtener informaci\u00f3n sobre su comportamiento de navegaci\u00f3n o para personalizar la forma en que se muestra el contenido.<\/p>\n<p>Esta p\u00e1gina utiliza diferentes tipos de cookies. Algunas cookies son colocadas por servicios de terceros que aparecen en nuestras p\u00e1ginas. En algunos casos, es posible que haya aceptado las propias cookies de Google al utilizar un motor de b\u00fasqueda de Google. Estas cookies de Google se instalan incluso si no ha aceptado nuestras propias cookies y\/o cookies de terceros.<\/p>\n<p>A continuaci\u00f3n, enumeramos las cookies que se utilizan en el sitio web. <a href=\"https:\/\/www.grupoxandra.eu\/\">https:\/\/www.grupoxandra.eu\/<\/a><\/p>\n<h2><strong>COOKIES USADAS<\/strong><\/h2>\n<h3><strong>Galletas necesarias<\/strong><\/h3>\n<p>Las cookies necesarias ayudan a que un sitio web sea utilizable al habilitar funciones b\u00e1sicas como la navegaci\u00f3n por la p\u00e1gina y el acceso a \u00e1reas seguras del sitio web. El sitio web no puede funcionar correctamente sin estas cookies.<\/p>\n<p>&nbsp;<\/p>\n<p><!-- notionvc: b1b591b2-728e-4948-9f74-81a940c58322 --><\/p>\n<p><!-- notionvc: 92f17a41-dadd-45ae-9cb6-f0395c78a6e7 --><\/p>\n\n\t\t\t\t\t\t\t\t<\/div>\n\t\t\t\t<div class=\"elementor-element elementor-element-29bbda0 elementor-widget elementor-widget-text-editor\" data-id=\"29bbda0\" data-element_type=\"widget\" data-e-type=\"widget\" data-widget_type=\"text-editor.default\">\n\t\t\t\t\t\t\t\t\t<table>\n  <thead>\n    <tr>\n      <th>Nombre y Apellidos<\/th>\n      <th>Proveedor<\/th>\n      <th>Objetivo<\/th>\n      <th>Validez<\/th>\n    <\/tr>\n  <\/thead>\n  <tbody>\n    <tr>\n      <td>galleta-acordada<\/td>\n      <td><\/td>\n      <td>Determinar si el usuario ha aceptado la advertencia de cookies<\/td>\n      <td>tres meses<\/td>\n    <\/tr>\n    <tr>\n      <td>AWSALB<\/td>\n      <td>sitiodeseguridad.com<\/td>\n      <td>Optimizaci\u00f3n de la experiencia de los visitantes del sitio web<\/td>\n      <td>6 d\u00edas<\/td>\n    <\/tr>\n    <tr>\n      <td>AWSALBCORS<\/td>\n      <td>sitiodeseguridad.com<\/td>\n      <td>Optimizaci\u00f3n de la experiencia de los visitantes del sitio web<\/td>\n      <td>6 d\u00edas<\/td>\n    <\/tr>\n    <tr>\n      <td>sitiodelaconfianza_visita<\/td>\n      <td><\/td>\n      <td>Galleta necesaria para garantizar el inicio de sesi\u00f3n y detectar spam<\/td>\n      <td>1 d\u00eda<\/td>\n    <\/tr>\n    <tr>\n      <td>cocineroleyinfo-casilla-no-necesaria<\/td>\n      <td>Propio<\/td>\n      <td>Indica si el usuario ha rechazado las cookies<\/td>\n      <td>1 a\u00f1o<\/td>\n    <\/tr>\n    <tr>\n      <td>cocinielalegislacion-checkbox-necesario<\/td>\n      <td>Propio<\/td>\n      <td>Registra si el usuario ha aceptado las cookies<\/td>\n      <td>1 a\u00f1o<\/td>\n    <\/tr>\n    <tr>\n      <td>woocommerce_hash_del_carrito<\/td>\n      <td>Propio<\/td>\n      <td>Verifica si hay cambios en el carrito de compras<\/td>\n      <td>Sesi\u00f3n<\/td>\n    <\/tr>\n    <tr>\n      <td>art\u00edculos en el carrito<\/td>\n      <td>Propio<\/td>\n      <td>Verifica si hay cambios en el carrito de compras<\/td>\n      <td>Sesi\u00f3n<\/td>\n    <\/tr>\n    <tr>\n      <td>wp_woocommerce_sesi\u00f3n_<\/td>\n      <td>Propio<\/td>\n      <td>Identificaci\u00f3n del cliente<\/td>\n      <td>2 d\u00edas<\/td>\n    <\/tr>\n  <\/tbody>\n<\/table>\t\t\t\t\t\t\t\t<\/div>\n\t\t\t\t<div class=\"elementor-element elementor-element-e2e451e elementor-widget elementor-widget-text-editor\" data-id=\"e2e451e\" data-element_type=\"widget\" data-e-type=\"widget\" data-widget_type=\"text-editor.default\">\n\t\t\t\t\t\t\t\t\t<h3><strong>Galletas de preferencias<\/strong><\/h3>\n<p>Las cookies de preferencias permiten que un sitio web recuerde informaci\u00f3n que cambia la forma en que se comporta o se ve el sitio web, como su idioma preferido o la regi\u00f3n en la que se encuentra.<\/p>\n<p><!-- notionvc: 08c2fc20-f1f3-4939-a55b-cbe6dc5a94bb --><\/p>\t\t\t\t\t\t\t\t<\/div>\n\t\t\t\t<div class=\"elementor-element elementor-element-ca38c32 elementor-widget elementor-widget-text-editor\" data-id=\"ca38c32\" data-element_type=\"widget\" data-e-type=\"widget\" data-widget_type=\"text-editor.default\">\n\t\t\t\t\t\t\t\t\t<table>\n  <thead>\n    <tr>\n      <th>Nombre y Apellidos<\/th>\n      <th>Proveedor<\/th>\n      <th>Objetivo<\/th>\n      <th>Validez<\/th>\n    <\/tr>\n  <\/thead>\n  <tbody>\n    <tr>\n      <td>SID, SAPISID, APISID<\/td>\n      <td>Google<\/td>\n      <td>Preferencias del usuario durante la navegaci\u00f3n<\/td>\n      <td>2 a\u00f1os<\/td>\n    <\/tr>\n  <\/tbody>\n<\/table>\t\t\t\t\t\t\t\t<\/div>\n\t\t\t\t<div class=\"elementor-element elementor-element-046d2ad elementor-widget elementor-widget-text-editor\" data-id=\"046d2ad\" data-element_type=\"widget\" data-e-type=\"widget\" data-widget_type=\"text-editor.default\">\n\t\t\t\t\t\t\t\t\t<h3><strong>Cookies estad\u00edsticas<\/strong><\/h3>\n<p>Las cookies estad\u00edsticas ayudan a los propietarios de sitios web a comprender c\u00f3mo interact\u00faan los visitantes con el sitio web recopilando y reportando informaci\u00f3n an\u00f3nima.<\/p>\n<p>Para desactivar las cookies de Google Analytics, puede instalar el complemento del navegador Google Analytics Opt-out, que impide que se env\u00ede informaci\u00f3n estad\u00edstica. Este est\u00e1 disponible a trav\u00e9s del siguiente enlace: <span style=\"text-decoration: underline;\"><a href=\"https:\/\/tools.google.com\/dlpage\/gaoptout?hl=nl\" target=\"_blank\" rel=\"noopener\">https:\/\/tools.google.com\/dlpage\/gaoptout?hl=nl<\/a><\/span><\/p>\n<h3><!-- notionvc: 099a30c0-1091-42a0-a225-897ea32c600d --><\/h3>\n<p><!-- notionvc: 08c2fc20-f1f3-4939-a55b-cbe6dc5a94bb --><\/p>\t\t\t\t\t\t\t\t<\/div>\n\t\t\t\t<div class=\"elementor-element elementor-element-63e8f2d elementor-widget elementor-widget-text-editor\" data-id=\"63e8f2d\" data-element_type=\"widget\" data-e-type=\"widget\" data-widget_type=\"text-editor.default\">\n\t\t\t\t\t\t\t\t\t<table>\n  <thead>\n    <tr>\n      <th>Nombre y Apellidos<\/th>\n      <th>Proveedor<\/th>\n      <th>Objetivo<\/th>\n      <th>Validez<\/th>\n    <\/tr>\n  <\/thead>\n  <tbody>\n    <tr>\n      <td>_ga<\/td>\n      <td>Google An\u00e1lisis<\/td>\n      <td>Registra una identificaci\u00f3n \u00fanica que se utiliza para generar datos estad\u00edsticos sobre c\u00f3mo el visitante utiliza el sitio web<\/td>\n      <td>2 a\u00f1os<\/td>\n    <\/tr>\n    <tr>\n      <td>_gid<\/td>\n      <td>Google An\u00e1lisis<\/td>\n      <td>Registra una identificaci\u00f3n \u00fanica que se utiliza para generar datos estad\u00edsticos sobre c\u00f3mo el visitante utiliza el sitio web<\/td>\n      <td>1 d\u00eda<\/td>\n    <\/tr>\n    <tr>\n      <td>_gat<\/td>\n      <td>Google An\u00e1lisis<\/td>\n      <td>Se usa para limitar el porcentaje de solicitudes<\/td>\n      <td>Sesi\u00f3n<\/td>\n    <\/tr>\n    <tr>\n      <td>_utm-gif<\/td>\n      <td>Google An\u00e1lisis<\/td>\n      <td>Determina el tipo de dispositivo o programa navegador que usa el visitante, para que el sitio web pueda formatearse en consecuencia<\/td>\n      <td>Sesi\u00f3n<\/td>\n    <\/tr>\n    <tr>\n      <td>_utma<\/td>\n      <td>Google An\u00e1lisis<\/td>\n      <td>Recopila datos sobre cu\u00e1ntas veces el usuario ha visitado el sitio web<\/td>\n      <td>2 a\u00f1os<\/td>\n    <\/tr>\n    <tr>\n      <td>_utmb<\/td>\n      <td>Google An\u00e1lisis<\/td>\n      <td>Registra el momento exacto en que el visitante visita el sitio web<\/td>\n      <td>1 d\u00eda<\/td>\n    <\/tr>\n    <tr>\n      <td>_utmc<\/td>\n      <td>Google An\u00e1lisis<\/td>\n      <td>Registra el momento exacto en que el visitante visita el sitio web<\/td>\n      <td>Sesi\u00f3n<\/td>\n    <\/tr>\n    <tr>\n      <td>_utmt<\/td>\n      <td>Google An\u00e1lisis<\/td>\n      <td>Eval\u00faa la capacidad de respuesta del servidor<\/td>\n      <td>1 d\u00eda<\/td>\n    <\/tr>\n    <tr>\n      <td>_utmz<\/td>\n      <td>Google An\u00e1lisis<\/td>\n      <td>Recopila informaci\u00f3n sobre de d\u00f3nde vienes, qu\u00e9 buscas, etc.<\/td>\n      <td>seis meses<\/td>\n    <\/tr>\n    <tr>\n      <td>yt-cabeceras-reproductor-legibles<\/td>\n      <td>youtube.com<\/td>\n      <td>Determina la calidad \u00f3ptima de video<\/td>\n      <td>Sesi\u00f3n<\/td>\n    <\/tr>\n    <tr>\n      <td>SSID, HSID, NID<\/td>\n      <td>Google<\/td>\n      <td>Estad\u00edsticas de usuarios que usan tarjetas<\/td>\n      <td>seis meses<\/td>\n    <\/tr>\n    <tr>\n      <td>BUSCAR MISMO SITIO<\/td>\n      <td>Google<\/td>\n      <td>Garantiza que las cookies no se compartir\u00e1n con terceros sin permiso.<\/td>\n      <td>seis meses<\/td>\n    <\/tr>\n  <\/tbody>\n<\/table>\t\t\t\t\t\t\t\t<\/div>\n\t\t\t\t<div class=\"elementor-element elementor-element-d9410e9 elementor-widget elementor-widget-text-editor\" data-id=\"d9410e9\" data-element_type=\"widget\" data-e-type=\"widget\" data-widget_type=\"text-editor.default\">\n\t\t\t\t\t\t\t\t\t<h3><span class=\"notion-enable-hover\" data-token-index=\"0\">Marketingcachitos<\/span><!-- notionvc: 7b99f1b1-ddb6-43cb-8c4d-a3eb30877c33 --><\/h3>\n<p>Las cookies de marketing se utilizan para rastrear a los visitantes en los sitios web. El objetivo es mostrar anuncios que sean relevantes y atractivos para el usuario individual.<\/p>\n<h3><!-- notionvc: 099a30c0-1091-42a0-a225-897ea32c600d --><\/h3>\n<p><!-- notionvc: 08c2fc20-f1f3-4939-a55b-cbe6dc5a94bb --><\/p>\t\t\t\t\t\t\t\t<\/div>\n\t\t\t\t<div class=\"elementor-element elementor-element-1a4c5ca elementor-widget elementor-widget-text-editor\" data-id=\"1a4c5ca\" data-element_type=\"widget\" data-e-type=\"widget\" data-widget_type=\"text-editor.default\">\n\t\t\t\t\t\t\t\t\t<table>\n  <thead>\n    <tr>\n      <th>Nombre y Apellidos<\/th>\n      <th>Proveedor<\/th>\n      <th>Objetivo<\/th>\n      <th>Validez<\/th>\n    <\/tr>\n  <\/thead>\n  <tbody>\n    <tr>\n      <td>_fbp<\/td>\n      <td>Facebook<\/td>\n      <td>Utilizado por Facebook para ofrecer una serie de productos publicitarios, como ofertas en tiempo real de anunciantes externos<\/td>\n      <td>tres meses<\/td>\n    <\/tr>\n    <tr>\n      <td>anuncios\/ga-audiencias<\/td>\n      <td>google.com<\/td>\n      <td>Usado por Google AdWords para volver a contactar a los visitantes que probablemente se conviertan en clientes.<\/td>\n      <td>Sesi\u00f3n<\/td>\n    <\/tr>\n    <tr>\n      <td>franc\u00e9s<\/td>\n      <td>facebook.com<\/td>\n      <td>Utilizado por Facebook para entregar una serie de productos publicitarios<\/td>\n      <td>tres meses<\/td>\n    <\/tr>\n    <tr>\n      <td>Entorno de desarrollo integrado<\/td>\n      <td>dobleclic.net<\/td>\n      <td>Utilizado por Google DoubleClick para registrar y reportar acciones de usuarios despu\u00e9s de ver o hacer clic en anuncios, con el objetivo de medir la efectividad<\/td>\n      <td>1 a\u00f1o<\/td>\n    <\/tr>\n    <tr>\n      <td>prueba_galleta<\/td>\n      <td>dobleclic.net<\/td>\n      <td>Utilizado para comprobar si el navegador del usuario admite cookies<\/td>\n      <td>1 d\u00eda<\/td>\n    <\/tr>\n    <tr>\n      <td>sol<\/td>\n      <td>facebook.com<\/td>\n      <td>Utilizado por Facebook para entregar una serie de productos publicitarios<\/td>\n      <td>Sesi\u00f3n<\/td>\n    <\/tr>\n    <tr>\n      <td>GPS<\/td>\n      <td>youtube.com<\/td>\n      <td>Registra una identificaci\u00f3n \u00fanica en dispositivos m\u00f3viles para permitir el rastreo geogr\u00e1fico mediante GPS<\/td>\n      <td>1 d\u00eda<\/td>\n    <\/tr>\n    <tr>\n      <td>INFORMACI\u00d3N_VISITANTE1_EN_VIVO<\/td>\n      <td>youtube.com<\/td>\n      <td>Trata de calcular el ancho de banda del usuario en p\u00e1ginas con videos incrustados de YouTube<\/td>\n      <td>179 d\u00edas<\/td>\n    <\/tr>\n    <tr>\n      <td>YSC<\/td>\n      <td>youtube.com<\/td>\n      <td>Registra una identificaci\u00f3n \u00fanica para rastrear estad\u00edsticas de qu\u00e9 videos de YouTube ha visto el usuario<\/td>\n      <td>Sesi\u00f3n<\/td>\n    <\/tr>\n    <tr>\n      <td>Yt-mando-a-distancia-instalado<\/td>\n      <td>youtube.com<\/td>\n      <td>Registra las preferencias del reproductor de video al ver videos incrustados de YouTube<\/td>\n      <td>Sesi\u00f3n<\/td>\n    <\/tr>\n    <tr>\n      <td>Dispositivos-conectados-yt-remoto<\/td>\n      <td>youtube.com<\/td>\n      <td>Registra las preferencias del reproductor de video al ver videos incrustados de YouTube<\/td>\n      <td>Sesi\u00f3n<\/td>\n    <\/tr>\n    <tr>\n      <td>Yt-id-dispositivo-remoto<\/td>\n      <td>youtube.com<\/td>\n      <td>Registra las preferencias del reproductor de video al ver videos incrustados de YouTube<\/td>\n      <td>Sesi\u00f3n<\/td>\n    <\/tr>\n    <tr>\n      <td>Per\u00edodo-de-verificaci\u00f3n-r\u00e1pida-yt-remoto<\/td>\n      <td>youtube.com<\/td>\n      <td>Registra las preferencias del reproductor de video al ver videos incrustados de YouTube<\/td>\n      <td>Sesi\u00f3n<\/td>\n    <\/tr>\n    <tr>\n      <td>Aplicaci\u00f3n de sesi\u00f3n remota de YT<\/td>\n      <td>youtube.com<\/td>\n      <td>Registra las preferencias del reproductor de video al ver videos incrustados de YouTube<\/td>\n      <td>Sesi\u00f3n<\/td>\n    <\/tr>\n    <tr>\n      <td>NombreDeSesi\u00f3nDeControlRemotoYT<\/td>\n      <td>youtube.com<\/td>\n      <td>Registra las preferencias del reproductor de video al ver videos incrustados de YouTube<\/td>\n      <td>Sesi\u00f3n<\/td>\n    <\/tr>\n    <tr>\n      <td>1P_FRASCO<\/td>\n      <td>Google<\/td>\n      <td>Personalizaci\u00f3n de anuncios basada en intereses de usuario<\/td>\n      <td>1 mes<\/td>\n    <\/tr>\n    <tr>\n      <td>CONSENTIMIENTO<\/td>\n      <td>Google<\/td>\n      <td>Recuerda la aceptaci\u00f3n de cookies<\/td>\n      <td>Sesi\u00f3n<\/td>\n    <\/tr>\n    <tr>\n      <td>SIDCC<\/td>\n      <td>Google<\/td>\n      <td>Recopile informaci\u00f3n an\u00f3nima sobre la navegaci\u00f3n<\/td>\n      <td>2 a\u00f1os<\/td>\n    <\/tr>\n    <tr>\n      <td>Dividir<\/td>\n      <td>Google<\/td>\n      <td>Recopile informaci\u00f3n an\u00f3nima sobre la navegaci\u00f3n<\/td>\n      <td>24 horas<\/td>\n    <\/tr>\n    <tr>\n      <td>OTZ, NID<\/td>\n      <td>Google<\/td>\n      <td>Personalizaci\u00f3n de anuncios basada en intereses de usuario<\/td>\n      <td>seis meses<\/td>\n    <\/tr>\n  <\/tbody>\n<\/table>\t\t\t\t\t\t\t\t<\/div>\n\t\t\t\t<div class=\"elementor-element elementor-element-21a0d67 elementor-widget elementor-widget-text-editor\" data-id=\"21a0d67\" data-element_type=\"widget\" data-e-type=\"widget\" data-widget_type=\"text-editor.default\">\n\t\t\t\t\t\t\t\t\t<h2><strong>GALLETAS EN - DESACTIVAR EN LOS NAVEGADORES M\u00c1S USADOS<\/strong><\/h2>\n<p>Normalmente, es posible dejar de aceptar las cookies del navegador, o dejar de aceptar las cookies de un servicio espec\u00edfico.<\/p>\n<p>Todos los navegadores modernos permiten cambiar la configuraci\u00f3n de las cookies. Estas configuraciones se encuentran normalmente en la <strong>\u2018Opciones\u2019<\/strong> o <strong>\u2018Preferencias\u2019<\/strong> del men\u00fa de su navegador.<\/p>\n<p>Adem\u00e1s, usted puede tambi\u00e9n su navegador o su programa de correo electr\u00f3nico configurar.<\/p>\n<p>A continuaci\u00f3n, se informa al usuario sobre los pasos para acceder al men\u00fa de configuraci\u00f3n de cookies y, en su caso, a la navegaci\u00f3n privada en cada uno de los principales navegadores:<\/p>\n<ul>\n<li>\n<p><strong>Internet Explorer:<\/strong> Extra \u2192 Opciones de Internet \u2192 Privacidad \u2192 Configuraci\u00f3n.<\/p>\n<p>Para m\u00e1s informaci\u00f3n, puede <a href=\"https:\/\/support.microsoft.com\/es-es\/windows\" target=\"_blank\" rel=\"noopener\">soporte de Microsoft<\/a> Ayuda del navegador.<\/p>\n<\/li>\n<li>\n<p><strong>Firefox<\/strong> Extra \u2192 Opciones \u2192 Privacidad \u2192 Historial \u2192 Configuraciones personalizadas.<\/p>\n<p>Para m\u00e1s informaci\u00f3n, puede <a href=\"http:\/\/support.mozilla.org\/es\/home\" target=\"_blank\" rel=\"noopener\">soporte de Mozilla<\/a> Ayuda del navegador.<\/p>\n<\/li>\n<li>\n<p><strong>Cromo:<\/strong> Configuraci\u00f3n \u2192 Mostrar configuraci\u00f3n avanzada \u2192 Privacidad \u2192 Configuraci\u00f3n de contenido.<\/p>\n<p>Para m\u00e1s informaci\u00f3n, puede <a href=\"http:\/\/support.google.com\/chrome\/?hl=es\" target=\"_blank\" rel=\"noopener\">apoyo de Google<\/a> Ayuda del navegador.<\/p>\n<\/li>\n<li>\n<p><strong>Safari:<\/strong> Preferencias \u2192 Seguridad.<\/p>\n<p>Para m\u00e1s informaci\u00f3n, puede <a href=\"http:\/\/www.apple.com\/es\/support\/safari\/\" target=\"_blank\" rel=\"noopener\">soporte de Apple<\/a> Ayuda del navegador.<\/p>\n<\/li>\n<\/ul>\n<h2><strong>\u00bfQu\u00e9 sucede si las cookies se desactivan?<\/strong><\/h2>\n<p>Algunas funcionalidades de los servicios se desactivar\u00e1n.<\/p>\n<h3><!-- notionvc: 1b43418a-8654-4b59-9cc4-2cedfaddaeea --><\/h3>\n<h3><!-- notionvc: 099a30c0-1091-42a0-a225-897ea32c600d --><\/h3>\n<p><!-- notionvc: 08c2fc20-f1f3-4939-a55b-cbe6dc5a94bb --><\/p>\t\t\t\t\t\t\t\t<\/div>\n\t\t\t\t\t<\/div>\n\t\t\t\t<\/div>\n\t\t\t\t<\/div>","protected":false},"excerpt":{"rendered":"<p>COOKIEVERKLARING DEFINITIE EN ALGEMENE FUNCTIE VAN COOKIES Cookies zijn identificatoren die wij via uw webbrowser naar de harde schijf van uw computer sturen, zodat onze systemen uw browser kunnen herkennen en u bepaalde diensten kunnen aanbieden. Over het algemeen kunnen deze technologie\u00ebn voor zeer uiteenlopende doeleinden worden gebruikt, bijvoorbeeld om u als gebruiker te herkennen, [&hellip;]<\/p>\n","protected":false},"author":1,"featured_media":0,"parent":0,"menu_order":0,"comment_status":"closed","ping_status":"closed","template":"","meta":{"footnotes":""},"class_list":["post-5383","page","type-page","status-publish","hentry"],"_links":{"self":[{"href":"https:\/\/grupoxandra.eu\/es\/wp-json\/wp\/v2\/pages\/5383","targetHints":{"allow":["GET"]}}],"collection":[{"href":"https:\/\/grupoxandra.eu\/es\/wp-json\/wp\/v2\/pages"}],"about":[{"href":"https:\/\/grupoxandra.eu\/es\/wp-json\/wp\/v2\/types\/page"}],"author":[{"embeddable":true,"href":"https:\/\/grupoxandra.eu\/es\/wp-json\/wp\/v2\/users\/1"}],"replies":[{"embeddable":true,"href":"https:\/\/grupoxandra.eu\/es\/wp-json\/wp\/v2\/comments?post=5383"}],"version-history":[{"count":10,"href":"https:\/\/grupoxandra.eu\/es\/wp-json\/wp\/v2\/pages\/5383\/revisions"}],"predecessor-version":[{"id":5415,"href":"https:\/\/grupoxandra.eu\/es\/wp-json\/wp\/v2\/pages\/5383\/revisions\/5415"}],"wp:attachment":[{"href":"https:\/\/grupoxandra.eu\/es\/wp-json\/wp\/v2\/media?parent=5383"}],"curies":[{"name":"wp","href":"https:\/\/api.w.org\/{rel}","templated":true}]}}