{"id":5382,"date":"2026-02-03T11:00:14","date_gmt":"2026-02-03T11:00:14","guid":{"rendered":"https:\/\/grupoxandra.eu\/?page_id=5382"},"modified":"2026-02-03T11:02:52","modified_gmt":"2026-02-03T11:02:52","slug":"privacybeleid","status":"publish","type":"page","link":"https:\/\/grupoxandra.eu\/es\/privacybeleid\/","title":{"rendered":"POL\u00cdTICA DE PRIVACIDAD"},"content":{"rendered":"<div data-elementor-type=\"wp-page\" data-elementor-id=\"5382\" class=\"elementor elementor-5382\" data-elementor-post-type=\"page\">\n\t\t\t\t<div class=\"elementor-element elementor-element-724a688f e-flex e-con-boxed e-con e-parent\" data-id=\"724a688f\" data-element_type=\"container\" data-e-type=\"container\">\n\t\t\t\t\t<div class=\"e-con-inner\">\n\t\t\t\t<div class=\"elementor-element elementor-element-3012bb7 elementor-widget elementor-widget-heading\" data-id=\"3012bb7\" data-element_type=\"widget\" data-e-type=\"widget\" data-widget_type=\"heading.default\">\n\t\t\t\t\t<h1 class=\"elementor-heading-title elementor-size-default\">POL\u00cdTICA DE PRIVACIDAD<\/h1>\t\t\t\t<\/div>\n\t\t\t\t<div class=\"elementor-element elementor-element-25a0ca2c elementor-widget elementor-widget-text-editor\" data-id=\"25a0ca2c\" data-element_type=\"widget\" data-e-type=\"widget\" data-widget_type=\"text-editor.default\">\n\t\t\t\t\t\t\t\t\t<h2><strong>\u00bfQUI\u00c9N ES RESPONSABLE DEL TRATAMIENTO DE SUS DATOS?<\/strong><\/h2>\n<p><strong>Controlador:<\/strong> GRUPO XANDRAVK, S.L.<\/p>\n<p><strong>CIF:<\/strong> B54135660<\/p>\n<p><strong>Direcci\u00f3n postal:<\/strong> Laseda Gastro Village - Alicante Golf, Avenida Locutor Vicente Hip\u00f3lito, 03540, Alicante, Espa\u00f1a<\/p>\n<p><strong>Direcci\u00f3n de correo electr\u00f3nico:<\/strong> <a href=\"mailto:info@grupoxandra.eu\">info@grupoxandra.eu<\/a><\/p>\n<h2><strong>\u00bfQU\u00c9 TIPO DE DATOS TRATAMOS?<\/strong><\/h2>\n<p>Dependiendo de los productos, servicios o funcionalidades que desee utilizar, podemos procesar diferentes tipos de datos. En general, esto incluye los siguientes datos:<\/p>\n<ul>\n<li><strong>Datos de identificaci\u00f3n<\/strong> (por ejemplo, nombre, apellidos, idioma, pa\u00eds desde el que se comunica con nosotros, datos de contacto, etc.).<\/li>\n<li><strong>Datos de conexi\u00f3n, geolocalizaci\u00f3n y navegaci\u00f3n<\/strong> (por ejemplo, cuando se comunica con nosotros a trav\u00e9s de un dispositivo m\u00f3vil)<\/li>\n<li><strong>Informaci\u00f3n comercial<\/strong>, si est\u00e1 suscrito a nuestro bolet\u00edn de noticias<\/li>\n<li><strong>Datos sobre sus preferencias e intereses<\/strong><\/li>\n<\/ul>\n<p>Cuando le pidamos que introduzca datos personales para acceder a una determinada funcionalidad o servicio del sitio web, algunos campos se marcar\u00e1n como obligatorios, ya que son necesarios para prestar el servicio.<\/p>\n<p>Si decide no facilitar estos datos, es posible que no pueda registrarse o utilizar determinados servicios o funcionalidades.<\/p>\n<h2><strong>\u00bfCON QU\u00c9 FINES TRATAMOS SUS DATOS PERSONALES?<\/strong><\/h2>\n<p>Dependiendo de su interacci\u00f3n con nuestro sitio web, procesamos sus datos personales para los siguientes fines:<\/p>\n<p><strong>Tramitaci\u00f3n de las solicitudes<\/strong><\/p>\n<p>Para gestionar las solicitudes o consultas que nos env\u00ede a trav\u00e9s de los distintos canales de nuestro sitio web.<\/p>\n<p>S\u00f3lo tratamos los datos personales estrictamente necesarios para gestionar o responder a su solicitud.<\/p>\n<p><strong>Marketing<\/strong><\/p>\n<p>Si se suscribe a nuestro bolet\u00edn, utilizamos sus datos personales para enviarle peri\u00f3dicamente noticias de la empresa y comunicaciones informativas.<\/p>\n<p>Puede darse de baja gratuitamente en cualquier momento a trav\u00e9s de la direcci\u00f3n de correo electr\u00f3nico del responsable del tratamiento o mediante las instrucciones que figuran en cada comunicaci\u00f3n.<\/p>\n<p><strong>Gesti\u00f3n de redes sociales<\/strong><\/p>\n<p>Si nos sigue o se pone en contacto con nosotros a trav\u00e9s de las redes sociales, tratamos los datos que nos facilita a trav\u00e9s de estas redes \u00fanicamente para responder a sus mensajes o comentarios y para gestionar nuestra lista de contactos.<\/p>\n<p><strong>An\u00e1lisis de uso y calidad (cookies)<\/strong><\/p>\n<p>Cuando visita nuestro sitio web, procesamos los datos de navegaci\u00f3n con fines anal\u00edticos y estad\u00edsticos, para comprender el uso del sitio web y realizar mejoras.<\/p>\n<p>Adem\u00e1s, a veces llevamos a cabo acciones de calidad y encuestas de satisfacci\u00f3n para identificar \u00e1reas de mejora.<\/p>\n<h2><strong>\u00bfCU\u00c1L ES LA BASE JUR\u00cdDICA PARA EL TRATAMIENTO DE SUS DATOS?<\/strong><\/h2>\n<p>La base jur\u00eddica para el tratamiento de sus datos personales depende de la finalidad del tratamiento:<\/p>\n<ul>\n<li><strong>Solicitudes de informaci\u00f3n:<\/strong> su consentimiento informado<\/li>\n<li><strong>Marketing:<\/strong> su consentimiento expl\u00edcito<\/li>\n<li><strong>Redes sociales:<\/strong> su consentimiento informado cuando se ponga en contacto con nosotros o nos siga<\/li>\n<li><strong>Galletas:<\/strong> su consentimiento para la instalaci\u00f3n de cookies a trav\u00e9s de nuestro sitio web<\/li>\n<\/ul>\n<h2><strong>\u00bfCU\u00c1NTO TIEMPO CONSERVAMOS SUS DATOS?<\/strong><\/h2>\n<ul>\n<li><strong>Solicitudes de informaci\u00f3n:<\/strong> durante el tiempo necesario para tramitar su solicitud y, posteriormente <strong>1 a\u00f1o<\/strong><\/li>\n<li><strong>Marketing:<\/strong> hasta que cancele su suscripci\u00f3n al bolet\u00edn<\/li>\n<li><strong>Redes sociales:<\/strong> el tiempo necesario para tramitar su solicitud y mientras sea nuestro seguidor<\/li>\n<\/ul>\n<h2><strong>\u00bfCOMPARTIMOS SUS DATOS CON TERCEROS?<\/strong><\/h2>\n<p>Los datos personales no se facilitar\u00e1n a terceros salvo en los siguientes casos:<\/p>\n<ul>\n<li>obligaci\u00f3n legal<\/li>\n<li>su consentimiento expl\u00edcito<\/li>\n<li>inter\u00e9s leg\u00edtimo, del que se le informar\u00e1 previamente<\/li>\n<\/ul>\n<p>Estamos activos en las siguientes redes sociales: Facebook, LinkedIn, X, Instagram y YouTube, para informar a nuestros seguidores sobre novedades y servicios.<\/p>\n<p>Puede visitar voluntariamente estas redes a trav\u00e9s de los enlaces de nuestro sitio web o directamente a trav\u00e9s de su navegador o aplicaci\u00f3n.<\/p>\n<p>No somos responsables del uso de sus datos por parte de estas redes sociales. Sin embargo, cuando los datos resultan de una interacci\u00f3n con nuestras cuentas oficiales, somos corresponsables del tratamiento junto con la red social correspondiente.<\/p>\n<p>Consulte la pol\u00edtica de privacidad de cada red social antes de utilizarla:<\/p>\n<ul>\n<li>Facebook: <a href=\"https:\/\/es-es.facebook.com\/privacy\/explanation\" target=\"_blank\" rel=\"noopener\">https:\/\/es-es.facebook.com\/privacy\/explanation<\/a><\/li>\n<li>LinkedIn: <a href=\"https:\/\/es.linkedin.com\/legal\/privacy-policy\" target=\"_blank\" rel=\"noopener\">https:\/\/es.linkedin.com\/legal\/privacy-policy<\/a><\/li>\n<li>Instagram: <a href=\"https:\/\/privacycenter.instagram.com\/policy\/?entry_point=ig_help_center_data_policy_redirect\" target=\"_blank\" rel=\"noopener\">https:\/\/privacycenter.instagram.com\/policy\/?entry_point=ig_help_center_data_policy_redirect<\/a><\/li>\n<\/ul>\n<p><strong>Transferencias internacionales de datos<\/strong><\/p>\n<p>Cualquier transferencia internacional de datos personales (por ejemplo, a trav\u00e9s de cookies o redes sociales) se basa en su consentimiento expl\u00edcito, a menos que exista una decisi\u00f3n de adecuaci\u00f3n, garant\u00edas apropiadas u otra base jur\u00eddica.<\/p>\n<h2><strong>\u00bfQU\u00c9 DERECHOS TIENE?<\/strong><\/h2>\n<p>Respetamos la confidencialidad de sus datos personales y garantizamos el ejercicio de sus derechos.<\/p>\n<p>Puede ejercer sus derechos gratuitamente enviando un correo electr\u00f3nico a <a href=\"mailto:info@grupoxandra.eu\">info@grupoxandra.eu<\/a> , indicando su solicitud y el derecho que desea ejercer.<\/p>\n<p>En caso necesario, podemos pedirle una prueba de identidad para verificar su identidad.<\/p>\n<p>Tienes derecho a:<\/p>\n<ul>\n<li>acceder a sus datos personales<\/li>\n<li>corregir los datos incorrectos<\/li>\n<li>borrar sus datos cuando ya no los necesite<\/li>\n<li>limitar el tratamiento<\/li>\n<li>retirar su consentimiento en cualquier momento<\/li>\n<li>recibir sus datos en un formato estructurado, com\u00fan y legible por m\u00e1quina y transferirlos a otro responsable del tratamiento<\/li>\n<li>oponerse al tratamiento basado en el inter\u00e9s leg\u00edtimo<\/li>\n<\/ul>\n<p>Adem\u00e1s, tiene derecho a presentar una reclamaci\u00f3n ante la autoridad de control competente, en particular el <strong>Autoridad Espa\u00f1ola de Protecci\u00f3n de Datos (AEPD)<\/strong>:<\/p>\n<p><a href=\"https:\/\/www.aepd.es\/portalwebAGPD\/index-ides-idphp.php\" target=\"_blank\" rel=\"noopener\">https:\/\/www.aepd.es\/portalwebAGPD\/index-ides-idphp.php<\/a><\/p>\n<h2><strong>CAMBIOS EN LA POL\u00cdTICA DE PRIVACIDAD<\/strong><\/h2>\n<p>Podemos modificar esta pol\u00edtica de privacidad siempre que lo consideremos necesario. En caso de cambios sustanciales, le informaremos a trav\u00e9s del sitio web o por correo electr\u00f3nico para que pueda revisar los cambios y, si lo desea, oponerse o darse de baja de un servicio.<\/p>\n<h2><strong>INFORMACI\u00d3N SOBRE COOKIES<\/strong><\/h2>\n<p>Utilizamos cookies y tecnolog\u00edas similares para facilitar su navegaci\u00f3n, analizar c\u00f3mo interact\u00faa con nuestro sitio web y, en determinados casos, mostrar anuncios personalizados.<\/p>\n<p>Lea nuestro <strong>Declaraci\u00f3n sobre cookies<\/strong> para obtener m\u00e1s informaci\u00f3n sobre las cookies utilizadas, sus finalidades y otros detalles pertinentes.<\/p>\n<p><!-- notionvc: 5101894c-798e-4333-b4bd-e441762768dc --><\/p>\t\t\t\t\t\t\t\t<\/div>\n\t\t\t\t\t<\/div>\n\t\t\t\t<\/div>\n\t\t\t\t<\/div>","protected":false},"excerpt":{"rendered":"<p>PRIVACYBELEID WIE IS VERANTWOORDELIJK VOOR DE VERWERKING VAN UW GEGEVENS? Verwerkingsverantwoordelijke: GRUPO XANDRAVK, S.L. CIF: B54135660 Postadres: Laseda Gastro Village \u2013 Alicante Golf, Avenida Locutor Vicente Hip\u00f3lito, 03540, Alicante, Spanje E-mailadres: info@grupoxandra.eu WELKE SOORT GEGEVENS VERWERKEN WIJ? Afhankelijk van de producten, diensten of functionaliteiten waarvan u gebruik wenst te maken, kunnen wij verschillende soorten gegevens [&hellip;]<\/p>\n","protected":false},"author":1,"featured_media":0,"parent":0,"menu_order":0,"comment_status":"closed","ping_status":"closed","template":"","meta":{"footnotes":""},"class_list":["post-5382","page","type-page","status-publish","hentry"],"_links":{"self":[{"href":"https:\/\/grupoxandra.eu\/es\/wp-json\/wp\/v2\/pages\/5382","targetHints":{"allow":["GET"]}}],"collection":[{"href":"https:\/\/grupoxandra.eu\/es\/wp-json\/wp\/v2\/pages"}],"about":[{"href":"https:\/\/grupoxandra.eu\/es\/wp-json\/wp\/v2\/types\/page"}],"author":[{"embeddable":true,"href":"https:\/\/grupoxandra.eu\/es\/wp-json\/wp\/v2\/users\/1"}],"replies":[{"embeddable":true,"href":"https:\/\/grupoxandra.eu\/es\/wp-json\/wp\/v2\/comments?post=5382"}],"version-history":[{"count":4,"href":"https:\/\/grupoxandra.eu\/es\/wp-json\/wp\/v2\/pages\/5382\/revisions"}],"predecessor-version":[{"id":5394,"href":"https:\/\/grupoxandra.eu\/es\/wp-json\/wp\/v2\/pages\/5382\/revisions\/5394"}],"wp:attachment":[{"href":"https:\/\/grupoxandra.eu\/es\/wp-json\/wp\/v2\/media?parent=5382"}],"curies":[{"name":"wp","href":"https:\/\/api.w.org\/{rel}","templated":true}]}}