{"id":5374,"date":"2026-02-03T10:55:10","date_gmt":"2026-02-03T10:55:10","guid":{"rendered":"https:\/\/grupoxandra.eu\/?page_id=5374"},"modified":"2026-02-03T10:58:30","modified_gmt":"2026-02-03T10:58:30","slug":"juridisch","status":"publish","type":"page","link":"https:\/\/grupoxandra.eu\/es\/juridisch\/","title":{"rendered":"JURIDISCH"},"content":{"rendered":"<div data-elementor-type=\"wp-page\" data-elementor-id=\"5374\" class=\"elementor elementor-5374\" data-elementor-post-type=\"page\">\n\t\t\t\t<div class=\"elementor-element elementor-element-724a688f e-flex e-con-boxed e-con e-parent\" data-id=\"724a688f\" data-element_type=\"container\" data-e-type=\"container\">\n\t\t\t\t\t<div class=\"e-con-inner\">\n\t\t\t\t<div class=\"elementor-element elementor-element-3012bb7 elementor-widget elementor-widget-heading\" data-id=\"3012bb7\" data-element_type=\"widget\" data-e-type=\"widget\" data-widget_type=\"heading.default\">\n\t\t\t\t\t<h1 class=\"elementor-heading-title elementor-size-default\">JURIDSCH<\/h1>\t\t\t\t<\/div>\n\t\t\t\t<div class=\"elementor-element elementor-element-25a0ca2c elementor-widget elementor-widget-text-editor\" data-id=\"25a0ca2c\" data-element_type=\"widget\" data-e-type=\"widget\" data-widget_type=\"text-editor.default\">\n\t\t\t\t\t\t\t\t\t\n<p>Le rogamos que lea atentamente todas las disposiciones del presente Aviso Legal antes de utilizar este sitio web. Los siguientes t\u00e9rminos son vinculantes para todos los usuarios del mismo.<\/p>\n\n<p>Para dar cumplimiento con el deber de informaci\u00f3n recogido en la Ley 34\/2002, de 11 de julio, de Servicios de la Sociedad de la Informaci\u00f3n y de Comercio Electr\u00f3nico (LSSI-CE), a continuaci\u00f3n se indican los datos de informaci\u00f3n general de este sitio web.<\/p>\n\n<p>La finalidad de este texto es informarle de forma detallada sobre las funcionalidades de este sitio web y facilitarle la informaci\u00f3n relativa al titular del sitio web y a la finalidad del contenido del mismo.<\/p>\n\n<h2 class=\"wp-block-heading\"><strong>DATOS DE IDENTIFICACI\u00d3N<\/strong><\/h2>\n\n<p>El presente Aviso Legal regula el uso del sitio web <a href=\"https:\/\/www.grupoxandra.eu\/\">https:\/\/www.grupoxandra.eu\/<\/a> y le informa, de conformidad con la Ley 34\/2002, de 11 de julio, de Servicios de la Sociedad de la Informaci\u00f3n y Comercio Electr\u00f3nico:<\/p>\n\n<p><strong>Nombre de la empresa:<\/strong> GrupoXandravk S.L.<\/p>\n\n<p><strong>Direcci\u00f3n:<\/strong> Laseda Gastro Village - Alicante Golf, Avenida Locutor Vicente Hip\u00f3lito, 03540, San Juan Playa, Alicante (Espa\u00f1a)<\/p>\n\n<p><strong>Direcci\u00f3n de correo electr\u00f3nico:<\/strong> <a href=\"mailto:info@grupoxandra.eu\">info@grupoxandra.eu<\/a><\/p>\n\n<p><strong>Tel\u00e9fono de contacto:<\/strong> +34 965 637 134<\/p>\n\n<p><strong>N\u00famero de IVA\/IVA (CIF):<\/strong> B54135660<\/p>\n\n<p><strong>Datos de inscripci\u00f3n:<\/strong> Registro Mercantil de la Provincia: Alicante, Tomo 3112, Libro -, Folio 50, Secci\u00f3n -, Hoja 102338, Inscripci\u00f3n 1\u00aa.<\/p>\n\n<p><strong>Representante legal:<\/strong> Sandra Anna Rachel van Kerckhova<\/p>\n\n<p><strong>Agente no.:<\/strong> 78 98 12 88<\/p>\n\n<p><strong>C\u00f3digo Deontol\u00f3gico de la Mediaci\u00f3n de Seguros del Consejo General de Corredores de Seguros:<\/strong><\/p>\n\n<figure class=\"wp-block-embed\">\n<div class=\"wp-block-embed__wrapper\">https:\/\/colmedse.org\/wp-content\/uploads\/2018\/05\/Codigo-Deontologico.pdf<\/div>\n<\/figure>\n\n<h2 class=\"wp-block-heading\"><strong>USO DEL SITIO WEB Y OBLIGACIONES DE LOS USUARIOS<\/strong><\/h2>\n\n<p>El usuario se compromete a utilizar el sitio web, sus contenidos y servicios de conformidad con la legislaci\u00f3n aplicable, los usos generalmente aceptados y el orden p\u00fablico. Queda prohibido el uso del sitio web con fines il\u00edcitos o lesivos contra GrupoXandravk S.L. o terceros que, de cualquier forma, puedan causar perjuicio o impedir el normal uso del sitio web.<\/p>\n\n<p>GrupoXandravk S.L. garantiza que los contenidos y servicios que se ofrecen a trav\u00e9s del portal respetan el principio de dignidad de la persona, as\u00ed como la protecci\u00f3n de la infancia y la juventud y la no-discriminaci\u00f3n por motivos de raza, sexo, religi\u00f3n, opini\u00f3n, nacionalidad, discapacidad o cualquier otra circunstancia personal o social.<\/p>\n\n<p>Las presentes Condiciones Generales de Uso del sitio web no confieren al usuario ning\u00fan derecho de utilizaci\u00f3n, modificaci\u00f3n, explotaci\u00f3n, reproducci\u00f3n, distribuci\u00f3n o comunicaci\u00f3n p\u00fablica de los contenidos del sitio web distintos de los aqu\u00ed expresamente previstos.<\/p>\n\n<p>Los contenidos (informaci\u00f3n, archivos de sonido y\/o imagen, fotograf\u00edas, dise\u00f1os, etc.) del portal son propiedad de GrupoXandravk S.L. o son distribuidos l\u00edcitamente por \u00e9sta con el consentimiento de los titulares de los derechos.<\/p>\n\n<p>GrupoXandravk S.L. se compromete a no realizar publicidad enga\u00f1osa y, por tanto, queda prohibida:<\/p>\n\n<ul class=\"wp-block-list\">\n<li>Utilizaci\u00f3n con fines comerciales o publicitarios distintos de los expresamente autorizados.<\/li>\n\n<li>Reproducci\u00f3n, publicaci\u00f3n, distribuci\u00f3n o modificaci\u00f3n, total o parcial, a menos que se haya obtenido previamente permiso por escrito de los titulares de los derechos o est\u00e9 permitido por la ley.<\/li>\n\n<li>Cualquier vulneraci\u00f3n de los derechos de GrupoXandravk S.L. o de sus titulares sobre los mismos.<\/li>\n<\/ul>\n\n<h2 class=\"wp-block-heading\"><strong>PROPIEDAD INTELECTUAL E INDUSTRIAL<\/strong><\/h2>\n\n<p>El usuario reconoce y acepta que todos los derechos de propiedad intelectual e industrial sobre los contenidos y\/o cualesquiera otros elementos insertados en el sitio web pertenecen a GrupoXandravk S.L. o dispone de la autorizaci\u00f3n necesaria para su difusi\u00f3n a trav\u00e9s del mismo.<\/p>\n\n<p>En el caso de que un usuario o un tercero consideren que se ha producido una violaci\u00f3n de sus derechos de propiedad intelectual por la introducci\u00f3n de un determinado contenido en la web, deber\u00e1 notificar dicha circunstancia a GrupoXandravk S.L. indicando lo siguiente:<\/p>\n\n<ul class=\"wp-block-list\">\n<li>Datos del titular de los derechos supuestamente infringidos o representaci\u00f3n con la que act\u00faa en caso de que la reclamaci\u00f3n la presente un tercero.<\/li>\n\n<li>El contenido protegido y su ubicaci\u00f3n en el sitio web, la prueba de los derechos de propiedad intelectual y una declaraci\u00f3n expl\u00edcita en la que se acepte la responsabilidad de la exactitud de la informaci\u00f3n facilitada.<\/li>\n<\/ul>\n\n<h2 class=\"wp-block-heading\"><strong>IZQUIERDA<\/strong><\/h2>\n\n<p>Este sitio web contiene enlaces a otros sitios web propios y a contenidos propiedad de terceros.<\/p>\n\n<p><strong>P\u00e1ginas web propias:<\/strong><\/p>\n\n<p><a href=\"http:\/\/www.autoverzekeringspanje.com\" target=\"_blank\" rel=\"noopener\">**www.autoverzekeringspanje.com<\/a>**<\/p>\n\n<p><a href=\"http:\/\/www.zorgverzekeringspanje.com\" target=\"_blank\" rel=\"noopener\">**www.zorgverzekeringspanje.com<\/a>**<\/p>\n\n<p><a href=\"http:\/\/www.ziekteverzekeringspanje.com\" target=\"_blank\" rel=\"noopener\">**www.ziekteverzekeringspanje.com<\/a>**<\/p>\n\n<p><a href=\"http:\/\/www.opstalverzekeringspanje.com\" target=\"_blank\" rel=\"noopener\">**www.opstalverzekeringspanje.com<\/a>**<\/p>\n\n<p><a href=\"http:\/\/www.levensverzekeringspanje.com\" target=\"_blank\" rel=\"noopener\">**www.levensverzekeringspanje.com<\/a>**<\/p>\n\n<p><a href=\"http:\/\/www.hospitaalverzekeringspanje.com\" target=\"_blank\" rel=\"noopener\">**www.hospitaalverzekeringspanje.com<\/a>**<\/p>\n\n<p>El \u00fanico objeto de los enlaces es permitir al usuario el acceso a dichos sitios web. GrupoXandravk S.L. no se responsabiliza en ning\u00fan caso de los resultados que puedan derivarse al usuario por acceso a dichos enlaces.<\/p>\n\n<p>El establecimiento del enlace no implica en ning\u00fan caso la existencia de relaciones entre GrupoXandravk S.L. y el propietario de la p\u00e1gina web en la que se establezca, ni la aprobaci\u00f3n o aceptaci\u00f3n por parte de GrupoXandravk S.L. de sus contenidos o servicios.<\/p>\n\n<p>La p\u00e1gina web en la que se establezca el enlace no podr\u00e1 contener ninguna marca, nombre comercial, logotipo, eslogan u otros signos distintivos propiedad de GrupoXandravk S.L., salvo autorizaci\u00f3n expresa de \u00e9ste.<\/p>\n\n<h2 class=\"wp-block-heading\"><strong>MODIFICACI\u00d3N UNILATERAL Y DURACI\u00d3N<\/strong><\/h2>\n\n<p>GrupoXandravk S.L. se reserva la facultad de modificar, en cualquier momento, y sin aviso previo, la presentaci\u00f3n y configuraci\u00f3n del sitio web y del presente Aviso Legal.<\/p>\n\n<h2 class=\"wp-block-heading\"><strong>EXCLUSI\u00d3N DE GARANT\u00cdAS Y DE RESPONSABILIDAD<\/strong><\/h2>\n\n<p>GrupoXandravk S.L. no otorga ninguna garant\u00eda ni se hace responsable, en ning\u00fan caso, de los da\u00f1os y perjuicios de cualquier naturaleza que pudieran traer causa de:<\/p>\n\n<ul class=\"wp-block-list\">\n<li>La falta de disponibilidad, mantenimiento o efectivo funcionamiento del sitio web y\/o de sus servicios o contenidos.<\/li>\n\n<li>La presencia de virus, programas maliciosos o da\u00f1inos en el contenido.<\/li>\n\n<li>El uso il\u00edcito, negligente, fraudulento o contrario a las presentes condiciones, a la buena fe, a los usos generalmente aceptados o al orden p\u00fablico por parte de los usuarios.<\/li>\n<\/ul>\n\n<h2 class=\"wp-block-heading\"><strong>TRATAMIENTO DE DATOS PERSONALES<\/strong><\/h2>\n\n<p>GrupoXandravk S.L. tiene, seg\u00fan consta en su <strong>\u201cPOL\u00cdTICA DE PRIVACIDAD\u201d<\/strong> a los que se puede acceder en este sitio web, ha implantado niveles de seguridad adecuados a los datos que trata y gestiona, y ha adoptado todos los medios y medidas t\u00e9cnicas a su alcance para garantizar su confidencialidad y evitar el mal uso, p\u00e9rdida, alteraci\u00f3n, acceso no autorizado y robo.<\/p>\n\n<h2 class=\"wp-block-heading\"><strong>LEY APLICABLE Y TRIBUNAL COMPETENTE<\/strong><\/h2>\n\n<p>Para la resoluci\u00f3n de todas las controversias o cuestiones relacionadas con el presente sitio web o de las actividades en \u00e9l desarrolladas, ser\u00e1 de aplicaci\u00f3n la legislaci\u00f3n espa\u00f1ola, a la que se someten expresamente las partes. Para los litigios en los que el demandante tenga la consideraci\u00f3n de consumidor, ser\u00e1n competentes los juzgados y tribunales de su domicilio; en los dem\u00e1s casos, los juzgados y tribunales competentes ser\u00e1n los de la ciudad de Alicante (provincia de Alicante, Espa\u00f1a).<\/p>\n\n<h2 class=\"wp-block-heading\"><strong>CONTACTO<\/strong><\/h2>\n\n<p>Si un usuario tiene alguna pregunta sobre este Aviso Legal o desea hacer alg\u00fan comentario, puede ponerse en contacto con nosotros por correo electr\u00f3nico o por escrito en la direcci\u00f3n mencionada en el encabezamiento de este documento.<\/p>\n\n<p>\u00a0<\/p>\n\t\t\t\t\t\t\t\t<\/div>\n\t\t\t\t\t<\/div>\n\t\t\t\t<\/div>\n\t\t\t\t<\/div>","protected":false},"excerpt":{"rendered":"<p>JURIDSCH Lees alle bepalingen van deze Juridische Kennisgeving zorgvuldig voordat u deze website gebruikt. De volgende voorwaarden zijn bindend voor elke gebruiker ervan. Ter naleving van de informatieplicht zoals vastgelegd in Wet 34\/2002 van 11 juli inzake Diensten van de Informatiemaatschappij en Elektronische Handel (LSSI-CE), wordt hieronder de algemene informatie van deze website verstrekt. Het [&hellip;]<\/p>\n","protected":false},"author":1,"featured_media":0,"parent":0,"menu_order":0,"comment_status":"closed","ping_status":"closed","template":"","meta":{"footnotes":""},"class_list":["post-5374","page","type-page","status-publish","hentry"],"_links":{"self":[{"href":"https:\/\/grupoxandra.eu\/es\/wp-json\/wp\/v2\/pages\/5374","targetHints":{"allow":["GET"]}}],"collection":[{"href":"https:\/\/grupoxandra.eu\/es\/wp-json\/wp\/v2\/pages"}],"about":[{"href":"https:\/\/grupoxandra.eu\/es\/wp-json\/wp\/v2\/types\/page"}],"author":[{"embeddable":true,"href":"https:\/\/grupoxandra.eu\/es\/wp-json\/wp\/v2\/users\/1"}],"replies":[{"embeddable":true,"href":"https:\/\/grupoxandra.eu\/es\/wp-json\/wp\/v2\/comments?post=5374"}],"version-history":[{"count":4,"href":"https:\/\/grupoxandra.eu\/es\/wp-json\/wp\/v2\/pages\/5374\/revisions"}],"predecessor-version":[{"id":5381,"href":"https:\/\/grupoxandra.eu\/es\/wp-json\/wp\/v2\/pages\/5374\/revisions\/5381"}],"wp:attachment":[{"href":"https:\/\/grupoxandra.eu\/es\/wp-json\/wp\/v2\/media?parent=5374"}],"curies":[{"name":"wp","href":"https:\/\/api.w.org\/{rel}","templated":true}]}}