{"id":4630,"date":"2026-01-14T13:48:31","date_gmt":"2026-01-14T13:48:31","guid":{"rendered":"https:\/\/grupoxandra.eu\/?page_id=4630"},"modified":"2026-02-17T16:02:26","modified_gmt":"2026-02-17T16:02:26","slug":"ik-heb-geen-allriskdekking","status":"publish","type":"page","link":"https:\/\/grupoxandra.eu\/es\/ik-heb-geen-allriskdekking\/","title":{"rendered":"Ik heb geen allriskdekking"},"content":{"rendered":"<div data-elementor-type=\"wp-page\" data-elementor-id=\"4630\" class=\"elementor elementor-4630\" data-elementor-post-type=\"page\">\n\t\t\t\t<div class=\"elementor-element elementor-element-d64681f e-con-full e-flex e-con e-parent\" data-id=\"d64681f\" data-element_type=\"container\" data-e-type=\"container\" data-settings=\"{&quot;background_background&quot;:&quot;classic&quot;}\">\n\t\t\t\t<div class=\"elementor-element elementor-element-f31a27f white-filter elementor-widget elementor-widget-image\" data-id=\"f31a27f\" data-element_type=\"widget\" data-e-type=\"widget\" data-widget_type=\"image.default\">\n\t\t\t\t\t\t\t\t\t\t\t\t\t\t\t<img fetchpriority=\"high\" decoding=\"async\" width=\"800\" height=\"189\" src=\"https:\/\/grupoxandra.eu\/wp-content\/uploads\/2025\/11\/Zurich_Insurance_Group_Logo_Horizontal.svg_-1024x242.png\" class=\"attachment-large size-large wp-image-3907\" alt=\"\" srcset=\"https:\/\/grupoxandra.eu\/wp-content\/uploads\/2025\/11\/Zurich_Insurance_Group_Logo_Horizontal.svg_-1024x242.png 1024w, https:\/\/grupoxandra.eu\/wp-content\/uploads\/2025\/11\/Zurich_Insurance_Group_Logo_Horizontal.svg_-300x71.png 300w, https:\/\/grupoxandra.eu\/wp-content\/uploads\/2025\/11\/Zurich_Insurance_Group_Logo_Horizontal.svg_-768x182.png 768w, https:\/\/grupoxandra.eu\/wp-content\/uploads\/2025\/11\/Zurich_Insurance_Group_Logo_Horizontal.svg_-1536x363.png 1536w, https:\/\/grupoxandra.eu\/wp-content\/uploads\/2025\/11\/Zurich_Insurance_Group_Logo_Horizontal.svg_-2048x484.png 2048w, https:\/\/grupoxandra.eu\/wp-content\/uploads\/2025\/11\/Zurich_Insurance_Group_Logo_Horizontal.svg_-600x142.png 600w\" sizes=\"(max-width: 800px) 100vw, 800px\" \/>\t\t\t\t\t\t\t\t\t\t\t\t\t\t\t<\/div>\n\t\t<div class=\"elementor-element elementor-element-aee40ed e-flex e-con-boxed e-con e-child\" data-id=\"aee40ed\" data-element_type=\"container\" data-e-type=\"container\">\n\t\t\t\t\t<div class=\"e-con-inner\">\n\t\t\t\t<div class=\"elementor-element elementor-element-d498456 elementor-widget elementor-widget-heading\" data-id=\"d498456\" data-element_type=\"widget\" data-e-type=\"widget\" data-widget_type=\"heading.default\">\n\t\t\t\t\t<h2 class=\"elementor-heading-title elementor-size-default\">No tengo cobertura a todo riesgo para mi seguro de coche en Espa\u00f1a<\/h2>\t\t\t\t<\/div>\n\t\t\t\t<div class=\"elementor-element elementor-element-499cbd7 elementor-widget elementor-widget-text-editor\" data-id=\"499cbd7\" data-element_type=\"widget\" data-e-type=\"widget\" data-widget_type=\"text-editor.default\">\n\t\t\t\t\t\t\t\t\t<p>\u00bfTiene alguna pregunta? Estaremos encantados de darle respuestas claras<\/p>\t\t\t\t\t\t\t\t<\/div>\n\t\t\t\t<div class=\"elementor-element elementor-element-aed8c7a elementor-align-justify elementor-widget__width-initial elementor-widget elementor-widget-button\" data-id=\"aed8c7a\" data-element_type=\"widget\" data-e-type=\"widget\" data-widget_type=\"button.default\">\n\t\t\t\t\t\t\t\t\t\t<a class=\"elementor-button elementor-button-link elementor-size-sm\" href=\"mailto:siniestros@grupoxandra.eu?subject=Schademelding%20%7C%20%5Bpolisnummer%5D&#038;body=Beste%20GrupoXandra%2C%0A%0AIk%20wil%20graag%20een%20schade%20melden.%0A%0AGegevens%3A%0A%0ANaam%3A%0A%0APolisnummer%3A%0A%0ATelefoonnummer%3A%0A%0A%0A%0ASchadegegevens%3A%0A%0ADatum%20van%20het%20schadegeval%3A%0A%0APlaats%20van%20het%20schadegeval%3A%0A%0AKorte%20beschrijving%20van%20wat%20er%20is%20gebeurd%3A%0A%0A%0A%0ABijlagen%3A%0A%0AIk%20voeg%20indien%20mogelijk%20foto%E2%80%99s%20en%2Fof%20documenten%20toe.%0A%0A%0A%0AMet%20vriendelijke%20groet%2C%0A%0A%5BUw%20naam%5D\">\n\t\t\t\t\t\t<span class=\"elementor-button-content-wrapper\">\n\t\t\t\t\t\t\t\t\t<span class=\"elementor-button-text\">Notificaci\u00f3n de da\u00f1os<\/span>\n\t\t\t\t\t<\/span>\n\t\t\t\t\t<\/a>\n\t\t\t\t\t\t\t\t<\/div>\n\t\t\t\t\t<\/div>\n\t\t\t\t<\/div>\n\t\t\t\t<\/div>\n\t\t<div class=\"elementor-element elementor-element-9edcbfd e-flex e-con-boxed e-con e-parent\" data-id=\"9edcbfd\" data-element_type=\"container\" data-e-type=\"container\" data-settings=\"{&quot;background_background&quot;:&quot;classic&quot;}\">\n\t\t\t\t\t<div class=\"e-con-inner\">\n\t\t\t\t<div class=\"elementor-element elementor-element-f36b04a elementor-widget elementor-widget-n-accordion\" data-id=\"f36b04a\" data-element_type=\"widget\" data-e-type=\"widget\" data-settings=\"{&quot;n_accordion_animation_duration&quot;:{&quot;unit&quot;:&quot;ms&quot;,&quot;size&quot;:250,&quot;sizes&quot;:[]},&quot;default_state&quot;:&quot;expanded&quot;,&quot;max_items_expended&quot;:&quot;one&quot;}\" data-widget_type=\"nested-accordion.default\">\n\t\t\t\t\t\t\t<div class=\"e-n-accordion\" aria-label=\"Acorde\u00f3n. Abra los enlaces con Intro o Espacio, ci\u00e9rrelos con Escape y navegue con las teclas de flecha.\">\n\t\t\t\t\t\t<details id=\"e-n-accordion-item-2550\" class=\"e-n-accordion-item\" open>\n\t\t\t\t<summary class=\"e-n-accordion-item-title\" data-accordion-index=\"1\" tabindex=\"0\" aria-expanded=\"true\" aria-controls=\"e-n-accordion-item-2550\" >\n\t\t\t\t\t<span class='e-n-accordion-item-title-header'><div class=\"e-n-accordion-item-title-text\"> \u00bfY si el da\u00f1o es culpa m\u00eda y hay contraparte? <\/div><\/span>\n\t\t\t\t\t\t\t\t\t<\/summary>\n\t\t\t\t<div role=\"region\" aria-labelledby=\"e-n-accordion-item-2550\" class=\"elementor-element elementor-element-f2fe5fe e-con-full e-flex e-con e-child\" data-id=\"f2fe5fe\" data-element_type=\"container\" data-e-type=\"container\">\n\t\t\t\t<div class=\"elementor-element elementor-element-9a8e91e elementor-widget elementor-widget-text-editor\" data-id=\"9a8e91e\" data-element_type=\"widget\" data-e-type=\"widget\" data-widget_type=\"text-editor.default\">\n\t\t\t\t\t\t\t\t\t<p>Si eres responsable y no tienes todo riesgo, los da\u00f1os a tu propio coche no ser\u00e1n indemnizados. S\u00ed se indemnizar\u00e1n los da\u00f1os de la otra parte.<\/p>\t\t\t\t\t\t\t\t<\/div>\n\t\t\t\t<\/div>\n\t\t\t\t\t<\/details>\n\t\t\t\t\t\t<details id=\"e-n-accordion-item-2551\" class=\"e-n-accordion-item\" >\n\t\t\t\t<summary class=\"e-n-accordion-item-title\" data-accordion-index=\"2\" tabindex=\"-1\" aria-expanded=\"false\" aria-controls=\"e-n-accordion-item-2551\" >\n\t\t\t\t\t<span class='e-n-accordion-item-title-header'><div class=\"e-n-accordion-item-title-text\"> \u00bfY si me he da\u00f1ado sin contrapartida? <\/div><\/span>\n\t\t\t\t\t\t\t\t\t<\/summary>\n\t\t\t\t<div role=\"region\" aria-labelledby=\"e-n-accordion-item-2551\" class=\"elementor-element elementor-element-bf4da48 e-con-full e-flex e-con e-child\" data-id=\"bf4da48\" data-element_type=\"container\" data-e-type=\"container\">\n\t\t\t\t<div class=\"elementor-element elementor-element-dd8d801 elementor-widget elementor-widget-text-editor\" data-id=\"dd8d801\" data-element_type=\"widget\" data-e-type=\"widget\" data-widget_type=\"text-editor.default\">\n\t\t\t\t\t\t\t\t\t<p>Sin todo riesgo, los da\u00f1os a su propio veh\u00edculo no estar\u00e1n cubiertos, ni siquiera en caso de da\u00f1os por estacionamiento o accidente de un solo veh\u00edculo, que es precisamente para lo que sirve la cobertura a todo riesgo que se pod\u00eda contratar al suscribir la p\u00f3liza.<\/p>\t\t\t\t\t\t\t\t<\/div>\n\t\t\t\t<\/div>\n\t\t\t\t\t<\/details>\n\t\t\t\t\t\t<details id=\"e-n-accordion-item-2552\" class=\"e-n-accordion-item\" >\n\t\t\t\t<summary class=\"e-n-accordion-item-title\" data-accordion-index=\"3\" tabindex=\"-1\" aria-expanded=\"false\" aria-controls=\"e-n-accordion-item-2552\" >\n\t\t\t\t\t<span class='e-n-accordion-item-title-header'><div class=\"e-n-accordion-item-title-text\"> \u00bfY si la otra parte puede ser culpable? <\/div><\/span>\n\t\t\t\t\t\t\t\t\t<\/summary>\n\t\t\t\t<div role=\"region\" aria-labelledby=\"e-n-accordion-item-2552\" class=\"elementor-element elementor-element-2ab0228 e-con-full e-flex e-con e-child\" data-id=\"2ab0228\" data-element_type=\"container\" data-e-type=\"container\">\n\t\t\t\t<div class=\"elementor-element elementor-element-7097ec5 elementor-widget elementor-widget-text-editor\" data-id=\"7097ec5\" data-element_type=\"widget\" data-e-type=\"widget\" data-widget_type=\"text-editor.default\">\n\t\t\t\t\t\t\t\t\t<p>Puedes esperar a la decisi\u00f3n de responsabilidad o recuperarte inmediatamente a tu costa tras visitar a un perito. En caso de culpa reconocida de la otra parte, puedes reclamar los gastos a posteriori.<\/p>\t\t\t\t\t\t\t\t<\/div>\n\t\t\t\t<\/div>\n\t\t\t\t\t<\/details>\n\t\t\t\t\t\t<details id=\"e-n-accordion-item-2553\" class=\"e-n-accordion-item\" >\n\t\t\t\t<summary class=\"e-n-accordion-item-title\" data-accordion-index=\"4\" tabindex=\"-1\" aria-expanded=\"false\" aria-controls=\"e-n-accordion-item-2553\" >\n\t\t\t\t\t<span class='e-n-accordion-item-title-header'><div class=\"e-n-accordion-item-title-text\"> \u00bfDebo esperar a una pericia para recuperarme? <\/div><\/span>\n\t\t\t\t\t\t\t\t\t<\/summary>\n\t\t\t\t<div role=\"region\" aria-labelledby=\"e-n-accordion-item-2553\" class=\"elementor-element elementor-element-d189893 e-con-full e-flex e-con e-child\" data-id=\"d189893\" data-element_type=\"container\" data-e-type=\"container\">\n\t\t\t\t<div class=\"elementor-element elementor-element-b92f06b elementor-widget elementor-widget-text-editor\" data-id=\"b92f06b\" data-element_type=\"widget\" data-e-type=\"widget\" data-widget_type=\"text-editor.default\">\n\t\t\t\t\t\t\t\t\t<p>S\u00ed, siempre debes pedir que te hagan una peritaci\u00f3n antes de reparar el coche si sospechas que la otra parte es culpable.<\/p>\t\t\t\t\t\t\t\t<\/div>\n\t\t\t\t<\/div>\n\t\t\t\t\t<\/details>\n\t\t\t\t\t\t<details id=\"e-n-accordion-item-2554\" class=\"e-n-accordion-item\" >\n\t\t\t\t<summary class=\"e-n-accordion-item-title\" data-accordion-index=\"5\" tabindex=\"-1\" aria-expanded=\"false\" aria-controls=\"e-n-accordion-item-2554\" >\n\t\t\t\t\t<span class='e-n-accordion-item-title-header'><div class=\"e-n-accordion-item-title-text\"> \u00bfY si la otra parte impugna el error? <\/div><\/span>\n\t\t\t\t\t\t\t\t\t<\/summary>\n\t\t\t\t<div role=\"region\" aria-labelledby=\"e-n-accordion-item-2554\" class=\"elementor-element elementor-element-09a5076 e-con-full e-flex e-con e-child\" data-id=\"09a5076\" data-element_type=\"container\" data-e-type=\"container\">\n\t\t\t\t<div class=\"elementor-element elementor-element-bd7f043 elementor-widget elementor-widget-text-editor\" data-id=\"bd7f043\" data-element_type=\"widget\" data-e-type=\"widget\" data-widget_type=\"text-editor.default\">\n\t\t\t\t\t\t\t\t\t<p>Si es as\u00ed, la tramitaci\u00f3n puede llevar m\u00e1s tiempo. Haremos un seguimiento del caso y le mantendremos informado por escrito de cada paso.<\/p>\t\t\t\t\t\t\t\t<\/div>\n\t\t\t\t<\/div>\n\t\t\t\t\t<\/details>\n\t\t\t\t\t\t<details id=\"e-n-accordion-item-2555\" class=\"e-n-accordion-item\" >\n\t\t\t\t<summary class=\"e-n-accordion-item-title\" data-accordion-index=\"6\" tabindex=\"-1\" aria-expanded=\"false\" aria-controls=\"e-n-accordion-item-2555\" >\n\t\t\t\t\t<span class='e-n-accordion-item-title-header'><div class=\"e-n-accordion-item-title-text\"> \u00bfPuedo reparar mi coche mientras el caso est\u00e1 pendiente? <\/div><\/span>\n\t\t\t\t\t\t\t\t\t<\/summary>\n\t\t\t\t<div role=\"region\" aria-labelledby=\"e-n-accordion-item-2555\" class=\"elementor-element elementor-element-758bd0a e-con-full e-flex e-con e-child\" data-id=\"758bd0a\" data-element_type=\"container\" data-e-type=\"container\">\n\t\t\t\t<div class=\"elementor-element elementor-element-7cd2e8b elementor-widget elementor-widget-text-editor\" data-id=\"7cd2e8b\" data-element_type=\"widget\" data-e-type=\"widget\" data-widget_type=\"text-editor.default\">\n\t\t\t\t\t\t\t\t\t<p>S\u00ed, puede hacerlo. Tenga en cuenta que la indemnizaci\u00f3n s\u00f3lo es posible si la responsabilidad de la contraparte est\u00e1 correctamente establecida.<\/p>\t\t\t\t\t\t\t\t<\/div>\n\t\t\t\t<\/div>\n\t\t\t\t\t<\/details>\n\t\t\t\t\t\t<details id=\"e-n-accordion-item-2556\" class=\"e-n-accordion-item\" >\n\t\t\t\t<summary class=\"e-n-accordion-item-title\" data-accordion-index=\"7\" tabindex=\"-1\" aria-expanded=\"false\" aria-controls=\"e-n-accordion-item-2556\" >\n\t\t\t\t\t<span class='e-n-accordion-item-title-header'><div class=\"e-n-accordion-item-title-text\"> \u00bfQu\u00e9 informaci\u00f3n se necesita para abrir mi expediente? <\/div><\/span>\n\t\t\t\t\t\t\t\t\t<\/summary>\n\t\t\t\t<div role=\"region\" aria-labelledby=\"e-n-accordion-item-2556\" class=\"elementor-element elementor-element-58f0257 e-con-full e-flex e-con e-child\" data-id=\"58f0257\" data-element_type=\"container\" data-e-type=\"container\">\n\t\t\t\t<div class=\"elementor-element elementor-element-ad0e72f elementor-widget elementor-widget-text-editor\" data-id=\"ad0e72f\" data-element_type=\"widget\" data-e-type=\"widget\" data-widget_type=\"text-editor.default\">\n\t\t\t\t\t\t\t\t\t<p>Un Formulario Europeo de Colisi\u00f3n debidamente cumplimentado y firmado por ambas partes. Sin esto, las posibilidades de discusiones son altas.<\/p>\t\t\t\t\t\t\t\t<\/div>\n\t\t\t\t<\/div>\n\t\t\t\t\t<\/details>\n\t\t\t\t\t\t<details id=\"e-n-accordion-item-2557\" class=\"e-n-accordion-item\" >\n\t\t\t\t<summary class=\"e-n-accordion-item-title\" data-accordion-index=\"8\" tabindex=\"-1\" aria-expanded=\"false\" aria-controls=\"e-n-accordion-item-2557\" >\n\t\t\t\t\t<span class='e-n-accordion-item-title-header'><div class=\"e-n-accordion-item-title-text\"> \u00bfEst\u00e1 cubierto el coche de sustituci\u00f3n o el servicio de gr\u00faa sin todo riesgo? <\/div><\/span>\n\t\t\t\t\t\t\t\t\t<\/summary>\n\t\t\t\t<div role=\"region\" aria-labelledby=\"e-n-accordion-item-2557\" class=\"elementor-element elementor-element-445718c e-con-full e-flex e-con e-child\" data-id=\"445718c\" data-element_type=\"container\" data-e-type=\"container\">\n\t\t\t\t<div class=\"elementor-element elementor-element-b64972a elementor-widget elementor-widget-text-editor\" data-id=\"b64972a\" data-element_type=\"widget\" data-e-type=\"widget\" data-widget_type=\"text-editor.default\">\n\t\t\t\t\t\t\t\t\t<p>El servicio de gr\u00faa est\u00e1 incluido en pr\u00e1cticamente todas nuestras p\u00f3lizas. El derecho a un coche de sustituci\u00f3n depende del m\u00f3dulo de asistencia elegido. Lo estudiamos caso por caso.<\/p>\t\t\t\t\t\t\t\t<\/div>\n\t\t\t\t<\/div>\n\t\t\t\t\t<\/details>\n\t\t\t\t\t\t<details id=\"e-n-accordion-item-2558\" class=\"e-n-accordion-item\" >\n\t\t\t\t<summary class=\"e-n-accordion-item-title\" data-accordion-index=\"9\" tabindex=\"-1\" aria-expanded=\"false\" aria-controls=\"e-n-accordion-item-2558\" >\n\t\t\t\t\t<span class='e-n-accordion-item-title-header'><div class=\"e-n-accordion-item-title-text\"> \u00bfY si tambi\u00e9n hay da\u00f1os f\u00edsicos? <\/div><\/span>\n\t\t\t\t\t\t\t\t\t<\/summary>\n\t\t\t\t<div role=\"region\" aria-labelledby=\"e-n-accordion-item-2558\" class=\"elementor-element elementor-element-d1cdfe4 e-con-full e-flex e-con e-child\" data-id=\"d1cdfe4\" data-element_type=\"container\" data-e-type=\"container\">\n\t\t\t\t<div class=\"elementor-element elementor-element-3f48a91 elementor-widget elementor-widget-text-editor\" data-id=\"3f48a91\" data-element_type=\"widget\" data-e-type=\"widget\" data-widget_type=\"text-editor.default\">\n\t\t\t\t\t\t\t\t\t<p>Los da\u00f1os f\u00edsicos se tratan por separado. Notif\u00edquelo inmediatamente para que podamos tomar las medidas oportunas.<\/p>\t\t\t\t\t\t\t\t<\/div>\n\t\t\t\t<\/div>\n\t\t\t\t\t<\/details>\n\t\t\t\t\t\t<details id=\"e-n-accordion-item-2559\" class=\"e-n-accordion-item\" >\n\t\t\t\t<summary class=\"e-n-accordion-item-title\" data-accordion-index=\"10\" tabindex=\"-1\" aria-expanded=\"false\" aria-controls=\"e-n-accordion-item-2559\" >\n\t\t\t\t\t<span class='e-n-accordion-item-title-header'><div class=\"e-n-accordion-item-title-text\"> \u00bfC\u00f3mo le ayuda concretamente GrupoXandra con los da\u00f1os del coche? <\/div><\/span>\n\t\t\t\t\t\t\t\t\t<\/summary>\n\t\t\t\t<div role=\"region\" aria-labelledby=\"e-n-accordion-item-2559\" class=\"elementor-element elementor-element-3ba2af4 e-con-full e-flex e-con e-child\" data-id=\"3ba2af4\" data-element_type=\"container\" data-e-type=\"container\">\n\t\t\t\t<div class=\"elementor-element elementor-element-6804709 elementor-widget elementor-widget-text-editor\" data-id=\"6804709\" data-element_type=\"widget\" data-e-type=\"widget\" data-widget_type=\"text-editor.default\">\n\t\t\t\t\t\t\t\t\t<p>Abriremos su expediente correctamente, le orientaremos por escrito y haremos un seguimiento de todo hasta que se complete la liquidaci\u00f3n.<\/p>\t\t\t\t\t\t\t\t<\/div>\n\t\t\t\t<\/div>\n\t\t\t\t\t<\/details>\n\t\t\t\t\t<\/div>\n\t\t\t\t\t\t<\/div>\n\t\t\t\t\t<\/div>\n\t\t\t\t<\/div>\n\t\t<div class=\"elementor-element elementor-element-6c6e940 e-con-full e-flex e-con e-parent\" data-id=\"6c6e940\" data-element_type=\"container\" data-e-type=\"container\" data-settings=\"{&quot;background_background&quot;:&quot;classic&quot;}\">\n\t\t\t\t<div class=\"elementor-element elementor-element-ba9798a white-filter elementor-widget elementor-widget-image\" data-id=\"ba9798a\" data-element_type=\"widget\" data-e-type=\"widget\" data-widget_type=\"image.default\">\n\t\t\t\t\t\t\t\t\t\t\t\t\t\t\t<img fetchpriority=\"high\" decoding=\"async\" width=\"800\" height=\"189\" src=\"https:\/\/grupoxandra.eu\/wp-content\/uploads\/2025\/11\/Zurich_Insurance_Group_Logo_Horizontal.svg_-1024x242.png\" class=\"attachment-large size-large wp-image-3907\" alt=\"\" srcset=\"https:\/\/grupoxandra.eu\/wp-content\/uploads\/2025\/11\/Zurich_Insurance_Group_Logo_Horizontal.svg_-1024x242.png 1024w, https:\/\/grupoxandra.eu\/wp-content\/uploads\/2025\/11\/Zurich_Insurance_Group_Logo_Horizontal.svg_-300x71.png 300w, https:\/\/grupoxandra.eu\/wp-content\/uploads\/2025\/11\/Zurich_Insurance_Group_Logo_Horizontal.svg_-768x182.png 768w, https:\/\/grupoxandra.eu\/wp-content\/uploads\/2025\/11\/Zurich_Insurance_Group_Logo_Horizontal.svg_-1536x363.png 1536w, https:\/\/grupoxandra.eu\/wp-content\/uploads\/2025\/11\/Zurich_Insurance_Group_Logo_Horizontal.svg_-2048x484.png 2048w, https:\/\/grupoxandra.eu\/wp-content\/uploads\/2025\/11\/Zurich_Insurance_Group_Logo_Horizontal.svg_-600x142.png 600w\" sizes=\"(max-width: 800px) 100vw, 800px\" \/>\t\t\t\t\t\t\t\t\t\t\t\t\t\t\t<\/div>\n\t\t<div class=\"elementor-element elementor-element-923eee8 e-flex e-con-boxed e-con e-child\" data-id=\"923eee8\" data-element_type=\"container\" data-e-type=\"container\">\n\t\t\t\t\t<div class=\"e-con-inner\">\n\t\t\t\t<div class=\"elementor-element elementor-element-80b2115 elementor-widget elementor-widget-heading\" data-id=\"80b2115\" data-element_type=\"widget\" data-e-type=\"widget\" data-widget_type=\"heading.default\">\n\t\t\t\t\t<h2 class=\"elementor-heading-title elementor-size-default\">\u00bfHa sufrido da\u00f1os? Nosotros nos encargamos.<\/h2>\t\t\t\t<\/div>\n\t\t\t\t<div class=\"elementor-element elementor-element-9e7fa11 elementor-widget__width-initial elementor-widget elementor-widget-text-editor\" data-id=\"9e7fa11\" data-element_type=\"widget\" data-e-type=\"widget\" data-widget_type=\"text-editor.default\">\n\t\t\t\t\t\t\t\t\t<p class=\"_28USrA AfeL7g XN6uKA _4N4NA\"><span class=\"a_GcMg\">Un siniestro ya es bastante molesto, sobre todo si est\u00e1s en otro pa\u00eds y no <\/span><span class=\"a_GcMg\">todo procede en su propio idioma. Por eso nos aseguramos de que sus da\u00f1os <\/span><span class=\"a_GcMg\">gestionados de forma correcta, clara y lo m\u00e1s fluida posible.<\/span><\/p>\t\t\t\t\t\t\t\t<\/div>\n\t\t\t\t<div class=\"elementor-element elementor-element-cc02eda elementor-align-justify elementor-widget__width-initial elementor-widget elementor-widget-button\" data-id=\"cc02eda\" data-element_type=\"widget\" data-e-type=\"widget\" data-widget_type=\"button.default\">\n\t\t\t\t\t\t\t\t\t\t<a class=\"elementor-button elementor-button-link elementor-size-sm\" href=\"mailto:siniestros@grupoxandra.eu?subject=Schademelding%20%7C%20%5Bpolisnummer%5D&#038;body=Beste%20GrupoXandra%2C%0A%0AIk%20wil%20graag%20een%20schade%20melden.%0A%0AGegevens%3A%0A%0ANaam%3A%0A%0APolisnummer%3A%0A%0ATelefoonnummer%3A%0A%0A%0A%0ASchadegegevens%3A%0A%0ADatum%20van%20het%20schadegeval%3A%0A%0APlaats%20van%20het%20schadegeval%3A%0A%0AKorte%20beschrijving%20van%20wat%20er%20is%20gebeurd%3A%0A%0A%0A%0ABijlagen%3A%0A%0AIk%20voeg%20indien%20mogelijk%20foto%E2%80%99s%20en%2Fof%20documenten%20toe.%0A%0A%0A%0AMet%20vriendelijke%20groet%2C%0A%0A%5BUw%20naam%5D\">\n\t\t\t\t\t\t<span class=\"elementor-button-content-wrapper\">\n\t\t\t\t\t\t\t\t\t<span class=\"elementor-button-text\">Notificaci\u00f3n de da\u00f1os<\/span>\n\t\t\t\t\t<\/span>\n\t\t\t\t\t<\/a>\n\t\t\t\t\t\t\t\t<\/div>\n\t\t\t\t\t<\/div>\n\t\t\t\t<\/div>\n\t\t\t\t<\/div>\n\t\t\t\t<\/div>","protected":false},"excerpt":{"rendered":"<p>Ik heb geen allriskdekking voor mijn autoverzekering in Spanje Heeft u vragen? Wij geven u graag duidelijke antwoorden Schade melden Wat als de schade mijn eigen fout is en er is een tegenpartij? Als u aansprakelijk bent en geen allrisk heeft, wordt de schade aan uw eigen wagen niet vergoed. De schade aan de tegenpartij [&hellip;]<\/p>\n","protected":false},"author":1,"featured_media":0,"parent":0,"menu_order":0,"comment_status":"closed","ping_status":"closed","template":"","meta":{"footnotes":""},"class_list":["post-4630","page","type-page","status-publish","hentry"],"_links":{"self":[{"href":"https:\/\/grupoxandra.eu\/es\/wp-json\/wp\/v2\/pages\/4630","targetHints":{"allow":["GET"]}}],"collection":[{"href":"https:\/\/grupoxandra.eu\/es\/wp-json\/wp\/v2\/pages"}],"about":[{"href":"https:\/\/grupoxandra.eu\/es\/wp-json\/wp\/v2\/types\/page"}],"author":[{"embeddable":true,"href":"https:\/\/grupoxandra.eu\/es\/wp-json\/wp\/v2\/users\/1"}],"replies":[{"embeddable":true,"href":"https:\/\/grupoxandra.eu\/es\/wp-json\/wp\/v2\/comments?post=4630"}],"version-history":[{"count":23,"href":"https:\/\/grupoxandra.eu\/es\/wp-json\/wp\/v2\/pages\/4630\/revisions"}],"predecessor-version":[{"id":6520,"href":"https:\/\/grupoxandra.eu\/es\/wp-json\/wp\/v2\/pages\/4630\/revisions\/6520"}],"wp:attachment":[{"href":"https:\/\/grupoxandra.eu\/es\/wp-json\/wp\/v2\/media?parent=4630"}],"curies":[{"name":"wp","href":"https:\/\/api.w.org\/{rel}","templated":true}]}}