{"id":4223,"date":"2025-12-05T11:40:49","date_gmt":"2025-12-05T11:40:49","guid":{"rendered":"https:\/\/grupoxandra.eu\/?page_id=4223"},"modified":"2026-02-17T13:44:40","modified_gmt":"2026-02-17T13:44:40","slug":"lange-termijn","status":"publish","type":"page","link":"https:\/\/grupoxandra.eu\/es\/lange-termijn\/","title":{"rendered":"A largo plazo"},"content":{"rendered":"<div data-elementor-type=\"wp-page\" data-elementor-id=\"4223\" class=\"elementor elementor-4223\" data-elementor-post-type=\"page\">\n\t\t\t\t<div class=\"elementor-element elementor-element-d64681f e-con-full e-flex e-con e-parent\" data-id=\"d64681f\" data-element_type=\"container\" data-e-type=\"container\" data-settings=\"{&quot;background_background&quot;:&quot;classic&quot;}\">\n\t\t\t\t<div class=\"elementor-element elementor-element-958a47d white-filter elementor-widget elementor-widget-image\" data-id=\"958a47d\" data-element_type=\"widget\" data-e-type=\"widget\" data-widget_type=\"image.default\">\n\t\t\t\t\t\t\t\t\t\t\t\t\t\t\t<img fetchpriority=\"high\" decoding=\"async\" width=\"600\" height=\"600\" src=\"https:\/\/grupoxandra.eu\/wp-content\/uploads\/2025\/11\/ARAG_Logo_neu-no-bg.webp\" class=\"attachment-large size-large wp-image-3916\" alt=\"\" srcset=\"https:\/\/grupoxandra.eu\/wp-content\/uploads\/2025\/11\/ARAG_Logo_neu-no-bg.webp 600w, https:\/\/grupoxandra.eu\/wp-content\/uploads\/2025\/11\/ARAG_Logo_neu-no-bg-300x300.webp 300w, https:\/\/grupoxandra.eu\/wp-content\/uploads\/2025\/11\/ARAG_Logo_neu-no-bg-150x150.webp 150w, https:\/\/grupoxandra.eu\/wp-content\/uploads\/2025\/11\/ARAG_Logo_neu-no-bg-100x100.webp 100w\" sizes=\"(max-width: 600px) 100vw, 600px\" \/>\t\t\t\t\t\t\t\t\t\t\t\t\t\t\t<\/div>\n\t\t<div class=\"elementor-element elementor-element-aee40ed e-flex e-con-boxed e-con e-child\" data-id=\"aee40ed\" data-element_type=\"container\" data-e-type=\"container\">\n\t\t\t\t\t<div class=\"e-con-inner\">\n\t\t\t\t<div class=\"elementor-element elementor-element-d498456 elementor-widget elementor-widget-heading\" data-id=\"d498456\" data-element_type=\"widget\" data-e-type=\"widget\" data-widget_type=\"heading.default\">\n\t\t\t\t\t<h1 class=\"elementor-heading-title elementor-size-default\">A largo plazo<\/h1>\t\t\t\t<\/div>\n\t\t\t\t<div class=\"elementor-element elementor-element-499cbd7 elementor-widget elementor-widget-text-editor\" data-id=\"499cbd7\" data-element_type=\"widget\" data-e-type=\"widget\" data-widget_type=\"text-editor.default\">\n\t\t\t\t\t\t\t\t\t<p>Seguro de defensa jur\u00eddica para el alquiler de viviendas en Espa\u00f1a.<\/p>\t\t\t\t\t\t\t\t<\/div>\n\t\t\t\t<div class=\"elementor-element elementor-element-aed8c7a elementor-align-justify elementor-widget__width-initial elementor-widget-mobile__width-inherit elementor-widget elementor-widget-button\" data-id=\"aed8c7a\" data-element_type=\"widget\" data-e-type=\"widget\" data-widget_type=\"button.default\">\n\t\t\t\t\t\t\t\t\t\t<a class=\"elementor-button elementor-button-link elementor-size-sm\" href=\"https:\/\/forms.office.com\/pages\/responsepage.aspx?id=lPxZnv3N8kWv9ICVim2EgEYY2l0YiqJJmOndgoAkhudUNTZRWVc0UzFROTZFSjg1UUc2V0cxMkVVSSQlQCN0PWcu&#038;route=shorturl\" target=\"_blank\" rel=\"noopener\">\n\t\t\t\t\t\t<span class=\"elementor-button-content-wrapper\">\n\t\t\t\t\t\t\t\t\t<span class=\"elementor-button-text\">SOLICITE SU PRESUPUESTO AHORA<\/span>\n\t\t\t\t\t<\/span>\n\t\t\t\t\t<\/a>\n\t\t\t\t\t\t\t\t<\/div>\n\t\t\t\t\t<\/div>\n\t\t\t\t<\/div>\n\t\t\t\t<\/div>\n\t\t<div class=\"elementor-element elementor-element-2ba32a8 e-con-full e-flex e-con e-parent\" data-id=\"2ba32a8\" data-element_type=\"container\" data-e-type=\"container\">\n\t\t\t\t<div class=\"elementor-element elementor-element-8ca856f elementor-widget elementor-widget-text-editor\" data-id=\"8ca856f\" data-element_type=\"widget\" data-e-type=\"widget\" data-widget_type=\"text-editor.default\">\n\t\t\t\t\t\t\t\t\t<p>Alquilar su propiedad en Espa\u00f1a durante un largo periodo de tiempo es una gran oportunidad: ingresos estables y un inquilino que realmente se instala. Pero un contrato largo tambi\u00e9n puede conllevar riesgos. \u00bfQu\u00e9 pasa si el inquilino deja de pagar de repente? \u00bfO causa desperfectos y se niega a repararlos? Con nuestro <span class=\"notion-enable-hover\" data-token-index=\"1\">seguro de defensa jur\u00eddica para alquileres de larga duraci\u00f3n<\/span> no tiene por qu\u00e9 preocuparse. Nunca estar\u00e1 solo: un equipo experimentado le defender\u00e1 y se asegurar\u00e1 de que sus derechos sean defendidos.<!-- notionvc: dbd152df-c63a-4ebb-83db-d140ed371fca --><\/p>\t\t\t\t\t\t\t\t<\/div>\n\t\t\t\t<\/div>\n\t\t<div class=\"elementor-element elementor-element-0acd7eb e-con-full e-flex e-con e-child\" data-id=\"0acd7eb\" data-element_type=\"container\" data-e-type=\"container\" data-settings=\"{&quot;background_background&quot;:&quot;classic&quot;}\">\n\t\t<div class=\"elementor-element elementor-element-89b3ba2 e-con-full e-flex e-con e-child\" data-id=\"89b3ba2\" data-element_type=\"container\" data-e-type=\"container\" data-settings=\"{&quot;background_background&quot;:&quot;classic&quot;}\">\n\t\t<div class=\"elementor-element elementor-element-2611bec e-con-full e-flex e-con e-child\" data-id=\"2611bec\" data-element_type=\"container\" data-e-type=\"container\" data-settings=\"{&quot;background_background&quot;:&quot;classic&quot;}\">\n\t\t\t\t<div class=\"elementor-element elementor-element-2e9bf6d elementor-widget-widescreen__width-initial elementor-widget-tablet__width-initial elementor-widget-mobile__width-initial elementor-widget__width-initial elementor-widget elementor-widget-image\" data-id=\"2e9bf6d\" data-element_type=\"widget\" data-e-type=\"widget\" data-widget_type=\"image.default\">\n\t\t\t\t\t\t\t\t\t\t\t\t\t\t\t<img decoding=\"async\" width=\"800\" height=\"800\" src=\"https:\/\/grupoxandra.eu\/wp-content\/uploads\/2026\/02\/target.png\" class=\"attachment-full size-full wp-image-6291\" alt=\"\" srcset=\"https:\/\/grupoxandra.eu\/wp-content\/uploads\/2026\/02\/target.png 800w, https:\/\/grupoxandra.eu\/wp-content\/uploads\/2026\/02\/target-300x300.png 300w, https:\/\/grupoxandra.eu\/wp-content\/uploads\/2026\/02\/target-150x150.png 150w, https:\/\/grupoxandra.eu\/wp-content\/uploads\/2026\/02\/target-768x768.png 768w\" sizes=\"(max-width: 800px) 100vw, 800px\" \/>\t\t\t\t\t\t\t\t\t\t\t\t\t\t\t<\/div>\n\t\t\t\t<\/div>\n\t\t<div class=\"elementor-element elementor-element-0316bfc e-con-full e-flex e-con e-child\" data-id=\"0316bfc\" data-element_type=\"container\" data-e-type=\"container\">\n\t\t\t\t<div class=\"elementor-element elementor-element-b562044 elementor-widget elementor-widget-heading\" data-id=\"b562044\" data-element_type=\"widget\" data-e-type=\"widget\" data-widget_type=\"heading.default\">\n\t\t\t\t\t<h2 class=\"elementor-heading-title elementor-size-default\">\u00bfA qui\u00e9n va dirigido?<\/h2>\t\t\t\t<\/div>\n\t\t\t\t<div class=\"elementor-element elementor-element-8e68f95 elementor-widget elementor-widget-text-editor\" data-id=\"8e68f95\" data-element_type=\"widget\" data-e-type=\"widget\" data-widget_type=\"text-editor.default\">\n\t\t\t\t\t\t\t\t\t<p>Este producto est\u00e1 destinado a los propietarios que optan por la estabilidad: un contrato de alquiler cl\u00e1sico con un inquilino permanente, a menudo durante varios a\u00f1os. \u00bfAlquila su propiedad como residencia principal de un inquilino y busca seguridad en caso de impago o conflictos? Entonces \u00e9sta es la opci\u00f3n adecuada.<\/p>\t\t\t\t\t\t\t\t<\/div>\n\t\t\t\t<\/div>\n\t\t\t\t<\/div>\n\t\t<div class=\"elementor-element elementor-element-0bb8776 e-con-full e-flex e-con e-child\" data-id=\"0bb8776\" data-element_type=\"container\" data-e-type=\"container\" data-settings=\"{&quot;background_background&quot;:&quot;classic&quot;}\">\n\t\t<div class=\"elementor-element elementor-element-4db580a e-con-full e-flex e-con e-child\" data-id=\"4db580a\" data-element_type=\"container\" data-e-type=\"container\" data-settings=\"{&quot;background_background&quot;:&quot;classic&quot;}\">\n\t\t\t\t<div class=\"elementor-element elementor-element-2b5c6bf elementor-widget-widescreen__width-initial elementor-widget-tablet__width-initial elementor-widget-mobile__width-initial elementor-widget__width-initial elementor-widget elementor-widget-image\" data-id=\"2b5c6bf\" data-element_type=\"widget\" data-e-type=\"widget\" data-widget_type=\"image.default\">\n\t\t\t\t\t\t\t\t\t\t\t\t\t\t\t<img decoding=\"async\" width=\"780\" height=\"800\" src=\"https:\/\/grupoxandra.eu\/wp-content\/uploads\/2026\/02\/bigdap.webp\" class=\"attachment-full size-full wp-image-6294\" alt=\"\" srcset=\"https:\/\/grupoxandra.eu\/wp-content\/uploads\/2026\/02\/bigdap.webp 780w, https:\/\/grupoxandra.eu\/wp-content\/uploads\/2026\/02\/bigdap-293x300.webp 293w, https:\/\/grupoxandra.eu\/wp-content\/uploads\/2026\/02\/bigdap-768x788.webp 768w\" sizes=\"(max-width: 780px) 100vw, 780px\" \/>\t\t\t\t\t\t\t\t\t\t\t\t\t\t\t<\/div>\n\t\t\t\t<\/div>\n\t\t<div class=\"elementor-element elementor-element-fee91bc e-con-full e-flex e-con e-child\" data-id=\"fee91bc\" data-element_type=\"container\" data-e-type=\"container\">\n\t\t\t\t<div class=\"elementor-element elementor-element-793d5cb elementor-widget elementor-widget-heading\" data-id=\"793d5cb\" data-element_type=\"widget\" data-e-type=\"widget\" data-widget_type=\"heading.default\">\n\t\t\t\t\t<h2 class=\"elementor-heading-title elementor-size-default\">\u00bfCon qu\u00e9 puede contar?<\/h2>\t\t\t\t<\/div>\n\t\t\t\t<div class=\"elementor-element elementor-element-b843b27 elementor-widget elementor-widget-text-editor\" data-id=\"b843b27\" data-element_type=\"widget\" data-e-type=\"widget\" data-widget_type=\"text-editor.default\">\n\t\t\t\t\t\t\t\t\t<p>Los arrendamientos a largo plazo exigen una protecci\u00f3n m\u00e1s amplia. Con este paquete, estar\u00e1s cubierto en casos como:<\/p><ul><li><strong>Alquileres impagados<\/strong>: no est\u00e1 solo si los ingresos se estancan<\/li><li><strong>Vandalismo o da\u00f1os<\/strong> a su vivienda o contenido<\/li><li><strong>Litigios sobre arrendamientos<\/strong>, por ejemplo, en caso de rescisi\u00f3n o impago<\/li><li><strong>P\u00e9rdida de alquiler por incendio<\/strong><\/li><li><strong>Asistencia jur\u00eddica directa<\/strong> por tel\u00e9fono, para que sepa r\u00e1pidamente a qu\u00e9 atenerse<\/li><\/ul>\t\t\t\t\t\t\t\t<\/div>\n\t\t\t\t<\/div>\n\t\t\t\t<\/div>\n\t\t<div class=\"elementor-element elementor-element-a54e03d e-con-full e-flex e-con e-child\" data-id=\"a54e03d\" data-element_type=\"container\" data-e-type=\"container\" data-settings=\"{&quot;background_background&quot;:&quot;classic&quot;}\">\n\t\t<div class=\"elementor-element elementor-element-777eb51 e-con-full e-flex e-con e-child\" data-id=\"777eb51\" data-element_type=\"container\" data-e-type=\"container\" data-settings=\"{&quot;background_background&quot;:&quot;classic&quot;}\">\n\t\t\t\t<div class=\"elementor-element elementor-element-634ac32 elementor-widget-widescreen__width-initial elementor-widget-tablet__width-initial elementor-widget-mobile__width-initial elementor-widget__width-initial elementor-widget elementor-widget-image\" data-id=\"634ac32\" data-element_type=\"widget\" data-e-type=\"widget\" data-widget_type=\"image.default\">\n\t\t\t\t\t\t\t\t\t\t\t\t\t\t\t<img loading=\"lazy\" decoding=\"async\" width=\"800\" height=\"800\" src=\"https:\/\/grupoxandra.eu\/wp-content\/uploads\/2026\/02\/doc.png\" class=\"attachment-full size-full wp-image-6380\" alt=\"\" srcset=\"https:\/\/grupoxandra.eu\/wp-content\/uploads\/2026\/02\/doc.png 800w, https:\/\/grupoxandra.eu\/wp-content\/uploads\/2026\/02\/doc-300x300.png 300w, https:\/\/grupoxandra.eu\/wp-content\/uploads\/2026\/02\/doc-150x150.png 150w, https:\/\/grupoxandra.eu\/wp-content\/uploads\/2026\/02\/doc-768x768.png 768w\" sizes=\"(max-width: 800px) 100vw, 800px\" \/>\t\t\t\t\t\t\t\t\t\t\t\t\t\t\t<\/div>\n\t\t\t\t<\/div>\n\t\t<div class=\"elementor-element elementor-element-54cf13b e-con-full e-flex e-con e-child\" data-id=\"54cf13b\" data-element_type=\"container\" data-e-type=\"container\">\n\t\t\t\t<div class=\"elementor-element elementor-element-5b6cd53 elementor-widget elementor-widget-heading\" data-id=\"5b6cd53\" data-element_type=\"widget\" data-e-type=\"widget\" data-widget_type=\"heading.default\">\n\t\t\t\t\t<h2 class=\"elementor-heading-title elementor-size-default\">Ventajas pr\u00e1cticas y econ\u00f3micas<\/h2>\t\t\t\t<\/div>\n\t\t\t\t<div class=\"elementor-element elementor-element-d30a4d9 elementor-widget elementor-widget-text-editor\" data-id=\"d30a4d9\" data-element_type=\"widget\" data-e-type=\"widget\" data-widget_type=\"text-editor.default\">\n\t\t\t\t\t\t\t\t\t<ul><li>Un equipo jur\u00eddico que se pone inmediatamente de su parte<\/li><li>Sin preocupaciones por abogados, notarios u otros gastos<\/li><li>Apoyo en procedimientos como el desahucio<\/li><li>Protecci\u00f3n de su inversi\u00f3n y tranquilidad<\/li><li>Usted alquila con seguridad, nosotros nos encargamos del resto<\/li><\/ul>\t\t\t\t\t\t\t\t<\/div>\n\t\t\t\t<\/div>\n\t\t\t\t<\/div>\n\t\t\t\t<\/div>\n\t\t<div class=\"elementor-element elementor-element-6c6e940 e-con-full e-flex e-con e-parent\" data-id=\"6c6e940\" data-element_type=\"container\" data-e-type=\"container\" data-settings=\"{&quot;background_background&quot;:&quot;classic&quot;}\">\n\t\t\t\t<div class=\"elementor-element elementor-element-3903830 white-filter elementor-widget elementor-widget-image\" data-id=\"3903830\" data-element_type=\"widget\" data-e-type=\"widget\" data-widget_type=\"image.default\">\n\t\t\t\t\t\t\t\t\t\t\t\t\t\t\t<img fetchpriority=\"high\" decoding=\"async\" width=\"600\" height=\"600\" src=\"https:\/\/grupoxandra.eu\/wp-content\/uploads\/2025\/11\/ARAG_Logo_neu-no-bg.webp\" class=\"attachment-large size-large wp-image-3916\" alt=\"\" srcset=\"https:\/\/grupoxandra.eu\/wp-content\/uploads\/2025\/11\/ARAG_Logo_neu-no-bg.webp 600w, https:\/\/grupoxandra.eu\/wp-content\/uploads\/2025\/11\/ARAG_Logo_neu-no-bg-300x300.webp 300w, https:\/\/grupoxandra.eu\/wp-content\/uploads\/2025\/11\/ARAG_Logo_neu-no-bg-150x150.webp 150w, https:\/\/grupoxandra.eu\/wp-content\/uploads\/2025\/11\/ARAG_Logo_neu-no-bg-100x100.webp 100w\" sizes=\"(max-width: 600px) 100vw, 600px\" \/>\t\t\t\t\t\t\t\t\t\t\t\t\t\t\t<\/div>\n\t\t<div class=\"elementor-element elementor-element-923eee8 e-flex e-con-boxed e-con e-child\" data-id=\"923eee8\" data-element_type=\"container\" data-e-type=\"container\">\n\t\t\t\t\t<div class=\"e-con-inner\">\n\t\t\t\t<div class=\"elementor-element elementor-element-80b2115 elementor-widget elementor-widget-heading\" data-id=\"80b2115\" data-element_type=\"widget\" data-e-type=\"widget\" data-widget_type=\"heading.default\">\n\t\t\t\t\t<h2 class=\"elementor-heading-title elementor-size-default\">Alquilar sin preocupaciones<\/h2>\t\t\t\t<\/div>\n\t\t\t\t<div class=\"elementor-element elementor-element-9e7fa11 elementor-widget__width-initial elementor-widget elementor-widget-text-editor\" data-id=\"9e7fa11\" data-element_type=\"widget\" data-e-type=\"widget\" data-widget_type=\"text-editor.default\">\n\t\t\t\t\t\t\t\t\t<p>Con GrupoXandra y ARAG, su alquiler est\u00e1 protegido frente a los problemas m\u00e1s comunes. Usted disfruta de los beneficios de su propiedad, mientras nosotros garantizamos su tranquilidad.<\/p><p>Solicite su <strong>presupuesto gratuito<\/strong> y descubra lo f\u00e1cil que puede ser alquilar con la protecci\u00f3n adecuada.<!-- notionvc: b9beb041-7a19-4d2d-96bf-2d595fe96a07 --><\/p>\t\t\t\t\t\t\t\t<\/div>\n\t\t\t\t<div class=\"elementor-element elementor-element-cc02eda elementor-align-justify elementor-widget__width-initial elementor-widget-mobile__width-inherit elementor-widget elementor-widget-button\" data-id=\"cc02eda\" data-element_type=\"widget\" data-e-type=\"widget\" data-widget_type=\"button.default\">\n\t\t\t\t\t\t\t\t\t\t<a class=\"elementor-button elementor-button-link elementor-size-sm\" href=\"https:\/\/forms.office.com\/pages\/responsepage.aspx?id=lPxZnv3N8kWv9ICVim2EgEYY2l0YiqJJmOndgoAkhudUNTZRWVc0UzFROTZFSjg1UUc2V0cxMkVVSSQlQCN0PWcu&#038;route=shorturl\" target=\"_blank\" rel=\"noopener\">\n\t\t\t\t\t\t<span class=\"elementor-button-content-wrapper\">\n\t\t\t\t\t\t\t\t\t<span class=\"elementor-button-text\">SOLICITE SU PRESUPUESTO AHORA<\/span>\n\t\t\t\t\t<\/span>\n\t\t\t\t\t<\/a>\n\t\t\t\t\t\t\t\t<\/div>\n\t\t\t\t\t<\/div>\n\t\t\t\t<\/div>\n\t\t\t\t<\/div>\n\t\t\t\t<\/div>","protected":false},"excerpt":{"rendered":"<p>Lange termijn Rechtsbijstandverzekering voor woningverhuur in Spanje. VRAAG NU UW OFFERTE AAN Uw woning in Spanje verhuren voor langere tijd is een mooie kans: stabiele inkomsten en een huurder die zich echt installeert. Maar een lang contract kan ook risico\u2019s meebrengen. Wat als de huurder plots stopt met betalen? Of schade veroorzaakt en weigert dit [&hellip;]<\/p>\n","protected":false},"author":1,"featured_media":0,"parent":0,"menu_order":0,"comment_status":"closed","ping_status":"closed","template":"","meta":{"footnotes":""},"class_list":["post-4223","page","type-page","status-publish","hentry"],"_links":{"self":[{"href":"https:\/\/grupoxandra.eu\/es\/wp-json\/wp\/v2\/pages\/4223","targetHints":{"allow":["GET"]}}],"collection":[{"href":"https:\/\/grupoxandra.eu\/es\/wp-json\/wp\/v2\/pages"}],"about":[{"href":"https:\/\/grupoxandra.eu\/es\/wp-json\/wp\/v2\/types\/page"}],"author":[{"embeddable":true,"href":"https:\/\/grupoxandra.eu\/es\/wp-json\/wp\/v2\/users\/1"}],"replies":[{"embeddable":true,"href":"https:\/\/grupoxandra.eu\/es\/wp-json\/wp\/v2\/comments?post=4223"}],"version-history":[{"count":16,"href":"https:\/\/grupoxandra.eu\/es\/wp-json\/wp\/v2\/pages\/4223\/revisions"}],"predecessor-version":[{"id":6406,"href":"https:\/\/grupoxandra.eu\/es\/wp-json\/wp\/v2\/pages\/4223\/revisions\/6406"}],"wp:attachment":[{"href":"https:\/\/grupoxandra.eu\/es\/wp-json\/wp\/v2\/media?parent=4223"}],"curies":[{"name":"wp","href":"https:\/\/api.w.org\/{rel}","templated":true}]}}