{"id":4220,"date":"2025-12-24T07:42:56","date_gmt":"2025-12-24T07:42:56","guid":{"rendered":"https:\/\/grupoxandra.eu\/?page_id=4220"},"modified":"2026-02-13T19:55:14","modified_gmt":"2026-02-13T19:55:14","slug":"verhuurdersverzekering","status":"publish","type":"page","link":"https:\/\/grupoxandra.eu\/es\/verhuurdersverzekering\/","title":{"rendered":"seguro del propietario"},"content":{"rendered":"<div data-elementor-type=\"wp-page\" data-elementor-id=\"4220\" class=\"elementor elementor-4220\" data-elementor-post-type=\"page\">\n\t\t\t\t<div class=\"elementor-element elementor-element-d64681f e-con-full e-flex e-con e-parent\" data-id=\"d64681f\" data-element_type=\"container\" data-e-type=\"container\" data-settings=\"{&quot;background_background&quot;:&quot;classic&quot;}\">\n\t\t\t\t<div class=\"elementor-element elementor-element-958a47d white-filter elementor-widget elementor-widget-image\" data-id=\"958a47d\" data-element_type=\"widget\" data-e-type=\"widget\" data-widget_type=\"image.default\">\n\t\t\t\t\t\t\t\t\t\t\t\t\t\t\t<img fetchpriority=\"high\" decoding=\"async\" width=\"800\" height=\"189\" src=\"https:\/\/grupoxandra.eu\/wp-content\/uploads\/2025\/11\/Zurich_Insurance_Group_Logo_Horizontal.svg_-1024x242.png\" class=\"attachment-large size-large wp-image-3907\" alt=\"\" srcset=\"https:\/\/grupoxandra.eu\/wp-content\/uploads\/2025\/11\/Zurich_Insurance_Group_Logo_Horizontal.svg_-1024x242.png 1024w, https:\/\/grupoxandra.eu\/wp-content\/uploads\/2025\/11\/Zurich_Insurance_Group_Logo_Horizontal.svg_-300x71.png 300w, https:\/\/grupoxandra.eu\/wp-content\/uploads\/2025\/11\/Zurich_Insurance_Group_Logo_Horizontal.svg_-768x182.png 768w, https:\/\/grupoxandra.eu\/wp-content\/uploads\/2025\/11\/Zurich_Insurance_Group_Logo_Horizontal.svg_-1536x363.png 1536w, https:\/\/grupoxandra.eu\/wp-content\/uploads\/2025\/11\/Zurich_Insurance_Group_Logo_Horizontal.svg_-2048x484.png 2048w, https:\/\/grupoxandra.eu\/wp-content\/uploads\/2025\/11\/Zurich_Insurance_Group_Logo_Horizontal.svg_-600x142.png 600w\" sizes=\"(max-width: 800px) 100vw, 800px\" \/>\t\t\t\t\t\t\t\t\t\t\t\t\t\t\t<\/div>\n\t\t<div class=\"elementor-element elementor-element-aee40ed e-flex e-con-boxed e-con e-child\" data-id=\"aee40ed\" data-element_type=\"container\" data-e-type=\"container\">\n\t\t\t\t\t<div class=\"e-con-inner\">\n\t\t\t\t<div class=\"elementor-element elementor-element-d498456 elementor-widget elementor-widget-heading\" data-id=\"d498456\" data-element_type=\"widget\" data-e-type=\"widget\" data-widget_type=\"heading.default\">\n\t\t\t\t\t<h1 class=\"elementor-heading-title elementor-size-default\">Su seguro de arrendador en Espa\u00f1a<\/h1>\t\t\t\t<\/div>\n\t\t\t\t<div class=\"elementor-element elementor-element-499cbd7 elementor-widget elementor-widget-text-editor\" data-id=\"499cbd7\" data-element_type=\"widget\" data-e-type=\"widget\" data-widget_type=\"text-editor.default\">\n\t\t\t\t\t\t\t\t\t<p>Seguridad para su propiedad y sus ingresos por alquiler<\/p>\t\t\t\t\t\t\t\t<\/div>\n\t\t\t\t<div class=\"elementor-element elementor-element-aed8c7a elementor-align-justify elementor-widget__width-initial elementor-widget-mobile__width-inherit elementor-widget elementor-widget-button\" data-id=\"aed8c7a\" data-element_type=\"widget\" data-e-type=\"widget\" data-widget_type=\"button.default\">\n\t\t\t\t\t\t\t\t\t\t<a class=\"elementor-button elementor-button-link elementor-size-sm\" href=\"https:\/\/forms.office.com\/pages\/responsepage.aspx?id=lPxZnv3N8kWv9ICVim2EgEYY2l0YiqJJmOndgoAkhudUNTZRWVc0UzFROTZFSjg1UUc2V0cxMkVVSSQlQCN0PWcu&#038;route=shorturl\" target=\"_blank\" rel=\"noopener\">\n\t\t\t\t\t\t<span class=\"elementor-button-content-wrapper\">\n\t\t\t\t\t\t\t\t\t<span class=\"elementor-button-text\">SOLICITE SU PRESUPUESTO AHORA<\/span>\n\t\t\t\t\t<\/span>\n\t\t\t\t\t<\/a>\n\t\t\t\t\t\t\t\t<\/div>\n\t\t\t\t\t<\/div>\n\t\t\t\t<\/div>\n\t\t\t\t<\/div>\n\t\t<div class=\"elementor-element elementor-element-2ba32a8 e-con-full e-flex e-con e-parent\" data-id=\"2ba32a8\" data-element_type=\"container\" data-e-type=\"container\">\n\t\t\t\t<div class=\"elementor-element elementor-element-8ca856f elementor-widget elementor-widget-text-editor\" data-id=\"8ca856f\" data-element_type=\"widget\" data-e-type=\"widget\" data-widget_type=\"text-editor.default\">\n\t\t\t\t\t\t\t\t\t<p>Como arrendador en Espa\u00f1a, usted quiere tranquilidad por encima de todo: su propiedad es una inversi\u00f3n, pero tambi\u00e9n una fuente de riesgos potenciales. \u00bfQu\u00e9 pasa si se produce un incendio, estalla una tuber\u00eda o los inquilinos causan da\u00f1os? Con la <strong>seguro del propietario<\/strong> de GrupoXandra, usted sabe que su propiedad y sus ingresos est\u00e1n protegidos.<\/p><p>Llevamos m\u00e1s de 20 a\u00f1os ayudando a expatriados a alquilar su propiedad en Espa\u00f1a, tanto para <strong>alquiler de larga duraci\u00f3n<\/strong> en cuanto a <strong>alquiler de vacaciones<\/strong>. Para que pueda alquilar sin preocupaciones, con condiciones claras y servicio en su propio idioma.<\/p><p><!-- notionvc: a6657c0e-9e46-49af-a07b-976e7222391e --><\/p>\t\t\t\t\t\t\t\t<\/div>\n\t\t\t\t<\/div>\n\t\t<div class=\"elementor-element elementor-element-8980330 e-flex e-con-boxed e-con e-parent\" data-id=\"8980330\" data-element_type=\"container\" data-e-type=\"container\" data-settings=\"{&quot;background_background&quot;:&quot;classic&quot;}\">\n\t\t\t\t\t<div class=\"e-con-inner\">\n\t\t<div class=\"elementor-element elementor-element-13a76f2 e-con-full e-flex e-con e-child\" data-id=\"13a76f2\" data-element_type=\"container\" data-e-type=\"container\">\n\t\t<div class=\"elementor-element elementor-element-8157b48 e-con-full e-flex e-con e-child\" data-id=\"8157b48\" data-element_type=\"container\" data-e-type=\"container\">\n\t\t<div class=\"elementor-element elementor-element-9f37742 e-con-full e-flex e-con e-child\" data-id=\"9f37742\" data-element_type=\"container\" data-e-type=\"container\" data-settings=\"{&quot;background_background&quot;:&quot;classic&quot;}\">\n\t\t<div class=\"elementor-element elementor-element-bfa59f4 e-con-full e-flex e-con e-child\" data-id=\"bfa59f4\" data-element_type=\"container\" data-e-type=\"container\">\n\t\t\t\t<div class=\"elementor-element elementor-element-2f3f5a5 elementor-widget elementor-widget-elementskit-heading\" data-id=\"2f3f5a5\" data-element_type=\"widget\" data-e-type=\"widget\" data-widget_type=\"elementskit-heading.default\">\n\t\t\t\t\t<div class=\"ekit-wid-con\" ><div class=\"ekit-heading elementskit-section-title-wraper    ekit_heading_tablet-   ekit_heading_mobile-\"><h2 class=\"ekit-heading--title elementskit-section-title\">Opci\u00f3n A <span><span>La cobertura m\u00e1s completa<\/span><\/span><\/h2><\/div><\/div>\t\t\t\t<\/div>\n\t\t\t\t<div class=\"elementor-element elementor-element-d432129 elementor-widget elementor-widget-text-editor\" data-id=\"d432129\" data-element_type=\"widget\" data-e-type=\"widget\" data-widget_type=\"text-editor.default\">\n\t\t\t\t\t\t\t\t\t<p>Con la Opci\u00f3n A, usted elige la m\u00e1xima seguridad. Su propiedad y los ingresos de alquiler est\u00e1n asegurados de forma integral, incluyendo:<\/p><ul><li>Da\u00f1os causados por incendio, tormenta, agua o vandalismo<\/li><li>Rotura de cristales y da\u00f1os en ventanas, puertas y cerraduras<\/li><li>Cobertura de los da\u00f1os causados por los inquilinos<\/li><li>Indemnizaci\u00f3n por p\u00e9rdida de ingresos de alquiler en caso de inhabitabilidad<\/li><li>Amplia cobertura de responsabilidad civil frente a inquilinos<\/li><\/ul><p>Ideal para quienes desean proteger mejor su propiedad como inversi\u00f3n.<\/p><p class=\"cvGsUA direction-ltr align-justify para-style-body\"><!-- notionvc: 43403f0a-6f5b-4910-ac42-f5a1a1a897e0 --><\/p>\t\t\t\t\t\t\t\t<\/div>\n\t\t\t\t<\/div>\n\t\t\t\t<\/div>\n\t\t<div class=\"elementor-element elementor-element-e94bddb e-con-full e-flex e-con e-child\" data-id=\"e94bddb\" data-element_type=\"container\" data-e-type=\"container\" data-settings=\"{&quot;background_background&quot;:&quot;classic&quot;}\">\n\t\t<div class=\"elementor-element elementor-element-48465fa e-con-full e-flex e-con e-child\" data-id=\"48465fa\" data-element_type=\"container\" data-e-type=\"container\">\n\t\t\t\t<div class=\"elementor-element elementor-element-7694b02 elementor-widget elementor-widget-elementskit-heading\" data-id=\"7694b02\" data-element_type=\"widget\" data-e-type=\"widget\" data-widget_type=\"elementskit-heading.default\">\n\t\t\t\t\t<div class=\"ekit-wid-con\" ><div class=\"ekit-heading elementskit-section-title-wraper    ekit_heading_tablet-   ekit_heading_mobile-\"><h2 class=\"ekit-heading--title elementskit-section-title\">Opci\u00f3n B <span><span>Seguridad b\u00e1sica asequible<\/span><\/span><\/h2><\/div><\/div>\t\t\t\t<\/div>\n\t\t\t\t<div class=\"elementor-element elementor-element-88d3f48 elementor-widget elementor-widget-text-editor\" data-id=\"88d3f48\" data-element_type=\"widget\" data-e-type=\"widget\" data-widget_type=\"text-editor.default\">\n\t\t\t\t\t\t\t\t\t<p class=\"cvGsUA direction-ltr align-justify para-style-body\">\u00bfBusca una soluci\u00f3n econ\u00f3mica que cubra los principales riesgos? Entonces la opci\u00f3n B es la adecuada. Obtendr\u00e1 la <span class=\"notion-enable-hover\" data-token-index=\"1\">cobertura est\u00e1ndar<\/span> (incendio, tormenta, agua, robo) con l\u00edmites m\u00e1s bajos y sin extras. Perfecto para propietarios que desean una seguridad fiable con una prima m\u00e1s competitiva.<!-- notionvc: 731d8363-684b-4b14-9a7b-5e25b497980b --><\/p>\t\t\t\t\t\t\t\t<\/div>\n\t\t\t\t<\/div>\n\t\t\t\t<\/div>\n\t\t\t\t<\/div>\n\t\t\t\t<\/div>\n\t\t\t\t\t<\/div>\n\t\t\t\t<\/div>\n\t\t<div class=\"elementor-element elementor-element-48ad283 e-con-full e-flex e-con e-parent\" data-id=\"48ad283\" data-element_type=\"container\" data-e-type=\"container\" data-settings=\"{&quot;background_background&quot;:&quot;classic&quot;}\">\n\t\t<div class=\"elementor-element elementor-element-be88735 e-con-full e-flex e-con e-child\" data-id=\"be88735\" data-element_type=\"container\" data-e-type=\"container\">\n\t\t<div class=\"elementor-element elementor-element-0ac84a3 e-con-full e-flex e-con e-child\" data-id=\"0ac84a3\" data-element_type=\"container\" data-e-type=\"container\" data-settings=\"{&quot;background_background&quot;:&quot;classic&quot;}\">\n\t\t<div class=\"elementor-element elementor-element-bf4e79d e-con-full e-flex e-con e-child\" data-id=\"bf4e79d\" data-element_type=\"container\" data-e-type=\"container\" data-settings=\"{&quot;background_background&quot;:&quot;classic&quot;}\">\n\t\t\t\t<div class=\"elementor-element elementor-element-50d661c elementor-widget-widescreen__width-initial elementor-widget-tablet__width-initial elementor-widget-mobile__width-initial elementor-widget__width-initial elementor-widget elementor-widget-image\" data-id=\"50d661c\" data-element_type=\"widget\" data-e-type=\"widget\" data-widget_type=\"image.default\">\n\t\t\t\t\t\t\t\t\t\t\t\t\t\t\t<img decoding=\"async\" width=\"667\" height=\"800\" src=\"https:\/\/grupoxandra.eu\/wp-content\/uploads\/2025\/11\/shieldtick.canva_.webp\" class=\"attachment-full size-full wp-image-3995\" alt=\"\" srcset=\"https:\/\/grupoxandra.eu\/wp-content\/uploads\/2025\/11\/shieldtick.canva_.webp 667w, https:\/\/grupoxandra.eu\/wp-content\/uploads\/2025\/11\/shieldtick.canva_-250x300.webp 250w, https:\/\/grupoxandra.eu\/wp-content\/uploads\/2025\/11\/shieldtick.canva_-600x720.webp 600w\" sizes=\"(max-width: 667px) 100vw, 667px\" \/>\t\t\t\t\t\t\t\t\t\t\t\t\t\t\t<\/div>\n\t\t\t\t<\/div>\n\t\t<div class=\"elementor-element elementor-element-615f427 e-con-full e-flex e-con e-child\" data-id=\"615f427\" data-element_type=\"container\" data-e-type=\"container\">\n\t\t\t\t<div class=\"elementor-element elementor-element-ea7b21c elementor-widget elementor-widget-heading\" data-id=\"ea7b21c\" data-element_type=\"widget\" data-e-type=\"widget\" data-widget_type=\"heading.default\">\n\t\t\t\t\t<h2 class=\"elementor-heading-title elementor-size-default\">Protecci\u00f3n adicional para los propietarios<\/h2>\t\t\t\t<\/div>\n\t\t\t\t<div class=\"elementor-element elementor-element-3294bf1 elementor-widget elementor-widget-text-editor\" data-id=\"3294bf1\" data-element_type=\"widget\" data-e-type=\"widget\" data-widget_type=\"text-editor.default\">\n\t\t\t\t\t\t\t\t\t<p>El seguro de propietario va m\u00e1s all\u00e1 del seguro de hogar ordinario. Tambi\u00e9n est\u00e1 asegurado para:<\/p><ul><li><strong>Da\u00f1os al inquilino<\/strong>reparaci\u00f3n de los da\u00f1os causados por su inquilino<\/li><li><strong>P\u00e9rdida de alquiler<\/strong>indemnizaci\u00f3n por p\u00e9rdida de alquiler en caso de da\u00f1os que hagan inhabitable la vivienda<\/li><li><strong>Alquiler de vacaciones<\/strong>: cobertura adaptada a los alquileres tur\u00edsticos, incluida la responsabilidad frente a los hu\u00e9spedes<\/li><li><strong>Vacante<\/strong>La cobertura se mantiene aunque su vivienda no se alquile temporalmente.<\/li><\/ul>\t\t\t\t\t\t\t\t<\/div>\n\t\t\t\t<\/div>\n\t\t\t\t<\/div>\n\t\t<div class=\"elementor-element elementor-element-9abecc0 e-con-full e-flex e-con e-child\" data-id=\"9abecc0\" data-element_type=\"container\" data-e-type=\"container\" data-settings=\"{&quot;background_background&quot;:&quot;classic&quot;}\">\n\t\t<div class=\"elementor-element elementor-element-e82ac25 e-con-full e-flex e-con e-child\" data-id=\"e82ac25\" data-element_type=\"container\" data-e-type=\"container\" data-settings=\"{&quot;background_background&quot;:&quot;classic&quot;}\">\n\t\t\t\t<div class=\"elementor-element elementor-element-63570e2 elementor-widget-widescreen__width-initial elementor-widget-tablet__width-initial elementor-widget-mobile__width-initial elementor-widget__width-initial elementor-widget elementor-widget-image\" data-id=\"63570e2\" data-element_type=\"widget\" data-e-type=\"widget\" data-widget_type=\"image.default\">\n\t\t\t\t\t\t\t\t\t\t\t\t\t\t\t<img decoding=\"async\" width=\"800\" height=\"681\" src=\"https:\/\/grupoxandra.eu\/wp-content\/uploads\/2025\/11\/familycon.canva_.webp\" class=\"attachment-full size-full wp-image-3994\" alt=\"\" srcset=\"https:\/\/grupoxandra.eu\/wp-content\/uploads\/2025\/11\/familycon.canva_.webp 800w, https:\/\/grupoxandra.eu\/wp-content\/uploads\/2025\/11\/familycon.canva_-300x255.webp 300w, https:\/\/grupoxandra.eu\/wp-content\/uploads\/2025\/11\/familycon.canva_-768x654.webp 768w, https:\/\/grupoxandra.eu\/wp-content\/uploads\/2025\/11\/familycon.canva_-600x511.png 600w\" sizes=\"(max-width: 800px) 100vw, 800px\" \/>\t\t\t\t\t\t\t\t\t\t\t\t\t\t\t<\/div>\n\t\t\t\t<\/div>\n\t\t<div class=\"elementor-element elementor-element-9f48a42 e-con-full e-flex e-con e-child\" data-id=\"9f48a42\" data-element_type=\"container\" data-e-type=\"container\">\n\t\t\t\t<div class=\"elementor-element elementor-element-aae21ca elementor-widget elementor-widget-heading\" data-id=\"aae21ca\" data-element_type=\"widget\" data-e-type=\"widget\" data-widget_type=\"heading.default\">\n\t\t\t\t\t<h2 class=\"elementor-heading-title elementor-size-default\">Responsabilidad como arrendador<\/h2>\t\t\t\t<\/div>\n\t\t\t\t<div class=\"elementor-element elementor-element-31d11a0 elementor-widget elementor-widget-text-editor\" data-id=\"31d11a0\" data-element_type=\"widget\" data-e-type=\"widget\" data-widget_type=\"text-editor.default\">\n\t\t\t\t\t\t\t\t\t<p class=\"cvGsUA direction-ltr align-justify para-style-body\">Una parte importante del seguro del propietario es el <span class=\"notion-enable-hover\" data-token-index=\"1\">cobertura de responsabilidad civil<\/span>. Supongamos que un inquilino resbala por culpa de una baldosa suelta o sufre da\u00f1os por una gotera: usted est\u00e1 asegurado para las reclamaciones y las costas judiciales.<!-- notionvc: 5eef2ff0-4836-4b81-bbe5-a3e5f3d41e0e --><\/p>\t\t\t\t\t\t\t\t<\/div>\n\t\t\t\t<\/div>\n\t\t\t\t<\/div>\n\t\t\t\t<\/div>\n\t\t\t\t<\/div>\n\t\t<div class=\"elementor-element elementor-element-6c6e940 e-con-full e-flex e-con e-parent\" data-id=\"6c6e940\" data-element_type=\"container\" data-e-type=\"container\" data-settings=\"{&quot;background_background&quot;:&quot;classic&quot;}\">\n\t\t\t\t<div class=\"elementor-element elementor-element-ba9798a white-filter elementor-widget elementor-widget-image\" data-id=\"ba9798a\" data-element_type=\"widget\" data-e-type=\"widget\" data-widget_type=\"image.default\">\n\t\t\t\t\t\t\t\t\t\t\t\t\t\t\t<img fetchpriority=\"high\" decoding=\"async\" width=\"800\" height=\"189\" src=\"https:\/\/grupoxandra.eu\/wp-content\/uploads\/2025\/11\/Zurich_Insurance_Group_Logo_Horizontal.svg_-1024x242.png\" class=\"attachment-large size-large wp-image-3907\" alt=\"\" srcset=\"https:\/\/grupoxandra.eu\/wp-content\/uploads\/2025\/11\/Zurich_Insurance_Group_Logo_Horizontal.svg_-1024x242.png 1024w, https:\/\/grupoxandra.eu\/wp-content\/uploads\/2025\/11\/Zurich_Insurance_Group_Logo_Horizontal.svg_-300x71.png 300w, https:\/\/grupoxandra.eu\/wp-content\/uploads\/2025\/11\/Zurich_Insurance_Group_Logo_Horizontal.svg_-768x182.png 768w, https:\/\/grupoxandra.eu\/wp-content\/uploads\/2025\/11\/Zurich_Insurance_Group_Logo_Horizontal.svg_-1536x363.png 1536w, https:\/\/grupoxandra.eu\/wp-content\/uploads\/2025\/11\/Zurich_Insurance_Group_Logo_Horizontal.svg_-2048x484.png 2048w, https:\/\/grupoxandra.eu\/wp-content\/uploads\/2025\/11\/Zurich_Insurance_Group_Logo_Horizontal.svg_-600x142.png 600w\" sizes=\"(max-width: 800px) 100vw, 800px\" \/>\t\t\t\t\t\t\t\t\t\t\t\t\t\t\t<\/div>\n\t\t<div class=\"elementor-element elementor-element-923eee8 e-flex e-con-boxed e-con e-child\" data-id=\"923eee8\" data-element_type=\"container\" data-e-type=\"container\">\n\t\t\t\t\t<div class=\"e-con-inner\">\n\t\t\t\t<div class=\"elementor-element elementor-element-80b2115 elementor-widget elementor-widget-heading\" data-id=\"80b2115\" data-element_type=\"widget\" data-e-type=\"widget\" data-widget_type=\"heading.default\">\n\t\t\t\t\t<h2 class=\"elementor-heading-title elementor-size-default\">Solicite ahora su seguro de arrendador en Espa\u00f1a<\/h2>\t\t\t\t<\/div>\n\t\t\t\t<div class=\"elementor-element elementor-element-9e7fa11 elementor-widget__width-initial elementor-widget elementor-widget-text-editor\" data-id=\"9e7fa11\" data-element_type=\"widget\" data-e-type=\"widget\" data-widget_type=\"text-editor.default\">\n\t\t\t\t\t\t\t\t\t<p class=\"cvGsUA direction-ltr align-center para-style-body\">\u00bfQuiere alquilar su vivienda sin preocupaciones? P\u00f3ngase en contacto con nosotros hoy mismo y reciba un <span class=\"notion-enable-hover\" data-token-index=\"1\">presupuesto gratuito<\/span>. As\u00ed sabr\u00e1 que tanto su propiedad como sus ingresos por alquiler est\u00e1n protegidos de forma \u00f3ptima con un seguro fiable. <span class=\"notion-enable-hover\" data-token-index=\"3\">seguro de arrendador en Espa\u00f1a<\/span>.<!-- notionvc: ac2d49e2-7416-45e5-860e-5b54ee9e2742 --><\/p>\t\t\t\t\t\t\t\t<\/div>\n\t\t\t\t<div class=\"elementor-element elementor-element-cc02eda elementor-align-justify elementor-widget__width-initial elementor-widget-mobile__width-initial elementor-widget elementor-widget-button\" data-id=\"cc02eda\" data-element_type=\"widget\" data-e-type=\"widget\" data-widget_type=\"button.default\">\n\t\t\t\t\t\t\t\t\t\t<a class=\"elementor-button elementor-button-link elementor-size-sm\" href=\"https:\/\/forms.office.com\/pages\/responsepage.aspx?id=lPxZnv3N8kWv9ICVim2EgEYY2l0YiqJJmOndgoAkhudUNTZRWVc0UzFROTZFSjg1UUc2V0cxMkVVSSQlQCN0PWcu&#038;route=shorturl\" target=\"_blank\" rel=\"noopener\">\n\t\t\t\t\t\t<span class=\"elementor-button-content-wrapper\">\n\t\t\t\t\t\t\t\t\t<span class=\"elementor-button-text\">SOLICITE SU PRESUPUESTO AHORA<\/span>\n\t\t\t\t\t<\/span>\n\t\t\t\t\t<\/a>\n\t\t\t\t\t\t\t\t<\/div>\n\t\t\t\t\t<\/div>\n\t\t\t\t<\/div>\n\t\t\t\t<\/div>\n\t\t\t\t<\/div>","protected":false},"excerpt":{"rendered":"<p>Uw verhuurdersverzekering in Spanje Zekerheid voor uw woning en huurinkomsten VRAAG NU UW OFFERTE AAN Als verhuurder in Spanje wilt u vooral gemoedsrust: uw woning is een investering, maar ook een bron van mogelijke risico\u2019s. Wat als er brand uitbreekt, een leiding springt, of huurders schade veroorzaken? Met de verhuurdersverzekering van GrupoXandra weet u dat [&hellip;]<\/p>\n","protected":false},"author":1,"featured_media":0,"parent":0,"menu_order":0,"comment_status":"closed","ping_status":"closed","template":"","meta":{"footnotes":""},"class_list":["post-4220","page","type-page","status-publish","hentry"],"_links":{"self":[{"href":"https:\/\/grupoxandra.eu\/es\/wp-json\/wp\/v2\/pages\/4220","targetHints":{"allow":["GET"]}}],"collection":[{"href":"https:\/\/grupoxandra.eu\/es\/wp-json\/wp\/v2\/pages"}],"about":[{"href":"https:\/\/grupoxandra.eu\/es\/wp-json\/wp\/v2\/types\/page"}],"author":[{"embeddable":true,"href":"https:\/\/grupoxandra.eu\/es\/wp-json\/wp\/v2\/users\/1"}],"replies":[{"embeddable":true,"href":"https:\/\/grupoxandra.eu\/es\/wp-json\/wp\/v2\/comments?post=4220"}],"version-history":[{"count":10,"href":"https:\/\/grupoxandra.eu\/es\/wp-json\/wp\/v2\/pages\/4220\/revisions"}],"predecessor-version":[{"id":6378,"href":"https:\/\/grupoxandra.eu\/es\/wp-json\/wp\/v2\/pages\/4220\/revisions\/6378"}],"wp:attachment":[{"href":"https:\/\/grupoxandra.eu\/es\/wp-json\/wp\/v2\/media?parent=4220"}],"curies":[{"name":"wp","href":"https:\/\/api.w.org\/{rel}","templated":true}]}}