{"id":4196,"date":"2025-12-05T11:00:26","date_gmt":"2025-12-05T11:00:26","guid":{"rendered":"https:\/\/grupoxandra.eu\/?page_id=4196"},"modified":"2026-02-13T13:19:46","modified_gmt":"2026-02-13T13:19:46","slug":"ondernemer","status":"publish","type":"page","link":"https:\/\/grupoxandra.eu\/es\/ondernemer\/","title":{"rendered":"ondernemer"},"content":{"rendered":"<div data-elementor-type=\"wp-page\" data-elementor-id=\"4196\" class=\"elementor elementor-4196\" data-elementor-post-type=\"page\">\n\t\t\t\t<div class=\"elementor-element elementor-element-bbaa50f e-flex e-con-boxed e-con e-parent\" data-id=\"bbaa50f\" data-element_type=\"container\" data-e-type=\"container\" data-settings=\"{&quot;background_background&quot;:&quot;video&quot;,&quot;background_video_link&quot;:&quot;https:\\\/\\\/grupoxandra.eu\\\/wp-content\\\/uploads\\\/2025\\\/12\\\/uri_ifs___V_azJDXw_Fkv00WCyICBLbm7ww53AVte9YqUk8-gPX2Xc.mp4&quot;}\">\n\t\t\t\t\t<div class=\"e-con-inner\">\n\t\t<div class=\"elementor-background-video-container elementor-hidden-mobile\">\n\t\t\t\t\t\t\t<video class=\"elementor-background-video-hosted\" role=\"presentation\" autoplay muted playsinline loop><\/video>\n\t\t\t\t\t<\/div><div class=\"elementor-element elementor-element-f653450 e-con-full e-flex e-con e-child\" data-id=\"f653450\" data-element_type=\"container\" data-e-type=\"container\">\n\t\t\t\t<div class=\"elementor-element elementor-element-ce7deb9 elementor-headline--style-highlight elementor-widget elementor-widget-animated-headline\" data-id=\"ce7deb9\" data-element_type=\"widget\" data-e-type=\"widget\" data-settings=\"{&quot;highlighted_text&quot;:&quot;op maat&quot;,&quot;headline_style&quot;:&quot;highlight&quot;,&quot;marker&quot;:&quot;circle&quot;,&quot;loop&quot;:&quot;yes&quot;,&quot;highlight_animation_duration&quot;:1200,&quot;highlight_iteration_delay&quot;:8000}\" data-widget_type=\"animated-headline.default\">\n\t\t\t\t\t\t\t<h3 class=\"elementor-headline\">\n\t\t\t\t\t<span class=\"elementor-headline-plain-text elementor-headline-text-wrapper\">Protecci\u00f3n personal para su empresa, con seguridad<\/span>\n\t\t\t\t<span class=\"elementor-headline-dynamic-wrapper elementor-headline-text-wrapper\">\n\t\t\t\t\t<span class=\"elementor-headline-dynamic-text elementor-headline-text-active\">personalizado<\/span>\n\t\t\t\t<\/span>\n\t\t\t\t<\/h3>\n\t\t\t\t\t\t<\/div>\n\t\t\t\t<\/div>\n\t\t\t\t\t<\/div>\n\t\t\t\t<\/div>\n\t\t<div class=\"elementor-element elementor-element-909559f e-con-full e-flex e-con e-parent\" data-id=\"909559f\" data-element_type=\"container\" data-e-type=\"container\">\n\t\t\t\t<div class=\"elementor-element elementor-element-9b3a43e elementor-widget-mobile__width-initial elementor-widget elementor-widget-text-editor\" data-id=\"9b3a43e\" data-element_type=\"widget\" data-e-type=\"widget\" data-widget_type=\"text-editor.default\">\n\t\t\t\t\t\t\t\t\t<p class=\"cvGsUA direction-ltr align-justify para-style-body\"><span class=\"a_GcMg font-feature-liga-off font-feature-clig-off font-feature-calt-off text-decoration-none text-strikethrough-none\">Hacer negocios en Espa\u00f1a es un gran paso. Ya sea para dirigir un negocio, abrir una tienda, gestionar un hotel o trabajar como profesional aut\u00f3nomo: detr\u00e1s de cada negocio hay esfuerzo, ambici\u00f3n y personas confiando en que todo saldr\u00e1 bien.<\/span><\/p><p class=\"cvGsUA direction-ltr align-justify para-style-body\"><span class=\"a_GcMg font-feature-liga-off font-feature-clig-off font-feature-calt-off text-decoration-none text-strikethrough-none\">En GrupoXandra somos conscientes de los retos que esto supone. Por eso te ofrecemos seguros que se adaptan perfectamente a tu situaci\u00f3n y te dan tranquilidad en cualquier circunstancia.<\/span><\/p><p class=\"cvGsUA direction-ltr align-justify para-style-body\"><span class=\"a_GcMg font-feature-liga-off font-feature-clig-off font-feature-calt-off text-decoration-none text-strikethrough-none\">Nuestro objetivo es sencillo: usted se centra en hacer crecer su negocio, mientras nosotros le proporcionamos la protecci\u00f3n adecuada.<\/span><\/p>\t\t\t\t\t\t\t\t<\/div>\n\t\t\t\t<\/div>\n\t\t<div class=\"elementor-element elementor-element-f97c70c e-flex e-con-boxed e-con e-parent\" data-id=\"f97c70c\" data-element_type=\"container\" data-e-type=\"container\" data-settings=\"{&quot;background_background&quot;:&quot;classic&quot;}\">\n\t\t\t\t\t<div class=\"e-con-inner\">\n\t\t\t\t<div class=\"elementor-element elementor-element-acf3db2 elementor-widget elementor-widget-heading\" data-id=\"acf3db2\" data-element_type=\"widget\" data-e-type=\"widget\" data-widget_type=\"heading.default\">\n\t\t\t\t\t<h2 class=\"elementor-heading-title elementor-size-default\">Protecci\u00f3n para <b>su empresa<\/b> y <b>tu actividad<\/b><\/h2>\t\t\t\t<\/div>\n\t\t<div class=\"elementor-element elementor-element-b8a107d e-con-full e-flex e-con e-child\" data-id=\"b8a107d\" data-element_type=\"container\" data-e-type=\"container\">\n\t\t<a class=\"elementor-element elementor-element-e500d9e e-con-full e-flex e-con e-child\" data-id=\"e500d9e\" data-element_type=\"container\" data-e-type=\"container\" data-settings=\"{&quot;background_background&quot;:&quot;classic&quot;}\" href=\"https:\/\/grupoxandra.eu\/bedrijfsverzekering-voor-kmo\/\">\n\t\t\t\t<div class=\"elementor-element elementor-element-619b167 white-filter elementor-widget elementor-widget-image\" data-id=\"619b167\" data-element_type=\"widget\" data-e-type=\"widget\" data-widget_type=\"image.default\">\n\t\t\t\t\t\t\t\t\t\t\t\t\t\t\t<img fetchpriority=\"high\" decoding=\"async\" width=\"2560\" height=\"605\" src=\"https:\/\/grupoxandra.eu\/wp-content\/uploads\/2025\/11\/Zurich_Insurance_Group_Logo_Horizontal.svg_.png\" class=\"attachment-full size-full wp-image-3907\" alt=\"\" srcset=\"https:\/\/grupoxandra.eu\/wp-content\/uploads\/2025\/11\/Zurich_Insurance_Group_Logo_Horizontal.svg_.png 2560w, https:\/\/grupoxandra.eu\/wp-content\/uploads\/2025\/11\/Zurich_Insurance_Group_Logo_Horizontal.svg_-300x71.png 300w, https:\/\/grupoxandra.eu\/wp-content\/uploads\/2025\/11\/Zurich_Insurance_Group_Logo_Horizontal.svg_-1024x242.png 1024w, https:\/\/grupoxandra.eu\/wp-content\/uploads\/2025\/11\/Zurich_Insurance_Group_Logo_Horizontal.svg_-768x182.png 768w, https:\/\/grupoxandra.eu\/wp-content\/uploads\/2025\/11\/Zurich_Insurance_Group_Logo_Horizontal.svg_-1536x363.png 1536w, https:\/\/grupoxandra.eu\/wp-content\/uploads\/2025\/11\/Zurich_Insurance_Group_Logo_Horizontal.svg_-2048x484.png 2048w, https:\/\/grupoxandra.eu\/wp-content\/uploads\/2025\/11\/Zurich_Insurance_Group_Logo_Horizontal.svg_-600x142.png 600w\" sizes=\"(max-width: 2560px) 100vw, 2560px\" \/>\t\t\t\t\t\t\t\t\t\t\t\t\t\t\t<\/div>\n\t\t\t\t<div class=\"elementor-element elementor-element-3694756 elementor-widget elementor-widget-heading\" data-id=\"3694756\" data-element_type=\"widget\" data-e-type=\"widget\" data-widget_type=\"heading.default\">\n\t\t\t\t\t<h2 class=\"elementor-heading-title elementor-size-default\">Seguros para PYME<\/h2>\t\t\t\t<\/div>\n\t\t\t\t<\/a>\n\t\t<a class=\"elementor-element elementor-element-c0a5011 e-con-full e-flex e-con e-child\" data-id=\"c0a5011\" data-element_type=\"container\" data-e-type=\"container\" data-settings=\"{&quot;background_background&quot;:&quot;classic&quot;}\" href=\"https:\/\/grupoxandra.eu\/bedrijfsverzekering-voor-winkels\/\">\n\t\t\t\t<div class=\"elementor-element elementor-element-1b38128 white-filter elementor-widget elementor-widget-image\" data-id=\"1b38128\" data-element_type=\"widget\" data-e-type=\"widget\" data-widget_type=\"image.default\">\n\t\t\t\t\t\t\t\t\t\t\t\t\t\t\t<img fetchpriority=\"high\" decoding=\"async\" width=\"2560\" height=\"605\" src=\"https:\/\/grupoxandra.eu\/wp-content\/uploads\/2025\/11\/Zurich_Insurance_Group_Logo_Horizontal.svg_.png\" class=\"attachment-full size-full wp-image-3907\" alt=\"\" srcset=\"https:\/\/grupoxandra.eu\/wp-content\/uploads\/2025\/11\/Zurich_Insurance_Group_Logo_Horizontal.svg_.png 2560w, https:\/\/grupoxandra.eu\/wp-content\/uploads\/2025\/11\/Zurich_Insurance_Group_Logo_Horizontal.svg_-300x71.png 300w, https:\/\/grupoxandra.eu\/wp-content\/uploads\/2025\/11\/Zurich_Insurance_Group_Logo_Horizontal.svg_-1024x242.png 1024w, https:\/\/grupoxandra.eu\/wp-content\/uploads\/2025\/11\/Zurich_Insurance_Group_Logo_Horizontal.svg_-768x182.png 768w, https:\/\/grupoxandra.eu\/wp-content\/uploads\/2025\/11\/Zurich_Insurance_Group_Logo_Horizontal.svg_-1536x363.png 1536w, https:\/\/grupoxandra.eu\/wp-content\/uploads\/2025\/11\/Zurich_Insurance_Group_Logo_Horizontal.svg_-2048x484.png 2048w, https:\/\/grupoxandra.eu\/wp-content\/uploads\/2025\/11\/Zurich_Insurance_Group_Logo_Horizontal.svg_-600x142.png 600w\" sizes=\"(max-width: 2560px) 100vw, 2560px\" \/>\t\t\t\t\t\t\t\t\t\t\t\t\t\t\t<\/div>\n\t\t\t\t<div class=\"elementor-element elementor-element-c97a802 elementor-widget elementor-widget-heading\" data-id=\"c97a802\" data-element_type=\"widget\" data-e-type=\"widget\" data-widget_type=\"heading.default\">\n\t\t\t\t\t<h2 class=\"elementor-heading-title elementor-size-default\"><span class=\"a_GcMg font-feature-liga-off font-feature-clig-off font-feature-calt-off text-decoration-none text-strikethrough-none\" style=\"--Ys-XuQ: none\">Seguros para comercios<\/span><\/h2>\t\t\t\t<\/div>\n\t\t\t\t<\/a>\n\t\t\t\t<\/div>\n\t\t\t\t\t<\/div>\n\t\t\t\t<\/div>\n\t\t<div class=\"elementor-element elementor-element-bed9241 e-flex e-con-boxed e-con e-parent\" data-id=\"bed9241\" data-element_type=\"container\" data-e-type=\"container\" data-settings=\"{&quot;background_background&quot;:&quot;classic&quot;}\">\n\t\t\t\t\t<div class=\"e-con-inner\">\n\t\t\t\t<div class=\"elementor-element elementor-element-da7f4ab elementor-widget elementor-widget-heading\" data-id=\"da7f4ab\" data-element_type=\"widget\" data-e-type=\"widget\" data-widget_type=\"heading.default\">\n\t\t\t\t\t<h2 class=\"elementor-heading-title elementor-size-default\"><b>Responsabilidad<\/b> y <b>legal<\/b> protecci\u00f3n de su actividad<\/h2>\t\t\t\t<\/div>\n\t\t<div class=\"elementor-element elementor-element-4fada4b e-con-full e-flex e-con e-child\" data-id=\"4fada4b\" data-element_type=\"container\" data-e-type=\"container\">\n\t\t<a class=\"elementor-element elementor-element-4baae80 e-con-full e-flex e-con e-child\" data-id=\"4baae80\" data-element_type=\"container\" data-e-type=\"container\" data-settings=\"{&quot;background_background&quot;:&quot;classic&quot;}\" href=\"https:\/\/grupoxandra.eu\/aansprakelijkheids-verzekering-voor-ondernemers\/\">\n\t\t\t\t<div class=\"elementor-element elementor-element-66d51db white-filter elementor-widget elementor-widget-image\" data-id=\"66d51db\" data-element_type=\"widget\" data-e-type=\"widget\" data-widget_type=\"image.default\">\n\t\t\t\t\t\t\t\t\t\t\t\t\t\t\t<img fetchpriority=\"high\" decoding=\"async\" width=\"2560\" height=\"605\" src=\"https:\/\/grupoxandra.eu\/wp-content\/uploads\/2025\/11\/Zurich_Insurance_Group_Logo_Horizontal.svg_.png\" class=\"attachment-full size-full wp-image-3907\" alt=\"\" srcset=\"https:\/\/grupoxandra.eu\/wp-content\/uploads\/2025\/11\/Zurich_Insurance_Group_Logo_Horizontal.svg_.png 2560w, https:\/\/grupoxandra.eu\/wp-content\/uploads\/2025\/11\/Zurich_Insurance_Group_Logo_Horizontal.svg_-300x71.png 300w, https:\/\/grupoxandra.eu\/wp-content\/uploads\/2025\/11\/Zurich_Insurance_Group_Logo_Horizontal.svg_-1024x242.png 1024w, https:\/\/grupoxandra.eu\/wp-content\/uploads\/2025\/11\/Zurich_Insurance_Group_Logo_Horizontal.svg_-768x182.png 768w, https:\/\/grupoxandra.eu\/wp-content\/uploads\/2025\/11\/Zurich_Insurance_Group_Logo_Horizontal.svg_-1536x363.png 1536w, https:\/\/grupoxandra.eu\/wp-content\/uploads\/2025\/11\/Zurich_Insurance_Group_Logo_Horizontal.svg_-2048x484.png 2048w, https:\/\/grupoxandra.eu\/wp-content\/uploads\/2025\/11\/Zurich_Insurance_Group_Logo_Horizontal.svg_-600x142.png 600w\" sizes=\"(max-width: 2560px) 100vw, 2560px\" \/>\t\t\t\t\t\t\t\t\t\t\t\t\t\t\t<\/div>\n\t\t<div class=\"elementor-element elementor-element-37dbdeb e-con-full e-flex e-con e-child\" data-id=\"37dbdeb\" data-element_type=\"container\" data-e-type=\"container\">\n\t\t\t\t<div class=\"elementor-element elementor-element-6d55136 elementor-widget__width-initial elementor-widget elementor-widget-heading\" data-id=\"6d55136\" data-element_type=\"widget\" data-e-type=\"widget\" data-widget_type=\"heading.default\">\n\t\t\t\t\t<h2 class=\"elementor-heading-title elementor-size-default\">Seguro de responsabilidad civil para empresarios<\/h2>\t\t\t\t<\/div>\n\t\t\t\t<\/div>\n\t\t\t\t<\/a>\n\t\t<a class=\"elementor-element elementor-element-6310376 e-con-full e-flex e-con e-child\" data-id=\"6310376\" data-element_type=\"container\" data-e-type=\"container\" data-settings=\"{&quot;background_background&quot;:&quot;classic&quot;}\" href=\"https:\/\/grupoxandra.eu\/beroepsaansprakelijkheids-verzekering\/\">\n\t\t\t\t<div class=\"elementor-element elementor-element-c8ec2c3 white-filter elementor-widget elementor-widget-image\" data-id=\"c8ec2c3\" data-element_type=\"widget\" data-e-type=\"widget\" data-widget_type=\"image.default\">\n\t\t\t\t\t\t\t\t\t\t\t\t\t\t\t<img fetchpriority=\"high\" decoding=\"async\" width=\"2560\" height=\"605\" src=\"https:\/\/grupoxandra.eu\/wp-content\/uploads\/2025\/11\/Zurich_Insurance_Group_Logo_Horizontal.svg_.png\" class=\"attachment-full size-full wp-image-3907\" alt=\"\" srcset=\"https:\/\/grupoxandra.eu\/wp-content\/uploads\/2025\/11\/Zurich_Insurance_Group_Logo_Horizontal.svg_.png 2560w, https:\/\/grupoxandra.eu\/wp-content\/uploads\/2025\/11\/Zurich_Insurance_Group_Logo_Horizontal.svg_-300x71.png 300w, https:\/\/grupoxandra.eu\/wp-content\/uploads\/2025\/11\/Zurich_Insurance_Group_Logo_Horizontal.svg_-1024x242.png 1024w, https:\/\/grupoxandra.eu\/wp-content\/uploads\/2025\/11\/Zurich_Insurance_Group_Logo_Horizontal.svg_-768x182.png 768w, https:\/\/grupoxandra.eu\/wp-content\/uploads\/2025\/11\/Zurich_Insurance_Group_Logo_Horizontal.svg_-1536x363.png 1536w, https:\/\/grupoxandra.eu\/wp-content\/uploads\/2025\/11\/Zurich_Insurance_Group_Logo_Horizontal.svg_-2048x484.png 2048w, https:\/\/grupoxandra.eu\/wp-content\/uploads\/2025\/11\/Zurich_Insurance_Group_Logo_Horizontal.svg_-600x142.png 600w\" sizes=\"(max-width: 2560px) 100vw, 2560px\" \/>\t\t\t\t\t\t\t\t\t\t\t\t\t\t\t<\/div>\n\t\t<div class=\"elementor-element elementor-element-f2abd80 e-con-full e-flex e-con e-child\" data-id=\"f2abd80\" data-element_type=\"container\" data-e-type=\"container\">\n\t\t\t\t<div class=\"elementor-element elementor-element-1362732 elementor-widget elementor-widget-heading\" data-id=\"1362732\" data-element_type=\"widget\" data-e-type=\"widget\" data-widget_type=\"heading.default\">\n\t\t\t\t\t<h2 class=\"elementor-heading-title elementor-size-default\">Seguro de responsabilidad profesional<\/h2>\t\t\t\t<\/div>\n\t\t\t\t<\/div>\n\t\t\t\t<\/a>\n\t\t\t\t<\/div>\n\t\t<div class=\"elementor-element elementor-element-56ab569 e-con-full e-flex e-con e-child\" data-id=\"56ab569\" data-element_type=\"container\" data-e-type=\"container\">\n\t\t<a class=\"elementor-element elementor-element-555340c e-con-full e-flex e-con e-child\" data-id=\"555340c\" data-element_type=\"container\" data-e-type=\"container\" data-settings=\"{&quot;background_background&quot;:&quot;classic&quot;}\" href=\"https:\/\/grupoxandra.eu\/rechtsbijstandverzekering-voor-bedrijven-en-zelfstandigen\/\">\n\t\t\t\t<div class=\"elementor-element elementor-element-d39089a white-filter elementor-widget elementor-widget-image\" data-id=\"d39089a\" data-element_type=\"widget\" data-e-type=\"widget\" data-widget_type=\"image.default\">\n\t\t\t\t\t\t\t\t\t\t\t\t\t\t\t<img decoding=\"async\" width=\"600\" height=\"600\" src=\"https:\/\/grupoxandra.eu\/wp-content\/uploads\/2025\/11\/ARAG_Logo_neu-no-bg.webp\" class=\"attachment-full size-full wp-image-3916\" alt=\"\" srcset=\"https:\/\/grupoxandra.eu\/wp-content\/uploads\/2025\/11\/ARAG_Logo_neu-no-bg.webp 600w, https:\/\/grupoxandra.eu\/wp-content\/uploads\/2025\/11\/ARAG_Logo_neu-no-bg-300x300.webp 300w, https:\/\/grupoxandra.eu\/wp-content\/uploads\/2025\/11\/ARAG_Logo_neu-no-bg-150x150.webp 150w, https:\/\/grupoxandra.eu\/wp-content\/uploads\/2025\/11\/ARAG_Logo_neu-no-bg-100x100.webp 100w\" sizes=\"(max-width: 600px) 100vw, 600px\" \/>\t\t\t\t\t\t\t\t\t\t\t\t\t\t\t<\/div>\n\t\t<div class=\"elementor-element elementor-element-551459a e-con-full e-flex e-con e-child\" data-id=\"551459a\" data-element_type=\"container\" data-e-type=\"container\">\n\t\t\t\t<div class=\"elementor-element elementor-element-78e381f elementor-widget elementor-widget-heading\" data-id=\"78e381f\" data-element_type=\"widget\" data-e-type=\"widget\" data-widget_type=\"heading.default\">\n\t\t\t\t\t<h2 class=\"elementor-heading-title elementor-size-default\">Seguro de defensa jur\u00eddica para empresas y aut\u00f3nomos<\/h2>\t\t\t\t<\/div>\n\t\t\t\t<\/div>\n\t\t\t\t<\/a>\n\t\t\t\t<\/div>\n\t\t\t\t\t<\/div>\n\t\t\t\t<\/div>\n\t\t<div class=\"elementor-element elementor-element-91af57f e-flex e-con-boxed e-con e-parent\" data-id=\"91af57f\" data-element_type=\"container\" data-e-type=\"container\" data-settings=\"{&quot;background_background&quot;:&quot;classic&quot;}\">\n\t\t\t\t\t<div class=\"e-con-inner\">\n\t\t\t\t<div class=\"elementor-element elementor-element-677eb95 elementor-widget elementor-widget-heading\" data-id=\"677eb95\" data-element_type=\"widget\" data-e-type=\"widget\" data-widget_type=\"heading.default\">\n\t\t\t\t\t<h2 class=\"elementor-heading-title elementor-size-default\">Protecci\u00f3n para <b>empleados<\/b> y <b>socios<\/b><\/h2>\t\t\t\t<\/div>\n\t\t<div class=\"elementor-element elementor-element-b4f66c8 e-con-full e-flex e-con e-child\" data-id=\"b4f66c8\" data-element_type=\"container\" data-e-type=\"container\">\n\t\t<a class=\"elementor-element elementor-element-7a7f5b5 e-con-full e-flex e-con e-child\" data-id=\"7a7f5b5\" data-element_type=\"container\" data-e-type=\"container\" data-settings=\"{&quot;background_background&quot;:&quot;classic&quot;}\" href=\"https:\/\/grupoxandra.eu\/collectieve-levensverzekering\/\">\n\t\t\t\t<div class=\"elementor-element elementor-element-91dbc6b white-filter elementor-widget elementor-widget-image\" data-id=\"91dbc6b\" data-element_type=\"widget\" data-e-type=\"widget\" data-widget_type=\"image.default\">\n\t\t\t\t\t\t\t\t\t\t\t\t\t\t\t<img fetchpriority=\"high\" decoding=\"async\" width=\"2560\" height=\"605\" src=\"https:\/\/grupoxandra.eu\/wp-content\/uploads\/2025\/11\/Zurich_Insurance_Group_Logo_Horizontal.svg_.png\" class=\"attachment-full size-full wp-image-3907\" alt=\"\" srcset=\"https:\/\/grupoxandra.eu\/wp-content\/uploads\/2025\/11\/Zurich_Insurance_Group_Logo_Horizontal.svg_.png 2560w, https:\/\/grupoxandra.eu\/wp-content\/uploads\/2025\/11\/Zurich_Insurance_Group_Logo_Horizontal.svg_-300x71.png 300w, https:\/\/grupoxandra.eu\/wp-content\/uploads\/2025\/11\/Zurich_Insurance_Group_Logo_Horizontal.svg_-1024x242.png 1024w, https:\/\/grupoxandra.eu\/wp-content\/uploads\/2025\/11\/Zurich_Insurance_Group_Logo_Horizontal.svg_-768x182.png 768w, https:\/\/grupoxandra.eu\/wp-content\/uploads\/2025\/11\/Zurich_Insurance_Group_Logo_Horizontal.svg_-1536x363.png 1536w, https:\/\/grupoxandra.eu\/wp-content\/uploads\/2025\/11\/Zurich_Insurance_Group_Logo_Horizontal.svg_-2048x484.png 2048w, https:\/\/grupoxandra.eu\/wp-content\/uploads\/2025\/11\/Zurich_Insurance_Group_Logo_Horizontal.svg_-600x142.png 600w\" sizes=\"(max-width: 2560px) 100vw, 2560px\" \/>\t\t\t\t\t\t\t\t\t\t\t\t\t\t\t<\/div>\n\t\t\t\t<div class=\"elementor-element elementor-element-4c5de74 elementor-widget elementor-widget-heading\" data-id=\"4c5de74\" data-element_type=\"widget\" data-e-type=\"widget\" data-widget_type=\"heading.default\">\n\t\t\t\t\t<h2 class=\"elementor-heading-title elementor-size-default\">Seguro de vida colectivo<\/h2>\t\t\t\t<\/div>\n\t\t\t\t<div class=\"elementor-element elementor-element-a6f5a2f elementor-widget elementor-widget-text-editor\" data-id=\"a6f5a2f\" data-element_type=\"widget\" data-e-type=\"widget\" data-widget_type=\"text-editor.default\">\n\t\t\t\t\t\t\t\t\t<p><span class=\"a_GcMg font-feature-liga-off font-feature-clig-off font-feature-calt-off text-decoration-none text-strikethrough-none\">Tranquilidad para su equipo y su empresa<\/span><\/p>\t\t\t\t\t\t\t\t<\/div>\n\t\t\t\t<\/a>\n\t\t\t\t<\/div>\n\t\t\t\t\t<\/div>\n\t\t\t\t<\/div>\n\t\t<div class=\"elementor-element elementor-element-d1cd38c e-flex e-con-boxed e-con e-parent\" data-id=\"d1cd38c\" data-element_type=\"container\" data-e-type=\"container\" data-settings=\"{&quot;background_background&quot;:&quot;classic&quot;}\">\n\t\t\t\t\t<div class=\"e-con-inner\">\n\t\t\t\t<div class=\"elementor-element elementor-element-1bfbd5e elementor-widget elementor-widget-heading\" data-id=\"1bfbd5e\" data-element_type=\"widget\" data-e-type=\"widget\" data-widget_type=\"heading.default\">\n\t\t\t\t\t<h2 class=\"elementor-heading-title elementor-size-default\"><b>Salud<\/b> y <b>bienestar<\/b> para <b>aut\u00f3nomos<\/b><\/h2>\t\t\t\t<\/div>\n\t\t<div class=\"elementor-element elementor-element-8c27144 e-con-full e-flex e-con e-child\" data-id=\"8c27144\" data-element_type=\"container\" data-e-type=\"container\">\n\t\t<a class=\"elementor-element elementor-element-91b5b06 e-con-full e-flex e-con e-child\" data-id=\"91b5b06\" data-element_type=\"container\" data-e-type=\"container\" data-settings=\"{&quot;background_background&quot;:&quot;classic&quot;}\" href=\"https:\/\/grupoxandra.eu\/ondenemer-ziektekostenverzekering\/\">\n\t\t\t\t<div class=\"elementor-element elementor-element-cd9741a white-filter elementor-widget elementor-widget-image\" data-id=\"cd9741a\" data-element_type=\"widget\" data-e-type=\"widget\" data-widget_type=\"image.default\">\n\t\t\t\t\t\t\t\t\t\t\t\t\t\t\t<img decoding=\"async\" width=\"1530\" height=\"381\" src=\"https:\/\/grupoxandra.eu\/wp-content\/uploads\/2025\/11\/DKV-negativo.webp\" class=\"attachment-full size-full wp-image-3933\" alt=\"\" srcset=\"https:\/\/grupoxandra.eu\/wp-content\/uploads\/2025\/11\/DKV-negativo.webp 1530w, https:\/\/grupoxandra.eu\/wp-content\/uploads\/2025\/11\/DKV-negativo-300x75.webp 300w, https:\/\/grupoxandra.eu\/wp-content\/uploads\/2025\/11\/DKV-negativo-1024x255.webp 1024w, https:\/\/grupoxandra.eu\/wp-content\/uploads\/2025\/11\/DKV-negativo-768x191.webp 768w, https:\/\/grupoxandra.eu\/wp-content\/uploads\/2025\/11\/DKV-negativo-600x149.webp 600w\" sizes=\"(max-width: 1530px) 100vw, 1530px\" \/>\t\t\t\t\t\t\t\t\t\t\t\t\t\t\t<\/div>\n\t\t<div class=\"elementor-element elementor-element-74ffbc5 e-con-full e-flex e-con e-child\" data-id=\"74ffbc5\" data-element_type=\"container\" data-e-type=\"container\">\n\t\t\t\t<div class=\"elementor-element elementor-element-a4dc883 elementor-widget elementor-widget-heading\" data-id=\"a4dc883\" data-element_type=\"widget\" data-e-type=\"widget\" data-widget_type=\"heading.default\">\n\t\t\t\t\t<h2 class=\"elementor-heading-title elementor-size-default\">Seguro de enfermedad<\/h2>\t\t\t\t<\/div>\n\t\t\t\t<\/div>\n\t\t\t\t<div class=\"elementor-element elementor-element-0f2071d elementor-widget elementor-widget-text-editor\" data-id=\"0f2071d\" data-element_type=\"widget\" data-e-type=\"widget\" data-widget_type=\"text-editor.default\">\n\t\t\t\t\t\t\t\t\t<p><span class=\"a_GcMg font-feature-liga-off font-feature-clig-off font-feature-calt-off text-decoration-none text-strikethrough-none\">Seguridad para los aut\u00f3nomos<\/span><\/p>\t\t\t\t\t\t\t\t<\/div>\n\t\t\t\t<\/a>\n\t\t\t\t<\/div>\n\t\t\t\t\t<\/div>\n\t\t\t\t<\/div>\n\t\t<div class=\"elementor-element elementor-element-b8678a0 e-con-full e-flex e-con e-parent\" data-id=\"b8678a0\" data-element_type=\"container\" data-e-type=\"container\">\n\t\t\t\t<div class=\"elementor-element elementor-element-ce31469 elementor-widget__width-inherit elementor-widget-divider--view-line elementor-widget elementor-widget-divider\" data-id=\"ce31469\" data-element_type=\"widget\" data-e-type=\"widget\" data-widget_type=\"divider.default\">\n\t\t\t\t\t\t\t<div class=\"elementor-divider\">\n\t\t\t<span class=\"elementor-divider-separator\">\n\t\t\t\t\t\t<\/span>\n\t\t<\/div>\n\t\t\t\t\t\t<\/div>\n\t\t\t\t<\/div>\n\t\t\t\t<\/div>","protected":false},"excerpt":{"rendered":"<p>Persoonlijke bescherming voor uw onderneming, met zekerheid op maat Ondernemen in Spanje is een grote stap. Of u nu een onderneming runt, een winkel opent, een hotel beheert of als zelfstandige professional werkt: achter elke zaak schuilen inspanning, ambitie en mensen die erop vertrouwen dat alles goed verloopt. Bij GrupoXandra begrijpen we de uitdagingen die [&hellip;]<\/p>\n","protected":false},"author":1,"featured_media":0,"parent":0,"menu_order":0,"comment_status":"closed","ping_status":"closed","template":"","meta":{"footnotes":""},"class_list":["post-4196","page","type-page","status-publish","hentry"],"_links":{"self":[{"href":"https:\/\/grupoxandra.eu\/es\/wp-json\/wp\/v2\/pages\/4196","targetHints":{"allow":["GET"]}}],"collection":[{"href":"https:\/\/grupoxandra.eu\/es\/wp-json\/wp\/v2\/pages"}],"about":[{"href":"https:\/\/grupoxandra.eu\/es\/wp-json\/wp\/v2\/types\/page"}],"author":[{"embeddable":true,"href":"https:\/\/grupoxandra.eu\/es\/wp-json\/wp\/v2\/users\/1"}],"replies":[{"embeddable":true,"href":"https:\/\/grupoxandra.eu\/es\/wp-json\/wp\/v2\/comments?post=4196"}],"version-history":[{"count":103,"href":"https:\/\/grupoxandra.eu\/es\/wp-json\/wp\/v2\/pages\/4196\/revisions"}],"predecessor-version":[{"id":6129,"href":"https:\/\/grupoxandra.eu\/es\/wp-json\/wp\/v2\/pages\/4196\/revisions\/6129"}],"wp:attachment":[{"href":"https:\/\/grupoxandra.eu\/es\/wp-json\/wp\/v2\/media?parent=4196"}],"curies":[{"name":"wp","href":"https:\/\/api.w.org\/{rel}","templated":true}]}}