{"id":5383,"date":"2026-02-03T11:45:14","date_gmt":"2026-02-03T11:45:14","guid":{"rendered":"https:\/\/grupoxandra.eu\/?page_id=5383"},"modified":"2026-02-03T12:09:23","modified_gmt":"2026-02-03T12:09:23","slug":"cookiebeleid","status":"publish","type":"page","link":"https:\/\/grupoxandra.eu\/de\/cookiebeleid\/","title":{"rendered":"COOKIEBELEID"},"content":{"rendered":"<div data-elementor-type=\"wp-page\" data-elementor-id=\"5383\" class=\"elementor elementor-5383\" data-elementor-post-type=\"page\">\n\t\t\t\t<div class=\"elementor-element elementor-element-724a688f e-flex e-con-boxed e-con e-parent\" data-id=\"724a688f\" data-element_type=\"container\" data-e-type=\"container\">\n\t\t\t\t\t<div class=\"e-con-inner\">\n\t\t\t\t<div class=\"elementor-element elementor-element-3012bb7 elementor-widget elementor-widget-heading\" data-id=\"3012bb7\" data-element_type=\"widget\" data-e-type=\"widget\" data-widget_type=\"heading.default\">\n\t\t\t\t\t<h1 class=\"elementor-heading-title elementor-size-default\">COOKIE-ERKL\u00c4RUNG<\/h1>\t\t\t\t<\/div>\n\t\t\t\t<div class=\"elementor-element elementor-element-25a0ca2c elementor-widget elementor-widget-text-editor\" data-id=\"25a0ca2c\" data-element_type=\"widget\" data-e-type=\"widget\" data-widget_type=\"text-editor.default\">\n\t\t\t\t\t\t\t\t\t\n<h3><strong>DEFINITION UND ALLGEMEINE FUNKTION VON COOKIES<\/strong><\/h3>\n<p>Cookies sind Kennungen, die wir \u00fcber Ihren Webbrowser an die Festplatte Ihres Computers senden, damit unsere Systeme Ihren Browser erkennen und Ihnen bestimmte Dienste anbieten k\u00f6nnen.<\/p>\n<p>Im Allgemeinen k\u00f6nnen diese Technologien zu sehr unterschiedlichen Zwecken eingesetzt werden, z. B. um Sie als Nutzer zu erkennen, um Informationen \u00fcber Ihr Surfverhalten zu erhalten oder um die Darstellung von Inhalten zu personalisieren.<\/p>\n<p>Diese Seite verwendet verschiedene Arten von Cookies. Einige Cookies werden von Diensten Dritter gesetzt, die auf unseren Seiten erscheinen. In einigen F\u00e4llen, wenn Sie eine Google-Suchmaschine verwenden, haben Sie m\u00f6glicherweise die Cookies von Google akzeptiert. Diese Google-Cookies werden auch dann installiert, wenn Sie unsere eigenen Cookies und\/oder Cookies von Dritten nicht akzeptiert haben.<\/p>\n<p>Nachfolgend sind die auf der Website verwendeten Cookies aufgef\u00fchrt <a href=\"https:\/\/www.grupoxandra.eu\/\">https:\/\/www.grupoxandra.eu\/<\/a><\/p>\n<h2><strong>VERWENDETE COOKIES<\/strong><\/h2>\n<h3><strong>Erforderliche Cookies<\/strong><\/h3>\n<p>Notwendige Cookies helfen dabei, eine Website nutzbar zu machen, indem sie grundlegende Funktionen wie die Seitennavigation und den Zugang zu gesch\u00fctzten Bereichen der Website erm\u00f6glichen. Ohne diese Cookies kann die Website nicht richtig funktionieren.<\/p>\n<p>&nbsp;<\/p>\n<p><!-- notionvc: b1b591b2-728e-4948-9f74-81a940c58322 --><\/p>\n<p><!-- notionvc: 92f17a41-dadd-45ae-9cb6-f0395c78a6e7 --><\/p>\n\n\t\t\t\t\t\t\t\t<\/div>\n\t\t\t\t<div class=\"elementor-element elementor-element-29bbda0 elementor-widget elementor-widget-text-editor\" data-id=\"29bbda0\" data-element_type=\"widget\" data-e-type=\"widget\" data-widget_type=\"text-editor.default\">\n\t\t\t\t\t\t\t\t\t<table>\n  <thead>\n    <tr>\n      <th>Name<\/th>\n      <th>Anbieter<\/th>\n      <th>Ziel<\/th>\n      <th>G\u00fcltigkeit<\/th>\n    <\/tr>\n  <\/thead>\n  <tbody>\n    <tr>\n      <td>cookie-agreed<\/td>\n      <td><\/td>\n      <td>Feststellen, ob der Nutzer die Cookie-Warnung akzeptiert hat<\/td>\n      <td>3 Monate<\/td>\n    <\/tr>\n    <tr>\n      <td>AWSALB<\/td>\n      <td>trustedsite.com<\/td>\n      <td>Optimierung der Website-Besuchererfahrung<\/td>\n      <td>6 Tage<\/td>\n    <\/tr>\n    <tr>\n      <td>AWSALBCORS<\/td>\n      <td>trustedsite.com<\/td>\n      <td>Optimierung der Website-Besuchererfahrung<\/td>\n      <td>6 Tage<\/td>\n    <\/tr>\n    <tr>\n      <td>trustedsite_visit<\/td>\n      <td><\/td>\n      <td>Cookie erforderlich, um die Anmeldung zu garantieren und Spam zu erkennen<\/td>\n      <td>1 Tag<\/td>\n    <\/tr>\n    <tr>\n      <td>cookielawinfo-checkbox-non-necessary<\/td>\n      <td>Eigene<\/td>\n      <td>Speichert, ob der Benutzer Cookies abgelehnt hat<\/td>\n      <td>1 Jahr<\/td>\n    <\/tr>\n    <tr>\n      <td>cookielawinfo-checkbox-necessary<\/td>\n      <td>Eigene<\/td>\n      <td>Speichert, ob der Benutzer Cookies akzeptiert hat<\/td>\n      <td>1 Jahr<\/td>\n    <\/tr>\n    <tr>\n      <td>woocommerce_cart_hash<\/td>\n      <td>Eigene<\/td>\n      <td>Pr\u00fcft auf \u00c4nderungen im Einkaufskorb<\/td>\n      <td>Sitzung<\/td>\n    <\/tr>\n    <tr>\n      <td>woocommerce_items_in_cart<\/td>\n      <td>Eigene<\/td>\n      <td>Pr\u00fcft auf \u00c4nderungen im Einkaufskorb<\/td>\n      <td>Sitzung<\/td>\n    <\/tr>\n    <tr>\n      <td>wp_woocommerce_session_<\/td>\n      <td>Eigene<\/td>\n      <td>Kundenidentifikation<\/td>\n      <td>2 Tage<\/td>\n    <\/tr>\n  <\/tbody>\n<\/table>\t\t\t\t\t\t\t\t<\/div>\n\t\t\t\t<div class=\"elementor-element elementor-element-e2e451e elementor-widget elementor-widget-text-editor\" data-id=\"e2e451e\" data-element_type=\"widget\" data-e-type=\"widget\" data-widget_type=\"text-editor.default\">\n\t\t\t\t\t\t\t\t\t<h3><strong>Bevorzugte Cookies<\/strong><\/h3>\n<p>Pr\u00e4ferenz-Cookies erm\u00f6glichen es der Website, Informationen zu speichern, die das Verhalten oder das Aussehen der Website ver\u00e4ndern, z. B. Ihre bevorzugte Sprache oder die Region, in der Sie sich befinden.<\/p>\n<p><!-- notionvc: 08c2fc20-f1f3-4939-a55b-cbe6dc5a94bb --><\/p>\t\t\t\t\t\t\t\t<\/div>\n\t\t\t\t<div class=\"elementor-element elementor-element-ca38c32 elementor-widget elementor-widget-text-editor\" data-id=\"ca38c32\" data-element_type=\"widget\" data-e-type=\"widget\" data-widget_type=\"text-editor.default\">\n\t\t\t\t\t\t\t\t\t<table>\n  <thead>\n    <tr>\n      <th>Name<\/th>\n      <th>Anbieter<\/th>\n      <th>Ziel<\/th>\n      <th>G\u00fcltigkeit<\/th>\n    <\/tr>\n  <\/thead>\n  <tbody>\n    <tr>\n      <td>SID, SAPISID, APISID<\/td>\n      <td>Google<\/td>\n      <td>Benutzereinstellungen beim Browsen<\/td>\n      <td>2 Jahre<\/td>\n    <\/tr>\n  <\/tbody>\n<\/table>\t\t\t\t\t\t\t\t<\/div>\n\t\t\t\t<div class=\"elementor-element elementor-element-046d2ad elementor-widget elementor-widget-text-editor\" data-id=\"046d2ad\" data-element_type=\"widget\" data-e-type=\"widget\" data-widget_type=\"text-editor.default\">\n\t\t\t\t\t\t\t\t\t<h3><strong>Statistische Cookies<\/strong><\/h3>\n<p>Statistik-Cookies helfen Website-Besitzern zu verstehen, wie Besucher mit der Website interagieren, indem sie anonyme Informationen sammeln und melden.<\/p>\n<p>Um Google Analytics-Cookies zu deaktivieren, k\u00f6nnen Sie das Google Analytics Opt-out Browser Add-on installieren, das die \u00dcbermittlung von statistischen Informationen verhindert. Es ist \u00fcber den folgenden Link verf\u00fcgbar: <span style=\"text-decoration: underline;\"><a href=\"https:\/\/tools.google.com\/dlpage\/gaoptout?hl=nl\" target=\"_blank\" rel=\"noopener\">https:\/\/tools.google.com\/dlpage\/gaoptout?hl=nl<\/a><\/span><\/p>\n<h3><!-- notionvc: 099a30c0-1091-42a0-a225-897ea32c600d --><\/h3>\n<p><!-- notionvc: 08c2fc20-f1f3-4939-a55b-cbe6dc5a94bb --><\/p>\t\t\t\t\t\t\t\t<\/div>\n\t\t\t\t<div class=\"elementor-element elementor-element-63e8f2d elementor-widget elementor-widget-text-editor\" data-id=\"63e8f2d\" data-element_type=\"widget\" data-e-type=\"widget\" data-widget_type=\"text-editor.default\">\n\t\t\t\t\t\t\t\t\t<table>\n  <thead>\n    <tr>\n      <th>Name<\/th>\n      <th>Anbieter<\/th>\n      <th>Ziel<\/th>\n      <th>G\u00fcltigkeit<\/th>\n    <\/tr>\n  <\/thead>\n  <tbody>\n    <tr>\n      <td>_ga<\/td>\n      <td>Google Analytics<\/td>\n      <td>Aufzeichnung einer eindeutigen Kennung, die dazu dient, statistische Daten dar\u00fcber zu erstellen, wie der Besucher die Website nutzt<\/td>\n      <td>2 Jahre<\/td>\n    <\/tr>\n    <tr>\n      <td>_gid<\/td>\n      <td>Google Analytics<\/td>\n      <td>Aufzeichnung einer eindeutigen Kennung, die dazu dient, statistische Daten dar\u00fcber zu erstellen, wie der Besucher die Website nutzt<\/td>\n      <td>1 Tag<\/td>\n    <\/tr>\n    <tr>\n      <td>_Loch<\/td>\n      <td>Google Analytics<\/td>\n      <td>Dient zur Begrenzung des Prozentsatzes der Anfragen<\/td>\n      <td>Sitzung<\/td>\n    <\/tr>\n    <tr>\n      <td>_utm-gif<\/td>\n      <td>Google Analytics<\/td>\n      <td>Ermittelt die Art des Ger\u00e4ts oder des Browserprogramms, das der Besucher verwendet, damit die Website entsprechend formatiert werden kann<\/td>\n      <td>Sitzung<\/td>\n    <\/tr>\n    <tr>\n      <td>_utma<\/td>\n      <td>Google Analytics<\/td>\n      <td>Sammelt Daten dar\u00fcber, wie oft der Nutzer die Website besucht hat<\/td>\n      <td>2 Jahre<\/td>\n    <\/tr>\n    <tr>\n      <td>_utmb<\/td>\n      <td>Google Analytics<\/td>\n      <td>Aufzeichnung des genauen Zeitpunkts, zu dem der Besucher die Website besucht<\/td>\n      <td>1 Tag<\/td>\n    <\/tr>\n    <tr>\n      <td>_utmc<\/td>\n      <td>Google Analytics<\/td>\n      <td>Aufzeichnung des genauen Zeitpunkts, zu dem der Besucher die Website besucht<\/td>\n      <td>Sitzung<\/td>\n    <\/tr>\n    <tr>\n      <td>_utmt<\/td>\n      <td>Google Analytics<\/td>\n      <td>Bewertet die Reaktionsgeschwindigkeit des Servers<\/td>\n      <td>1 Tag<\/td>\n    <\/tr>\n    <tr>\n      <td>_utmz<\/td>\n      <td>Google Analytics<\/td>\n      <td>Sammelt Informationen dar\u00fcber, woher Sie kommen, wonach Sie suchen usw.<\/td>\n      <td>6 Monate<\/td>\n    <\/tr>\n    <tr>\n      <td>yt-player-headers-readable<\/td>\n      <td>youtube.com<\/td>\n      <td>Bestimmt die optimale Videoqualit\u00e4t<\/td>\n      <td>Sitzung<\/td>\n    <\/tr>\n    <tr>\n      <td>SSID, HSID, NID<\/td>\n      <td>Google<\/td>\n      <td>Statistik der Nutzer von Karten<\/td>\n      <td>6 Monate<\/td>\n    <\/tr>\n    <tr>\n      <td>SUCHE_GLEICHSEITE<\/td>\n      <td>Google<\/td>\n      <td>stellt sicher, dass Cookies nicht ohne Zustimmung an Dritte weitergegeben werden<\/td>\n      <td>6 Monate<\/td>\n    <\/tr>\n  <\/tbody>\n<\/table>\t\t\t\t\t\t\t\t<\/div>\n\t\t\t\t<div class=\"elementor-element elementor-element-d9410e9 elementor-widget elementor-widget-text-editor\" data-id=\"d9410e9\" data-element_type=\"widget\" data-e-type=\"widget\" data-widget_type=\"text-editor.default\">\n\t\t\t\t\t\t\t\t\t<h3><span class=\"notion-enable-hover\" data-token-index=\"0\">Marketing-Cookies<\/span><!-- notionvc: 7b99f1b1-ddb6-43cb-8c4d-a3eb30877c33 --><\/h3>\n<p>Marketing-Cookies werden verwendet, um Besucher auf Websites zu verfolgen. Ziel ist es, Werbung anzuzeigen, die f\u00fcr den einzelnen Nutzer relevant und attraktiv ist.<\/p>\n<h3><!-- notionvc: 099a30c0-1091-42a0-a225-897ea32c600d --><\/h3>\n<p><!-- notionvc: 08c2fc20-f1f3-4939-a55b-cbe6dc5a94bb --><\/p>\t\t\t\t\t\t\t\t<\/div>\n\t\t\t\t<div class=\"elementor-element elementor-element-1a4c5ca elementor-widget elementor-widget-text-editor\" data-id=\"1a4c5ca\" data-element_type=\"widget\" data-e-type=\"widget\" data-widget_type=\"text-editor.default\">\n\t\t\t\t\t\t\t\t\t<table>\n  <thead>\n    <tr>\n      <th>Name<\/th>\n      <th>Anbieter<\/th>\n      <th>Ziel<\/th>\n      <th>G\u00fcltigkeit<\/th>\n    <\/tr>\n  <\/thead>\n  <tbody>\n    <tr>\n      <td>_fbp<\/td>\n      <td>Facebook<\/td>\n      <td>Wird von Facebook verwendet, um eine Reihe von Anzeigenprodukten zu liefern, z. B. Echtzeitgebote von Drittanbietern<\/td>\n      <td>3 Monate<\/td>\n    <\/tr>\n    <tr>\n      <td>ads\/ga-audiences<\/td>\n      <td>google.de<\/td>\n      <td>Wird von Google AdWords verwendet, um Besucher, die zu Kunden werden k\u00f6nnten, wieder anzusprechen<\/td>\n      <td>Sitzung<\/td>\n    <\/tr>\n    <tr>\n      <td>fr<\/td>\n      <td>facebook.com<\/td>\n      <td>Wird von Facebook zur Bereitstellung einer Reihe von Werbeprodukten verwendet<\/td>\n      <td>3 Monate<\/td>\n    <\/tr>\n    <tr>\n      <td>IDE<\/td>\n      <td>doubleclick.net<\/td>\n      <td>Wird von Google DoubleClick verwendet, um Nutzeraktionen nach dem Betrachten oder Anklicken von Anzeigen aufzuzeichnen und zu melden, um die Effektivit\u00e4t zu messen.<\/td>\n      <td>1 Jahr<\/td>\n    <\/tr>\n    <tr>\n      <td>test_cookie<\/td>\n      <td>doubleclick.net<\/td>\n      <td>Dient zur \u00dcberpr\u00fcfung, ob der Browser des Nutzers Cookies unterst\u00fctzt<\/td>\n      <td>1 Tag<\/td>\n    <\/tr>\n    <tr>\n      <td>tr<\/td>\n      <td>facebook.com<\/td>\n      <td>Wird von Facebook zur Bereitstellung einer Reihe von Werbeprodukten verwendet<\/td>\n      <td>Sitzung<\/td>\n    <\/tr>\n    <tr>\n      <td>GPS<\/td>\n      <td>youtube.com<\/td>\n      <td>Aufzeichnung einer eindeutigen Kennung auf mobilen Ger\u00e4ten, um eine geografische Verfolgung \u00fcber GPS zu erm\u00f6glichen<\/td>\n      <td>1 Tag<\/td>\n    <\/tr>\n    <tr>\n      <td>BESUCHER_INFO1_LIVE<\/td>\n      <td>youtube.com<\/td>\n      <td>Versucht, die Nutzerbandbreite auf Seiten mit eingebetteten YouTube-Videos zu berechnen<\/td>\n      <td>179 Tage<\/td>\n    <\/tr>\n    <tr>\n      <td>YSC<\/td>\n      <td>youtube.com<\/td>\n      <td>Zeichnet eine eindeutige Kennung auf, um Statistiken dar\u00fcber zu erstellen, welche YouTube-Videos der Nutzer angesehen hat<\/td>\n      <td>Sitzung<\/td>\n    <\/tr>\n    <tr>\n      <td>Yt-remote-cast-installed<\/td>\n      <td>youtube.com<\/td>\n      <td>Zeichnet die Einstellungen des Videoplayers auf, wenn eingebettete YouTube-Videos angezeigt werden<\/td>\n      <td>Sitzung<\/td>\n    <\/tr>\n    <tr>\n      <td>Yt-entfernt-verbundene-Ger\u00e4te<\/td>\n      <td>youtube.com<\/td>\n      <td>Zeichnet die Einstellungen des Videoplayers auf, wenn eingebettete YouTube-Videos angezeigt werden<\/td>\n      <td>Sitzung<\/td>\n    <\/tr>\n    <tr>\n      <td>Yt-remote-device-id<\/td>\n      <td>youtube.com<\/td>\n      <td>Zeichnet die Einstellungen des Videoplayers auf, wenn eingebettete YouTube-Videos angezeigt werden<\/td>\n      <td>Sitzung<\/td>\n    <\/tr>\n    <tr>\n      <td>Yt-remote-fast-check-period<\/td>\n      <td>youtube.com<\/td>\n      <td>Zeichnet die Einstellungen des Videoplayers auf, wenn eingebettete YouTube-Videos angezeigt werden<\/td>\n      <td>Sitzung<\/td>\n    <\/tr>\n    <tr>\n      <td>Yt-remote-session-app<\/td>\n      <td>youtube.com<\/td>\n      <td>Zeichnet die Einstellungen des Videoplayers auf, wenn eingebettete YouTube-Videos angezeigt werden<\/td>\n      <td>Sitzung<\/td>\n    <\/tr>\n    <tr>\n      <td>Yt-remote-session-name<\/td>\n      <td>youtube.com<\/td>\n      <td>Zeichnet die Einstellungen des Videoplayers auf, wenn eingebettete YouTube-Videos angezeigt werden<\/td>\n      <td>Sitzung<\/td>\n    <\/tr>\n    <tr>\n      <td>1P_JAR<\/td>\n      <td>Google<\/td>\n      <td>Personalisierung von Anzeigen auf der Grundlage von Nutzerinteressen<\/td>\n      <td>1 Monat<\/td>\n    <\/tr>\n    <tr>\n      <td>ZUSTIMMUNG<\/td>\n      <td>Google<\/td>\n      <td>Erinnert an die Annahme von Cookies<\/td>\n      <td>Sitzung<\/td>\n    <\/tr>\n    <tr>\n      <td>SIDCC<\/td>\n      <td>Google<\/td>\n      <td>Sammelt anonyme Browsing-Informationen<\/td>\n      <td>2 Jahre<\/td>\n    <\/tr>\n    <tr>\n      <td>DV<\/td>\n      <td>Google<\/td>\n      <td>Sammelt anonyme Browsing-Informationen<\/td>\n      <td>24 Stunden<\/td>\n    <\/tr>\n    <tr>\n      <td>OTZ, NID<\/td>\n      <td>Google<\/td>\n      <td>Personalisierung von Anzeigen auf der Grundlage von Nutzerinteressen<\/td>\n      <td>6 Monate<\/td>\n    <\/tr>\n  <\/tbody>\n<\/table>\t\t\t\t\t\t\t\t<\/div>\n\t\t\t\t<div class=\"elementor-element elementor-element-21a0d67 elementor-widget elementor-widget-text-editor\" data-id=\"21a0d67\" data-element_type=\"widget\" data-e-type=\"widget\" data-widget_type=\"text-editor.default\">\n\t\t\t\t\t\t\t\t\t<h2><strong>COOKIES IN DEN AM H\u00c4UFIGSTEN VERWENDETEN BROWSERN AKTIVIEREN ODER DEAKTIVIEREN<\/strong><\/h2>\n<p>In der Regel ist es m\u00f6glich, die Annahme von Browser-Cookies oder die Annahme von Cookies eines bestimmten Dienstes zu unterbinden.<\/p>\n<p>Bei allen modernen Browsern k\u00f6nnen Sie die Cookie-Konfiguration \u00e4ndern. Diese Einstellungen befinden sich normalerweise in der <strong>\u2018Optionen\u2019.\u2019<\/strong> oder <strong>\u2018Einstellungen\u2019.\u2019<\/strong> aus dem Men\u00fc Ihres Browsers.<\/p>\n<p>Dar\u00fcber hinaus k\u00f6nnen Sie auch Ihren Browser oder Ihr E-Mail-Programm konfigurieren.<\/p>\n<p>Nachfolgend wird der Nutzer \u00fcber die Schritte informiert, die f\u00fcr den Zugang zum Cookie-Konfigurationsmen\u00fc und gegebenenfalls zur privaten Navigation in jedem der wichtigsten Browser erforderlich sind:<\/p>\n<ul>\n<li>\n<p><strong>Internet Explorer:<\/strong> Extras \u2192 Internetoptionen \u2192 Datenschutz \u2192 Einstellungen.<\/p>\n<p>F\u00fcr weitere Informationen besuchen Sie bitte die <a href=\"https:\/\/support.microsoft.com\/es-es\/windows\" target=\"_blank\" rel=\"noopener\">Unterst\u00fctzung durch Microsoft<\/a> oder konsultieren Sie die Hilfe des Browsers.<\/p>\n<\/li>\n<li>\n<p><strong>Firefox:<\/strong> Extras \u2192 Optionen \u2192 Datenschutz \u2192 Verlauf \u2192 Benutzerdefinierte Einstellungen.<\/p>\n<p>F\u00fcr weitere Informationen besuchen Sie bitte die <a href=\"http:\/\/support.mozilla.org\/es\/home\" target=\"_blank\" rel=\"noopener\">Unterst\u00fctzung von Mozilla<\/a> oder konsultieren Sie die Hilfe des Browsers.<\/p>\n<\/li>\n<li>\n<p><strong>Chrom:<\/strong> Einstellungen \u2192 Erweiterte Einstellungen anzeigen \u2192 Datenschutz \u2192 Inhaltseinstellungen.<\/p>\n<p>F\u00fcr weitere Informationen besuchen Sie bitte die <a href=\"http:\/\/support.google.com\/chrome\/?hl=es\" target=\"_blank\" rel=\"noopener\">Unterst\u00fctzung von Google<\/a> oder konsultieren Sie die Hilfe des Browsers.<\/p>\n<\/li>\n<li>\n<p><strong>Safari:<\/strong> Einstellungen \u2192 Sicherheit.<\/p>\n<p>F\u00fcr weitere Informationen besuchen Sie bitte die <a href=\"http:\/\/www.apple.com\/es\/support\/safari\/\" target=\"_blank\" rel=\"noopener\">Unterst\u00fctzung durch Apple<\/a> oder konsultieren Sie die Hilfe des Browsers.<\/p>\n<\/li>\n<\/ul>\n<h2><strong>WAS PASSIERT, WENN COOKIES DEAKTIVIERT WERDEN?<\/strong><\/h2>\n<p>Einige Funktionen der Dienste werden deaktiviert sein.<\/p>\n<h3><!-- notionvc: 1b43418a-8654-4b59-9cc4-2cedfaddaeea --><\/h3>\n<h3><!-- notionvc: 099a30c0-1091-42a0-a225-897ea32c600d --><\/h3>\n<p><!-- notionvc: 08c2fc20-f1f3-4939-a55b-cbe6dc5a94bb --><\/p>\t\t\t\t\t\t\t\t<\/div>\n\t\t\t\t\t<\/div>\n\t\t\t\t<\/div>\n\t\t\t\t<\/div>","protected":false},"excerpt":{"rendered":"<p>COOKIEVERKLARING DEFINITIE EN ALGEMENE FUNCTIE VAN COOKIES Cookies zijn identificatoren die wij via uw webbrowser naar de harde schijf van uw computer sturen, zodat onze systemen uw browser kunnen herkennen en u bepaalde diensten kunnen aanbieden. Over het algemeen kunnen deze technologie\u00ebn voor zeer uiteenlopende doeleinden worden gebruikt, bijvoorbeeld om u als gebruiker te herkennen, [&hellip;]<\/p>\n","protected":false},"author":1,"featured_media":0,"parent":0,"menu_order":0,"comment_status":"closed","ping_status":"closed","template":"","meta":{"footnotes":""},"class_list":["post-5383","page","type-page","status-publish","hentry"],"_links":{"self":[{"href":"https:\/\/grupoxandra.eu\/de\/wp-json\/wp\/v2\/pages\/5383","targetHints":{"allow":["GET"]}}],"collection":[{"href":"https:\/\/grupoxandra.eu\/de\/wp-json\/wp\/v2\/pages"}],"about":[{"href":"https:\/\/grupoxandra.eu\/de\/wp-json\/wp\/v2\/types\/page"}],"author":[{"embeddable":true,"href":"https:\/\/grupoxandra.eu\/de\/wp-json\/wp\/v2\/users\/1"}],"replies":[{"embeddable":true,"href":"https:\/\/grupoxandra.eu\/de\/wp-json\/wp\/v2\/comments?post=5383"}],"version-history":[{"count":10,"href":"https:\/\/grupoxandra.eu\/de\/wp-json\/wp\/v2\/pages\/5383\/revisions"}],"predecessor-version":[{"id":5415,"href":"https:\/\/grupoxandra.eu\/de\/wp-json\/wp\/v2\/pages\/5383\/revisions\/5415"}],"wp:attachment":[{"href":"https:\/\/grupoxandra.eu\/de\/wp-json\/wp\/v2\/media?parent=5383"}],"curies":[{"name":"wp","href":"https:\/\/api.w.org\/{rel}","templated":true}]}}