{"id":5382,"date":"2026-02-03T11:00:14","date_gmt":"2026-02-03T11:00:14","guid":{"rendered":"https:\/\/grupoxandra.eu\/?page_id=5382"},"modified":"2026-02-03T11:02:52","modified_gmt":"2026-02-03T11:02:52","slug":"privacybeleid","status":"publish","type":"page","link":"https:\/\/grupoxandra.eu\/de\/privacybeleid\/","title":{"rendered":"PRIVACY POLICY"},"content":{"rendered":"<div data-elementor-type=\"wp-page\" data-elementor-id=\"5382\" class=\"elementor elementor-5382\" data-elementor-post-type=\"page\">\n\t\t\t\t<div class=\"elementor-element elementor-element-724a688f e-flex e-con-boxed e-con e-parent\" data-id=\"724a688f\" data-element_type=\"container\" data-e-type=\"container\">\n\t\t\t\t\t<div class=\"e-con-inner\">\n\t\t\t\t<div class=\"elementor-element elementor-element-3012bb7 elementor-widget elementor-widget-heading\" data-id=\"3012bb7\" data-element_type=\"widget\" data-e-type=\"widget\" data-widget_type=\"heading.default\">\n\t\t\t\t\t<h1 class=\"elementor-heading-title elementor-size-default\">PRIVACY POLICY<\/h1>\t\t\t\t<\/div>\n\t\t\t\t<div class=\"elementor-element elementor-element-25a0ca2c elementor-widget elementor-widget-text-editor\" data-id=\"25a0ca2c\" data-element_type=\"widget\" data-e-type=\"widget\" data-widget_type=\"text-editor.default\">\n\t\t\t\t\t\t\t\t\t<h2><strong>WER IST F\u00dcR DIE VERARBEITUNG IHRER DATEN VERANTWORTLICH?<\/strong><\/h2>\n<p><strong>Controller:<\/strong> GRUPO XANDRAVK, S.L.<\/p>\n<p><strong>CIF:<\/strong> B54135660<\/p>\n<p><strong>Postanschrift:<\/strong> Laseda Gastro Village - Alicante Golf, Avenida Locutor Vicente Hip\u00f3lito, 03540, Alicante, Spanien<\/p>\n<p><strong>E-Mail Adresse:<\/strong> <a href=\"mailto:info@grupoxandra.eu\">info@grupoxandra.eu<\/a><\/p>\n<h2><strong>WELCHE ART VON DATEN VERARBEITEN WIR?<\/strong><\/h2>\n<p>Je nachdem, welche Produkte, Dienstleistungen oder Funktionalit\u00e4ten Sie nutzen m\u00f6chten, k\u00f6nnen wir verschiedene Arten von Daten verarbeiten. Dazu geh\u00f6ren im Allgemeinen die folgenden Daten:<\/p>\n<ul>\n<li><strong>Angaben zur Identifizierung<\/strong> (z. B. Name, Nachname, Sprache, Land, von dem aus Sie mit uns kommunizieren, Kontaktdaten usw.).<\/li>\n<li><strong>Verbindungs-, Geolokalisierungs- und Navigationsdaten<\/strong> (z. B. wenn Sie mit uns \u00fcber ein mobiles Ger\u00e4t kommunizieren)<\/li>\n<li><strong>Kommerzielle Informationen<\/strong>, wenn Sie sich f\u00fcr unseren Newsletter angemeldet haben<\/li>\n<li><strong>Daten \u00fcber Ihre Vorlieben und Interessen<\/strong><\/li>\n<\/ul>\n<p>Wenn wir Sie auffordern, personenbezogene Daten einzugeben, um auf eine bestimmte Funktion oder einen bestimmten Dienst der Website zuzugreifen, werden bestimmte Felder als obligatorisch gekennzeichnet, da sie f\u00fcr die Bereitstellung des Dienstes erforderlich sind.<\/p>\n<p>Wenn Sie sich entscheiden, diese Angaben nicht zu machen, k\u00f6nnen Sie sich m\u00f6glicherweise nicht registrieren oder bestimmte Dienste oder Funktionen nicht nutzen.<\/p>\n<h2><strong>ZU WELCHEN ZWECKEN VERARBEITEN WIR IHRE PERSONENBEZOGENEN DATEN?<\/strong><\/h2>\n<p>Abh\u00e4ngig von Ihrer Interaktion mit unserer Website verarbeiten wir Ihre personenbezogenen Daten f\u00fcr die folgenden Zwecke:<\/p>\n<p><strong>Bearbeitung von Antr\u00e4gen<\/strong><\/p>\n<p>Zur Bearbeitung von Anfragen, die Sie \u00fcber die verschiedenen Kan\u00e4le auf unserer Website stellen.<\/p>\n<p>Wir verarbeiten nur die personenbezogenen Daten, die unbedingt erforderlich sind, um Ihre Anfrage zu bearbeiten oder zu beantworten.<\/p>\n<p><strong>Marketing<\/strong><\/p>\n<p>Wenn Sie unseren Newsletter abonnieren, verwenden wir Ihre personenbezogenen Daten, um Ihnen regelm\u00e4\u00dfig Unternehmensnachrichten und informative Mitteilungen zukommen zu lassen.<\/p>\n<p>Sie k\u00f6nnen sich jederzeit kostenlos \u00fcber die E-Mail-Adresse des f\u00fcr die Verarbeitung Verantwortlichen oder \u00fcber die in jeder Mitteilung enthaltenen Anweisungen abmelden.<\/p>\n<p><strong>Verwaltung sozialer Netzwerke<\/strong><\/p>\n<p>Wenn Sie uns \u00fcber soziale Netzwerke folgen oder kontaktieren, verarbeiten wir die Daten, die Sie uns \u00fcber diese Netzwerke zur Verf\u00fcgung stellen, ausschlie\u00dflich, um auf Ihre Nachrichten oder Kommentare zu antworten und unsere Kontaktliste zu verwalten.<\/p>\n<p><strong>Analyse der Nutzung und Qualit\u00e4t (Cookies)<\/strong><\/p>\n<p>Wenn Sie unsere Website besuchen, verarbeiten wir Navigationsdaten f\u00fcr analytische und statistische Zwecke, um die Nutzung der Website zu verstehen und Verbesserungen vorzunehmen.<\/p>\n<p>Dar\u00fcber hinaus f\u00fchren wir gelegentlich Qualit\u00e4tsma\u00dfnahmen und Zufriedenheitsumfragen durch, um verbesserungsw\u00fcrdige Bereiche zu ermitteln.<\/p>\n<h2><strong>WAS IST DIE RECHTSGRUNDLAGE F\u00dcR DIE VERARBEITUNG IHRER DATEN?<\/strong><\/h2>\n<p>Die Rechtsgrundlage f\u00fcr die Verarbeitung Ihrer personenbezogenen Daten richtet sich nach dem Zweck der Verarbeitung:<\/p>\n<ul>\n<li><strong>Informationsanfragen:<\/strong> Ihre informierte Zustimmung<\/li>\n<li><strong>Marketing:<\/strong> Ihre ausdr\u00fcckliche Zustimmung<\/li>\n<li><strong>Soziale Netzwerke:<\/strong> Ihre informierte Zustimmung, wenn Sie uns kontaktieren oder uns folgen<\/li>\n<li><strong>Kekse:<\/strong> Ihre Zustimmung zum Setzen von Cookies \u00fcber unsere Website<\/li>\n<\/ul>\n<h2><strong>WIE LANGE BEWAHREN WIR IHRE DATEN AUF?<\/strong><\/h2>\n<ul>\n<li><strong>Informationsanfragen:<\/strong> f\u00fcr den Zeitraum, der f\u00fcr die Bearbeitung Ihres Ersuchens erforderlich ist, und danach <strong>1 Jahr<\/strong><\/li>\n<li><strong>Marketing:<\/strong> bis Sie den Newsletter abbestellen<\/li>\n<li><strong>Soziale Netzwerke:<\/strong> so lange wie n\u00f6tig, um Ihre Anfrage zu bearbeiten und solange Sie unser Follower sind<\/li>\n<\/ul>\n<h2><strong>GEBEN WIR IHRE DATEN AN DRITTE WEITER?<\/strong><\/h2>\n<p>Personenbezogene Daten werden au\u00dfer in den folgenden F\u00e4llen nicht an Dritte weitergegeben:<\/p>\n<ul>\n<li>gesetzliche Verpflichtung<\/li>\n<li>Ihre ausdr\u00fcckliche Zustimmung<\/li>\n<li>berechtigte Interessen, \u00fcber die Sie im Voraus informiert werden<\/li>\n<\/ul>\n<p>Wir sind in den folgenden sozialen Netzwerken aktiv: Facebook, LinkedIn, X, Instagram und YouTube, um unsere Follower \u00fcber Neuigkeiten und Dienstleistungen zu informieren.<\/p>\n<p>Sie k\u00f6nnen diese Netzwerke freiwillig \u00fcber die Links auf unserer Website oder direkt \u00fcber Ihren Browser oder Ihre App besuchen.<\/p>\n<p>Wir sind nicht verantwortlich f\u00fcr die Verwendung Ihrer Daten durch diese sozialen Netzwerke. Wenn die Daten jedoch aus einer Interaktion mit unseren offiziellen Konten resultieren, sind wir zusammen mit dem betreffenden sozialen Netzwerk gemeinsam f\u00fcr die Verarbeitung verantwortlich.<\/p>\n<p>Bitte konsultieren Sie die Datenschutzbestimmungen des jeweiligen sozialen Netzwerks, bevor Sie es nutzen:<\/p>\n<ul>\n<li>Facebook: <a href=\"https:\/\/es-es.facebook.com\/privacy\/explanation\" target=\"_blank\" rel=\"noopener\">https:\/\/es-es.facebook.com\/privacy\/explanation<\/a><\/li>\n<li>LinkedIn: <a href=\"https:\/\/es.linkedin.com\/legal\/privacy-policy\" target=\"_blank\" rel=\"noopener\">https:\/\/es.linkedin.com\/legal\/privacy-policy<\/a><\/li>\n<li>Instagram: <a href=\"https:\/\/privacycenter.instagram.com\/policy\/?entry_point=ig_help_center_data_policy_redirect\" target=\"_blank\" rel=\"noopener\">https:\/\/privacycenter.instagram.com\/policy\/?entry_point=ig_help_center_data_policy_redirect<\/a><\/li>\n<\/ul>\n<p><strong>Internationale Daten\u00fcbermittlung<\/strong><\/p>\n<p>Alle internationalen \u00dcbermittlungen personenbezogener Daten (z. B. \u00fcber Cookies oder soziale Netzwerke) beruhen auf Ihrer ausdr\u00fccklichen Zustimmung, es sei denn, es gibt einen Angemessenheitsbeschluss, angemessene Garantien oder eine andere Rechtsgrundlage.<\/p>\n<h2><strong>WELCHE RECHTE HABEN SIE?<\/strong><\/h2>\n<p>Wir respektieren die Vertraulichkeit Ihrer pers\u00f6nlichen Daten und garantieren Ihnen die Aus\u00fcbung Ihrer Rechte.<\/p>\n<p>Sie k\u00f6nnen Ihre Rechte kostenlos wahrnehmen, indem Sie eine E-Mail an folgende Adresse senden <a href=\"mailto:info@grupoxandra.eu\">info@grupoxandra.eu<\/a> , unter Angabe Ihres Antrags und des Rechts, das Sie aus\u00fcben m\u00f6chten.<\/p>\n<p>Falls erforderlich, k\u00f6nnen wir Sie um einen Identit\u00e4tsnachweis bitten, um Ihre Identit\u00e4t zu \u00fcberpr\u00fcfen.<\/p>\n<p>Sie haben das Recht dazu:<\/p>\n<ul>\n<li>Zugang zu Ihren pers\u00f6nlichen Daten<\/li>\n<li>falsche Daten berichtigen lassen<\/li>\n<li>Ihre Daten l\u00f6schen zu lassen, wenn sie nicht mehr ben\u00f6tigt werden<\/li>\n<li>dass die Verarbeitung eingeschr\u00e4nkt wird<\/li>\n<li>Ihre Zustimmung jederzeit zu widerrufen<\/li>\n<li>Ihre Daten in einem strukturierten, g\u00e4ngigen und maschinenlesbaren Format zu erhalten und an einen anderen f\u00fcr die Verarbeitung Verantwortlichen zu \u00fcbermitteln<\/li>\n<li>der Verarbeitung auf der Grundlage eines berechtigten Interesses zu widersprechen<\/li>\n<\/ul>\n<p>Dar\u00fcber hinaus haben Sie das Recht, eine Beschwerde bei der zust\u00e4ndigen Aufsichtsbeh\u00f6rde einzureichen, insbesondere bei der <strong>Spanische Datenschutzbeh\u00f6rde (AEPD)<\/strong>:<\/p>\n<p><a href=\"https:\/\/www.aepd.es\/portalwebAGPD\/index-ides-idphp.php\" target=\"_blank\" rel=\"noopener\">https:\/\/www.aepd.es\/portalwebAGPD\/index-ides-idphp.php<\/a><\/p>\n<h2><strong>\u00c4NDERUNGEN AN DER DATENSCHUTZPOLITIK<\/strong><\/h2>\n<p>Wir k\u00f6nnen diese Datenschutzrichtlinie \u00e4ndern, wann immer wir dies f\u00fcr notwendig erachten. Im Falle wesentlicher \u00c4nderungen werden wir Sie \u00fcber die Website oder per E-Mail informieren, damit Sie die \u00c4nderungen \u00fcberpr\u00fcfen und, falls Sie dies w\u00fcnschen, Widerspruch einlegen oder sich von einem Dienst abmelden k\u00f6nnen.<\/p>\n<h2><strong>INFORMATIONEN \u00dcBER COOKIES<\/strong><\/h2>\n<p>Wir verwenden Cookies und \u00e4hnliche Technologien, um Ihre Navigation zu erleichtern, zu analysieren, wie Sie mit unserer Website interagieren, und um in bestimmten F\u00e4llen personalisierte Werbung anzuzeigen.<\/p>\n<p>Lesen Sie unser <strong>Cookie-Anweisung<\/strong> f\u00fcr weitere Informationen \u00fcber die verwendeten Cookies, ihre Zwecke und andere relevante Details.<\/p>\n<p><!-- notionvc: 5101894c-798e-4333-b4bd-e441762768dc --><\/p>\t\t\t\t\t\t\t\t<\/div>\n\t\t\t\t\t<\/div>\n\t\t\t\t<\/div>\n\t\t\t\t<\/div>","protected":false},"excerpt":{"rendered":"<p>PRIVACYBELEID WIE IS VERANTWOORDELIJK VOOR DE VERWERKING VAN UW GEGEVENS? Verwerkingsverantwoordelijke: GRUPO XANDRAVK, S.L. CIF: B54135660 Postadres: Laseda Gastro Village \u2013 Alicante Golf, Avenida Locutor Vicente Hip\u00f3lito, 03540, Alicante, Spanje E-mailadres: info@grupoxandra.eu WELKE SOORT GEGEVENS VERWERKEN WIJ? Afhankelijk van de producten, diensten of functionaliteiten waarvan u gebruik wenst te maken, kunnen wij verschillende soorten gegevens [&hellip;]<\/p>\n","protected":false},"author":1,"featured_media":0,"parent":0,"menu_order":0,"comment_status":"closed","ping_status":"closed","template":"","meta":{"footnotes":""},"class_list":["post-5382","page","type-page","status-publish","hentry"],"_links":{"self":[{"href":"https:\/\/grupoxandra.eu\/de\/wp-json\/wp\/v2\/pages\/5382","targetHints":{"allow":["GET"]}}],"collection":[{"href":"https:\/\/grupoxandra.eu\/de\/wp-json\/wp\/v2\/pages"}],"about":[{"href":"https:\/\/grupoxandra.eu\/de\/wp-json\/wp\/v2\/types\/page"}],"author":[{"embeddable":true,"href":"https:\/\/grupoxandra.eu\/de\/wp-json\/wp\/v2\/users\/1"}],"replies":[{"embeddable":true,"href":"https:\/\/grupoxandra.eu\/de\/wp-json\/wp\/v2\/comments?post=5382"}],"version-history":[{"count":4,"href":"https:\/\/grupoxandra.eu\/de\/wp-json\/wp\/v2\/pages\/5382\/revisions"}],"predecessor-version":[{"id":5394,"href":"https:\/\/grupoxandra.eu\/de\/wp-json\/wp\/v2\/pages\/5382\/revisions\/5394"}],"wp:attachment":[{"href":"https:\/\/grupoxandra.eu\/de\/wp-json\/wp\/v2\/media?parent=5382"}],"curies":[{"name":"wp","href":"https:\/\/api.w.org\/{rel}","templated":true}]}}