{"id":5374,"date":"2026-02-03T10:55:10","date_gmt":"2026-02-03T10:55:10","guid":{"rendered":"https:\/\/grupoxandra.eu\/?page_id=5374"},"modified":"2026-02-03T10:58:30","modified_gmt":"2026-02-03T10:58:30","slug":"juridisch","status":"publish","type":"page","link":"https:\/\/grupoxandra.eu\/de\/juridisch\/","title":{"rendered":"JURIDISCH"},"content":{"rendered":"<div data-elementor-type=\"wp-page\" data-elementor-id=\"5374\" class=\"elementor elementor-5374\" data-elementor-post-type=\"page\">\n\t\t\t\t<div class=\"elementor-element elementor-element-724a688f e-flex e-con-boxed e-con e-parent\" data-id=\"724a688f\" data-element_type=\"container\" data-e-type=\"container\">\n\t\t\t\t\t<div class=\"e-con-inner\">\n\t\t\t\t<div class=\"elementor-element elementor-element-3012bb7 elementor-widget elementor-widget-heading\" data-id=\"3012bb7\" data-element_type=\"widget\" data-e-type=\"widget\" data-widget_type=\"heading.default\">\n\t\t\t\t\t<h1 class=\"elementor-heading-title elementor-size-default\">JURIDSCH<\/h1>\t\t\t\t<\/div>\n\t\t\t\t<div class=\"elementor-element elementor-element-25a0ca2c elementor-widget elementor-widget-text-editor\" data-id=\"25a0ca2c\" data-element_type=\"widget\" data-e-type=\"widget\" data-widget_type=\"text-editor.default\">\n\t\t\t\t\t\t\t\t\t\n<p>Bitte lesen Sie alle Bestimmungen dieses rechtlichen Hinweises sorgf\u00e4ltig durch, bevor Sie diese Website nutzen. Die folgenden Bestimmungen sind f\u00fcr jeden Nutzer der Website verbindlich.<\/p>\n\n<p>Gem\u00e4\u00df der Informationspflicht des Gesetzes 34\/2002 vom 11. Juli \u00fcber die Dienste der Informationsgesellschaft und den elektronischen Gesch\u00e4ftsverkehr (LSSI-CE) werden im Folgenden die allgemeinen Informationen zu dieser Website aufgef\u00fchrt.<\/p>\n\n<p>Zweck dieses Textes ist es, Sie ausf\u00fchrlich \u00fcber die Funktionalit\u00e4ten dieser Website zu informieren und Ihnen Informationen \u00fcber den Inhaber der Website und den Zweck des darin enthaltenen Inhalts zu geben.<\/p>\n\n<h2 class=\"wp-block-heading\"><strong>IDENTIFIZIERUNGSANGABEN<\/strong><\/h2>\n\n<p>Dieser rechtliche Hinweis regelt die Nutzung der Website <a href=\"https:\/\/www.grupoxandra.eu\/\">https:\/\/www.grupoxandra.eu\/<\/a> und informiert Sie in \u00dcbereinstimmung mit dem Gesetz 34\/2002 vom 11. Juli \u00fcber die Dienste der Informationsgesellschaft und den elektronischen Handel:<\/p>\n\n<p><strong>Name des Unternehmens:<\/strong> GrupoXandravk S.L.<\/p>\n\n<p><strong>Adresse:<\/strong> Laseda Gastro Village - Alicante Golf, Avenida Locutor Vicente Hip\u00f3lito, 03540, San Juan Playa, Alicante (Spanien)<\/p>\n\n<p><strong>E-Mail Adresse:<\/strong> <a href=\"mailto:info@grupoxandra.eu\">info@grupoxandra.eu<\/a><\/p>\n\n<p><strong>Kontakt Telefon:<\/strong> +34 965 637 134<\/p>\n\n<p><strong>Mehrwertsteuer-\/Steuernummer (CIF):<\/strong> B54135660<\/p>\n\n<p><strong>Angaben zur Anmeldung:<\/strong> Handelsregister der Provinz: Alicante, Band 3112, Buch -, Folio 50, Abteilung -, Blatt 102338, Eintragungsnummer 1.<\/p>\n\n<p><strong>Gesetzlicher Vertreter:<\/strong> Sandra Anna Rachel van Kerckhova<\/p>\n\n<p><strong>Agent Nr.:<\/strong> 78 98 12 88<\/p>\n\n<p><strong>Ethikkodex f\u00fcr die Versicherungsvermittlung des Allgemeinen Rates der Versicherungsmakler:<\/strong><\/p>\n\n<figure class=\"wp-block-embed\">\n<div class=\"wp-block-embed__wrapper\">https:\/\/colmedse.org\/wp-content\/uploads\/2018\/05\/Codigo-Deontologico.pdf<\/div>\n<\/figure>\n\n<h2 class=\"wp-block-heading\"><strong>NUTZUNG DER WEBSITE UND PFLICHTEN DER NUTZER<\/strong><\/h2>\n\n<p>Der Benutzer verpflichtet sich, die Website, ihre Inhalte und Dienstleistungen in \u00dcbereinstimmung mit den geltenden Gesetzen, den allgemein anerkannten Br\u00e4uchen und der \u00f6ffentlichen Ordnung zu nutzen. Es ist verboten, die Website f\u00fcr ungesetzliche Zwecke oder f\u00fcr Zwecke zu verwenden, die GrupoXandravk S.L. oder Dritten schaden, die in irgendeiner Weise Schaden verursachen oder die normale Nutzung der Website verhindern k\u00f6nnen.<\/p>\n\n<p>GrupoXandravk S.L. garantiert, dass der Inhalt und die Dienstleistungen, die \u00fcber das Portal angeboten werden, den Grundsatz der Menschenw\u00fcrde respektieren, sowie den Schutz von Kindern und Jugendlichen und das Verbot der Diskriminierung aufgrund von Ethnie, Geschlecht, Religion, Meinung, Nationalit\u00e4t, Behinderung oder anderen pers\u00f6nlichen oder sozialen Umst\u00e4nden.<\/p>\n\n<p>Die vorliegenden Allgemeinen Nutzungsbedingungen der Website gew\u00e4hren dem Nutzer kein Recht, den Inhalt der Website zu nutzen, zu ver\u00e4ndern, zu verwerten, zu vervielf\u00e4ltigen, zu verbreiten oder \u00f6ffentlich zu kommunizieren, es sei denn, dies ist hier ausdr\u00fccklich vorgesehen.<\/p>\n\n<p>Die Inhalte (Informationen, Ton- und\/oder Bilddateien, Fotos, Designs, etc.) auf dem Portal sind Eigentum von GrupoXandravk S.L. oder werden von ihr rechtm\u00e4\u00dfig mit der Zustimmung der Rechteinhaber verbreitet.<\/p>\n\n<p>GrupoXandravk S.L. verpflichtet sich, keine irref\u00fchrende Werbung zu betreiben und daher ist das Folgende verboten:<\/p>\n\n<ul class=\"wp-block-list\">\n<li>Verwendung f\u00fcr andere als die ausdr\u00fccklich genehmigten kommerziellen oder Werbezwecke.<\/li>\n\n<li>Die Vervielf\u00e4ltigung, Ver\u00f6ffentlichung, Verbreitung oder Ver\u00e4nderung, ganz oder teilweise, ist nicht gestattet, es sei denn, es liegt eine vorherige schriftliche Genehmigung der Rechteinhaber vor oder es ist gesetzlich zul\u00e4ssig.<\/li>\n\n<li>Jegliche Verletzung der Rechte von GrupoXandravk S.L. oder ihrer Rechteinhaber.<\/li>\n<\/ul>\n\n<h2 class=\"wp-block-heading\"><strong>GEISTIGES UND GEWERBLICHES EIGENTUM<\/strong><\/h2>\n\n<p>Der Benutzer erkennt an und akzeptiert, dass alle geistigen und gewerblichen Eigentumsrechte in Bezug auf den Inhalt und\/oder andere Elemente auf der Website GrupoXandravk S.L. geh\u00f6ren oder dass sie \u00fcber die notwendige Genehmigung f\u00fcr deren Verbreitung \u00fcber diese Website verf\u00fcgt.<\/p>\n\n<p>Wenn ein Benutzer oder ein Dritter der Meinung ist, dass seine Rechte am geistigen Eigentum durch die Aufnahme bestimmter Inhalte in die Website verletzt wurden, sollte er\/sie GrupoXandravk S.L. unter Angabe der folgenden Angaben benachrichtigen:<\/p>\n\n<ul class=\"wp-block-list\">\n<li>Angaben zum Inhaber der Rechte, die angeblich verletzt wurden, oder zur Vertretung, in deren Auftrag gehandelt wird, wenn die Beschwerde von einem Dritten eingereicht wird.<\/li>\n\n<li>Der gesch\u00fctzte Inhalt und sein Standort auf der Website, der Nachweis der Rechte am geistigen Eigentum und eine ausdr\u00fcckliche Erkl\u00e4rung, in der die Verantwortung f\u00fcr die Richtigkeit der bereitgestellten Informationen \u00fcbernommen wird.<\/li>\n<\/ul>\n\n<h2 class=\"wp-block-heading\"><strong>LINKS<\/strong><\/h2>\n\n<p>Diese Website enth\u00e4lt Links zu anderen gesch\u00fctzten Websites und zu Inhalten, die Eigentum Dritter sind.<\/p>\n\n<p><strong>Eigene Websites:<\/strong><\/p>\n\n<p><a href=\"http:\/\/www.autoverzekeringspanje.com\" target=\"_blank\" rel=\"noopener\">**www.autoverzekeringspanje.com<\/a>**<\/p>\n\n<p><a href=\"http:\/\/www.zorgverzekeringspanje.com\" target=\"_blank\" rel=\"noopener\">**www.zorgverzekeringspanje.com<\/a>**<\/p>\n\n<p><a href=\"http:\/\/www.ziekteverzekeringspanje.com\" target=\"_blank\" rel=\"noopener\">**www.ziekteverzekeringspanje.com<\/a>**<\/p>\n\n<p><a href=\"http:\/\/www.opstalverzekeringspanje.com\" target=\"_blank\" rel=\"noopener\">**www.opstalverzekeringspanje.com<\/a>**<\/p>\n\n<p><a href=\"http:\/\/www.levensverzekeringspanje.com\" target=\"_blank\" rel=\"noopener\">**www.levensverzekeringspanje.com<\/a>**<\/p>\n\n<p><a href=\"http:\/\/www.hospitaalverzekeringspanje.com\" target=\"_blank\" rel=\"noopener\">**www.hospitaalverzekeringspanje.com<\/a>**<\/p>\n\n<p>Der einzige Zweck dieser Links ist es, dem Benutzer den Zugang zu diesen Websites zu erm\u00f6glichen. GrupoXandravk S.L. \u00fcbernimmt keine Haftung f\u00fcr die Ergebnisse, die durch den Zugriff auf diese Links erzielt werden.<\/p>\n\n<p>Benutzer, die einen technischen Link von ihrer Website zu diesem Portal einrichten m\u00f6chten, m\u00fcssen die vorherige schriftliche Zustimmung von GrupoXandravk S.L. einholen. Die Einrichtung eines Links impliziert in keiner Weise das Bestehen einer Beziehung zwischen GrupoXandravk S.L. und dem Eigent\u00fcmer der Website, auf der der Link eingerichtet ist, noch die Genehmigung oder Akzeptanz von GrupoXandravk S.L. von deren Inhalt oder Dienstleistungen.<\/p>\n\n<p>Die Website, auf der der Link platziert wird, darf keine Marken, Handelsnamen, Logos, Slogans oder andere Unterscheidungsmerkmale enthalten, die Eigentum von GrupoXandravk S.L. sind, es sei denn, dies ist ausdr\u00fccklich genehmigt.<\/p>\n\n<h2 class=\"wp-block-heading\"><strong>EINSEITIGE \u00c4NDERUNG UND DAUER<\/strong><\/h2>\n\n<p>GrupoXandravk S.L. beh\u00e4lt sich das Recht vor, die Pr\u00e4sentation und Konfiguration der Website sowie diesen rechtlichen Hinweis jederzeit und ohne vorherige Ank\u00fcndigung zu \u00e4ndern.<\/p>\n\n<h2 class=\"wp-block-heading\"><strong>AUSSCHLUSS VON GEW\u00c4HRLEISTUNG UND HAFTUNG<\/strong><\/h2>\n\n<p>GrupoXandravk S.L. gibt keine Garantien und \u00fcbernimmt unter keinen Umst\u00e4nden die Haftung f\u00fcr Sch\u00e4den jeglicher Art, die sich daraus ergeben k\u00f6nnen:<\/p>\n\n<ul class=\"wp-block-list\">\n<li>Mangelnde Verf\u00fcgbarkeit, Wartung oder effektiver Betrieb der Website und\/oder ihrer Dienste oder Inhalte.<\/li>\n\n<li>Das Vorhandensein von Viren, b\u00f6sartigen oder sch\u00e4dlichen Programmen in den Inhalten.<\/li>\n\n<li>Rechtswidrige, fahrl\u00e4ssige, betr\u00fcgerische oder gegen diese Bedingungen, Treu und Glauben, allgemein anerkannte Praktiken oder die \u00f6ffentliche Ordnung versto\u00dfende Nutzung durch Nutzer.<\/li>\n<\/ul>\n\n<h2 class=\"wp-block-heading\"><strong>VERARBEITUNG VON PERSONENBEZOGENEN DATEN<\/strong><\/h2>\n\n<p>Die GrupoXandravk S.L. hat, wie in ihrer Satzung dargelegt <strong>\u201cDATENSCHUTZRICHTLINIE\u201d<\/strong> die auf dieser Website zug\u00e4nglich sind, ein angemessenes Sicherheitsniveau f\u00fcr die von ihr verarbeiteten und verwalteten Daten eingef\u00fchrt und alle technischen Mittel und Ma\u00dfnahmen ergriffen hat, um die Vertraulichkeit zu gew\u00e4hrleisten und Missbrauch, Verlust, \u00c4nderung, unbefugten Zugriff und Diebstahl zu verhindern.<\/p>\n\n<h2 class=\"wp-block-heading\"><strong>ANWENDBARES RECHT UND ZUST\u00c4NDIGES GERICHT<\/strong><\/h2>\n\n<p>Die Beilegung von Streitigkeiten oder Fragen im Zusammenhang mit dieser Website oder den auf ihr durchgef\u00fchrten Aktivit\u00e4ten unterliegt dem spanischen Recht, dem sich die Parteien ausdr\u00fccklich unterwerfen. F\u00fcr Streitigkeiten, bei denen der Kl\u00e4ger als Verbraucher gilt, sind die Gerichte seines Wohnsitzes zust\u00e4ndig; in anderen F\u00e4llen sind die Gerichte der Stadt Alicante (Provinz Alicante, Spanien) zust\u00e4ndig.<\/p>\n\n<h2 class=\"wp-block-heading\"><strong>KONTAKT<\/strong><\/h2>\n\n<p>Wenn ein Nutzer Fragen zu diesen rechtlichen Hinweisen hat oder sich dazu \u00e4u\u00dfern m\u00f6chte, kann er\/sie sich per E-Mail oder schriftlich an die in der Kopfzeile dieses Dokuments genannte Adresse wenden.<\/p>\n\n<p>\u00a0<\/p>\n\t\t\t\t\t\t\t\t<\/div>\n\t\t\t\t\t<\/div>\n\t\t\t\t<\/div>\n\t\t\t\t<\/div>","protected":false},"excerpt":{"rendered":"<p>JURIDSCH Lees alle bepalingen van deze Juridische Kennisgeving zorgvuldig voordat u deze website gebruikt. De volgende voorwaarden zijn bindend voor elke gebruiker ervan. Ter naleving van de informatieplicht zoals vastgelegd in Wet 34\/2002 van 11 juli inzake Diensten van de Informatiemaatschappij en Elektronische Handel (LSSI-CE), wordt hieronder de algemene informatie van deze website verstrekt. Het [&hellip;]<\/p>\n","protected":false},"author":1,"featured_media":0,"parent":0,"menu_order":0,"comment_status":"closed","ping_status":"closed","template":"","meta":{"footnotes":""},"class_list":["post-5374","page","type-page","status-publish","hentry"],"_links":{"self":[{"href":"https:\/\/grupoxandra.eu\/de\/wp-json\/wp\/v2\/pages\/5374","targetHints":{"allow":["GET"]}}],"collection":[{"href":"https:\/\/grupoxandra.eu\/de\/wp-json\/wp\/v2\/pages"}],"about":[{"href":"https:\/\/grupoxandra.eu\/de\/wp-json\/wp\/v2\/types\/page"}],"author":[{"embeddable":true,"href":"https:\/\/grupoxandra.eu\/de\/wp-json\/wp\/v2\/users\/1"}],"replies":[{"embeddable":true,"href":"https:\/\/grupoxandra.eu\/de\/wp-json\/wp\/v2\/comments?post=5374"}],"version-history":[{"count":4,"href":"https:\/\/grupoxandra.eu\/de\/wp-json\/wp\/v2\/pages\/5374\/revisions"}],"predecessor-version":[{"id":5381,"href":"https:\/\/grupoxandra.eu\/de\/wp-json\/wp\/v2\/pages\/5374\/revisions\/5381"}],"wp:attachment":[{"href":"https:\/\/grupoxandra.eu\/de\/wp-json\/wp\/v2\/media?parent=5374"}],"curies":[{"name":"wp","href":"https:\/\/api.w.org\/{rel}","templated":true}]}}