{"id":4638,"date":"2026-01-14T13:48:29","date_gmt":"2026-01-14T13:48:29","guid":{"rendered":"https:\/\/grupoxandra.eu\/?page_id=4638"},"modified":"2026-02-18T10:46:24","modified_gmt":"2026-02-18T10:46:24","slug":"aardbevingen","status":"publish","type":"page","link":"https:\/\/grupoxandra.eu\/de\/aardbevingen\/","title":{"rendered":"Erdbeben"},"content":{"rendered":"<div data-elementor-type=\"wp-page\" data-elementor-id=\"4638\" class=\"elementor elementor-4638\" data-elementor-post-type=\"page\">\n\t\t\t\t<div class=\"elementor-element elementor-element-d64681f e-con-full e-flex e-con e-parent\" data-id=\"d64681f\" data-element_type=\"container\" data-e-type=\"container\" data-settings=\"{&quot;background_background&quot;:&quot;classic&quot;}\">\n\t\t\t\t<div class=\"elementor-element elementor-element-f31a27f white-filter elementor-widget elementor-widget-image\" data-id=\"f31a27f\" data-element_type=\"widget\" data-e-type=\"widget\" data-widget_type=\"image.default\">\n\t\t\t\t\t\t\t\t\t\t\t\t\t\t\t<img fetchpriority=\"high\" decoding=\"async\" width=\"800\" height=\"189\" src=\"https:\/\/grupoxandra.eu\/wp-content\/uploads\/2025\/11\/Zurich_Insurance_Group_Logo_Horizontal.svg_-1024x242.png\" class=\"attachment-large size-large wp-image-3907\" alt=\"\" srcset=\"https:\/\/grupoxandra.eu\/wp-content\/uploads\/2025\/11\/Zurich_Insurance_Group_Logo_Horizontal.svg_-1024x242.png 1024w, https:\/\/grupoxandra.eu\/wp-content\/uploads\/2025\/11\/Zurich_Insurance_Group_Logo_Horizontal.svg_-300x71.png 300w, https:\/\/grupoxandra.eu\/wp-content\/uploads\/2025\/11\/Zurich_Insurance_Group_Logo_Horizontal.svg_-768x182.png 768w, https:\/\/grupoxandra.eu\/wp-content\/uploads\/2025\/11\/Zurich_Insurance_Group_Logo_Horizontal.svg_-1536x363.png 1536w, https:\/\/grupoxandra.eu\/wp-content\/uploads\/2025\/11\/Zurich_Insurance_Group_Logo_Horizontal.svg_-2048x484.png 2048w, https:\/\/grupoxandra.eu\/wp-content\/uploads\/2025\/11\/Zurich_Insurance_Group_Logo_Horizontal.svg_-600x142.png 600w\" sizes=\"(max-width: 800px) 100vw, 800px\" \/>\t\t\t\t\t\t\t\t\t\t\t\t\t\t\t<\/div>\n\t\t<div class=\"elementor-element elementor-element-aee40ed e-flex e-con-boxed e-con e-child\" data-id=\"aee40ed\" data-element_type=\"container\" data-e-type=\"container\">\n\t\t\t\t\t<div class=\"e-con-inner\">\n\t\t\t\t<div class=\"elementor-element elementor-element-d498456 elementor-widget elementor-widget-heading\" data-id=\"d498456\" data-element_type=\"widget\" data-e-type=\"widget\" data-widget_type=\"heading.default\">\n\t\t\t\t\t<h1 class=\"elementor-heading-title elementor-size-default\">Schaden durch Erdbeben in Spanien: Schaden, Deckung und Rolle des Consorcio<\/h1>\t\t\t\t<\/div>\n\t\t\t\t<div class=\"elementor-element elementor-element-499cbd7 elementor-widget elementor-widget-text-editor\" data-id=\"499cbd7\" data-element_type=\"widget\" data-e-type=\"widget\" data-widget_type=\"text-editor.default\">\n\t\t\t\t\t\t\t\t\t<p>Haben Sie noch Fragen? Wir geben Ihnen gerne klare Antworten<\/p>\t\t\t\t\t\t\t\t<\/div>\n\t\t\t\t<div class=\"elementor-element elementor-element-aed8c7a elementor-align-justify elementor-widget__width-initial elementor-widget elementor-widget-button\" data-id=\"aed8c7a\" data-element_type=\"widget\" data-e-type=\"widget\" data-widget_type=\"button.default\">\n\t\t\t\t\t\t\t\t\t\t<a class=\"elementor-button elementor-button-link elementor-size-sm\" href=\"mailto:siniestros@grupoxandra.eu?subject=Schademelding%20%7C%20%5Bpolisnummer%5D&#038;body=Beste%20GrupoXandra%2C%0A%0AIk%20wil%20graag%20een%20schade%20melden.%0A%0AGegevens%3A%0A%0ANaam%3A%0A%0APolisnummer%3A%0A%0ATelefoonnummer%3A%0A%0A%0A%0ASchadegegevens%3A%0A%0ADatum%20van%20het%20schadegeval%3A%0A%0APlaats%20van%20het%20schadegeval%3A%0A%0AKorte%20beschrijving%20van%20wat%20er%20is%20gebeurd%3A%0A%0A%0A%0ABijlagen%3A%0A%0AIk%20voeg%20indien%20mogelijk%20foto%E2%80%99s%20en%2Fof%20documenten%20toe.%0A%0A%0A%0AMet%20vriendelijke%20groet%2C%0A%0A%5BUw%20naam%5D\">\n\t\t\t\t\t\t<span class=\"elementor-button-content-wrapper\">\n\t\t\t\t\t\t\t\t\t<span class=\"elementor-button-text\">Schadensmeldung<\/span>\n\t\t\t\t\t<\/span>\n\t\t\t\t\t<\/a>\n\t\t\t\t\t\t\t\t<\/div>\n\t\t\t\t\t<\/div>\n\t\t\t\t<\/div>\n\t\t\t\t<\/div>\n\t\t<div class=\"elementor-element elementor-element-9edcbfd e-flex e-con-boxed e-con e-parent\" data-id=\"9edcbfd\" data-element_type=\"container\" data-e-type=\"container\" data-settings=\"{&quot;background_background&quot;:&quot;classic&quot;}\">\n\t\t\t\t\t<div class=\"e-con-inner\">\n\t\t\t\t<div class=\"elementor-element elementor-element-f36b04a elementor-widget elementor-widget-n-accordion\" data-id=\"f36b04a\" data-element_type=\"widget\" data-e-type=\"widget\" data-settings=\"{&quot;n_accordion_animation_duration&quot;:{&quot;unit&quot;:&quot;ms&quot;,&quot;size&quot;:250,&quot;sizes&quot;:[]},&quot;default_state&quot;:&quot;expanded&quot;,&quot;max_items_expended&quot;:&quot;one&quot;}\" data-widget_type=\"nested-accordion.default\">\n\t\t\t\t\t\t\t<div class=\"e-n-accordion\" aria-label=\"Akkordeon. \u00d6ffnen Sie Links mit Enter oder Space, schlie\u00dfen Sie sie mit Escape und navigieren Sie mit den Pfeiltasten.\">\n\t\t\t\t\t\t<details id=\"e-n-accordion-item-2550\" class=\"e-n-accordion-item\" open>\n\t\t\t\t<summary class=\"e-n-accordion-item-title\" data-accordion-index=\"1\" tabindex=\"0\" aria-expanded=\"true\" aria-controls=\"e-n-accordion-item-2550\" >\n\t\t\t\t\t<span class='e-n-accordion-item-title-header'><div class=\"e-n-accordion-item-title-text\"> Ist Schaden durch Erdbeben in Spanien versichert? <\/div><\/span>\n\t\t\t\t\t\t\t\t\t<\/summary>\n\t\t\t\t<div role=\"region\" aria-labelledby=\"e-n-accordion-item-2550\" class=\"elementor-element elementor-element-f2fe5fe e-con-full e-flex e-con e-child\" data-id=\"f2fe5fe\" data-element_type=\"container\" data-e-type=\"container\">\n\t\t\t\t<div class=\"elementor-element elementor-element-9a8e91e elementor-widget elementor-widget-text-editor\" data-id=\"9a8e91e\" data-element_type=\"widget\" data-e-type=\"widget\" data-widget_type=\"text-editor.default\">\n\t\t\t\t\t\t\t\t\t<p>Ja. Schaden durch Erdbeben wird in Spanien nicht von der normalen Versicherungsgesellschaft \u00fcbernommen, sondern \u00fcber die <span class=\"notion-enable-hover\" data-token-index=\"1\">Consorcio de Compensaci\u00f3n de Seguros (CCS)<\/span>, eine \u00f6ffentliche spanische Einrichtung.<!-- notionvc: 41dd3fdb-d1e3-4ecf-a8f6-b55396998892 --><\/p>\t\t\t\t\t\t\t\t<\/div>\n\t\t\t\t<\/div>\n\t\t\t\t\t<\/details>\n\t\t\t\t\t\t<details id=\"e-n-accordion-item-2551\" class=\"e-n-accordion-item\" >\n\t\t\t\t<summary class=\"e-n-accordion-item-title\" data-accordion-index=\"2\" tabindex=\"-1\" aria-expanded=\"false\" aria-controls=\"e-n-accordion-item-2551\" >\n\t\t\t\t\t<span class='e-n-accordion-item-title-header'><div class=\"e-n-accordion-item-title-text\"> Was ist der Consorcio de Compensaci\u00f3n de Seguros (CCS)? <\/div><\/span>\n\t\t\t\t\t\t\t\t\t<\/summary>\n\t\t\t\t<div role=\"region\" aria-labelledby=\"e-n-accordion-item-2551\" class=\"elementor-element elementor-element-e07489c e-con-full e-flex e-con e-child\" data-id=\"e07489c\" data-element_type=\"container\" data-e-type=\"container\">\n\t\t\t\t<div class=\"elementor-element elementor-element-9087b46 elementor-widget elementor-widget-text-editor\" data-id=\"9087b46\" data-element_type=\"widget\" data-e-type=\"widget\" data-widget_type=\"text-editor.default\">\n\t\t\t\t\t\t\t\t\t<p>Die CCS ist eine staatliche Einrichtung, die Sch\u00e4den bei au\u00dfergew\u00f6hnlichen Ereignissen wie Erdbeben, schweren \u00dcberschwemmungen und anderen au\u00dfergew\u00f6hnlichen Risiken behandelt.<br \/><!-- notionvc: 7d3885c2-50db-423a-9261-1c9dab63e4c5 --><\/p>\t\t\t\t\t\t\t\t<\/div>\n\t\t\t\t<\/div>\n\t\t\t\t\t<\/details>\n\t\t\t\t\t\t<details id=\"e-n-accordion-item-2552\" class=\"e-n-accordion-item\" >\n\t\t\t\t<summary class=\"e-n-accordion-item-title\" data-accordion-index=\"3\" tabindex=\"-1\" aria-expanded=\"false\" aria-controls=\"e-n-accordion-item-2552\" >\n\t\t\t\t\t<span class='e-n-accordion-item-title-header'><div class=\"e-n-accordion-item-title-text\"> Behandelt mijn verzekeraar mijn dossier bij aardbevingsschade? <\/div><\/span>\n\t\t\t\t\t\t\t\t\t<\/summary>\n\t\t\t\t<div role=\"region\" aria-labelledby=\"e-n-accordion-item-2552\" class=\"elementor-element elementor-element-5a06809 e-con-full e-flex e-con e-child\" data-id=\"5a06809\" data-element_type=\"container\" data-e-type=\"container\">\n\t\t\t\t<div class=\"elementor-element elementor-element-f66bc87 elementor-widget elementor-widget-text-editor\" data-id=\"f66bc87\" data-element_type=\"widget\" data-e-type=\"widget\" data-widget_type=\"text-editor.default\">\n\t\t\t\t\t\t\t\t\t<p>Nein. Die Bewertung, Entscheidung und Auszahlung erfolgen vollst\u00e4ndig durch das CCS. Versicherer haben keinen Einfluss darauf, auch nicht auf die Dauer oder das Ergebnis.<br \/><!-- notionvc: aa1db1af-55db-45f0-a3fe-d8e5a4914454 --><\/p>\t\t\t\t\t\t\t\t<\/div>\n\t\t\t\t<\/div>\n\t\t\t\t\t<\/details>\n\t\t\t\t\t\t<details id=\"e-n-accordion-item-2553\" class=\"e-n-accordion-item\" >\n\t\t\t\t<summary class=\"e-n-accordion-item-title\" data-accordion-index=\"4\" tabindex=\"-1\" aria-expanded=\"false\" aria-controls=\"e-n-accordion-item-2553\" >\n\t\t\t\t\t<span class='e-n-accordion-item-title-header'><div class=\"e-n-accordion-item-title-text\"> Welche Informationen ben\u00f6tigt das CCS bei einem Erdbeben? <\/div><\/span>\n\t\t\t\t\t\t\t\t\t<\/summary>\n\t\t\t\t<div role=\"region\" aria-labelledby=\"e-n-accordion-item-2553\" class=\"elementor-element elementor-element-a8d02fe e-con-full e-flex e-con e-child\" data-id=\"a8d02fe\" data-element_type=\"container\" data-e-type=\"container\">\n\t\t\t\t<div class=\"elementor-element elementor-element-cab11ff elementor-widget elementor-widget-text-editor\" data-id=\"cab11ff\" data-element_type=\"widget\" data-e-type=\"widget\" data-widget_type=\"text-editor.default\">\n\t\t\t\t\t\t\t\t\t<p>Mindestens das genaue Datum des Vorfalls und die Adresse des Geb\u00e4udes. Auf dieser Grundlage pr\u00fcft das CCS, ob tats\u00e4chlich ein Erdbeben registriert wurde und von welcher St\u00e4rke.<br \/><!-- notionvc: aa1db1af-55db-45f0-a3fe-d8e5a4914454 --><\/p>\t\t\t\t\t\t\t\t<\/div>\n\t\t\t\t<\/div>\n\t\t\t\t\t<\/details>\n\t\t\t\t\t\t<details id=\"e-n-accordion-item-2554\" class=\"e-n-accordion-item\" >\n\t\t\t\t<summary class=\"e-n-accordion-item-title\" data-accordion-index=\"5\" tabindex=\"-1\" aria-expanded=\"false\" aria-controls=\"e-n-accordion-item-2554\" >\n\t\t\t\t\t<span class='e-n-accordion-item-title-header'><div class=\"e-n-accordion-item-title-text\"> Wie bewertet die CCS, ob ein Anspruch auf Erstattung besteht? <\/div><\/span>\n\t\t\t\t\t\t\t\t\t<\/summary>\n\t\t\t\t<div role=\"region\" aria-labelledby=\"e-n-accordion-item-2554\" class=\"elementor-element elementor-element-785f746 e-con-full e-flex e-con e-child\" data-id=\"785f746\" data-element_type=\"container\" data-e-type=\"container\">\n\t\t\t\t<div class=\"elementor-element elementor-element-6875613 elementor-widget elementor-widget-text-editor\" data-id=\"6875613\" data-element_type=\"widget\" data-e-type=\"widget\" data-widget_type=\"text-editor.default\">\n\t\t\t\t\t\t\t\t\t<p>Das CCS betrachtet offizielle seismologische Daten wie die St\u00e4rke des Erdbebens, die Tiefe und die Entfernung vom Epizentrum sowie die Auswirkungen in Ihrer Region.<br \/><!-- notionvc: aa1db1af-55db-45f0-a3fe-d8e5a4914454 --><\/p>\t\t\t\t\t\t\t\t<\/div>\n\t\t\t\t<\/div>\n\t\t\t\t\t<\/details>\n\t\t\t\t\t\t<details id=\"e-n-accordion-item-2555\" class=\"e-n-accordion-item\" >\n\t\t\t\t<summary class=\"e-n-accordion-item-title\" data-accordion-index=\"6\" tabindex=\"-1\" aria-expanded=\"false\" aria-controls=\"e-n-accordion-item-2555\" >\n\t\t\t\t\t<span class='e-n-accordion-item-title-header'><div class=\"e-n-accordion-item-title-text\"> Wird Schaden durch jedes Erdbeben ersetzt? <\/div><\/span>\n\t\t\t\t\t\t\t\t\t<\/summary>\n\t\t\t\t<div role=\"region\" aria-labelledby=\"e-n-accordion-item-2555\" class=\"elementor-element elementor-element-bbb6103 e-con-full e-flex e-con e-child\" data-id=\"bbb6103\" data-element_type=\"container\" data-e-type=\"container\">\n\t\t\t\t<div class=\"elementor-element elementor-element-48e6ab4 elementor-widget elementor-widget-text-editor\" data-id=\"48e6ab4\" data-element_type=\"widget\" data-e-type=\"widget\" data-widget_type=\"text-editor.default\">\n\t\t\t\t\t\t\t\t\t<p>Nein. Kleine Erdbeben berechtigen normalerweise nicht zu einer Entsch\u00e4digung. Geb\u00e4ude m\u00fcssen gem\u00e4\u00df den spanischen Bauvorschriften leichten Bodenbewegungen standhalten.<br \/><!-- notionvc: aa1db1af-55db-45f0-a3fe-d8e5a4914454 --><\/p>\t\t\t\t\t\t\t\t<\/div>\n\t\t\t\t<\/div>\n\t\t\t\t\t<\/details>\n\t\t\t\t\t\t<details id=\"e-n-accordion-item-2556\" class=\"e-n-accordion-item\" >\n\t\t\t\t<summary class=\"e-n-accordion-item-title\" data-accordion-index=\"7\" tabindex=\"-1\" aria-expanded=\"false\" aria-controls=\"e-n-accordion-item-2556\" >\n\t\t\t\t\t<span class='e-n-accordion-item-title-header'><div class=\"e-n-accordion-item-title-text\"> Wann kommt Schaden in der Tat f\u00fcr Entsch\u00e4digung in Frage? <\/div><\/span>\n\t\t\t\t\t\t\t\t\t<\/summary>\n\t\t\t\t<div role=\"region\" aria-labelledby=\"e-n-accordion-item-2556\" class=\"elementor-element elementor-element-ebbeb27 e-con-full e-flex e-con e-child\" data-id=\"ebbeb27\" data-element_type=\"container\" data-e-type=\"container\">\n\t\t\t\t<div class=\"elementor-element elementor-element-2382c90 elementor-widget elementor-widget-text-editor\" data-id=\"2382c90\" data-element_type=\"widget\" data-e-type=\"widget\" data-widget_type=\"text-editor.default\">\n\t\t\t\t\t\t\t\t\t<p>Nur wenn das Erdbeben stark genug war, um an einem korrekt gebauten und gewarteten Geb\u00e4ude Sch\u00e4den zu verursachen, kann die CCS ein Dossier er\u00f6ffnen.<br \/><!-- notionvc: aa1db1af-55db-45f0-a3fe-d8e5a4914454 --><\/p>\t\t\t\t\t\t\t\t<\/div>\n\t\t\t\t<\/div>\n\t\t\t\t\t<\/details>\n\t\t\t\t\t\t<details id=\"e-n-accordion-item-2557\" class=\"e-n-accordion-item\" >\n\t\t\t\t<summary class=\"e-n-accordion-item-title\" data-accordion-index=\"8\" tabindex=\"-1\" aria-expanded=\"false\" aria-controls=\"e-n-accordion-item-2557\" >\n\t\t\t\t\t<span class='e-n-accordion-item-title-header'><div class=\"e-n-accordion-item-title-text\"> Ver\u00f6ffentlicht das CCS feste Schwellenwerte oder Tabellen? <\/div><\/span>\n\t\t\t\t\t\t\t\t\t<\/summary>\n\t\t\t\t<div role=\"region\" aria-labelledby=\"e-n-accordion-item-2557\" class=\"elementor-element elementor-element-9f8aded e-con-full e-flex e-con e-child\" data-id=\"9f8aded\" data-element_type=\"container\" data-e-type=\"container\">\n\t\t\t\t<div class=\"elementor-element elementor-element-02d55b5 elementor-widget elementor-widget-text-editor\" data-id=\"02d55b5\" data-element_type=\"widget\" data-e-type=\"widget\" data-widget_type=\"text-editor.default\">\n\t\t\t\t\t\t\t\t\t<p>Nein. Es gibt keine festen Zahlen oder einfachen Listen. Jedes Erdbeben wird individuell auf der Grundlage technischer und offizieller Daten bewertet.<br \/><!-- notionvc: aa1db1af-55db-45f0-a3fe-d8e5a4914454 --><\/p>\t\t\t\t\t\t\t\t<\/div>\n\t\t\t\t<\/div>\n\t\t\t\t\t<\/details>\n\t\t\t\t\t\t<details id=\"e-n-accordion-item-2558\" class=\"e-n-accordion-item\" >\n\t\t\t\t<summary class=\"e-n-accordion-item-title\" data-accordion-index=\"9\" tabindex=\"-1\" aria-expanded=\"false\" aria-controls=\"e-n-accordion-item-2558\" >\n\t\t\t\t\t<span class='e-n-accordion-item-title-header'><div class=\"e-n-accordion-item-title-text\"> Was kann ich tun, wenn ich meinen Schaden trotzdem melden m\u00f6chte? <\/div><\/span>\n\t\t\t\t\t\t\t\t\t<\/summary>\n\t\t\t\t<div role=\"region\" aria-labelledby=\"e-n-accordion-item-2558\" class=\"elementor-element elementor-element-aabfa3d e-con-full e-flex e-con e-child\" data-id=\"aabfa3d\" data-element_type=\"container\" data-e-type=\"container\">\n\t\t\t\t<div class=\"elementor-element elementor-element-47fd783 elementor-widget elementor-widget-text-editor\" data-id=\"47fd783\" data-element_type=\"widget\" data-e-type=\"widget\" data-widget_type=\"text-editor.default\">\n\t\t\t\t\t\t\t\t\t<p>Sie m\u00fcssen <span class=\"notion-enable-hover\" data-token-index=\"1\">direkt kontakt aufnehmen mit dem CCS<\/span> um eine Akte zu er\u00f6ffnen. Sie informieren Sie, ob Ihr Schaden innerhalb der gesetzlichen Kriterien liegt.<!-- notionvc: bf8305a4-07e5-469d-a0e1-1fd9105ec4f5 --><br \/><!-- notionvc: aa1db1af-55db-45f0-a3fe-d8e5a4914454 --><\/p>\t\t\t\t\t\t\t\t<\/div>\n\t\t\t\t<\/div>\n\t\t\t\t\t<\/details>\n\t\t\t\t\t\t<details id=\"e-n-accordion-item-2559\" class=\"e-n-accordion-item\" >\n\t\t\t\t<summary class=\"e-n-accordion-item-title\" data-accordion-index=\"10\" tabindex=\"-1\" aria-expanded=\"false\" aria-controls=\"e-n-accordion-item-2559\" >\n\t\t\t\t\t<span class='e-n-accordion-item-title-header'><div class=\"e-n-accordion-item-title-text\"> Wie hilft GrupoXandra mir bei Erdbebensch\u00e4den? <\/div><\/span>\n\t\t\t\t\t\t\t\t\t<\/summary>\n\t\t\t\t<div role=\"region\" aria-labelledby=\"e-n-accordion-item-2559\" class=\"elementor-element elementor-element-fe63922 e-con-full e-flex e-con e-child\" data-id=\"fe63922\" data-element_type=\"container\" data-e-type=\"container\">\n\t\t\t\t<div class=\"elementor-element elementor-element-cf633ec elementor-widget elementor-widget-text-editor\" data-id=\"cf633ec\" data-element_type=\"widget\" data-e-type=\"widget\" data-widget_type=\"text-editor.default\">\n\t\t\t\t\t\t\t\t\t<p>Wir erkl\u00e4ren Ihnen das spanische System klar und deutlich, helfen Ihnen zu verstehen, was m\u00f6glich ist und was nicht, und unterst\u00fctzen Sie, wo wir k\u00f6nnen. Die Entscheidung selbst liegt immer beim CCS.<br \/><!-- notionvc: aa1db1af-55db-45f0-a3fe-d8e5a4914454 --><\/p>\t\t\t\t\t\t\t\t<\/div>\n\t\t\t\t<\/div>\n\t\t\t\t\t<\/details>\n\t\t\t\t\t<\/div>\n\t\t\t\t\t\t<\/div>\n\t\t\t\t\t<\/div>\n\t\t\t\t<\/div>\n\t\t<div class=\"elementor-element elementor-element-6c6e940 e-con-full e-flex e-con e-parent\" data-id=\"6c6e940\" data-element_type=\"container\" data-e-type=\"container\" data-settings=\"{&quot;background_background&quot;:&quot;classic&quot;}\">\n\t\t\t\t<div class=\"elementor-element elementor-element-ba9798a white-filter elementor-widget elementor-widget-image\" data-id=\"ba9798a\" data-element_type=\"widget\" data-e-type=\"widget\" data-widget_type=\"image.default\">\n\t\t\t\t\t\t\t\t\t\t\t\t\t\t\t<img fetchpriority=\"high\" decoding=\"async\" width=\"800\" height=\"189\" src=\"https:\/\/grupoxandra.eu\/wp-content\/uploads\/2025\/11\/Zurich_Insurance_Group_Logo_Horizontal.svg_-1024x242.png\" class=\"attachment-large size-large wp-image-3907\" alt=\"\" srcset=\"https:\/\/grupoxandra.eu\/wp-content\/uploads\/2025\/11\/Zurich_Insurance_Group_Logo_Horizontal.svg_-1024x242.png 1024w, https:\/\/grupoxandra.eu\/wp-content\/uploads\/2025\/11\/Zurich_Insurance_Group_Logo_Horizontal.svg_-300x71.png 300w, https:\/\/grupoxandra.eu\/wp-content\/uploads\/2025\/11\/Zurich_Insurance_Group_Logo_Horizontal.svg_-768x182.png 768w, https:\/\/grupoxandra.eu\/wp-content\/uploads\/2025\/11\/Zurich_Insurance_Group_Logo_Horizontal.svg_-1536x363.png 1536w, https:\/\/grupoxandra.eu\/wp-content\/uploads\/2025\/11\/Zurich_Insurance_Group_Logo_Horizontal.svg_-2048x484.png 2048w, https:\/\/grupoxandra.eu\/wp-content\/uploads\/2025\/11\/Zurich_Insurance_Group_Logo_Horizontal.svg_-600x142.png 600w\" sizes=\"(max-width: 800px) 100vw, 800px\" \/>\t\t\t\t\t\t\t\t\t\t\t\t\t\t\t<\/div>\n\t\t<div class=\"elementor-element elementor-element-923eee8 e-flex e-con-boxed e-con e-child\" data-id=\"923eee8\" data-element_type=\"container\" data-e-type=\"container\">\n\t\t\t\t\t<div class=\"e-con-inner\">\n\t\t\t\t<div class=\"elementor-element elementor-element-80b2115 elementor-widget elementor-widget-heading\" data-id=\"80b2115\" data-element_type=\"widget\" data-e-type=\"widget\" data-widget_type=\"heading.default\">\n\t\t\t\t\t<h2 class=\"elementor-heading-title elementor-size-default\">Hatten Sie einen Schaden? Wir k\u00fcmmern uns f\u00fcr Sie darum.<\/h2>\t\t\t\t<\/div>\n\t\t\t\t<div class=\"elementor-element elementor-element-9e7fa11 elementor-widget__width-initial elementor-widget elementor-widget-text-editor\" data-id=\"9e7fa11\" data-element_type=\"widget\" data-e-type=\"widget\" data-widget_type=\"text-editor.default\">\n\t\t\t\t\t\t\t\t\t<p class=\"_28USrA AfeL7g XN6uKA _4N4NA\"><span class=\"a_GcMg\">Eine Reklamation ist schon \u00e4rgerlich genug, vor allem wenn man sich in einem anderen Land befindet und nicht <\/span><span class=\"a_GcMg\">alles in Ihrer eigenen Sprache abl\u00e4uft. Deshalb sorgen wir daf\u00fcr, dass Ihr Schaden <\/span><span class=\"a_GcMg\">korrekt, klar und so reibungslos wie m\u00f6glich abgewickelt werden.<\/span><\/p>\t\t\t\t\t\t\t\t<\/div>\n\t\t\t\t<div class=\"elementor-element elementor-element-cc02eda elementor-align-justify elementor-widget__width-initial elementor-widget elementor-widget-button\" data-id=\"cc02eda\" data-element_type=\"widget\" data-e-type=\"widget\" data-widget_type=\"button.default\">\n\t\t\t\t\t\t\t\t\t\t<a class=\"elementor-button elementor-button-link elementor-size-sm\" href=\"mailto:siniestros@grupoxandra.eu?subject=Schademelding%20%7C%20%5Bpolisnummer%5D&#038;body=Beste%20GrupoXandra%2C%0A%0AIk%20wil%20graag%20een%20schade%20melden.%0A%0AGegevens%3A%0A%0ANaam%3A%0A%0APolisnummer%3A%0A%0ATelefoonnummer%3A%0A%0A%0A%0ASchadegegevens%3A%0A%0ADatum%20van%20het%20schadegeval%3A%0A%0APlaats%20van%20het%20schadegeval%3A%0A%0AKorte%20beschrijving%20van%20wat%20er%20is%20gebeurd%3A%0A%0A%0A%0ABijlagen%3A%0A%0AIk%20voeg%20indien%20mogelijk%20foto%E2%80%99s%20en%2Fof%20documenten%20toe.%0A%0A%0A%0AMet%20vriendelijke%20groet%2C%0A%0A%5BUw%20naam%5D\">\n\t\t\t\t\t\t<span class=\"elementor-button-content-wrapper\">\n\t\t\t\t\t\t\t\t\t<span class=\"elementor-button-text\">Schadensmeldung<\/span>\n\t\t\t\t\t<\/span>\n\t\t\t\t\t<\/a>\n\t\t\t\t\t\t\t\t<\/div>\n\t\t\t\t\t<\/div>\n\t\t\t\t<\/div>\n\t\t\t\t<\/div>\n\t\t\t\t<\/div>","protected":false},"excerpt":{"rendered":"<p>Schade door aardbevingen in Spanje: schade, dekking en rol van het Consorcio Heeft u vragen? Wij geven u graag duidelijke antwoorden Schade melden Is schade door aardbevingen in Spanje verzekerd? Ja. Schade door aardbevingen wordt in Spanje niet door de gewone verzekeraar vergoed, maar via het Consorcio de Compensaci\u00f3n de Seguros (CCS), een publieke Spaanse [&hellip;]<\/p>\n","protected":false},"author":1,"featured_media":0,"parent":0,"menu_order":0,"comment_status":"closed","ping_status":"closed","template":"","meta":{"footnotes":""},"class_list":["post-4638","page","type-page","status-publish","hentry"],"_links":{"self":[{"href":"https:\/\/grupoxandra.eu\/de\/wp-json\/wp\/v2\/pages\/4638","targetHints":{"allow":["GET"]}}],"collection":[{"href":"https:\/\/grupoxandra.eu\/de\/wp-json\/wp\/v2\/pages"}],"about":[{"href":"https:\/\/grupoxandra.eu\/de\/wp-json\/wp\/v2\/types\/page"}],"author":[{"embeddable":true,"href":"https:\/\/grupoxandra.eu\/de\/wp-json\/wp\/v2\/users\/1"}],"replies":[{"embeddable":true,"href":"https:\/\/grupoxandra.eu\/de\/wp-json\/wp\/v2\/comments?post=4638"}],"version-history":[{"count":16,"href":"https:\/\/grupoxandra.eu\/de\/wp-json\/wp\/v2\/pages\/4638\/revisions"}],"predecessor-version":[{"id":6586,"href":"https:\/\/grupoxandra.eu\/de\/wp-json\/wp\/v2\/pages\/4638\/revisions\/6586"}],"wp:attachment":[{"href":"https:\/\/grupoxandra.eu\/de\/wp-json\/wp\/v2\/media?parent=4638"}],"curies":[{"name":"wp","href":"https:\/\/api.w.org\/{rel}","templated":true}]}}