{"id":4223,"date":"2025-12-05T11:40:49","date_gmt":"2025-12-05T11:40:49","guid":{"rendered":"https:\/\/grupoxandra.eu\/?page_id=4223"},"modified":"2026-02-17T13:44:40","modified_gmt":"2026-02-17T13:44:40","slug":"lange-termijn","status":"publish","type":"page","link":"https:\/\/grupoxandra.eu\/de\/lange-termijn\/","title":{"rendered":"Langfristig"},"content":{"rendered":"<div data-elementor-type=\"wp-page\" data-elementor-id=\"4223\" class=\"elementor elementor-4223\" data-elementor-post-type=\"page\">\n\t\t\t\t<div class=\"elementor-element elementor-element-d64681f e-con-full e-flex e-con e-parent\" data-id=\"d64681f\" data-element_type=\"container\" data-e-type=\"container\" data-settings=\"{&quot;background_background&quot;:&quot;classic&quot;}\">\n\t\t\t\t<div class=\"elementor-element elementor-element-958a47d white-filter elementor-widget elementor-widget-image\" data-id=\"958a47d\" data-element_type=\"widget\" data-e-type=\"widget\" data-widget_type=\"image.default\">\n\t\t\t\t\t\t\t\t\t\t\t\t\t\t\t<img fetchpriority=\"high\" decoding=\"async\" width=\"600\" height=\"600\" src=\"https:\/\/grupoxandra.eu\/wp-content\/uploads\/2025\/11\/ARAG_Logo_neu-no-bg.webp\" class=\"attachment-large size-large wp-image-3916\" alt=\"\" srcset=\"https:\/\/grupoxandra.eu\/wp-content\/uploads\/2025\/11\/ARAG_Logo_neu-no-bg.webp 600w, https:\/\/grupoxandra.eu\/wp-content\/uploads\/2025\/11\/ARAG_Logo_neu-no-bg-300x300.webp 300w, https:\/\/grupoxandra.eu\/wp-content\/uploads\/2025\/11\/ARAG_Logo_neu-no-bg-150x150.webp 150w, https:\/\/grupoxandra.eu\/wp-content\/uploads\/2025\/11\/ARAG_Logo_neu-no-bg-100x100.webp 100w\" sizes=\"(max-width: 600px) 100vw, 600px\" \/>\t\t\t\t\t\t\t\t\t\t\t\t\t\t\t<\/div>\n\t\t<div class=\"elementor-element elementor-element-aee40ed e-flex e-con-boxed e-con e-child\" data-id=\"aee40ed\" data-element_type=\"container\" data-e-type=\"container\">\n\t\t\t\t\t<div class=\"e-con-inner\">\n\t\t\t\t<div class=\"elementor-element elementor-element-d498456 elementor-widget elementor-widget-heading\" data-id=\"d498456\" data-element_type=\"widget\" data-e-type=\"widget\" data-widget_type=\"heading.default\">\n\t\t\t\t\t<h1 class=\"elementor-heading-title elementor-size-default\">Langfristig<\/h1>\t\t\t\t<\/div>\n\t\t\t\t<div class=\"elementor-element elementor-element-499cbd7 elementor-widget elementor-widget-text-editor\" data-id=\"499cbd7\" data-element_type=\"widget\" data-e-type=\"widget\" data-widget_type=\"text-editor.default\">\n\t\t\t\t\t\t\t\t\t<p>Rechtsschutzversicherung f\u00fcr die Vermietung von Wohnungen in Spanien.<\/p>\t\t\t\t\t\t\t\t<\/div>\n\t\t\t\t<div class=\"elementor-element elementor-element-aed8c7a elementor-align-justify elementor-widget__width-initial elementor-widget-mobile__width-inherit elementor-widget elementor-widget-button\" data-id=\"aed8c7a\" data-element_type=\"widget\" data-e-type=\"widget\" data-widget_type=\"button.default\">\n\t\t\t\t\t\t\t\t\t\t<a class=\"elementor-button elementor-button-link elementor-size-sm\" href=\"https:\/\/forms.office.com\/pages\/responsepage.aspx?id=lPxZnv3N8kWv9ICVim2EgEYY2l0YiqJJmOndgoAkhudUNTZRWVc0UzFROTZFSjg1UUc2V0cxMkVVSSQlQCN0PWcu&#038;route=shorturl\" target=\"_blank\" rel=\"noopener\">\n\t\t\t\t\t\t<span class=\"elementor-button-content-wrapper\">\n\t\t\t\t\t\t\t\t\t<span class=\"elementor-button-text\">JETZT ANGEBOT ANFORDERN<\/span>\n\t\t\t\t\t<\/span>\n\t\t\t\t\t<\/a>\n\t\t\t\t\t\t\t\t<\/div>\n\t\t\t\t\t<\/div>\n\t\t\t\t<\/div>\n\t\t\t\t<\/div>\n\t\t<div class=\"elementor-element elementor-element-2ba32a8 e-con-full e-flex e-con e-parent\" data-id=\"2ba32a8\" data-element_type=\"container\" data-e-type=\"container\">\n\t\t\t\t<div class=\"elementor-element elementor-element-8ca856f elementor-widget elementor-widget-text-editor\" data-id=\"8ca856f\" data-element_type=\"widget\" data-e-type=\"widget\" data-widget_type=\"text-editor.default\">\n\t\t\t\t\t\t\t\t\t<p>Uw woning in Spanje verhuren voor langere tijd is een mooie kans: stabiele inkomsten en een huurder die zich echt installeert. Maar een lang contract kan ook risico's meebrengen. Wat als de huurder plots stopt met betalen? Of schade veroorzaakt en weigert dit te herstellen? Met onze <span class=\"notion-enable-hover\" data-token-index=\"1\">Rechtsschutzversicherung f\u00fcr Langzeitmiete<\/span> Sie m\u00fcssen sich dar\u00fcber keine Sorgen machen. Sie sind nie allein: Ein erfahrenes Team setzt sich f\u00fcr Sie ein und sorgt daf\u00fcr, dass Ihre Rechte verteidigt werden.<!-- notionvc: dbd152df-c63a-4ebb-83db-d140ed371fca --><\/p>\t\t\t\t\t\t\t\t<\/div>\n\t\t\t\t<\/div>\n\t\t<div class=\"elementor-element elementor-element-0acd7eb e-con-full e-flex e-con e-child\" data-id=\"0acd7eb\" data-element_type=\"container\" data-e-type=\"container\" data-settings=\"{&quot;background_background&quot;:&quot;classic&quot;}\">\n\t\t<div class=\"elementor-element elementor-element-89b3ba2 e-con-full e-flex e-con e-child\" data-id=\"89b3ba2\" data-element_type=\"container\" data-e-type=\"container\" data-settings=\"{&quot;background_background&quot;:&quot;classic&quot;}\">\n\t\t<div class=\"elementor-element elementor-element-2611bec e-con-full e-flex e-con e-child\" data-id=\"2611bec\" data-element_type=\"container\" data-e-type=\"container\" data-settings=\"{&quot;background_background&quot;:&quot;classic&quot;}\">\n\t\t\t\t<div class=\"elementor-element elementor-element-2e9bf6d elementor-widget-widescreen__width-initial elementor-widget-tablet__width-initial elementor-widget-mobile__width-initial elementor-widget__width-initial elementor-widget elementor-widget-image\" data-id=\"2e9bf6d\" data-element_type=\"widget\" data-e-type=\"widget\" data-widget_type=\"image.default\">\n\t\t\t\t\t\t\t\t\t\t\t\t\t\t\t<img decoding=\"async\" width=\"800\" height=\"800\" src=\"https:\/\/grupoxandra.eu\/wp-content\/uploads\/2026\/02\/target.png\" class=\"attachment-full size-full wp-image-6291\" alt=\"\" srcset=\"https:\/\/grupoxandra.eu\/wp-content\/uploads\/2026\/02\/target.png 800w, https:\/\/grupoxandra.eu\/wp-content\/uploads\/2026\/02\/target-300x300.png 300w, https:\/\/grupoxandra.eu\/wp-content\/uploads\/2026\/02\/target-150x150.png 150w, https:\/\/grupoxandra.eu\/wp-content\/uploads\/2026\/02\/target-768x768.png 768w\" sizes=\"(max-width: 800px) 100vw, 800px\" \/>\t\t\t\t\t\t\t\t\t\t\t\t\t\t\t<\/div>\n\t\t\t\t<\/div>\n\t\t<div class=\"elementor-element elementor-element-0316bfc e-con-full e-flex e-con e-child\" data-id=\"0316bfc\" data-element_type=\"container\" data-e-type=\"container\">\n\t\t\t\t<div class=\"elementor-element elementor-element-b562044 elementor-widget elementor-widget-heading\" data-id=\"b562044\" data-element_type=\"widget\" data-e-type=\"widget\" data-widget_type=\"heading.default\">\n\t\t\t\t\t<h2 class=\"elementor-heading-title elementor-size-default\">F\u00fcr wen ist das bestimmt?<\/h2>\t\t\t\t<\/div>\n\t\t\t\t<div class=\"elementor-element elementor-element-8e68f95 elementor-widget elementor-widget-text-editor\" data-id=\"8e68f95\" data-element_type=\"widget\" data-e-type=\"widget\" data-widget_type=\"text-editor.default\">\n\t\t\t\t\t\t\t\t\t<p>Dieses Produkt ist f\u00fcr Eigent\u00fcmer, die sich f\u00fcr Stabilit\u00e4t entscheiden: ein klassischer Mietvertrag mit einem festen Mieter, oft f\u00fcr mehrere Jahre. Vermieten Sie Ihre Immobilie als Hauptwohnsitz des Mieters und suchen Sie Sicherheit bei Zahlungsverzug oder Konflikten? Dann ist dies die richtige Wahl.<\/p>\t\t\t\t\t\t\t\t<\/div>\n\t\t\t\t<\/div>\n\t\t\t\t<\/div>\n\t\t<div class=\"elementor-element elementor-element-0bb8776 e-con-full e-flex e-con e-child\" data-id=\"0bb8776\" data-element_type=\"container\" data-e-type=\"container\" data-settings=\"{&quot;background_background&quot;:&quot;classic&quot;}\">\n\t\t<div class=\"elementor-element elementor-element-4db580a e-con-full e-flex e-con e-child\" data-id=\"4db580a\" data-element_type=\"container\" data-e-type=\"container\" data-settings=\"{&quot;background_background&quot;:&quot;classic&quot;}\">\n\t\t\t\t<div class=\"elementor-element elementor-element-2b5c6bf elementor-widget-widescreen__width-initial elementor-widget-tablet__width-initial elementor-widget-mobile__width-initial elementor-widget__width-initial elementor-widget elementor-widget-image\" data-id=\"2b5c6bf\" data-element_type=\"widget\" data-e-type=\"widget\" data-widget_type=\"image.default\">\n\t\t\t\t\t\t\t\t\t\t\t\t\t\t\t<img decoding=\"async\" width=\"780\" height=\"800\" src=\"https:\/\/grupoxandra.eu\/wp-content\/uploads\/2026\/02\/bigdap.webp\" class=\"attachment-full size-full wp-image-6294\" alt=\"\" srcset=\"https:\/\/grupoxandra.eu\/wp-content\/uploads\/2026\/02\/bigdap.webp 780w, https:\/\/grupoxandra.eu\/wp-content\/uploads\/2026\/02\/bigdap-293x300.webp 293w, https:\/\/grupoxandra.eu\/wp-content\/uploads\/2026\/02\/bigdap-768x788.webp 768w\" sizes=\"(max-width: 780px) 100vw, 780px\" \/>\t\t\t\t\t\t\t\t\t\t\t\t\t\t\t<\/div>\n\t\t\t\t<\/div>\n\t\t<div class=\"elementor-element elementor-element-fee91bc e-con-full e-flex e-con e-child\" data-id=\"fee91bc\" data-element_type=\"container\" data-e-type=\"container\">\n\t\t\t\t<div class=\"elementor-element elementor-element-793d5cb elementor-widget elementor-widget-heading\" data-id=\"793d5cb\" data-element_type=\"widget\" data-e-type=\"widget\" data-widget_type=\"heading.default\">\n\t\t\t\t\t<h2 class=\"elementor-heading-title elementor-size-default\">Worauf k\u00f6nnen Sie sich verlassen?<\/h2>\t\t\t\t<\/div>\n\t\t\t\t<div class=\"elementor-element elementor-element-b843b27 elementor-widget elementor-widget-text-editor\" data-id=\"b843b27\" data-element_type=\"widget\" data-e-type=\"widget\" data-widget_type=\"text-editor.default\">\n\t\t\t\t\t\t\t\t\t<p>Langfristige Mietvertr\u00e4ge erfordern einen breiteren Schutz. Mit diesem Paket sind Sie unter anderem abgedeckt:<\/p><ul><li><strong>Unbezahlte Miete<\/strong>Sie stehen nicht allein da, wenn die Einnahmen ausbleiben<\/li><li><strong>Vandalisme oder Schaden<\/strong> f\u00fcr Ihr Haus oder Ihren Hausrat<\/li><li><strong>Konflikte \u00fcber den Mietvertrag<\/strong>, zum Beispiel bei K\u00fcndigung oder Zahlungsverzug<\/li><li><strong>Verlust der Miete durch Brand<\/strong><\/li><li><strong>Direkte juristische Hilfe<\/strong> per Telefon, damit Sie schnell wissen, wo Sie stehen<\/li><\/ul>\t\t\t\t\t\t\t\t<\/div>\n\t\t\t\t<\/div>\n\t\t\t\t<\/div>\n\t\t<div class=\"elementor-element elementor-element-a54e03d e-con-full e-flex e-con e-child\" data-id=\"a54e03d\" data-element_type=\"container\" data-e-type=\"container\" data-settings=\"{&quot;background_background&quot;:&quot;classic&quot;}\">\n\t\t<div class=\"elementor-element elementor-element-777eb51 e-con-full e-flex e-con e-child\" data-id=\"777eb51\" data-element_type=\"container\" data-e-type=\"container\" data-settings=\"{&quot;background_background&quot;:&quot;classic&quot;}\">\n\t\t\t\t<div class=\"elementor-element elementor-element-634ac32 elementor-widget-widescreen__width-initial elementor-widget-tablet__width-initial elementor-widget-mobile__width-initial elementor-widget__width-initial elementor-widget elementor-widget-image\" data-id=\"634ac32\" data-element_type=\"widget\" data-e-type=\"widget\" data-widget_type=\"image.default\">\n\t\t\t\t\t\t\t\t\t\t\t\t\t\t\t<img loading=\"lazy\" decoding=\"async\" width=\"800\" height=\"800\" src=\"https:\/\/grupoxandra.eu\/wp-content\/uploads\/2026\/02\/doc.png\" class=\"attachment-full size-full wp-image-6380\" alt=\"\" srcset=\"https:\/\/grupoxandra.eu\/wp-content\/uploads\/2026\/02\/doc.png 800w, https:\/\/grupoxandra.eu\/wp-content\/uploads\/2026\/02\/doc-300x300.png 300w, https:\/\/grupoxandra.eu\/wp-content\/uploads\/2026\/02\/doc-150x150.png 150w, https:\/\/grupoxandra.eu\/wp-content\/uploads\/2026\/02\/doc-768x768.png 768w\" sizes=\"(max-width: 800px) 100vw, 800px\" \/>\t\t\t\t\t\t\t\t\t\t\t\t\t\t\t<\/div>\n\t\t\t\t<\/div>\n\t\t<div class=\"elementor-element elementor-element-54cf13b e-con-full e-flex e-con e-child\" data-id=\"54cf13b\" data-element_type=\"container\" data-e-type=\"container\">\n\t\t\t\t<div class=\"elementor-element elementor-element-5b6cd53 elementor-widget elementor-widget-heading\" data-id=\"5b6cd53\" data-element_type=\"widget\" data-e-type=\"widget\" data-widget_type=\"heading.default\">\n\t\t\t\t\t<h2 class=\"elementor-heading-title elementor-size-default\">Praktische und finanzielle Vorteile<\/h2>\t\t\t\t<\/div>\n\t\t\t\t<div class=\"elementor-element elementor-element-d30a4d9 elementor-widget elementor-widget-text-editor\" data-id=\"d30a4d9\" data-element_type=\"widget\" data-e-type=\"widget\" data-widget_type=\"text-editor.default\">\n\t\t\t\t\t\t\t\t\t<ul><li>Ein Rechtsteam, das sich sofort auf deine Seite stellt<\/li><li>Keine Sorgen \u00fcber Anw\u00e4lte, Notare oder andere Kosten<\/li><li>Unterst\u00fctzung bei Verfahren wie einer Abschiebung<\/li><li>Schutz Ihrer Investition und Ihrer Seelenfrieden<\/li><li>Sie vermieten mit Sicherheit, wir k\u00fcmmern uns um den Rest<\/li><\/ul>\t\t\t\t\t\t\t\t<\/div>\n\t\t\t\t<\/div>\n\t\t\t\t<\/div>\n\t\t\t\t<\/div>\n\t\t<div class=\"elementor-element elementor-element-6c6e940 e-con-full e-flex e-con e-parent\" data-id=\"6c6e940\" data-element_type=\"container\" data-e-type=\"container\" data-settings=\"{&quot;background_background&quot;:&quot;classic&quot;}\">\n\t\t\t\t<div class=\"elementor-element elementor-element-3903830 white-filter elementor-widget elementor-widget-image\" data-id=\"3903830\" data-element_type=\"widget\" data-e-type=\"widget\" data-widget_type=\"image.default\">\n\t\t\t\t\t\t\t\t\t\t\t\t\t\t\t<img fetchpriority=\"high\" decoding=\"async\" width=\"600\" height=\"600\" src=\"https:\/\/grupoxandra.eu\/wp-content\/uploads\/2025\/11\/ARAG_Logo_neu-no-bg.webp\" class=\"attachment-large size-large wp-image-3916\" alt=\"\" srcset=\"https:\/\/grupoxandra.eu\/wp-content\/uploads\/2025\/11\/ARAG_Logo_neu-no-bg.webp 600w, https:\/\/grupoxandra.eu\/wp-content\/uploads\/2025\/11\/ARAG_Logo_neu-no-bg-300x300.webp 300w, https:\/\/grupoxandra.eu\/wp-content\/uploads\/2025\/11\/ARAG_Logo_neu-no-bg-150x150.webp 150w, https:\/\/grupoxandra.eu\/wp-content\/uploads\/2025\/11\/ARAG_Logo_neu-no-bg-100x100.webp 100w\" sizes=\"(max-width: 600px) 100vw, 600px\" \/>\t\t\t\t\t\t\t\t\t\t\t\t\t\t\t<\/div>\n\t\t<div class=\"elementor-element elementor-element-923eee8 e-flex e-con-boxed e-con e-child\" data-id=\"923eee8\" data-element_type=\"container\" data-e-type=\"container\">\n\t\t\t\t\t<div class=\"e-con-inner\">\n\t\t\t\t<div class=\"elementor-element elementor-element-80b2115 elementor-widget elementor-widget-heading\" data-id=\"80b2115\" data-element_type=\"widget\" data-e-type=\"widget\" data-widget_type=\"heading.default\">\n\t\t\t\t\t<h2 class=\"elementor-heading-title elementor-size-default\">Mieten ohne Sorgen<\/h2>\t\t\t\t<\/div>\n\t\t\t\t<div class=\"elementor-element elementor-element-9e7fa11 elementor-widget__width-initial elementor-widget elementor-widget-text-editor\" data-id=\"9e7fa11\" data-element_type=\"widget\" data-e-type=\"widget\" data-widget_type=\"text-editor.default\">\n\t\t\t\t\t\t\t\t\t<p>Mit GrupoXandra und ARAG ist Ihre Vermietung gegen die h\u00e4ufigsten Probleme gesch\u00fctzt. Sie genie\u00dfen die Ertr\u00e4ge Ihrer Immobilie, w\u00e4hrend wir f\u00fcr Ihre Ruhe sorgen.<\/p><p>Ihre Anfrage <strong>kostenloses Angebot<\/strong> und entdecken Sie, wie einfach das Vermieten mit dem richtigen Schutz sein kann.<!-- notionvc: b9beb041-7a19-4d2d-96bf-2d595fe96a07 --><\/p>\t\t\t\t\t\t\t\t<\/div>\n\t\t\t\t<div class=\"elementor-element elementor-element-cc02eda elementor-align-justify elementor-widget__width-initial elementor-widget-mobile__width-inherit elementor-widget elementor-widget-button\" data-id=\"cc02eda\" data-element_type=\"widget\" data-e-type=\"widget\" data-widget_type=\"button.default\">\n\t\t\t\t\t\t\t\t\t\t<a class=\"elementor-button elementor-button-link elementor-size-sm\" href=\"https:\/\/forms.office.com\/pages\/responsepage.aspx?id=lPxZnv3N8kWv9ICVim2EgEYY2l0YiqJJmOndgoAkhudUNTZRWVc0UzFROTZFSjg1UUc2V0cxMkVVSSQlQCN0PWcu&#038;route=shorturl\" target=\"_blank\" rel=\"noopener\">\n\t\t\t\t\t\t<span class=\"elementor-button-content-wrapper\">\n\t\t\t\t\t\t\t\t\t<span class=\"elementor-button-text\">JETZT ANGEBOT ANFORDERN<\/span>\n\t\t\t\t\t<\/span>\n\t\t\t\t\t<\/a>\n\t\t\t\t\t\t\t\t<\/div>\n\t\t\t\t\t<\/div>\n\t\t\t\t<\/div>\n\t\t\t\t<\/div>\n\t\t\t\t<\/div>","protected":false},"excerpt":{"rendered":"<p>Lange termijn Rechtsbijstandverzekering voor woningverhuur in Spanje. VRAAG NU UW OFFERTE AAN Uw woning in Spanje verhuren voor langere tijd is een mooie kans: stabiele inkomsten en een huurder die zich echt installeert. Maar een lang contract kan ook risico\u2019s meebrengen. Wat als de huurder plots stopt met betalen? Of schade veroorzaakt en weigert dit [&hellip;]<\/p>\n","protected":false},"author":1,"featured_media":0,"parent":0,"menu_order":0,"comment_status":"closed","ping_status":"closed","template":"","meta":{"footnotes":""},"class_list":["post-4223","page","type-page","status-publish","hentry"],"_links":{"self":[{"href":"https:\/\/grupoxandra.eu\/de\/wp-json\/wp\/v2\/pages\/4223","targetHints":{"allow":["GET"]}}],"collection":[{"href":"https:\/\/grupoxandra.eu\/de\/wp-json\/wp\/v2\/pages"}],"about":[{"href":"https:\/\/grupoxandra.eu\/de\/wp-json\/wp\/v2\/types\/page"}],"author":[{"embeddable":true,"href":"https:\/\/grupoxandra.eu\/de\/wp-json\/wp\/v2\/users\/1"}],"replies":[{"embeddable":true,"href":"https:\/\/grupoxandra.eu\/de\/wp-json\/wp\/v2\/comments?post=4223"}],"version-history":[{"count":16,"href":"https:\/\/grupoxandra.eu\/de\/wp-json\/wp\/v2\/pages\/4223\/revisions"}],"predecessor-version":[{"id":6406,"href":"https:\/\/grupoxandra.eu\/de\/wp-json\/wp\/v2\/pages\/4223\/revisions\/6406"}],"wp:attachment":[{"href":"https:\/\/grupoxandra.eu\/de\/wp-json\/wp\/v2\/media?parent=4223"}],"curies":[{"name":"wp","href":"https:\/\/api.w.org\/{rel}","templated":true}]}}