{"id":4222,"date":"2025-12-05T11:40:42","date_gmt":"2025-12-05T11:40:42","guid":{"rendered":"https:\/\/grupoxandra.eu\/?page_id=4222"},"modified":"2026-02-17T13:45:35","modified_gmt":"2026-02-17T13:45:35","slug":"seizoensverhuur","status":"publish","type":"page","link":"https:\/\/grupoxandra.eu\/de\/seizoensverhuur\/","title":{"rendered":"Saisonale Vermietung"},"content":{"rendered":"<div data-elementor-type=\"wp-page\" data-elementor-id=\"4222\" class=\"elementor elementor-4222\" data-elementor-post-type=\"page\">\n\t\t\t\t<div class=\"elementor-element elementor-element-d64681f e-con-full e-flex e-con e-parent\" data-id=\"d64681f\" data-element_type=\"container\" data-e-type=\"container\" data-settings=\"{&quot;background_background&quot;:&quot;classic&quot;}\">\n\t\t\t\t<div class=\"elementor-element elementor-element-958a47d white-filter elementor-widget elementor-widget-image\" data-id=\"958a47d\" data-element_type=\"widget\" data-e-type=\"widget\" data-widget_type=\"image.default\">\n\t\t\t\t\t\t\t\t\t\t\t\t\t\t\t<img fetchpriority=\"high\" decoding=\"async\" width=\"600\" height=\"600\" src=\"https:\/\/grupoxandra.eu\/wp-content\/uploads\/2025\/11\/ARAG_Logo_neu-no-bg.webp\" class=\"attachment-large size-large wp-image-3916\" alt=\"\" srcset=\"https:\/\/grupoxandra.eu\/wp-content\/uploads\/2025\/11\/ARAG_Logo_neu-no-bg.webp 600w, https:\/\/grupoxandra.eu\/wp-content\/uploads\/2025\/11\/ARAG_Logo_neu-no-bg-300x300.webp 300w, https:\/\/grupoxandra.eu\/wp-content\/uploads\/2025\/11\/ARAG_Logo_neu-no-bg-150x150.webp 150w, https:\/\/grupoxandra.eu\/wp-content\/uploads\/2025\/11\/ARAG_Logo_neu-no-bg-100x100.webp 100w\" sizes=\"(max-width: 600px) 100vw, 600px\" \/>\t\t\t\t\t\t\t\t\t\t\t\t\t\t\t<\/div>\n\t\t<div class=\"elementor-element elementor-element-aee40ed e-flex e-con-boxed e-con e-child\" data-id=\"aee40ed\" data-element_type=\"container\" data-e-type=\"container\">\n\t\t\t\t\t<div class=\"e-con-inner\">\n\t\t\t\t<div class=\"elementor-element elementor-element-d498456 elementor-widget elementor-widget-heading\" data-id=\"d498456\" data-element_type=\"widget\" data-e-type=\"widget\" data-widget_type=\"heading.default\">\n\t\t\t\t\t<h2 class=\"elementor-heading-title elementor-size-default\">Saisonale Vermietung<\/h2>\t\t\t\t<\/div>\n\t\t\t\t<div class=\"elementor-element elementor-element-499cbd7 elementor-widget elementor-widget-text-editor\" data-id=\"499cbd7\" data-element_type=\"widget\" data-e-type=\"widget\" data-widget_type=\"text-editor.default\">\n\t\t\t\t\t\t\t\t\t<p>Rechtsschutzversicherung f\u00fcr vor\u00fcbergehende Vermietungen in Spanien.<\/p>\t\t\t\t\t\t\t\t<\/div>\n\t\t\t\t<div class=\"elementor-element elementor-element-aed8c7a elementor-align-justify elementor-widget__width-initial elementor-widget-mobile__width-inherit elementor-widget elementor-widget-button\" data-id=\"aed8c7a\" data-element_type=\"widget\" data-e-type=\"widget\" data-widget_type=\"button.default\">\n\t\t\t\t\t\t\t\t\t\t<a class=\"elementor-button elementor-button-link elementor-size-sm\" href=\"https:\/\/forms.office.com\/pages\/responsepage.aspx?id=lPxZnv3N8kWv9ICVim2EgEYY2l0YiqJJmOndgoAkhudUNTZRWVc0UzFROTZFSjg1UUc2V0cxMkVVSSQlQCN0PWcu&#038;route=shorturl\" target=\"_blank\" rel=\"noopener\">\n\t\t\t\t\t\t<span class=\"elementor-button-content-wrapper\">\n\t\t\t\t\t\t\t\t\t<span class=\"elementor-button-text\">JETZT ANGEBOT ANFORDERN<\/span>\n\t\t\t\t\t<\/span>\n\t\t\t\t\t<\/a>\n\t\t\t\t\t\t\t\t<\/div>\n\t\t\t\t\t<\/div>\n\t\t\t\t<\/div>\n\t\t\t\t<\/div>\n\t\t<div class=\"elementor-element elementor-element-2ba32a8 e-con-full e-flex e-con e-parent\" data-id=\"2ba32a8\" data-element_type=\"container\" data-e-type=\"container\">\n\t\t\t\t<div class=\"elementor-element elementor-element-8ca856f elementor-widget elementor-widget-text-editor\" data-id=\"8ca856f\" data-element_type=\"widget\" data-e-type=\"widget\" data-widget_type=\"text-editor.default\">\n\t\t\t\t\t\t\t\t\t<p>Ihre Immobilie f\u00fcr einige Monate in Spanien zu vermieten, klingt verlockend: zus\u00e4tzliche Einnahmen und Ihr Haus bleibt bewohnt. Aber es gibt auch Risiken: ein Mieter, der nicht zahlt, verursachte Sch\u00e4den oder pl\u00f6tzlich ein Rechtsstreit. Mit unserer <span class=\"notion-enable-hover\" data-token-index=\"1\">Rechtsschutzversicherung f\u00fcr die vor\u00fcbergehende Vermietung<\/span> m\u00fcssen Sie sich dar\u00fcber keine Sorgen machen. Sie erhalten rechtliche Unterst\u00fctzung und ein Team, das bereit ist, Ihre Interessen zu vertreten.<!-- notionvc: 2b320bb7-3bc0-424f-ad4b-53fda173fc9e --><\/p>\t\t\t\t\t\t\t\t<\/div>\n\t\t\t\t<\/div>\n\t\t<div class=\"elementor-element elementor-element-48ad283 e-con-full e-flex e-con e-parent\" data-id=\"48ad283\" data-element_type=\"container\" data-e-type=\"container\" data-settings=\"{&quot;background_background&quot;:&quot;classic&quot;}\">\n\t\t<div class=\"elementor-element elementor-element-be88735 e-con-full e-flex e-con e-child\" data-id=\"be88735\" data-element_type=\"container\" data-e-type=\"container\">\n\t\t<div class=\"elementor-element elementor-element-0ac84a3 e-con-full e-flex e-con e-child\" data-id=\"0ac84a3\" data-element_type=\"container\" data-e-type=\"container\" data-settings=\"{&quot;background_background&quot;:&quot;classic&quot;}\">\n\t\t<div class=\"elementor-element elementor-element-bf4e79d e-con-full e-flex e-con e-child\" data-id=\"bf4e79d\" data-element_type=\"container\" data-e-type=\"container\" data-settings=\"{&quot;background_background&quot;:&quot;classic&quot;}\">\n\t\t\t\t<div class=\"elementor-element elementor-element-50d661c elementor-widget-widescreen__width-initial elementor-widget-tablet__width-initial elementor-widget-mobile__width-initial elementor-widget__width-initial elementor-widget elementor-widget-image\" data-id=\"50d661c\" data-element_type=\"widget\" data-e-type=\"widget\" data-widget_type=\"image.default\">\n\t\t\t\t\t\t\t\t\t\t\t\t\t\t\t<img decoding=\"async\" width=\"600\" height=\"800\" src=\"https:\/\/grupoxandra.eu\/wp-content\/uploads\/2025\/10\/3.webp\" class=\"attachment-full size-full wp-image-3785\" alt=\"\" srcset=\"https:\/\/grupoxandra.eu\/wp-content\/uploads\/2025\/10\/3.webp 600w, https:\/\/grupoxandra.eu\/wp-content\/uploads\/2025\/10\/3-225x300.webp 225w\" sizes=\"(max-width: 600px) 100vw, 600px\" \/>\t\t\t\t\t\t\t\t\t\t\t\t\t\t\t<\/div>\n\t\t\t\t<\/div>\n\t\t<div class=\"elementor-element elementor-element-615f427 e-con-full e-flex e-con e-child\" data-id=\"615f427\" data-element_type=\"container\" data-e-type=\"container\">\n\t\t\t\t<div class=\"elementor-element elementor-element-ea7b21c elementor-widget elementor-widget-heading\" data-id=\"ea7b21c\" data-element_type=\"widget\" data-e-type=\"widget\" data-widget_type=\"heading.default\">\n\t\t\t\t\t<h2 class=\"elementor-heading-title elementor-size-default\">Speziell f\u00fcr die saisonale Vermietung konzipiert<\/h2>\t\t\t\t<\/div>\n\t\t\t\t<div class=\"elementor-element elementor-element-3294bf1 elementor-widget elementor-widget-text-editor\" data-id=\"3294bf1\" data-element_type=\"widget\" data-e-type=\"widget\" data-widget_type=\"text-editor.default\">\n\t\t\t\t\t\t\t\t\t<p>Befristete Vertr\u00e4ge bringen ihre eigenen Herausforderungen mit sich. Deshalb ist diese Versicherung gerade f\u00fcr Mietvertr\u00e4ge von einigen Monaten (zwischen 5 und 20 Monaten) gedacht. Sie sind in Situationen wie diesen gesch\u00fctzt:<\/p><ul><li><strong>Unbezahlte Miete oder \u00fcberf\u00e4llige Geb\u00fchren<\/strong> (Versorgungsleistungen, Reinigung)<\/li><li><strong>Vandalismus<\/strong> f\u00fcr Ihr Haus oder Ihren Hausrat<\/li><li><strong>Konflikte rund um den Mietvertrag<\/strong> (z.B. \u00fcber Stornierungen oder Zahlungen)<\/li><li><strong>Mietausfall im Falle eines Brandes<\/strong><\/li><li><strong>Direkte telefonische Rechtshilfe<\/strong>, damit Sie immer einen Rat bekommen<\/li><\/ul>\t\t\t\t\t\t\t\t<\/div>\n\t\t\t\t<\/div>\n\t\t\t\t<\/div>\n\t\t<div class=\"elementor-element elementor-element-9abecc0 e-con-full e-flex e-con e-child\" data-id=\"9abecc0\" data-element_type=\"container\" data-e-type=\"container\" data-settings=\"{&quot;background_background&quot;:&quot;classic&quot;}\">\n\t\t<div class=\"elementor-element elementor-element-e82ac25 e-con-full e-flex e-con e-child\" data-id=\"e82ac25\" data-element_type=\"container\" data-e-type=\"container\" data-settings=\"{&quot;background_background&quot;:&quot;classic&quot;}\">\n\t\t\t\t<div class=\"elementor-element elementor-element-63570e2 elementor-widget-widescreen__width-initial elementor-widget-tablet__width-initial elementor-widget-mobile__width-initial elementor-widget__width-initial elementor-widget elementor-widget-image\" data-id=\"63570e2\" data-element_type=\"widget\" data-e-type=\"widget\" data-widget_type=\"image.default\">\n\t\t\t\t\t\t\t\t\t\t\t\t\t\t\t<img decoding=\"async\" width=\"800\" height=\"800\" src=\"https:\/\/grupoxandra.eu\/wp-content\/uploads\/2025\/12\/doc.png\" class=\"attachment-full size-full wp-image-4097\" alt=\"\" srcset=\"https:\/\/grupoxandra.eu\/wp-content\/uploads\/2025\/12\/doc.png 800w, https:\/\/grupoxandra.eu\/wp-content\/uploads\/2025\/12\/doc-300x300.png 300w, https:\/\/grupoxandra.eu\/wp-content\/uploads\/2025\/12\/doc-150x150.png 150w, https:\/\/grupoxandra.eu\/wp-content\/uploads\/2025\/12\/doc-768x768.png 768w, https:\/\/grupoxandra.eu\/wp-content\/uploads\/2025\/12\/doc-600x600.png 600w, https:\/\/grupoxandra.eu\/wp-content\/uploads\/2025\/12\/doc-100x100.png 100w\" sizes=\"(max-width: 800px) 100vw, 800px\" \/>\t\t\t\t\t\t\t\t\t\t\t\t\t\t\t<\/div>\n\t\t\t\t<\/div>\n\t\t<div class=\"elementor-element elementor-element-9f48a42 e-con-full e-flex e-con e-child\" data-id=\"9f48a42\" data-element_type=\"container\" data-e-type=\"container\">\n\t\t\t\t<div class=\"elementor-element elementor-element-aae21ca elementor-widget elementor-widget-heading\" data-id=\"aae21ca\" data-element_type=\"widget\" data-e-type=\"widget\" data-widget_type=\"heading.default\">\n\t\t\t\t\t<h2 class=\"elementor-heading-title elementor-size-default\">Ihre Vorteile als Vermieter<\/h2>\t\t\t\t<\/div>\n\t\t\t\t<div class=\"elementor-element elementor-element-31d11a0 elementor-widget elementor-widget-text-editor\" data-id=\"31d11a0\" data-element_type=\"widget\" data-e-type=\"widget\" data-widget_type=\"text-editor.default\">\n\t\t\t\t\t\t\t\t\t<ul><li>Ein erfahrenes Anwaltsteam vertritt Ihre Interessen<\/li><li>Alle Geb\u00fchren f\u00fcr Rechtsanw\u00e4lte, Notare und Sachverst\u00e4ndige inbegriffen<\/li><li>Unterst\u00fctzung bei administrativen Schritten, wie z. B. einer R\u00e4umung<\/li><li>Die Gewissheit, dass Sie in einem Konflikt nie allein sind<\/li><li>Sie mieten vor\u00fcbergehend, wir sorgen f\u00fcr Sicherheit und Schutz<\/li><\/ul>\t\t\t\t\t\t\t\t<\/div>\n\t\t\t\t<\/div>\n\t\t\t\t<\/div>\n\t\t\t\t<\/div>\n\t\t\t\t<\/div>\n\t\t<div class=\"elementor-element elementor-element-6c6e940 e-con-full e-flex e-con e-parent\" data-id=\"6c6e940\" data-element_type=\"container\" data-e-type=\"container\" data-settings=\"{&quot;background_background&quot;:&quot;classic&quot;}\">\n\t\t\t\t<div class=\"elementor-element elementor-element-17c1b79 white-filter elementor-widget elementor-widget-image\" data-id=\"17c1b79\" data-element_type=\"widget\" data-e-type=\"widget\" data-widget_type=\"image.default\">\n\t\t\t\t\t\t\t\t\t\t\t\t\t\t\t<img fetchpriority=\"high\" decoding=\"async\" width=\"600\" height=\"600\" src=\"https:\/\/grupoxandra.eu\/wp-content\/uploads\/2025\/11\/ARAG_Logo_neu-no-bg.webp\" class=\"attachment-large size-large wp-image-3916\" alt=\"\" srcset=\"https:\/\/grupoxandra.eu\/wp-content\/uploads\/2025\/11\/ARAG_Logo_neu-no-bg.webp 600w, https:\/\/grupoxandra.eu\/wp-content\/uploads\/2025\/11\/ARAG_Logo_neu-no-bg-300x300.webp 300w, https:\/\/grupoxandra.eu\/wp-content\/uploads\/2025\/11\/ARAG_Logo_neu-no-bg-150x150.webp 150w, https:\/\/grupoxandra.eu\/wp-content\/uploads\/2025\/11\/ARAG_Logo_neu-no-bg-100x100.webp 100w\" sizes=\"(max-width: 600px) 100vw, 600px\" \/>\t\t\t\t\t\t\t\t\t\t\t\t\t\t\t<\/div>\n\t\t<div class=\"elementor-element elementor-element-923eee8 e-flex e-con-boxed e-con e-child\" data-id=\"923eee8\" data-element_type=\"container\" data-e-type=\"container\">\n\t\t\t\t\t<div class=\"e-con-inner\">\n\t\t\t\t<div class=\"elementor-element elementor-element-80b2115 elementor-widget elementor-widget-heading\" data-id=\"80b2115\" data-element_type=\"widget\" data-e-type=\"widget\" data-widget_type=\"heading.default\">\n\t\t\t\t\t<h2 class=\"elementor-heading-title elementor-size-default\">Unbeschwerte saisonale Vermietung<\/h2>\t\t\t\t<\/div>\n\t\t\t\t<div class=\"elementor-element elementor-element-9e7fa11 elementor-widget__width-initial elementor-widget elementor-widget-text-editor\" data-id=\"9e7fa11\" data-element_type=\"widget\" data-e-type=\"widget\" data-widget_type=\"text-editor.default\">\n\t\t\t\t\t\t\t\t\t<p>Mit GrupoXandra an Ihrer Seite holen Sie das Beste aus Ihrer Zeitmiete heraus, ohne schlaflose N\u00e4chte. Sie genie\u00dfen die Ertr\u00e4ge, w\u00e4hrend wir Ihnen die Sicherheit geben, dass Probleme schnell und professionell gel\u00f6st werden.<\/p><p>Ihre Anfrage <strong>kostenloses Angebot<\/strong> und entdecken Sie, wie einfach und sicher die Saisonvermietung in Spanien sein kann.<!-- notionvc: 74817bc2-b615-4af1-b4d9-33d3a6515243 --><\/p>\t\t\t\t\t\t\t\t<\/div>\n\t\t\t\t<div class=\"elementor-element elementor-element-cc02eda elementor-align-justify elementor-widget__width-initial elementor-widget-mobile__width-initial elementor-widget elementor-widget-button\" data-id=\"cc02eda\" data-element_type=\"widget\" data-e-type=\"widget\" data-widget_type=\"button.default\">\n\t\t\t\t\t\t\t\t\t\t<a class=\"elementor-button elementor-button-link elementor-size-sm\" href=\"https:\/\/forms.office.com\/pages\/responsepage.aspx?id=lPxZnv3N8kWv9ICVim2EgEYY2l0YiqJJmOndgoAkhudUNTZRWVc0UzFROTZFSjg1UUc2V0cxMkVVSSQlQCN0PWcu&#038;route=shorturl\" target=\"_blank\" rel=\"noopener\">\n\t\t\t\t\t\t<span class=\"elementor-button-content-wrapper\">\n\t\t\t\t\t\t\t\t\t<span class=\"elementor-button-text\">JETZT ANGEBOT ANFORDERN<\/span>\n\t\t\t\t\t<\/span>\n\t\t\t\t\t<\/a>\n\t\t\t\t\t\t\t\t<\/div>\n\t\t\t\t\t<\/div>\n\t\t\t\t<\/div>\n\t\t\t\t<\/div>\n\t\t\t\t<\/div>","protected":false},"excerpt":{"rendered":"<p>Seizoensverhuur Rechtsbijstandverzekering voor tijdelijke verhuur in Spanje. VRAAG NU UW OFFERTE AAN Uw woning een paar maanden verhuren in Spanje klinkt aantrekkelijk: extra inkomsten en uw huis blijft bewoond. Maar er zijn ook risico\u2019s: een huurder die niet betaalt, schade veroorzaakt of plots een juridisch conflict. Met onze rechtsbijstandverzekering voor tijdelijke verhuur hoeft u zich [&hellip;]<\/p>\n","protected":false},"author":1,"featured_media":0,"parent":0,"menu_order":0,"comment_status":"closed","ping_status":"closed","template":"","meta":{"footnotes":""},"class_list":["post-4222","page","type-page","status-publish","hentry"],"_links":{"self":[{"href":"https:\/\/grupoxandra.eu\/de\/wp-json\/wp\/v2\/pages\/4222","targetHints":{"allow":["GET"]}}],"collection":[{"href":"https:\/\/grupoxandra.eu\/de\/wp-json\/wp\/v2\/pages"}],"about":[{"href":"https:\/\/grupoxandra.eu\/de\/wp-json\/wp\/v2\/types\/page"}],"author":[{"embeddable":true,"href":"https:\/\/grupoxandra.eu\/de\/wp-json\/wp\/v2\/users\/1"}],"replies":[{"embeddable":true,"href":"https:\/\/grupoxandra.eu\/de\/wp-json\/wp\/v2\/comments?post=4222"}],"version-history":[{"count":22,"href":"https:\/\/grupoxandra.eu\/de\/wp-json\/wp\/v2\/pages\/4222\/revisions"}],"predecessor-version":[{"id":6409,"href":"https:\/\/grupoxandra.eu\/de\/wp-json\/wp\/v2\/pages\/4222\/revisions\/6409"}],"wp:attachment":[{"href":"https:\/\/grupoxandra.eu\/de\/wp-json\/wp\/v2\/media?parent=4222"}],"curies":[{"name":"wp","href":"https:\/\/api.w.org\/{rel}","templated":true}]}}